{"id":9207,"date":"2024-09-17T14:19:09","date_gmt":"2024-09-17T12:19:09","guid":{"rendered":"https:\/\/antcube.shop\/en\/product\/grasstein-3cm\/"},"modified":"2026-04-23T18:23:59","modified_gmt":"2026-04-23T16:23:59","slug":"grasstein-3-cm","status":"publish","type":"product","link":"https:\/\/antcube.shop\/sk\/produkt\/grasstein-3-cm\/","title":{"rendered":"Tr\u00e1vov\u00fd kame\u0148 - 3 cm"},"content":{"rendered":"<p><strong>Rozmery:<\/strong> pribli\u017ene 86 x 29 x 30 mm<\/p>\n<p><strong>Materi\u00e1l:<\/strong> polym\u00e9rbet\u00f3n, hlina, plast<\/p>\n<p><strong>Farba:<\/strong><br \/>\nZ\u00e1klad\u0148a: zelen\u00e1, tmavosiv\u00e1<br \/>\nRastlina: svetlozelen\u00e1-tmavozelen\u00e1<\/p>\n<p><strong>Obsah:<\/strong> 1 ks.<\/p>\n<p><strong>Popis: V s\u00fa\u010dasnosti je na trhu viac ako 10 000 zariaden\u00ed, ktor\u00e9 s\u00fa ur\u010den\u00e9 na predaj:<\/strong> Tieto rastliny s\u00fa vyroben\u00e9 z robustn\u00e9ho plastu a maj\u00fa z\u00e1klad\u0148u zo syntetickej \u017eivice so vzh\u013eadom kame\u0148a. V\u010faka tomu s\u00fa mimoriadne odoln\u00e9 a nem\u00f4\u017eu ich po\u0161kodi\u0165 mravce. Napriek tomu vyzeraj\u00fa ve\u013emi prirodzene a atrakt\u00edvne a daj\u00fa sa \u013eahko integrova\u0165 do formik\u00e1ria.<\/p>\n<p><strong>Pozn\u00e1mka:<\/strong> Pred pou\u017eit\u00edm vy\u010distite pod te\u010d\u00facou vodou!<\/p>\n<p>&nbsp;<\/p>","protected":false},"excerpt":{"rendered":"<p>Rozmery: pribli\u017ene 86 x 29 x 30 mm Materi\u00e1l: polym\u00e9rbet\u00f3n, hlina, plast Farba: z\u00e1klad\u0148a: zelen\u00e1, tmavosiv\u00e1 Rastlina: svetlozelen\u00e1-tmavozelen\u00e1 Obsah: Obsah: 1 ks.  Tieto rastliny s\u00fa vyroben\u00e9 z robustn\u00e9ho plastu a maj\u00fa z\u00e1klad\u0148u zo syntetickej \u017eivice so vzh\u013eadom kame\u0148a. V\u010faka tomu s\u00fa mimoriadne odoln\u00e9 a nem\u00f4\u017eu ich po\u0161kodi\u0165 mravce.","protected":false},"featured_media":9356,"comment_status":"open","ping_status":"closed","template":"","meta":{"_acf_changed":false,"content-type":"","_monsterinsights_skip_tracking":false,"_monsterinsights_sitenote_active":false,"_monsterinsights_sitenote_note":"","_monsterinsights_sitenote_category":0},"product_brand":[],"product_cat":[98,102],"product_tag":[],"class_list":{"0":"post-9207","1":"product","2":"type-product","3":"status-publish","4":"has-post-thumbnail","6":"product_cat-decoration","7":"product_cat-meadow","9":"first","10":"instock","11":"taxable","12":"shipping-taxable","13":"purchasable","14":"product-type-simple"},"acf":[],"aioseo_notices":[],"jetpack_sharing_enabled":true,"_links":{"self":[{"href":"https:\/\/antcube.shop\/sk\/wp-json\/wp\/v2\/product\/9207","targetHints":{"allow":["GET"]}}],"collection":[{"href":"https:\/\/antcube.shop\/sk\/wp-json\/wp\/v2\/product"}],"about":[{"href":"https:\/\/antcube.shop\/sk\/wp-json\/wp\/v2\/types\/product"}],"replies":[{"embeddable":true,"href":"https:\/\/antcube.shop\/sk\/wp-json\/wp\/v2\/comments?post=9207"}],"wp:featuredmedia":[{"embeddable":true,"href":"https:\/\/antcube.shop\/sk\/wp-json\/wp\/v2\/media\/9356"}],"wp:attachment":[{"href":"https:\/\/antcube.shop\/sk\/wp-json\/wp\/v2\/media?parent=9207"}],"wp:term":[{"taxonomy":"product_brand","embeddable":true,"href":"https:\/\/antcube.shop\/sk\/wp-json\/wp\/v2\/product_brand?post=9207"},{"taxonomy":"product_cat","embeddable":true,"href":"https:\/\/antcube.shop\/sk\/wp-json\/wp\/v2\/product_cat?post=9207"},{"taxonomy":"product_tag","embeddable":true,"href":"https:\/\/antcube.shop\/sk\/wp-json\/wp\/v2\/product_tag?post=9207"}],"curies":[{"name":"wp","href":"https:\/\/api.w.org\/{rel}","templated":true}]}}