{"id":9031,"date":"2024-08-27T16:22:15","date_gmt":"2024-08-27T14:22:15","guid":{"rendered":"https:\/\/antcube.shop\/product\/antcube-digfix-terra-nidum-platte-30x30-l-beige\/"},"modified":"2026-04-15T09:42:19","modified_gmt":"2026-04-15T07:42:19","slug":"antcube-digfix-terra-nidum-platte-30x30-l-beige","status":"publish","type":"product","link":"https:\/\/antcube.shop\/sk\/produkt\/antcube-digfix-terra-nidum-platte-30x30-l-beige\/","title":{"rendered":"ANTCUBE - Digfix Terra nidum 30\u00d730 - L - b\u00e9\u017eov\u00e1"},"content":{"rendered":"<p><strong>Rozmery:<\/strong> 283x237x19 mm<\/p>\n<p><strong>Materi\u00e1l:<\/strong> Hrabate\u013en\u00fd materi\u00e1l na b\u00e1ze \u017eivice<\/p>\n<p><strong>Popis: V s\u00fa\u010dasnosti je na trhu viac ako 10 000 zariaden\u00ed, ktor\u00e9 s\u00fa ur\u010den\u00e9 na predaj:<\/strong> Doska Terra nidum (latinsky zemn\u00e9 hniezdo) z materi\u00e1lu, do ktor\u00e9ho sa d\u00e1 kopa\u0165, sa dokonale hod\u00ed pre na\u0161e mravenisk\u00e1 ANTCUBE. M\u00f4\u017ee sa pou\u017e\u00edva\u0165 za sucha aj za mokra. Je vhodn\u00e1 aj pre mnoh\u00e9 druhy mravcov, najm\u00e4 pre druhy, ktor\u00e9 hniezdia v piesku a (m\u0155tvom) dreve. M\u00f4\u017ee sa pou\u017e\u00edva\u0165 namiesto zmes\u00ed piesku a hliny alebo korkov\u00fdch vlo\u017eiek do hniezd. V\u00fdhodou tohto hniezda je, \u017ee navlh\u010denie dosky sa \u013eah\u0161ie kontroluje v\u010faka jasne vidite\u013en\u00e9mu zafarbeniu a sfarbenie dosky pon\u00faka super kontrast k zvy\u010dajne tmav\u0161\u00edm druhom mravcov. Okrem toho vn\u00fatorn\u00e9 skl\u00e1 mraveniska nem\u00f4\u017eu by\u0165 zne\u010disten\u00e9 substr\u00e1tom, ako je to napr\u00edklad v pr\u00edpade zmes\u00ed piesku a hliny, \u010do umo\u017e\u0148uje dokonal\u00fd preh\u013ead o hniezde. N\u00e1\u0161 hniezdny materi\u00e1l m\u00e1 tie\u017e ove\u013ea pevnej\u0161iu \u0161trukt\u00faru, tak\u017ee tunely a kom\u00f4rky vyh\u013aben\u00e9 mravcami sa nezr\u00fatia.<\/p>\n<p><strong>Pozn\u00e1mka:<\/strong> Pr\u00edrodn\u00e1 farba sa m\u00f4\u017ee pohybova\u0165 od b\u00e9\u017eovej\/pieso\u010dnatej po svetlohned\u00fa. Farebn\u00fd odtie\u0148 nem\u00e1 vplyv na kvalitu.<br \/>\nRozmery sa m\u00f4\u017eu l\u00ed\u0161i\u0165 o +\/- 1 mm v d\u00f4sledku v\u00fdrobn\u00e9ho procesu<\/p>","protected":false},"excerpt":{"rendered":"<p>Ve\u013ekos\u0165: <span style=\"color: #0000ff;\"><strong>L<\/strong><\/span><\/p>","protected":false},"featured_media":9037,"comment_status":"open","ping_status":"closed","template":"","meta":{"_acf_changed":false,"content-type":"","_monsterinsights_skip_tracking":false,"_monsterinsights_sitenote_active":false,"_monsterinsights_sitenote_note":"","_monsterinsights_sitenote_category":0},"product_brand":[],"product_cat":[257,87,88],"product_tag":[],"class_list":{"0":"post-9031","1":"product","2":"type-product","3":"status-publish","4":"has-post-thumbnail","6":"product_cat-new-innovatve-products","7":"product_cat-nest-insets","8":"product_cat-digfix","10":"first","11":"instock","12":"taxable","13":"shipping-taxable","14":"purchasable","15":"product-type-simple"},"acf":[],"aioseo_notices":[],"jetpack_sharing_enabled":true,"_links":{"self":[{"href":"https:\/\/antcube.shop\/sk\/wp-json\/wp\/v2\/product\/9031","targetHints":{"allow":["GET"]}}],"collection":[{"href":"https:\/\/antcube.shop\/sk\/wp-json\/wp\/v2\/product"}],"about":[{"href":"https:\/\/antcube.shop\/sk\/wp-json\/wp\/v2\/types\/product"}],"replies":[{"embeddable":true,"href":"https:\/\/antcube.shop\/sk\/wp-json\/wp\/v2\/comments?post=9031"}],"wp:featuredmedia":[{"embeddable":true,"href":"https:\/\/antcube.shop\/sk\/wp-json\/wp\/v2\/media\/9037"}],"wp:attachment":[{"href":"https:\/\/antcube.shop\/sk\/wp-json\/wp\/v2\/media?parent=9031"}],"wp:term":[{"taxonomy":"product_brand","embeddable":true,"href":"https:\/\/antcube.shop\/sk\/wp-json\/wp\/v2\/product_brand?post=9031"},{"taxonomy":"product_cat","embeddable":true,"href":"https:\/\/antcube.shop\/sk\/wp-json\/wp\/v2\/product_cat?post=9031"},{"taxonomy":"product_tag","embeddable":true,"href":"https:\/\/antcube.shop\/sk\/wp-json\/wp\/v2\/product_tag?post=9031"}],"curies":[{"name":"wp","href":"https:\/\/api.w.org\/{rel}","templated":true}]}}