{"id":8974,"date":"2024-08-19T20:51:45","date_gmt":"2024-08-19T18:51:45","guid":{"rendered":"https:\/\/antcube.shop\/product\/abstandshalter-fur-32mm-rohr\/"},"modified":"2026-01-12T12:38:28","modified_gmt":"2026-01-12T11:38:28","slug":"distancny-ramik-pre-32-mm-rurku","status":"publish","type":"product","link":"https:\/\/antcube.shop\/sk\/produkt\/distancny-ramik-pre-32-mm-rurku\/","title":{"rendered":"Rozpierka pre 32 mm r\u00farku"},"content":{"rendered":"<p><strong>Rozmery v\u00fdrobku:<\/strong> 49x14x8mm (di\u0161tan\u010dn\u00fd r\u00e1mik)<\/p>\n<p><strong>Materi\u00e1l:<\/strong> akrylov\u00e9 sklo, pru\u017einov\u00e1 oce\u013e<\/p>\n<p><strong>Farba:<\/strong> biela, oce\u013eovo siv\u00e1<\/p>\n<p><strong>Obsah:<\/strong><br \/>\n1x di\u0161tan\u010dn\u00fd r\u00e1mik<br \/>\n1x dr\u017eiak svorky - pru\u017einov\u00e1 oce\u013e pre 32 mm<br \/>\n2x skrutka a hmo\u017edinka na mont\u00e1\u017e na stenu<br \/>\n1x mal\u00e1 skrutka na upevnenie dr\u017eiaka svorky na di\u0161tan\u010dn\u00fa podlo\u017eku<\/p>\n<p><strong>Popis: V s\u00fa\u010dasnosti je na trhu viac ako 10 000 zariaden\u00ed, ktor\u00e9 s\u00fa ur\u010den\u00e9 na predaj:<\/strong><br \/>\nDi\u0161tan\u010dn\u00e9 podlo\u017eky na upevnenie akrylov\u00fdch r\u00farok na stenu. Boli vyvinut\u00e9 na prepojenie na\u0161ich stenov\u00fdch ar\u00e9n a stenov\u00fdch fariem navz\u00e1jom alebo s in\u00fdmi prvkami prostredn\u00edctvom akrylov\u00fdch r\u00farok. Preklenuj\u00fa tak medzeru medzi stenou a akrylov\u00fdmi r\u00farkami a umo\u017e\u0148uj\u00fa bezpe\u010dn\u00e9, pevn\u00e9 a vizu\u00e1lne atrakt\u00edvne pripevnenie akrylov\u00fdch r\u00farok pomocou dr\u017eiakov so svorkami.<\/p>\n<p><strong>Pozn\u00e1mka:<\/strong><br \/>\nDod\u00e1va sa v jednotliv\u00fdch \u010dastiach a mus\u00ed sa pripoji\u0165 pomocou kr\u00ed\u017eov\u00e9ho skrutkova\u010da<br \/>\nNa oboch stran\u00e1ch di\u0161tan\u010dnej podlo\u017eky s\u00fa tenk\u00e9 ochrann\u00e9 f\u00f3lie. Jednoducho ich odlepte.<\/p>\n<p><strong>Zap\u00ednanie:<\/strong><br \/>\nNa upevnenie 2 hmo\u017ediniek \"S6\" do steny potrebujete v\u0155ta\u010dku so 6 mm vrt\u00e1kom (do dreva, kame\u0148a alebo kovu v z\u00e1vislosti od materi\u00e1lu).<br \/>\nDo steny sa musia vyv\u0155ta\u0165 otvory hlbok\u00e9 40 mm, aby sa mohli zah\u013abi\u0165 hmo\u017edinky 6x30 mm so skrutkami 4,5x40 mm.<br \/>\n<strong>Potrebn\u00e9 na mont\u00e1\u017e:<\/strong><br \/>\n- Vodov\u00e1ha<br \/>\n- Lepiacu p\u00e1sku, aby ste nemuseli ozna\u010dova\u0165 stenu pod \u0148ou.<br \/>\n- Kr\u00ed\u017eov\u00fd skrutkova\u010d<br \/>\n- V\u0155ta\u010dka\/v\u0155ta\u010dka v z\u00e1vislosti od steny<br \/>\n- 6 mm vrt\u00e1k (do dreva, kame\u0148a alebo kovu v z\u00e1vislosti od povrchu)<\/p>","protected":false},"excerpt":{"rendered":"<p>Rozmery v\u00fdrobku: Materi\u00e1l: akrylov\u00e9 sklo, pru\u017einov\u00e1 oce\u013e Farba: biela, oce\u013eovo siv\u00e1 Obsah: biela, oce\u013eovo siv\u00e1 Obsah: 1x di\u0161tan\u010dn\u00fd r\u00e1mik 1x dr\u017eiak svorky - pru\u017einov\u00e1 oce\u013e pre 50 mm 2x skrutka a hmo\u017edinka na mont\u00e1\u017e na stenu 2x mal\u00e1 skrutka na upevnenie dr\u017eiaka svorky k di\u0161tan\u010dn\u00e9mu r\u00e1miku Popis: Sklenen\u00fd di\u0161tan\u010dn\u00fd r\u00e1mik z akrylov\u00e9ho skla: Rozperky na upevnenie akrylov\u00fdch r\u00farok na stenu. Boli vyvinut\u00e9 na","protected":false},"featured_media":8991,"comment_status":"open","ping_status":"closed","template":"","meta":{"_acf_changed":false,"content-type":"","_monsterinsights_skip_tracking":false,"_monsterinsights_sitenote_active":false,"_monsterinsights_sitenote_note":"","_monsterinsights_sitenote_category":0},"product_brand":[],"product_cat":[345,119,120],"product_tag":[],"class_list":{"0":"post-8974","1":"product","2":"type-product","3":"status-publish","4":"has-post-thumbnail","6":"product_cat-pipe-connectors","7":"product_cat-formicarium-components","8":"product_cat-hoses","10":"first","11":"instock","12":"taxable","13":"shipping-taxable","14":"purchasable","15":"product-type-simple"},"acf":[],"aioseo_notices":[],"jetpack_sharing_enabled":true,"_links":{"self":[{"href":"https:\/\/antcube.shop\/sk\/wp-json\/wp\/v2\/product\/8974","targetHints":{"allow":["GET"]}}],"collection":[{"href":"https:\/\/antcube.shop\/sk\/wp-json\/wp\/v2\/product"}],"about":[{"href":"https:\/\/antcube.shop\/sk\/wp-json\/wp\/v2\/types\/product"}],"replies":[{"embeddable":true,"href":"https:\/\/antcube.shop\/sk\/wp-json\/wp\/v2\/comments?post=8974"}],"wp:featuredmedia":[{"embeddable":true,"href":"https:\/\/antcube.shop\/sk\/wp-json\/wp\/v2\/media\/8991"}],"wp:attachment":[{"href":"https:\/\/antcube.shop\/sk\/wp-json\/wp\/v2\/media?parent=8974"}],"wp:term":[{"taxonomy":"product_brand","embeddable":true,"href":"https:\/\/antcube.shop\/sk\/wp-json\/wp\/v2\/product_brand?post=8974"},{"taxonomy":"product_cat","embeddable":true,"href":"https:\/\/antcube.shop\/sk\/wp-json\/wp\/v2\/product_cat?post=8974"},{"taxonomy":"product_tag","embeddable":true,"href":"https:\/\/antcube.shop\/sk\/wp-json\/wp\/v2\/product_tag?post=8974"}],"curies":[{"name":"wp","href":"https:\/\/api.w.org\/{rel}","templated":true}]}}