{"id":8970,"date":"2024-08-19T20:48:32","date_gmt":"2024-08-19T18:48:32","guid":{"rendered":"https:\/\/antcube.shop\/product\/wand-formicarien-set\/"},"modified":"2026-03-04T17:24:31","modified_gmt":"2026-03-04T16:24:31","slug":"nastenna-formikariova-suprava","status":"publish","type":"product","link":"https:\/\/antcube.shop\/sk\/produkt\/nastenna-formikariova-suprava\/","title":{"rendered":"Sada n\u00e1stenn\u00e9ho formik\u00e1ria"},"content":{"rendered":"<p><strong>Zah\u0155\u0148a:<\/strong><br \/>\n1x n\u00e1stenn\u00e9 mravenisko - 30x15x15<br \/>\n1x n\u00e1stenn\u00e9 mravenisko - L - 30\u00d730 - sklo<br \/>\n1x r\u00e1m mraveniska 30\u00d715<br \/>\n1x kryt mraveniska 30\u00d715<\/p>\n<p>3x spojka na potrubie kri\u0161t\u00e1\u013eovo \u010d\u00edra pre 20 mm - L<br \/>\n1x spojka na r\u00farky kri\u0161t\u00e1\u013eovo \u010d\u00edra pre 20 mm - I<br \/>\n1x konektor 3\/4\u2033 na 20 mm - kri\u0161t\u00e1\u013eovo \u010dist\u00fd<br \/>\n1x mraven\u010dia trubica - kri\u0161t\u00e1\u013eovo \u010d\u00edra 20 mm (3x3 cm a 1x30 cm)<br \/>\n1x di\u0161tan\u010dn\u00e1 podlo\u017eka s 20 mm dr\u017eiakom svorky<br \/>\n1x Mrie\u017ekov\u00fd uz\u00e1ver - 16 mm - nerezov\u00e1 oce\u013e<br \/>\n2x Grid insert acrylic &#8211; 50 mm with sealing ring<br \/>\n1x Grid insert acrylic &#8211; 27 mm with sealing ring<br \/>\n1x formik\u00e1riov\u00e1 matica 3\/4 palca - kri\u0161t\u00e1\u013eovo \u010dist\u00e1<br \/>\n8x gumov\u00e1 vlo\u017eka na v\u0155tanie otvorov ako ochrana<br \/>\n8x podlo\u017eky<br \/>\nvr\u00e1tane 8x skrutiek a hmo\u017ediniek<\/p>\n<p><strong>Popis: V s\u00fa\u010dasnosti je na trhu viac ako 10 000 zariaden\u00ed, ktor\u00e9 s\u00fa ur\u010den\u00e9 na predaj:<\/strong><br \/>\nT\u00e1to n\u00e1stenn\u00e1 s\u00faprava formik\u00e1ria bola vyvinut\u00e1 na mont\u00e1\u017e na stenu a \u013eahko sa in\u0161taluje na dreven\u00e9 a kamenn\u00e9 steny. Ar\u00e9na aj mravenisko s\u00fa \u00faplne prieh\u013eadn\u00e9, \u010do umo\u017e\u0148uje dobr\u00fd v\u00fdh\u013ead na hniezdo. Ako hniezdny materi\u00e1l pre mravce mo\u017eno pou\u017ei\u0165 bu\u010f piesok a hlinu, alebo jednu z na\u0161ich vhodn\u00fdch korkov\u00fdch alebo digfixov\u00fdch hniezdnych vlo\u017eiek. Na spojenie mraveniska a ar\u00e9ny sme do s\u00fapravy pribalili akrylov\u00e9 r\u00farky vystrihnut\u00e9 na mieru. S\u00fa\u010das\u0165ou s\u00fapravy s\u00fa aj skrutky a hmo\u017edinky na pripevnenie k stene.<\/p>\n<p><strong>Pokyny na in\u0161tal\u00e1ciu:<\/strong><\/p>\n<p><strong>Vzh\u013eadom na to, \u017ee sklenen\u00fd panel je zadnou stenou, stena pod n\u00edm by mala by\u0165 \u00faplne rovn\u00e1.<\/strong><br \/>\nNa upevnenie 8 hmo\u017ediniek \"S6\" do steny potrebujete v\u0155ta\u010dku so 6 mm vrt\u00e1kom (do dreva, kame\u0148a alebo kovu v z\u00e1vislosti od materi\u00e1lu). Do steny je potrebn\u00e9 vyv\u0155ta\u0165 45 mm hlbok\u00e9 otvory, aby bolo mo\u017en\u00e9 zah\u013abi\u0165 hmo\u017edinky 6x30 mm pomocou skrutiek 4,5x40 mm.<br \/>\n<strong>Potrebn\u00e9 na mont\u00e1\u017e:<\/strong><br \/>\n- vodov\u00e1ha<br \/>\n- Lepiaca p\u00e1ska, aby ste nemuseli zna\u010di\u0165 na stenu pod sebou.<br \/>\n- Kr\u00ed\u017eov\u00fd skrutkova\u010d<br \/>\n- V\u0155ta\u010dka\/v\u0155ta\u010dka v z\u00e1vislosti od steny<br \/>\n- 6 mm vrt\u00e1k (do dreva, kame\u0148a alebo kovu v z\u00e1vislosti od povrchu)<br \/>\n- Je tie\u017e u\u017eito\u010dn\u00e9 vytvori\u0165 si \u0161abl\u00f3nu na v\u0155tanie otvorov z h\u00e1rku papiera. Jednoducho ho umiestnite pod zadn\u00fa stenu a vyzna\u010dte otvory.<\/p>\n<p><strong>Podrobnosti o mravenisku:<\/strong><br \/>\nRozmery (DxV):<br \/>\nZadn\u00e1 stena (hr\u00fabka 6 mm): 400x293 mm<\/p>\n<p>Vonkaj\u0161ia strana (bez zadn\u00e9ho panelu)<br \/>\n334x28x296mm<\/p>\n<p>Vn\u00fatri<br \/>\n284x20x290 mm<\/p>\n<p><strong>Materi\u00e1l:<\/strong><br \/>\nPlav\u00e1kov\u00e9 sklo<\/p>\n<p><strong>farba:<\/strong><br \/>\nkri\u0161t\u00e1\u013eovo \u010dist\u00fd<\/p>\n<p><strong>Podrobnosti o mravenisku:<\/strong><br \/>\nRozmery (Dx\u0160xV):<br \/>\nZadn\u00e1 stena (6 mm): 400x150 mm<\/p>\n<p>Ar\u00e9na (bez zadnej steny): 300x146x150mm<\/p>\n<p><strong>materi\u00e1l:<\/strong><br \/>\nPlav\u00e1kov\u00e9 sklo<\/p>\n<p><strong>Farba:<\/strong><br \/>\nkri\u0161t\u00e1\u013eovo \u010dist\u00fd<\/p>\n<p><strong>Rozmery (Dx\u0160xV):<\/strong><br \/>\nZadn\u00e1 stena (6 mm): 400x150 mm<\/p>\n<p>Arena (bez zadn\u00e9ho panelu): 300x146x150mm<\/p>\n<p><strong>materi\u00e1l:<\/strong><br \/>\nPlav\u00e1kov\u00e9 sklo<\/p>\n<p><strong>Farba:<\/strong><br \/>\nkri\u0161t\u00e1\u013eovo \u010dist\u00fd<\/p>\n<p><strong>Pozn\u00e1mky k v\u00fdrobe<\/strong><br \/>\nSklo sa re\u017ee na mieru pod\u013ea normy DIN 1249 s toleranciou +\/- 1 mm. Pri extr\u00e9mne mal\u00fdch druhoch mravcov je nevyhnutn\u00e1 dodato\u010dn\u00e1 ochrana proti vylomeniu.<br \/>\nKe\u010f\u017ee sa na\u0161e v\u00fdrobky vyr\u00e1baj\u00fa ru\u010dne, napriek maxim\u00e1lnej starostlivosti sa m\u00f4\u017eu vyskytn\u00fa\u0165 minim\u00e1lne odch\u00fdlky.<\/p>\n<p><strong>Pozn\u00e1mka k farme<\/strong><br \/>\n<strong>Pri prip\u00e1jan\u00ed alebo odoberan\u00ed had\u00edc dbajte na nasleduj\u00face pokyny:<\/strong><br \/>\nAk sa r\u00farka ve\u013emi \u0165a\u017eko nasadzuje na pripojovaciu z\u00e1suvku, treba z\u00e1suvku z\u013eahka potrie\u0165 kvapkou n\u00e1\u0161ho oleja alebo pr\u00e1\u0161ku proti praskaniu. Hadica by sa potom mala nasun\u00fa\u0165 na obj\u00edmku kr\u00fatiacimi alebo skrutkovac\u00edmi pohybmi bez toho, aby sa obj\u00edmka nam\u00e1hala pohybmi nahor a nadol. To ist\u00e9 plat\u00ed aj pri odstra\u0148ovan\u00ed had\u00edc z pripojovacej z\u00e1suvky farmy. Neodstra\u0148ujte ju jednoducho!<\/p>","protected":false},"excerpt":{"rendered":"<p>T\u00e1to s\u00faprava pozost\u00e1va z 21 dielov<\/p>\n<p>Ve\u013ekos\u0165: <span style=\"color: #0000ff;\"><strong>L<\/strong> <\/span><\/p>","protected":false},"featured_media":8995,"comment_status":"open","ping_status":"closed","template":"","meta":{"_acf_changed":false,"content-type":"","_monsterinsights_skip_tracking":false,"_monsterinsights_sitenote_active":false,"_monsterinsights_sitenote_note":"","_monsterinsights_sitenote_category":0},"product_brand":[],"product_cat":[257,73,86],"product_tag":[],"class_list":{"0":"post-8970","1":"product","2":"type-product","3":"status-publish","4":"has-post-thumbnail","6":"product_cat-new-innovatve-products","7":"product_cat-starter-sets","8":"product_cat-formicariums","10":"first","11":"instock","12":"taxable","13":"shipping-taxable","14":"purchasable","15":"product-type-simple"},"acf":[],"aioseo_notices":[],"jetpack_sharing_enabled":true,"_links":{"self":[{"href":"https:\/\/antcube.shop\/sk\/wp-json\/wp\/v2\/product\/8970","targetHints":{"allow":["GET"]}}],"collection":[{"href":"https:\/\/antcube.shop\/sk\/wp-json\/wp\/v2\/product"}],"about":[{"href":"https:\/\/antcube.shop\/sk\/wp-json\/wp\/v2\/types\/product"}],"replies":[{"embeddable":true,"href":"https:\/\/antcube.shop\/sk\/wp-json\/wp\/v2\/comments?post=8970"}],"wp:featuredmedia":[{"embeddable":true,"href":"https:\/\/antcube.shop\/sk\/wp-json\/wp\/v2\/media\/8995"}],"wp:attachment":[{"href":"https:\/\/antcube.shop\/sk\/wp-json\/wp\/v2\/media?parent=8970"}],"wp:term":[{"taxonomy":"product_brand","embeddable":true,"href":"https:\/\/antcube.shop\/sk\/wp-json\/wp\/v2\/product_brand?post=8970"},{"taxonomy":"product_cat","embeddable":true,"href":"https:\/\/antcube.shop\/sk\/wp-json\/wp\/v2\/product_cat?post=8970"},{"taxonomy":"product_tag","embeddable":true,"href":"https:\/\/antcube.shop\/sk\/wp-json\/wp\/v2\/product_tag?post=8970"}],"curies":[{"name":"wp","href":"https:\/\/api.w.org\/{rel}","templated":true}]}}