{"id":8969,"date":"2024-08-19T20:48:04","date_gmt":"2024-08-19T18:48:04","guid":{"rendered":"https:\/\/antcube.shop\/product\/wand-ameisenarena-30x15x30\/"},"modified":"2026-04-01T13:28:19","modified_gmt":"2026-04-01T11:28:19","slug":"mravenisko-30x15x30","status":"publish","type":"product","link":"https:\/\/antcube.shop\/sk\/produkt\/mravenisko-30x15x30\/","title":{"rendered":"Mravenisko na stene - 30x15x30"},"content":{"rendered":"<p><strong>Rozmery (DxV):<\/strong><br \/>\nZadn\u00e1 stena (6 mm): 400x300 mm<\/p>\n<p><strong>Arena ( bez zadn\u00e9ho panelu):<\/strong> 300x146x300 mm<\/p>\n<p><strong>Materi\u00e1l:<\/strong><br \/>\nPlav\u00e1kov\u00e9 sklo<\/p>\n<p><strong>Farba:<\/strong><br \/>\nkri\u0161t\u00e1\u013eovo \u010dist\u00fd<\/p>\n<p><strong>Obsah:<\/strong><br \/>\n1x mravenisko - 30x15x30<br \/>\n4x gumov\u00e1 vlo\u017eka na v\u0155tanie otvorov ako ochrana<br \/>\n4x podlo\u017eka na v\u0155tanie otvorov<br \/>\n4x z\u00e1str\u010dky a skrutky<\/p>\n<p><strong>Pripojenie:<\/strong><br \/>\n<strong>UPOZORNENIE 2x z\u00e1tky\/ mrie\u017ekov\u00e9 vlo\u017eky\/ konektory (pod\u013ea potreby) pre bo\u010dn\u00e9 27 mm otvory nie s\u00fa s\u00fa\u010das\u0165ou dod\u00e1vky<\/strong><br \/>\n2x 50 mm otvor v spodnej \u010dasti (stred otvoru 4 cm od spodn\u00e9ho okraja)<br \/>\n2x 50 mm otvor v hornej \u010dasti (stred otvoru 4 cm od horn\u00e9ho okraja)<\/p>\n<p><strong>Popis: V s\u00fa\u010dasnosti je na trhu viac ako 10 000 zariaden\u00ed, ktor\u00e9 s\u00fa ur\u010den\u00e9 na predaj:<\/strong><br \/>\nToto mravenisko bolo vyvinut\u00e9 na mont\u00e1\u017e na stenu a \u013eahko sa in\u0161taluje na dreven\u00e9 a kamenn\u00e9 steny. \u010eal\u0161ie mravenisk\u00e1 a ar\u00e9ny mo\u017eno pripoji\u0165 pomocou 27 mm otvorov na boku. Ako spojenie mo\u017eno pou\u017ei\u0165 bu\u010f hadicu, prieh\u013eadn\u00fa akrylov\u00fa trubicu alebo \"mrav\u010die schody\". Pon\u00fakame aj n\u00e1stenn\u00fa mraven\u010diu farmu, ktor\u00e1 sa hod\u00ed k n\u00e1stennej mravenisku.<br \/>\nZodpovedaj\u00face v\u00fdrobky Ant arena cover 30\u00d715 a Ant arena frame 30\u00d715 je potrebn\u00e9 objedna\u0165 samostatne.<\/p>\n<p><strong>Pokyny na in\u0161tal\u00e1ciu:<\/strong><br \/>\n<strong>Vzh\u013eadom na to, \u017ee sklenen\u00fd panel je zadnou stenou, stena pod n\u00edm by mala by\u0165 \u00faplne rovn\u00e1.<\/strong><br \/>\nNa upevnenie 4 hmo\u017ediniek \"S6\" do steny potrebujete v\u0155ta\u010dku so 6 mm vrt\u00e1kom (do dreva, kame\u0148a alebo kovu v z\u00e1vislosti od materi\u00e1lu).<br \/>\nDo steny je potrebn\u00e9 vyv\u0155ta\u0165 45 mm hlbok\u00e9 otvory, aby bolo mo\u017en\u00e9 zah\u013abi\u0165 hmo\u017edinky 6x30 mm so skrutkami 4,5x40 mm.<br \/>\n<strong>Potrebn\u00e9 na mont\u00e1\u017e:<\/strong><br \/>\n- vodov\u00e1ha<br \/>\n- Lepiaca p\u00e1ska, aby ste nemuseli zna\u010di\u0165 na stenu pod sebou.<br \/>\n- Kr\u00ed\u017eov\u00fd skrutkova\u010d<br \/>\n- V\u0155ta\u010dka\/v\u0155ta\u010dka v z\u00e1vislosti od steny<br \/>\n- 6 mm vrt\u00e1k (do dreva, kame\u0148a alebo kovu v z\u00e1vislosti od povrchu)<br \/>\n- Je tie\u017e u\u017eito\u010dn\u00e9 vytvori\u0165 si \u0161abl\u00f3nu na v\u0155tanie otvorov z h\u00e1rku papiera. Jednoducho ho umiestnite pod zadn\u00fa stenu a vyzna\u010dte otvory.<\/p>\n<p><strong>Pozn\u00e1mky k v\u00fdrobe<\/strong><br \/>\nSklo sa br\u00fasi pod\u013ea normy DIN 1249 s toleranciou +\/- 1 mm. V pr\u00edpade extr\u00e9mne mal\u00fdch druhov mravcov je nevyhnutn\u00e1 dodato\u010dn\u00e1 ochrana proti \u00faniku.<br \/>\nKe\u010f\u017ee sa na\u0161e v\u00fdrobky vyr\u00e1baj\u00fa ru\u010dne, m\u00f4\u017eu sa vyskytn\u00fa\u0165 minim\u00e1lne odch\u00fdlky napriek maxim\u00e1lnej starostlivosti.<\/p>\n<p><strong>Pozn\u00e1mka k farme<\/strong><br \/>\nPri prip\u00e1jan\u00ed alebo odoberan\u00ed had\u00edc dbajte na nasleduj\u00face pokyny:<br \/>\nAk sa r\u00farka ve\u013emi \u0165a\u017eko nasadzuje na pripojovaciu z\u00e1suvku, treba z\u00e1suvku z\u013eahka potrie\u0165 kvapkou n\u00e1\u0161ho oleja alebo pr\u00e1\u0161ku proti praskaniu. Hadica by sa potom mala nasun\u00fa\u0165 na obj\u00edmku kr\u00fatiacimi alebo skrutkovac\u00edmi pohybmi bez toho, aby sa obj\u00edmka nam\u00e1hala pohybmi nahor a nadol. To ist\u00e9 plat\u00ed aj pri odstra\u0148ovan\u00ed had\u00edc z pripojovacej z\u00e1suvky farmy. Neodstra\u0148ujte ju jednoducho!<\/p>","protected":false},"excerpt":{"rendered":"<p>Pripojenie: Otvor 4x 50 mm<\/p>","protected":false},"featured_media":9001,"comment_status":"open","ping_status":"closed","template":"","meta":{"_acf_changed":false,"content-type":"","_monsterinsights_skip_tracking":false,"_monsterinsights_sitenote_active":false,"_monsterinsights_sitenote_note":"","_monsterinsights_sitenote_category":0},"product_brand":[],"product_cat":[257,85,86],"product_tag":[],"class_list":{"0":"post-8969","1":"product","2":"type-product","3":"status-publish","4":"has-post-thumbnail","6":"product_cat-new-innovatve-products","7":"product_cat-ant-arenas","8":"product_cat-formicariums","10":"first","11":"instock","12":"taxable","13":"shipping-taxable","14":"purchasable","15":"product-type-simple"},"acf":[],"aioseo_notices":[],"jetpack_sharing_enabled":true,"_links":{"self":[{"href":"https:\/\/antcube.shop\/sk\/wp-json\/wp\/v2\/product\/8969","targetHints":{"allow":["GET"]}}],"collection":[{"href":"https:\/\/antcube.shop\/sk\/wp-json\/wp\/v2\/product"}],"about":[{"href":"https:\/\/antcube.shop\/sk\/wp-json\/wp\/v2\/types\/product"}],"replies":[{"embeddable":true,"href":"https:\/\/antcube.shop\/sk\/wp-json\/wp\/v2\/comments?post=8969"}],"wp:featuredmedia":[{"embeddable":true,"href":"https:\/\/antcube.shop\/sk\/wp-json\/wp\/v2\/media\/9001"}],"wp:attachment":[{"href":"https:\/\/antcube.shop\/sk\/wp-json\/wp\/v2\/media?parent=8969"}],"wp:term":[{"taxonomy":"product_brand","embeddable":true,"href":"https:\/\/antcube.shop\/sk\/wp-json\/wp\/v2\/product_brand?post=8969"},{"taxonomy":"product_cat","embeddable":true,"href":"https:\/\/antcube.shop\/sk\/wp-json\/wp\/v2\/product_cat?post=8969"},{"taxonomy":"product_tag","embeddable":true,"href":"https:\/\/antcube.shop\/sk\/wp-json\/wp\/v2\/product_tag?post=8969"}],"curies":[{"name":"wp","href":"https:\/\/api.w.org\/{rel}","templated":true}]}}