{"id":8968,"date":"2024-08-19T20:47:21","date_gmt":"2024-08-19T18:47:21","guid":{"rendered":"https:\/\/antcube.shop\/product\/wand-ameisenfarm-l-30x30-glas\/"},"modified":"2026-01-12T12:39:31","modified_gmt":"2026-01-12T11:39:31","slug":"mravenisko-na-stene-l-30x30-sklo","status":"publish","type":"product","link":"https:\/\/antcube.shop\/sk\/produkt\/mravenisko-na-stene-l-30x30-sklo\/","title":{"rendered":"N\u00e1stenn\u00e9 mravenisko - L - 30\u00d730 - sklo"},"content":{"rendered":"<p><strong>Rozmery (DxV):<\/strong><br \/>\nZadn\u00e1 stena (hr\u00fabka 6 mm): 400x293mm<\/p>\n<p>Vonkaj\u0161ia strana (bez zadn\u00e9ho panelu)<br \/>\n334x28x296mm<\/p>\n<p>Vn\u00fatri<br \/>\n284x20x290 mm<\/p>\n<p><strong>Materi\u00e1l:<\/strong><br \/>\nPlav\u00e1kov\u00e9 sklo<\/p>\n<p><strong>Farba:<\/strong><br \/>\nkri\u0161t\u00e1\u013eovo \u010dist\u00fd<\/p>\n<p><strong>Obsah:<\/strong><br \/>\nN\u00e1stenn\u00e9 mravenisko - L - 30\u00d730 - sklo<br \/>\n1x kryt mraveniska<br \/>\n4x gumov\u00e1 vlo\u017eka na v\u0155tanie otvorov ako ochrana<br \/>\n4x podlo\u017eka na v\u0155tanie otvorov<br \/>\n4x z\u00e1str\u010dky a skrutky<\/p>\n<p><strong>Pripojenie:<\/strong><br \/>\n2x 14\/16\/18\/20 x 20 mm z\u00e1suvka<\/p>\n<p>Hadica 14\/10 je pevne zasunut\u00e1 do 14 mm z\u00e1suvky<br \/>\nHadica 20\/16 je pevne pripojen\u00e1 k prv\u00e9mu 16 mm kroku<\/p>\n<p><strong>Popis: V s\u00fa\u010dasnosti je na trhu viac ako 10 000 zariaden\u00ed, ktor\u00e9 s\u00fa ur\u010den\u00e9 na predaj:<\/strong><br \/>\nToto mravenisko bolo vyvinut\u00e9 na mont\u00e1\u017e na stenu a \u013eahko sa in\u0161taluje na dreven\u00e9 a kamenn\u00e9 steny. Je \u00faplne prieh\u013eadn\u00e1 a umo\u017e\u0148uje dobr\u00fd v\u00fdh\u013ead do hniezda. Ako hniezdny materi\u00e1l pre mravce mo\u017eno pou\u017ei\u0165 bu\u010f piesok a hlinu, alebo jednu z na\u0161ich vhodn\u00fdch hniezdnych vlo\u017eiek z korku alebo Digfixu. Okrem toho mo\u017eno k bo\u010dn\u00fdm pripojovac\u00edm z\u00e1suvk\u00e1m pripoji\u0165 bu\u010f hadicu, prieh\u013eadn\u00fa akrylov\u00fa trubicu alebo \"mrav\u010die schody\". Pon\u00fakame aj n\u00e1stenn\u00e9 mravenisk\u00e1 vo ve\u013ekosti 30 \u00d7 15 alebo 30 \u00d7 30, ktor\u00e9 sa hodia k n\u00e1stenn\u00e9mu mravenisku.<\/p>\n<p><strong>Pokyny na in\u0161tal\u00e1ciu:<\/strong><br \/>\n<strong>Vzh\u013eadom na to, \u017ee sklenen\u00fd panel je zadnou stenou, stena pod n\u00edm by mala by\u0165 \u00faplne rovn\u00e1.<\/strong><br \/>\nNa upevnenie 4 hmo\u017ediniek \"S6\" do steny potrebujete v\u0155ta\u010dku so 6 mm vrt\u00e1kom (do dreva, kame\u0148a alebo kovu v z\u00e1vislosti od materi\u00e1lu).<br \/>\nDo steny je potrebn\u00e9 vyv\u0155ta\u0165 45 mm hlbok\u00e9 otvory, aby bolo mo\u017en\u00e9 zah\u013abi\u0165 hmo\u017edinky 6x30 mm so skrutkami 4,5x40 mm.<br \/>\n<strong>Potrebn\u00e9 na mont\u00e1\u017e:<\/strong><br \/>\n- vodov\u00e1ha<br \/>\n- Lepiaca p\u00e1ska, aby ste nemuseli zna\u010di\u0165 na stenu pod sebou.<br \/>\n- Kr\u00ed\u017eov\u00fd skrutkova\u010d<br \/>\n- V\u0155ta\u010dka\/v\u0155ta\u010dka v z\u00e1vislosti od steny<br \/>\n- 6 mm vrt\u00e1k (do dreva, kame\u0148a alebo kovu v z\u00e1vislosti od povrchu)<br \/>\n- Je tie\u017e u\u017eito\u010dn\u00e9 vytvori\u0165 si \u0161abl\u00f3nu na v\u0155tanie otvorov z h\u00e1rku papiera. Jednoducho ho umiestnite pod zadn\u00fa stenu a vyzna\u010dte otvory.<\/p>\n<p><strong>Pozn\u00e1mky k v\u00fdrobe<\/strong><br \/>\nSklo sa br\u00fasi pod\u013ea normy DIN 1249 s toleranciou +\/- 1 mm. V pr\u00edpade extr\u00e9mne mal\u00fdch druhov mravcov je nevyhnutn\u00e1 dodato\u010dn\u00e1 ochrana proti \u00faniku.<br \/>\nKe\u010f\u017ee sa na\u0161e v\u00fdrobky vyr\u00e1baj\u00fa ru\u010dne, napriek maxim\u00e1lnej starostlivosti sa m\u00f4\u017eu vyskytn\u00fa\u0165 minim\u00e1lne odch\u00fdlky.<\/p>\n<p><strong>Pozn\u00e1mka k farme<\/strong><br \/>\nPri prip\u00e1jan\u00ed alebo odoberan\u00ed had\u00edc dbajte na nasleduj\u00face pokyny:<br \/>\nAk sa r\u00farka ve\u013emi \u0165a\u017eko nasadzuje na pripojovaciu z\u00e1suvku, treba z\u00e1suvku z\u013eahka potrie\u0165 kvapkou n\u00e1\u0161ho oleja alebo pr\u00e1\u0161ku proti praskaniu. Hadica by sa potom mala nasun\u00fa\u0165 na obj\u00edmku kr\u00fatiacimi alebo skrutkovac\u00edmi pohybmi bez toho, aby sa obj\u00edmka nam\u00e1hala pohybmi nahor a nadol. To ist\u00e9 plat\u00ed aj pri odstra\u0148ovan\u00ed had\u00edc z pripojovacej z\u00e1suvky farmy. Neodstra\u0148ujte ju jednoducho!<\/p>","protected":false},"excerpt":{"rendered":"<p>Pripojenie: Z\u00e1suvka 2x 14\/16 x 20 mm; Vzdialenos\u0165 dosiek: Vn\u00fatri 20 mm<\/p>\n<p>Ve\u013ekos\u0165: <span style=\"color: #0000ff;\"><strong>L<\/strong> <\/span><\/p>","protected":false},"featured_media":8997,"comment_status":"open","ping_status":"closed","template":"","meta":{"_acf_changed":false,"content-type":"","_monsterinsights_skip_tracking":false,"_monsterinsights_sitenote_active":false,"_monsterinsights_sitenote_note":"","_monsterinsights_sitenote_category":0},"product_brand":[],"product_cat":[257,80,83,86],"product_tag":[],"class_list":{"0":"post-8968","1":"product","2":"type-product","3":"status-publish","4":"has-post-thumbnail","6":"product_cat-new-innovatve-products","7":"product_cat-antfarms","8":"product_cat-antfarms-l","9":"product_cat-formicariums","11":"first","12":"instock","13":"taxable","14":"shipping-taxable","15":"purchasable","16":"product-type-simple"},"acf":[],"aioseo_notices":[],"jetpack_sharing_enabled":true,"_links":{"self":[{"href":"https:\/\/antcube.shop\/sk\/wp-json\/wp\/v2\/product\/8968","targetHints":{"allow":["GET"]}}],"collection":[{"href":"https:\/\/antcube.shop\/sk\/wp-json\/wp\/v2\/product"}],"about":[{"href":"https:\/\/antcube.shop\/sk\/wp-json\/wp\/v2\/types\/product"}],"replies":[{"embeddable":true,"href":"https:\/\/antcube.shop\/sk\/wp-json\/wp\/v2\/comments?post=8968"}],"wp:featuredmedia":[{"embeddable":true,"href":"https:\/\/antcube.shop\/sk\/wp-json\/wp\/v2\/media\/8997"}],"wp:attachment":[{"href":"https:\/\/antcube.shop\/sk\/wp-json\/wp\/v2\/media?parent=8968"}],"wp:term":[{"taxonomy":"product_brand","embeddable":true,"href":"https:\/\/antcube.shop\/sk\/wp-json\/wp\/v2\/product_brand?post=8968"},{"taxonomy":"product_cat","embeddable":true,"href":"https:\/\/antcube.shop\/sk\/wp-json\/wp\/v2\/product_cat?post=8968"},{"taxonomy":"product_tag","embeddable":true,"href":"https:\/\/antcube.shop\/sk\/wp-json\/wp\/v2\/product_tag?post=8968"}],"curies":[{"name":"wp","href":"https:\/\/api.w.org\/{rel}","templated":true}]}}