{"id":8854,"date":"2024-08-01T15:37:58","date_gmt":"2024-08-01T13:37:58","guid":{"rendered":"https:\/\/antcube.shop\/product\/bundle-offer-myrmica-rubra\/"},"modified":"2026-03-17T18:05:43","modified_gmt":"2026-03-17T17:05:43","slug":"ponuka-balika-myrmica-rubra","status":"publish","type":"product","link":"https:\/\/antcube.shop\/sk\/produkt\/ponuka-balika-myrmica-rubra\/","title":{"rendered":"Ponuka bal\u00edka - Myrmica rubra"},"content":{"rendered":"<p><span data-text-color=\"secondary\"><strong>Ponuka bal\u00edka vr\u00e1tane kol\u00f3nie mravcov Myrmica rubra (kr\u00e1\u013eovn\u00e1 s 11-25 robotnicami + ml\u00e1\u010fat\u00e1)<\/strong><\/span><\/p>\n<p><span data-text-color=\"alert\"><strong>Len do vypredania z\u00e1sob.<\/strong><\/span><\/p>\n<p><strong>V\u0161etko, \u010do potrebujete pre kol\u00f3niu mravcov Myrmica rubra:<\/strong><br \/>\nTento bal\u00edk obsahuje v\u0161etko, \u010do potrebujete na \u00faspe\u0161n\u00e9 zalo\u017eenie kol\u00f3nie Myrmica rubra po\u010das prv\u00fdch mesiacov. Je flexibilne roz\u0161\u00edrite\u013en\u00fd a bol testovan\u00fd po\u010das nieko\u013ek\u00fdch rokov s t\u00fdmto druhom mravcov.<\/p>\n<p><strong>Druh mravca Myrmica rubra - eur\u00f3psky mravec ohniv\u00e1k:<\/strong><br \/>\nMyrmica rubra je v Eur\u00f3pe ve\u013emi roz\u0161\u00edren\u00fd druh mravca. Je zn\u00e1my aj ako \u010derven\u00fd mravec z\u00e1hradn\u00fd alebo eur\u00f3psky mravec ohniv\u00e1k. Miluje vlhk\u00e9 a polotie\u0148ov\u00e9 miesta, preto sa vyskytuje najm\u00e4 v z\u00e1hrad\u00e1ch, na l\u00fakach a v lesoch. Vyskytuje sa aj v niektor\u00fdch \u010dastiach Kanady a USA, ale tam je inv\u00e1zny, t. j. nep\u00f4vodn\u00fd. Ako v\u00e4\u010d\u0161ina inv\u00e1znych druhov mravcov tam bol zavle\u010den\u00fd spolu s rastlinami okolo roku 1900.<\/p>\n<p>Myrmica rubra je polygynn\u00fd druh, \u010do znamen\u00e1, \u017ee vo vo\u013enej pr\u00edrode m\u00e1 zvy\u010dajne nieko\u013eko kr\u00e1\u013eovien. Existuj\u00fa dokonca spr\u00e1vy o takzvan\u00fdch superkol\u00f3ni\u00e1ch s a\u017e 600 kr\u00e1\u013eovnami a pribli\u017ene 20 000 robotnicami. Myrmica rubra br\u00e1ni svoje hniezdo agres\u00edvne a na obranu m\u00e1 \u017eihadlo. Jej jed je v\u0161ak ne\u0161kodn\u00fd, s v\u00fdnimkou alergikov.<\/p>\n<p>Myrmica rubra hibernuje vo vo\u013enej pr\u00edrode od konca okt\u00f3bra do konca marca pri teplote pribli\u017ene 5-8\u00b0.<\/p>\n<p><strong>Hniezdo pre Myrmica rubra:<\/strong><br \/>\nV pr\u00edrode Myrmica rubra hniezdi pod machov\u00fdmi vank\u00fa\u0161mi, kame\u0148mi na poliach a l\u00fakach v zemi, kde si stavia kop\u010deky, alebo dokonca v zhnitom dreve. Najd\u00f4le\u017eitej\u0161ie je pre ne vlhk\u00e9 miesto na hniezdenie.<\/p>\n<p>Do tejto \u0161tartovacej sady sme zahrnuli jednu z na\u0161ich dosiek Digfix ako materi\u00e1l na hniezdenie. Ten simuluje prirodzen\u00e9 zemn\u00e9 hniezdo a m\u00f4\u017ee sa udr\u017eiava\u0165 ve\u013emi vlhk\u00fd. Okrem toho zvierat\u00e1 pri hraban\u00ed nem\u00f4\u017eu za\u0161pini\u0165 okn\u00e1 mraveniska, \u010do umo\u017e\u0148uje trvalo vo\u013en\u00fd v\u00fdh\u013ead do kom\u00f4r a chodieb. Tento materi\u00e1l je v mravenisku aj ove\u013ea stabilnej\u0161\u00ed ako be\u017en\u00e1 zmes piesku a hliny, \u010do zabra\u0148uje zr\u00fateniu kom\u00f4r a chodieb.<\/p>\n<p><strong>Potrava pre Myrmica rubra:<\/strong><br \/>\nMyrmica rubra je v\u0161e\u017eravec a vo vo\u013enej pr\u00edrode sa \u017eiv\u00ed zdochlinami, hmyzom a nekt\u00e1rom. Podobne ako napr\u00edklad Lasius niger, aj Myrmica rubra udr\u017eiava kol\u00f3nie m\u0161ic a br\u00e1ni ich.<\/p>\n<p>Do tejto sady sme zaradili na\u0161e cel\u00e9 blan\u0161\u00edrovan\u00e9 cvr\u010dky a medovicu ako potravu. Obe s\u00fa ve\u013emi dobre prij\u00edman\u00e9 Myrmica rubra a podporuj\u00fa prirodzen\u00fd a pozit\u00edvny v\u00fdvoj kol\u00f3nie v\u010faka \u017eivin\u00e1m, ktor\u00e9 obsahuj\u00fa.<\/p>\n<p><strong>Optim\u00e1lne klimatick\u00e9 podmienky pre Myrmica rubra s\u00fa tieto:<\/strong><br \/>\nVlhkos\u0165:<br \/>\nAr\u00e9na: Hniezdo: 30 - 50% plocha hniezda: 50 - 70%<br \/>\nTeplota:<br \/>\nAr\u00e9na: 18 - 28 \u00b0C Hniezdna oblas\u0165: 21 - 24\u00b0C<\/p>\n<p><strong>Obsah:<\/strong><\/p>\n<p>1x kr\u00e1\u013eovn\u00e1 Myrmica rubra + 11-25 robotn\u00edc a ml\u00e1\u010fat\u00e1<br \/>\n1x Cvr\u010dekov\u00fd d\u017eem 25g<br \/>\n1x medovkov\u00e1 zmes (HT) - n\u00e1pl\u0148 10ml<br \/>\n1x z\u00e1klad\u0148a pre formik\u00e1rium - 20x20cm<br \/>\n1x podstavec pod formik\u00e1rium - 20x6cm<\/p>\n<p>1x ANTCUBE - ar\u00e9na 20x20x10 - ploch\u00e1<br \/>\n1x r\u00e1m mraveniska 20\u00d720<br \/>\n1x kryt mraveniska 20\u00d720<br \/>\n4x upev\u0148ovac\u00ed bod pre kryt ar\u00e9ny<br \/>\n1x ANTCUBE - mravenisko - L - 20\u00d720 - vertik\u00e1lne<br \/>\n1x ANTCUBE - Digfixov\u00e1 doska 20\u00d720 - M<\/p>\n<p>1x 0,5 m prieh\u013eadn\u00e1 r\u00farka 14\/10 mm<br \/>\n1x ANTCUBE - \u010derven\u00e1 f\u00f3lia 20\u00d720 - filter<br \/>\n1x lepiace svorky - prieh\u013eadn\u00e9 2 ks.<br \/>\n1x substr\u00e1t - pieso\u010dnato-hlinit\u00fd b\u00e9\u017eov\u00fd - 200g<\/p>\n<p>1x Grid cap &#8211; 10mm &#8211; stainless steel<br \/>\n2x Grid insert acrylic &#8211; 50 mm with sealing ring<br \/>\n1x Grid insert acrylic &#8211; 27 mm with sealing ring<\/p>\n<p>1x hadicov\u00e1 spojka n\u00e1dr\u017ee 27-14,16,20 mm - transparentn\u00e1<br \/>\n1x Foil thermometer &#8211; farm<br \/>\n1x Foil thermometer Display<br \/>\n1x drinking clear 5ml &#8211; sponge<br \/>\n1x Feeding dish white rectangle &#8211; 3 compartments<br \/>\n1x Drinking trough 2ml &#8211; 360 Degrees<br \/>\n1x Ochrann\u00fd olej proti \u00faniku mravcov 10ml<br \/>\n1x pinzeta z pru\u017einovej ocele - \u0161irok\u00e1 - m\u00e4kk\u00e1<br \/>\n1x pinzeta plastov\u00e1 prieh\u013eadn\u00e1<br \/>\n1x plastov\u00e1 pipeta 3 ml<br \/>\n1x ru\u010dn\u00e1 lupa - 2x - 30 mm<br \/>\n1x penov\u00fd stiera\u010d 150x18x2,5mm<br \/>\n1x fotoz\u00e1loha - l\u00faka - 20\u00d710<\/p>\n<p>&nbsp;<\/p>\n<p><strong>Popis: V s\u00fa\u010dasnosti je na trhu viac ako 10 000 zariaden\u00ed, ktor\u00e9 s\u00fa ur\u010den\u00e9 na predaj:<\/strong><br \/>\nT\u00e1to roz\u0161\u00edrite\u013en\u00e1 \u0161tartovacia s\u00faprava pre Myrmica rubra obsahuje nielen optim\u00e1lne prisp\u00f4soben\u00e9 formik\u00e1rium, ale aj vhodn\u00e9 pr\u00edslu\u0161enstvo na chov tohto druhu mravcov. \"Nap\u00e1ja\u010dka \u010d\u00edra 20 ml - \u0161pongia\" je ur\u010den\u00e1 na vodu, \"nap\u00e1ja\u010dka 2 ml - 360 stup\u0148ov\" na medonosn\u00fa zmes.<\/p>\n<p><span data-text-color=\"alert\"><strong>D\u00f4le\u017eit\u00e9:<\/strong><\/span> Pred pou\u017eit\u00edm substr\u00e1t navlh\u010dite, aby sa zmes mohla spoji\u0165 a pevne sa uchyti\u0165 v mravenisku. Okrem toho such\u00fd a pra\u0161n\u00fd substr\u00e1t m\u00f4\u017ee vies\u0165 k zablokovaniu d\u00fdchac\u00edch ciest mravcov a v najhor\u0161om pr\u00edpade k uduseniu zvierat.<\/p>\n<p><strong>Pozn\u00e1mky k v\u00fdrobe<\/strong><br \/>\nSklo sa re\u017ee na mieru pod\u013ea normy DIN 1249 s toleranciou +\/- 1 mm. Pri extr\u00e9mne mal\u00fdch druhoch mravcov je nevyhnutn\u00e1 dodato\u010dn\u00e1 ochrana proti vylomeniu.<\/p>\n<p><strong>Pozn\u00e1mka k blan\u0161\u00edrovan\u00fdm cvr\u010dkom:<\/strong><br \/>\nNa\u0161e blan\u0161\u00edrovan\u00e9 cvr\u010dky predstavuj\u00fa jednoduch\u00fd sp\u00f4sob, ako mravcom poskytn\u00fa\u0165 \u010derstvo konzervovan\u00fa bielkovinov\u00fa potravu bez toho, aby ste museli k\u0155mi\u0165 \u017eiv\u00fdm hmyzom. Obsiahnut\u00e9 cvr\u010dky (Acheta domesticus) boli jemne blan\u0161\u00edrovan\u00e9, aby sa zabezpe\u010dilo zachovanie nutri\u010dn\u00fdch hodn\u00f4t, chuti a v\u00f4ne. Okrem toho sa t\u00fdmto sp\u00f4sobom zm\u00e4k\u010duje chit\u00ednov\u00e1 schr\u00e1nka hmyzu, aby sa \u013eah\u0161ie tr\u00e1vila. V\u00e4zby kolag\u00e9nov\u00fdch bielkov\u00edn sa rozbij\u00fa, aby ich mravce mohli lep\u0161ie vyu\u017ei\u0165. Konzervy Acheta domesticus maj\u00fa rovnak\u00fa v\u00fd\u017eivov\u00fa hodnotu ako \u017eiv\u00e9 cvr\u010dky, ale s\u00fa \u013eah\u0161ie str\u00e1vite\u013en\u00e9.<\/p>\n<p>Blan\u0161\u00edrovan\u00e9 cvr\u010dky nie s\u00fa vhodn\u00e9 na lov druhov mravcov, ktor\u00e9 vy\u017eaduj\u00fa \u017eiv\u00fa potravu (napr. poniklecov (ve\u013ek\u00fdch mravcov), ako s\u00fa Harpegnathos alebo Odontomachus).<\/p>\n<p><strong>\u010eal\u0161ie v\u00fdhody:<\/strong><br \/>\nZaru\u010dene bez rozto\u010dov<br \/>\nMo\u017eno porciova\u0165<br \/>\nSterilizovan\u00e9 a vysat\u00e9<br \/>\nBez pr\u00eddavn\u00fdch l\u00e1tok<br \/>\nCvr\u010dky z udr\u017eate\u013en\u00e9ho \u010disto ekologick\u00e9ho chovu, k\u0155men\u00e9 organick\u00fdm odpadom<\/p>\n<p><strong>Upozornenie:<\/strong><br \/>\nPo otvoren\u00ed sa m\u00f4\u017ee uchov\u00e1va\u0165 v chladni\u010dke pribli\u017ene \u0161tyri dni. Pri zmrazen\u00ed je trvanlivos\u0165 dlh\u0161ia.<\/p>\n<p><strong>Pozn\u00e1mka k medovici:<\/strong><br \/>\nObsah: 10 ml<br \/>\nIde o pr\u00edrodn\u00fd produkt, ktor\u00fd sme po rozsiahlom testovan\u00ed v na\u0161om laborat\u00f3riu zdokonalili a vyvinuli z neho potravu, ktor\u00fa mravce ve\u013emi dobre prij\u00edmaj\u00fa. D\u00f4vodom je, \u017ee nespracovan\u00fd medovicov\u00fd med v jeho koncentrovanej p\u00f4vodnej forme nie je dobre prij\u00edman\u00fd mravcami a ich metabolizmom.<br \/>\nNa\u0161a medovina bola zozbieran\u00e1 v nezne\u010disten\u00fdch divok\u00fdch horsk\u00fdch lesoch Bulharska. Medovica sa rod\u00ed len ve\u013emi obmedzen\u00fd \u010das, pribli\u017ene dva mesiace v lete. Preto je ve\u013emi vz\u00e1cny. Vzh\u013eadom na \u0161pecifick\u00e9 vlastnosti p\u00f4dy v lesoch a podnebie sa v listoch stromov ukladaj\u00fa z\u00e1kladn\u00e9 \u017eiviny, ktor\u00e9 m\u0161ice absorbuj\u00fa. Pr\u00e1ve preto je t\u00e1to medonosn\u00e1 zmes pre mravce tak\u00e1 \u017eiad\u00faca.<\/p>\n<p><strong>Pou\u017eitie:<\/strong><br \/>\nMno\u017estvo potrav\u00edn by sa malo spotrebova\u0165 pribli\u017ene do 3 dn\u00ed.<\/p>\n<p><strong>Popis: V s\u00fa\u010dasnosti je na trhu viac ako 10 000 zariaden\u00ed, ktor\u00e9 s\u00fa ur\u010den\u00e9 na predaj:<\/strong><br \/>\nMedovica sa na rozdiel od kvetov\u00e9ho medu z\u00edskava zo sekr\u00e9tov hmyzu, ktor\u00fd saje na rastlin\u00e1ch, ako s\u00fa napr\u00edklad m\u0161ice. Medovica je ob\u013e\u00faben\u00fdm zdrojom potravy pre mnoh\u00e9 druhy hmyzu, ako s\u00fa mravce, v\u010dely a \u010dmeliaky. V\u010dely a \u010dmeliaky ju olizuj\u00fa z listov alebo ihli\u010dia r\u00f4znych stromov. Mravce, ako napr\u00edklad Lasius niger, doslova chovaj\u00fa m\u0161ice. Dokonca ich br\u00e1nia pred pred\u00e1tormi a pren\u00e1\u0161aj\u00fa ich na \u010derstv\u00e9 v\u00fdhonky.<\/p>\n<p>Medovica je u mravcov obzvl\u00e1\u0161\u0165 ob\u013e\u00faben\u00e1 v\u010faka svojim trochu odli\u0161n\u00fdm zlo\u017ek\u00e1m. Hlavn\u00fdmi cukrami v medovici s\u00fa sachar\u00f3za a frukt\u00f3za, ale v men\u0161om mno\u017estve sa vyskytuj\u00fa aj malt\u00f3za, trehal\u00f3za, melezit\u00f3za, rafin\u00f3za a in\u00e9 oligosacharidy. Okrem cukru a vody obsahuje medovica aj esenci\u00e1lne aminokyseliny, miner\u00e1lne l\u00e1tky, stopov\u00e9 prvky, adenoz\u00edny, fosf\u00e1ty a \u010fal\u0161ie zlo\u017eky, ako s\u00fa vitam\u00edny.<\/p>\n<p><strong>Pou\u017eitie:<\/strong><br \/>\nPre druhy mravcov medo\u017erav\u00fdch (Meliphagidae)<br \/>\nIde o doplnkov\u00e9 krmivo<br \/>\nM\u00f4\u017ee sa pon\u00faka\u0165 zvierat\u00e1m ako dod\u00e1vka. Ke\u010f\u017ee koncentr\u00e1cia cukru sa vplyvom vlhkosti zni\u017euje a za\u010d\u00edna sa proces ferment\u00e1cie, krmivo by sa malo ka\u017ed\u00e9 tri dni vymie\u0148a\u0165. Pred op\u00e4tovn\u00fdm pou\u017eit\u00edm d\u00f4kladne vy\u010distite misku na k\u0155menie.<br \/>\nPo otvoren\u00ed balenia by sa malo uchov\u00e1va\u0165 pevne uzavret\u00e9 a\u017e do d\u00e1tumu exspir\u00e1cie.<\/p>\n<p><strong>V\u00fd\u017eivov\u00e9 \u00fadaje na 100 g:<\/strong><br \/>\npribli\u017ene 2,7 % tukov<br \/>\nz toho nas\u00fdten\u00fdch pribli\u017ene 0,45 %<br \/>\npribli\u017ene 95 % sacharidov<br \/>\nz toho cukor pribli\u017ene 71<br \/>\npribli\u017ene 2,85% prote\u00ednu<\/p>\n<p>Miner\u00e1lne l\u00e1tky (drasl\u00edk, v\u00e1pnik, me\u010f, \u017eelezo, sod\u00edk, hor\u010d\u00edk, fosfor, zinok a in\u00e9 stopov\u00e9 prvky) Aminokyseliny (prol\u00edn, leuc\u00edn, fenylalan\u00edn, alan\u00edn, histid\u00edn, izoleuc\u00edn, kyselina glut\u00e1mov\u00e1, argin\u00edn, kyselina aspar\u00e1gov\u00e1 at\u010f.) Organick\u00e9 kyseliny Enz\u00fdmy (fermenty) Chu\u0165ov\u00e9 l\u00e1tky Inhib\u00edtory (antibakteri\u00e1lne l\u00e1tky) Kvety Pe\u013e<\/p>\n<p><strong>Skladovanie:<\/strong><br \/>\nAby sa zabezpe\u010dila kvalita krmiva, malo by sa skladova\u0165 na tmavom a suchom mieste.<\/p>\n<p><strong>Pozn\u00e1mka:<\/strong><br \/>\nDoplnkov\u00e9 krmivo pre mravce \u017eiviace sa medom.<br \/>\nZlo\u017eenie, analytick\u00e9 zlo\u017eky, d\u00e1tum minim\u00e1lnej trvanlivosti a \u010d\u00edslo \u0161ar\u017ee n\u00e1jdete v pr\u00edbalovom let\u00e1ku.<\/p>\n<p>Informa\u010dn\u00e1 linka +49 30 439703870<\/p>\n<p><strong>Zodpovedn\u00fd veterin\u00e1rny a potravinov\u00fd in\u0161pektor\u00e1t:<\/strong><br \/>\nVeterin\u00e1rna kancel\u00e1ria Steglitz<br \/>\nK\u00f6nigin-Luise-Str. 92<br \/>\n14195 Berl\u00edn<\/p>","protected":false},"excerpt":{"rendered":"<p>S\u00faprava pozost\u00e1va z 34 dielov<\/p>","protected":false},"featured_media":8856,"comment_status":"open","ping_status":"closed","template":"","meta":{"_acf_changed":false,"content-type":"","_monsterinsights_skip_tracking":false,"_monsterinsights_sitenote_active":false,"_monsterinsights_sitenote_note":"","_monsterinsights_sitenote_category":0},"product_brand":[],"product_cat":[355,73],"product_tag":[],"class_list":{"0":"post-8854","1":"product","2":"type-product","3":"status-publish","4":"has-post-thumbnail","6":"product_cat-bundle-offers","7":"product_cat-starter-sets","9":"first","10":"instock","11":"taxable","12":"shipping-taxable","13":"purchasable","14":"product-type-simple"},"acf":[],"aioseo_notices":[],"jetpack_sharing_enabled":true,"_links":{"self":[{"href":"https:\/\/antcube.shop\/sk\/wp-json\/wp\/v2\/product\/8854","targetHints":{"allow":["GET"]}}],"collection":[{"href":"https:\/\/antcube.shop\/sk\/wp-json\/wp\/v2\/product"}],"about":[{"href":"https:\/\/antcube.shop\/sk\/wp-json\/wp\/v2\/types\/product"}],"replies":[{"embeddable":true,"href":"https:\/\/antcube.shop\/sk\/wp-json\/wp\/v2\/comments?post=8854"}],"wp:featuredmedia":[{"embeddable":true,"href":"https:\/\/antcube.shop\/sk\/wp-json\/wp\/v2\/media\/8856"}],"wp:attachment":[{"href":"https:\/\/antcube.shop\/sk\/wp-json\/wp\/v2\/media?parent=8854"}],"wp:term":[{"taxonomy":"product_brand","embeddable":true,"href":"https:\/\/antcube.shop\/sk\/wp-json\/wp\/v2\/product_brand?post=8854"},{"taxonomy":"product_cat","embeddable":true,"href":"https:\/\/antcube.shop\/sk\/wp-json\/wp\/v2\/product_cat?post=8854"},{"taxonomy":"product_tag","embeddable":true,"href":"https:\/\/antcube.shop\/sk\/wp-json\/wp\/v2\/product_tag?post=8854"}],"curies":[{"name":"wp","href":"https:\/\/api.w.org\/{rel}","templated":true}]}}