{"id":8718,"date":"2024-07-22T15:43:52","date_gmt":"2024-07-22T13:43:52","guid":{"rendered":"https:\/\/antcube.shop\/product\/bonsai-tree-deko\/"},"modified":"2026-01-20T18:00:36","modified_gmt":"2026-01-20T17:00:36","slug":"bonsaj-strom-deko","status":"publish","type":"product","link":"https:\/\/antcube.shop\/sk\/produkt\/bonsaj-strom-deko\/","title":{"rendered":"Bonsai-strom"},"content":{"rendered":"<p>Ve\u013ekos\u0165 \/ v\u00fd\u0161ka 20 cm a\u017e 28 cm<br \/>\nPriemer ~ 10 cm -20 cm, ide\u00e1lne pre ar\u00e9ny 30x30x30 cm a vy\u0161\u0161ie.<br \/>\nHmotnos\u0165 sa pohybuje od 250 do 400 gramov<\/p>\n<p>N\u00e1\u0161 bonsajov\u00fd strom je ide\u00e1lnou dekor\u00e1ciou pre va\u0161e formik\u00e1rium. Mo\u017eno ho pou\u017ei\u0165 ako vo\u013ene stojaci v fromik\u00e1riu, tak aj v prirodzene vysaden\u00fdch viv\u00e1ri\u00e1ch. Ke\u010f\u017ee sa pod bonsajom alebo v \u0148om m\u00f4\u017eu ukr\u00fdva\u0165 mravce, odpor\u00fa\u010dame ho pou\u017e\u00edva\u0165 a\u017e vtedy, ke\u010f sa kol\u00f3nia mravcov u\u017e pres\u0165ahuje do svojho hniezda. V opa\u010dnom pr\u00edpade ho m\u00f4\u017eu uprednostni\u0165 ako miesto na hniezdenie a vy strat\u00edte preh\u013ead o hniezde.<\/p>\n<p><strong>POZOR:<\/strong> Neumiest\u0148ujte ho do ve\u013emi vlhk\u00e9ho prostredia (vlhkos\u0165 nad 60%). Bonsaj by mohol za\u010da\u0165 plesnivie\u0165. Pri ve\u013emi dobrom vetran\u00ed m\u00f4\u017ee by\u0165 bonsaj umiestnen\u00fd aj vo vlhkej\u0161om formik\u00e1riu.<\/p>\n<p><span data-text-color=\"alert\"><strong>D\u00d4LE\u017dIT\u00c1 POZN\u00c1MKA K \u010cL\u00c1NKU:<\/strong><\/span><br \/>\nKe\u010f\u017ee ide o pr\u00edrodn\u00fd produkt \/ unik\u00e1t, obr\u00e1zky tu nie s\u00fa \u00faplne identick\u00e9 s produktom, ktor\u00fd dostanete. Bud\u00fa sa vyskytova\u0165 odch\u00fdlky vo ve\u013ekosti, tvare a farbe mini strom\u010deka, ako aj z\u00e1kladnej dosky z lomovej bridlice. Garantujeme len maxim\u00e1lnu v\u00fd\u0161ku predmetu.<\/p>\n<p>Objednan\u00edm tohto tovaru s\u00fahlas\u00edte s vy\u0161\u0161ie uveden\u00fdmi mo\u017en\u00fdmi odch\u00fdlkami v\u00fdrobku vo ve\u013ekosti, tvare a farbe v \u010dase n\u00e1kupu.<\/p>","protected":false},"excerpt":{"rendered":"<p>Rozmery: V\u00fd\u0161ka 20-28 cm<\/p>","protected":false},"featured_media":8721,"comment_status":"open","ping_status":"closed","template":"","meta":{"_acf_changed":false,"content-type":"","_monsterinsights_skip_tracking":false,"_monsterinsights_sitenote_active":false,"_monsterinsights_sitenote_note":"","_monsterinsights_sitenote_category":0},"product_brand":[],"product_cat":[95,98],"product_tag":[],"class_list":{"0":"post-8718","1":"product","2":"type-product","3":"status-publish","4":"has-post-thumbnail","6":"product_cat-accessories-for-ants","7":"product_cat-decoration","9":"first","10":"outofstock","11":"taxable","12":"shipping-taxable","13":"purchasable","14":"product-type-simple"},"acf":[],"aioseo_notices":[],"jetpack_sharing_enabled":true,"_links":{"self":[{"href":"https:\/\/antcube.shop\/sk\/wp-json\/wp\/v2\/product\/8718","targetHints":{"allow":["GET"]}}],"collection":[{"href":"https:\/\/antcube.shop\/sk\/wp-json\/wp\/v2\/product"}],"about":[{"href":"https:\/\/antcube.shop\/sk\/wp-json\/wp\/v2\/types\/product"}],"replies":[{"embeddable":true,"href":"https:\/\/antcube.shop\/sk\/wp-json\/wp\/v2\/comments?post=8718"}],"wp:featuredmedia":[{"embeddable":true,"href":"https:\/\/antcube.shop\/sk\/wp-json\/wp\/v2\/media\/8721"}],"wp:attachment":[{"href":"https:\/\/antcube.shop\/sk\/wp-json\/wp\/v2\/media?parent=8718"}],"wp:term":[{"taxonomy":"product_brand","embeddable":true,"href":"https:\/\/antcube.shop\/sk\/wp-json\/wp\/v2\/product_brand?post=8718"},{"taxonomy":"product_cat","embeddable":true,"href":"https:\/\/antcube.shop\/sk\/wp-json\/wp\/v2\/product_cat?post=8718"},{"taxonomy":"product_tag","embeddable":true,"href":"https:\/\/antcube.shop\/sk\/wp-json\/wp\/v2\/product_tag?post=8718"}],"curies":[{"name":"wp","href":"https:\/\/api.w.org\/{rel}","templated":true}]}}