{"id":8518,"date":"2024-06-10T10:41:37","date_gmt":"2024-06-10T08:41:37","guid":{"rendered":"https:\/\/antcube.shop\/product\/poster\/"},"modified":"2025-09-30T10:22:23","modified_gmt":"2025-09-30T08:22:23","slug":"anatomia-plagatu","status":"publish","type":"product","link":"https:\/\/antcube.shop\/sk\/produkt\/anatomia-plagatu\/","title":{"rendered":"Anat\u00f3mia plag\u00e1tu"},"content":{"rendered":"<p>Plag\u00e1ty m\u00fazejnej kvality na hrubom matnom papieri. Dodajte svojej izbe a kancel\u00e1rii n\u00e1dhern\u00fd akcent v\u010faka t\u00fdmto plag\u00e1tom, ktor\u00e9 ur\u010dite o\u017eivia ka\u017ed\u00e9 prostredie.<\/p>\n<p>- Hr\u00fabka papiera: 10,3 mil<br \/>\n- Hmotnos\u0165 papiera: 189 g\/m\u00b2<br \/>\n- Neprieh\u013eadnos\u0165: 94%<br \/>\n- Jas ISO: 104%<br \/>\n- Papier poch\u00e1dza z Japonska<\/p>\n<p>Tento v\u00fdrobok sa vyr\u00e1ba \u0161peci\u00e1lne pre v\u00e1s hne\u010f po zadan\u00ed objedn\u00e1vky, preto n\u00e1m trv\u00e1 trochu dlh\u0161ie, k\u00fdm v\u00e1m ho doru\u010d\u00edme. V\u00fdroba v\u00fdrobkov na objedn\u00e1vku namiesto hromadnej v\u00fdroby pom\u00e1ha zni\u017eova\u0165 nadprodukciu, preto v\u00e1m \u010fakujeme za premyslen\u00e9 n\u00e1kupn\u00e9 rozhodnutia!<\/p>","protected":false},"excerpt":{"rendered":"<p>Plag\u00e1ty m\u00fazejnej kvality na hrubom matnom papieri. Dodajte svojej izbe a kancel\u00e1rii n\u00e1dhern\u00fd akcent v\u010faka t\u00fdmto plag\u00e1tom, ktor\u00e9 ur\u010dite o\u017eivia ka\u017ed\u00e9 prostredie. - Hr\u00fabka papiera: 10,3 mil - Hmotnos\u0165 papiera: 189 g\/m\u00b2 - Krycia schopnos\u0165: 94% - Jas ISO: 104% - Papier poch\u00e1dza z Japonska Tento v\u00fdrobok je vyroben\u00fd \u0161peci\u00e1lne pre","protected":false},"featured_media":8523,"comment_status":"open","ping_status":"closed","template":"","meta":{"_acf_changed":false,"content-type":"","_monsterinsights_skip_tracking":false,"_monsterinsights_sitenote_active":false,"_monsterinsights_sitenote_note":"","_monsterinsights_sitenote_category":0},"product_brand":[],"product_cat":[245],"product_tag":[],"class_list":{"0":"post-8518","1":"product","2":"type-product","3":"status-publish","4":"has-post-thumbnail","6":"product_cat-merchandise","8":"first","9":"instock","10":"taxable","11":"shipping-taxable","12":"purchasable","13":"product-type-variable"},"acf":[],"aioseo_notices":[],"jetpack_sharing_enabled":true,"_links":{"self":[{"href":"https:\/\/antcube.shop\/sk\/wp-json\/wp\/v2\/product\/8518","targetHints":{"allow":["GET"]}}],"collection":[{"href":"https:\/\/antcube.shop\/sk\/wp-json\/wp\/v2\/product"}],"about":[{"href":"https:\/\/antcube.shop\/sk\/wp-json\/wp\/v2\/types\/product"}],"replies":[{"embeddable":true,"href":"https:\/\/antcube.shop\/sk\/wp-json\/wp\/v2\/comments?post=8518"}],"wp:featuredmedia":[{"embeddable":true,"href":"https:\/\/antcube.shop\/sk\/wp-json\/wp\/v2\/media\/8523"}],"wp:attachment":[{"href":"https:\/\/antcube.shop\/sk\/wp-json\/wp\/v2\/media?parent=8518"}],"wp:term":[{"taxonomy":"product_brand","embeddable":true,"href":"https:\/\/antcube.shop\/sk\/wp-json\/wp\/v2\/product_brand?post=8518"},{"taxonomy":"product_cat","embeddable":true,"href":"https:\/\/antcube.shop\/sk\/wp-json\/wp\/v2\/product_cat?post=8518"},{"taxonomy":"product_tag","embeddable":true,"href":"https:\/\/antcube.shop\/sk\/wp-json\/wp\/v2\/product_tag?post=8518"}],"curies":[{"name":"wp","href":"https:\/\/api.w.org\/{rel}","templated":true}]}}