{"id":8503,"date":"2024-06-10T10:40:31","date_gmt":"2024-06-10T08:40:31","guid":{"rendered":"https:\/\/antcube.shop\/product\/stainless-steel-water-bottle-2\/"},"modified":"2024-12-12T11:07:50","modified_gmt":"2024-12-12T10:07:50","slug":"flasa-na-vodu-z-nehrdzavejucej-ocele-2","status":"publish","type":"product","link":"https:\/\/antcube.shop\/sk\/produkt\/flasa-na-vodu-z-nehrdzavejucej-ocele-2\/","title":{"rendered":"F\u013ea\u0161a na vodu z nehrdzavej\u00facej ocele"},"content":{"rendered":"<p>T\u00e1to 17-uncov\u00e1 dvojstenn\u00e1 f\u013ea\u0161a na vodu z nehrdzavej\u00facej ocele je ide\u00e1lna na ka\u017edodenn\u00e9 v\u00fdlety. Udr\u017e\u00ed v\u00e1\u0161 n\u00e1poj hor\u00faci alebo studen\u00fd cel\u00e9 hodiny. Je tie\u017e vybaven\u00e1 uz\u00e1verom odoln\u00fdm proti z\u00e1pachu a \u00faniku. Ho\u010fte ju do dr\u017eiaka na poh\u00e1r v aute cestou do pr\u00e1ce, vezmite si ju so sebou na t\u00fary alebo si ju m\u00f4\u017eete hodi\u0165 do ta\u0161ky, ke\u010f budete ma\u0165 kedyko\u013evek sm\u00e4d.<\/p>\n<p>- Vysokokvalitn\u00e1 nehrdzavej\u00faca oce\u013e<br \/>\n- 17 oz (500 ml)<br \/>\n- Rozmery: 10,5\u2033 \u00d7 2,85\u2033 (27 \u00d7 7 cm)<br \/>\n- V\u00e1kuov\u00e1 banka<br \/>\n- Dvojstenn\u00e1 kon\u0161trukcia<br \/>\n- Tvar kolku na bowling<br \/>\n- Leskl\u00fd povrch<br \/>\n- Uz\u00e1ver bez z\u00e1pachu a odoln\u00fd vo\u010di \u00faniku<br \/>\n- Izol\u00e1cia pre hor\u00face a studen\u00e9 tekutiny (udr\u017e\u00ed tekutinu hor\u00facu alebo studen\u00fa po\u010das 6 hod\u00edn)<br \/>\n- Patentovan\u00e1 povrchov\u00e1 \u00faprava ORCA pre \u017eiv\u00e9 farby<br \/>\n- Iba ru\u010dn\u00e9 pranie<br \/>\n- Pr\u00e1zdny v\u00fdrobok poch\u00e1dzaj\u00faci z \u010c\u00edny<\/p>\n<p>Upozornenie: Uchov\u00e1vanie vody vo f\u013ea\u0161i dlh\u0161ie ako 24 hod\u00edn je nehygienick\u00e9 a m\u00f4\u017ee sp\u00f4sobi\u0165 nepr\u00edjemn\u00fd z\u00e1pach.<\/p>","protected":false},"excerpt":{"rendered":"<p>T\u00e1to 17-uncov\u00e1 dvojstenn\u00e1 f\u013ea\u0161a na vodu z nehrdzavej\u00facej ocele je ide\u00e1lna na ka\u017edodenn\u00e9 v\u00fdlety. Udr\u017e\u00ed v\u00e1\u0161 n\u00e1poj hor\u00faci alebo studen\u00fd cel\u00e9 hodiny. Je tie\u017e vybaven\u00e1 uz\u00e1verom odoln\u00fdm proti z\u00e1pachu a \u00faniku. Po ceste do pr\u00e1ce ju m\u00f4\u017eete hodi\u0165 do dr\u017eiaka na poh\u00e1r v aute, vzia\u0165 si ju so sebou na t\u00fary alebo ju hodi\u0165 do [...]","protected":false},"featured_media":8504,"comment_status":"open","ping_status":"closed","template":"","meta":{"_acf_changed":false,"content-type":"","_monsterinsights_skip_tracking":false,"_monsterinsights_sitenote_active":false,"_monsterinsights_sitenote_note":"","_monsterinsights_sitenote_category":0},"product_brand":[],"product_cat":[245],"product_tag":[],"class_list":{"0":"post-8503","1":"product","2":"type-product","3":"status-publish","4":"has-post-thumbnail","6":"product_cat-merchandise","8":"first","9":"instock","10":"taxable","11":"shipping-taxable","12":"purchasable","13":"product-type-simple"},"acf":[],"aioseo_notices":[],"jetpack_sharing_enabled":true,"_links":{"self":[{"href":"https:\/\/antcube.shop\/sk\/wp-json\/wp\/v2\/product\/8503","targetHints":{"allow":["GET"]}}],"collection":[{"href":"https:\/\/antcube.shop\/sk\/wp-json\/wp\/v2\/product"}],"about":[{"href":"https:\/\/antcube.shop\/sk\/wp-json\/wp\/v2\/types\/product"}],"replies":[{"embeddable":true,"href":"https:\/\/antcube.shop\/sk\/wp-json\/wp\/v2\/comments?post=8503"}],"wp:featuredmedia":[{"embeddable":true,"href":"https:\/\/antcube.shop\/sk\/wp-json\/wp\/v2\/media\/8504"}],"wp:attachment":[{"href":"https:\/\/antcube.shop\/sk\/wp-json\/wp\/v2\/media?parent=8503"}],"wp:term":[{"taxonomy":"product_brand","embeddable":true,"href":"https:\/\/antcube.shop\/sk\/wp-json\/wp\/v2\/product_brand?post=8503"},{"taxonomy":"product_cat","embeddable":true,"href":"https:\/\/antcube.shop\/sk\/wp-json\/wp\/v2\/product_cat?post=8503"},{"taxonomy":"product_tag","embeddable":true,"href":"https:\/\/antcube.shop\/sk\/wp-json\/wp\/v2\/product_tag?post=8503"}],"curies":[{"name":"wp","href":"https:\/\/api.w.org\/{rel}","templated":true}]}}