{"id":8185,"date":"2024-06-10T10:28:06","date_gmt":"2024-06-10T08:28:06","guid":{"rendered":"https:\/\/antcube.shop\/product\/boxer-briefs\/"},"modified":"2024-12-12T11:08:38","modified_gmt":"2024-12-12T10:08:38","slug":"boxerky","status":"publish","type":"product","link":"https:\/\/antcube.shop\/sk\/produkt\/boxerky\/","title":{"rendered":"Boxersk\u00e9 nohavi\u010dky"},"content":{"rendered":"<p>Tieto boxerky s\u00fa vyroben\u00e9 z m\u00e4kk\u00e9ho a elastick\u00e9ho materi\u00e1lu, ktor\u00fd zaru\u010duje pohodlie po\u010das cel\u00e9ho d\u0148a. Boxerky nemaj\u00fa zadn\u00fd \u0161ev a maj\u00fa pod\u0161it\u00e9 predn\u00e9 vrecko pre v\u00e4\u010d\u0161ie pohodlie a podporu. <\/p>\n<p>- 95% polyester, 5% elastan (zlo\u017eenie tkaniny sa m\u00f4\u017ee l\u00ed\u0161i\u0165 o 1%)<br \/>\n- Stredn\u00e1 v\u00fd\u0161ka<br \/>\n- Predn\u00e9 vrecko s pod\u0161\u00edvkou na dodato\u010dn\u00fa podporu<br \/>\n- 4 cm \u0161irok\u00fd elastick\u00fd p\u00e1s potiahnut\u00fd l\u00e1tkou<br \/>\n- Rozkrokov\u00fd panel <br \/>\n- Overlock a kryc\u00ed steh <br \/>\n- \u017diadny zadn\u00fd \u0161ev pre v\u00e4\u010d\u0161ie pohodlie<br \/>\n- Nevyplnen\u00e9 s\u00fa\u010dasti v\u00fdrobkov v E\u00da poch\u00e1dzaj\u00face z Litvy<br \/>\n- Slep\u00e9 komponenty v\u00fdrobkov v Mexiku poch\u00e1dzaj\u00face z USA a \u010c\u00edny<\/p>","protected":false},"excerpt":{"rendered":"<p>Tieto boxerky s\u00fa vyroben\u00e9 z m\u00e4kk\u00e9ho a elastick\u00e9ho materi\u00e1lu, ktor\u00fd zaru\u010duje pohodlie po\u010das cel\u00e9ho d\u0148a. Boxerky nemaj\u00fa zadn\u00fd \u0161ev a maj\u00fa pod\u0161it\u00e9 predn\u00e9 vrecko pre v\u00e4\u010d\u0161ie pohodlie a podporu. - 95% polyester, 5% elastan (zlo\u017eenie l\u00e1tky sa m\u00f4\u017ee l\u00ed\u0161i\u0165 o 1%) - stredn\u00fd strih - pod\u0161it\u00e9 predn\u00e9 vrecko pre dodato\u010dn\u00fa","protected":false},"featured_media":8195,"comment_status":"open","ping_status":"closed","template":"","meta":{"_acf_changed":false,"content-type":"","_monsterinsights_skip_tracking":false,"_monsterinsights_sitenote_active":false,"_monsterinsights_sitenote_note":"","_monsterinsights_sitenote_category":0},"product_brand":[],"product_cat":[245],"product_tag":[],"class_list":{"0":"post-8185","1":"product","2":"type-product","3":"status-publish","4":"has-post-thumbnail","6":"product_cat-merchandise","8":"first","9":"instock","10":"taxable","11":"shipping-taxable","12":"purchasable","13":"product-type-variable"},"acf":[],"aioseo_notices":[],"jetpack_sharing_enabled":true,"_links":{"self":[{"href":"https:\/\/antcube.shop\/sk\/wp-json\/wp\/v2\/product\/8185","targetHints":{"allow":["GET"]}}],"collection":[{"href":"https:\/\/antcube.shop\/sk\/wp-json\/wp\/v2\/product"}],"about":[{"href":"https:\/\/antcube.shop\/sk\/wp-json\/wp\/v2\/types\/product"}],"replies":[{"embeddable":true,"href":"https:\/\/antcube.shop\/sk\/wp-json\/wp\/v2\/comments?post=8185"}],"wp:featuredmedia":[{"embeddable":true,"href":"https:\/\/antcube.shop\/sk\/wp-json\/wp\/v2\/media\/8195"}],"wp:attachment":[{"href":"https:\/\/antcube.shop\/sk\/wp-json\/wp\/v2\/media?parent=8185"}],"wp:term":[{"taxonomy":"product_brand","embeddable":true,"href":"https:\/\/antcube.shop\/sk\/wp-json\/wp\/v2\/product_brand?post=8185"},{"taxonomy":"product_cat","embeddable":true,"href":"https:\/\/antcube.shop\/sk\/wp-json\/wp\/v2\/product_cat?post=8185"},{"taxonomy":"product_tag","embeddable":true,"href":"https:\/\/antcube.shop\/sk\/wp-json\/wp\/v2\/product_tag?post=8185"}],"curies":[{"name":"wp","href":"https:\/\/api.w.org\/{rel}","templated":true}]}}