{"id":8070,"date":"2024-06-07T18:24:40","date_gmt":"2024-06-07T16:24:40","guid":{"rendered":"https:\/\/antcube.shop\/product\/unisex-t-shirt\/"},"modified":"2024-12-12T11:08:49","modified_gmt":"2024-12-12T10:08:49","slug":"unisex-tricko","status":"publish","type":"product","link":"https:\/\/antcube.shop\/sk\/produkt\/unisex-tricko\/","title":{"rendered":"Unisex tri\u010dko"},"content":{"rendered":"<p>Toto tri\u010dko je v\u0161etko, o \u010dom ste sn\u00edvali, a e\u0161te viac. Je m\u00e4kk\u00e9 a \u013eahk\u00e9, so spr\u00e1vnym mno\u017estvom elasticity. Je pohodln\u00e9 a lichotiv\u00e9 pre v\u0161etk\u00fdch. <\/p>\n<p>- 100% \u010desan\u00e1 a kr\u00fa\u017ekovan\u00e1 bavlna (farby Heather obsahuj\u00fa polyester)<br \/>\n- Hmotnos\u0165 tkaniny: 4,2 oz.\/yd.\u00b2 (142 g\/m\u00b2)<br \/>\n- Predom vyschnut\u00e1 tkanina<br \/>\n- Kon\u0161trukcia s bo\u010dn\u00fdmi \u0161vami<br \/>\n- Olepovanie ramien<br \/>\n- Pr\u00e1zdny v\u00fdrobok poch\u00e1dzaj\u00faci z Nikaraguy, Mexika, Hondurasu alebo USA<\/p>\n<p>Tento v\u00fdrobok sa vyr\u00e1ba \u0161peci\u00e1lne pre v\u00e1s hne\u010f po zadan\u00ed objedn\u00e1vky, preto n\u00e1m trv\u00e1 trochu dlh\u0161ie, k\u00fdm v\u00e1m ho doru\u010d\u00edme. V\u00fdroba v\u00fdrobkov na objedn\u00e1vku namiesto hromadnej v\u00fdroby pom\u00e1ha zni\u017eova\u0165 nadprodukciu, preto v\u00e1m \u010fakujeme za premyslen\u00e9 n\u00e1kupn\u00e9 rozhodnutia!<\/p>","protected":false},"excerpt":{"rendered":"<p>Toto tri\u010dko je v\u0161etko, o \u010dom ste sn\u00edvali, a e\u0161te viac. Je m\u00e4kk\u00e9 a \u013eahk\u00e9, so spr\u00e1vnym mno\u017estvom elasticity. Je pohodln\u00e9 a lichotiv\u00e9 pre v\u0161etk\u00fdch. - 100% \u010desan\u00e1 a kr\u00fa\u017ekovan\u00e1 bavlna (farby Heather obsahuj\u00fa polyester) - Hmotnos\u0165 tkaniny: 4,2 oz.\/yd.\u00b2 (142 g\/m\u00b2) - Predsr\u00e1\u017ean\u00e1 tkanina - Kon\u0161trukcia s bo\u010dn\u00fdmi \u0161vami - Lemovanie od ramien k ramen\u00e1m - Pr\u00e1zdny v\u00fdrobok","protected":false},"featured_media":8150,"comment_status":"open","ping_status":"closed","template":"","meta":{"_acf_changed":false,"content-type":"","_monsterinsights_skip_tracking":false,"_monsterinsights_sitenote_active":false,"_monsterinsights_sitenote_note":"","_monsterinsights_sitenote_category":0},"product_brand":[],"product_cat":[245],"product_tag":[],"class_list":{"0":"post-8070","1":"product","2":"type-product","3":"status-publish","4":"has-post-thumbnail","6":"product_cat-merchandise","8":"first","9":"instock","10":"taxable","11":"shipping-taxable","12":"purchasable","13":"product-type-variable"},"acf":[],"aioseo_notices":[],"jetpack_sharing_enabled":true,"_links":{"self":[{"href":"https:\/\/antcube.shop\/sk\/wp-json\/wp\/v2\/product\/8070","targetHints":{"allow":["GET"]}}],"collection":[{"href":"https:\/\/antcube.shop\/sk\/wp-json\/wp\/v2\/product"}],"about":[{"href":"https:\/\/antcube.shop\/sk\/wp-json\/wp\/v2\/types\/product"}],"replies":[{"embeddable":true,"href":"https:\/\/antcube.shop\/sk\/wp-json\/wp\/v2\/comments?post=8070"}],"wp:featuredmedia":[{"embeddable":true,"href":"https:\/\/antcube.shop\/sk\/wp-json\/wp\/v2\/media\/8150"}],"wp:attachment":[{"href":"https:\/\/antcube.shop\/sk\/wp-json\/wp\/v2\/media?parent=8070"}],"wp:term":[{"taxonomy":"product_brand","embeddable":true,"href":"https:\/\/antcube.shop\/sk\/wp-json\/wp\/v2\/product_brand?post=8070"},{"taxonomy":"product_cat","embeddable":true,"href":"https:\/\/antcube.shop\/sk\/wp-json\/wp\/v2\/product_cat?post=8070"},{"taxonomy":"product_tag","embeddable":true,"href":"https:\/\/antcube.shop\/sk\/wp-json\/wp\/v2\/product_tag?post=8070"}],"curies":[{"name":"wp","href":"https:\/\/api.w.org\/{rel}","templated":true}]}}