{"id":7997,"date":"2024-06-07T18:17:29","date_gmt":"2024-06-07T16:17:29","guid":{"rendered":"https:\/\/antcube.shop\/product\/unisex-hoodie\/"},"modified":"2024-12-12T11:08:58","modified_gmt":"2024-12-12T10:08:58","slug":"unisex-mikina-s-kapucnou","status":"publish","type":"product","link":"https:\/\/antcube.shop\/sk\/produkt\/unisex-mikina-s-kapucnou\/","title":{"rendered":"Unisex mikina s kapuc\u0148ou"},"content":{"rendered":"<p>Ka\u017ed\u00fd potrebuje \u00fatuln\u00fa mikinu s kapuc\u0148ou, do ktorej sa m\u00f4\u017ee sch\u00fali\u0165, preto si vyberte tak\u00fa, ktor\u00e1 je m\u00e4kk\u00e1, hladk\u00e1 a \u0161t\u00fdlov\u00e1. Je to ide\u00e1lna vo\u013eba na chladnej\u0161ie ve\u010dery!<\/p>\n<p>- 50% predsr\u00e1\u017ean\u00e1 bavlna, 50% polyester<br \/>\n- Hmotnos\u0165 tkaniny: 8,0 oz\/yd\u00b2 (271,25 g\/m\u00b2)<br \/>\n- Vzduchom spriadan\u00e1 priadza s jemn\u00fdm pocitom a zn\u00ed\u017een\u00fdm \u017emolkovan\u00edm<br \/>\n- Kapuc\u0148a s dvojitou pod\u0161\u00edvkou a zodpovedaj\u00facou \u0161n\u00farkou na stiahnutie<br \/>\n- \u0160tvrtinov\u00e9 oto\u010denie tela, aby sa zabr\u00e1nilo z\u00e1hybu v strede<br \/>\n- 1 \u00d7 1 \u0161portov\u00e9 rebrovan\u00e9 man\u017eety a p\u00e1s so spandexom<br \/>\n- Predn\u00e9 vrecko<br \/>\n- Dvojito pre\u0161it\u00fd golier, ramen\u00e1, prieramky, man\u017eety a spodn\u00fd okraj<br \/>\n- Pr\u00e1zdny v\u00fdrobok poch\u00e1dzaj\u00faci z Banglad\u00e9\u0161a, Nikaraguy, Hondurasu alebo Salv\u00e1doru<\/p>\n<p>Tento v\u00fdrobok sa vyr\u00e1ba \u0161peci\u00e1lne pre v\u00e1s hne\u010f po zadan\u00ed objedn\u00e1vky, preto n\u00e1m trv\u00e1 trochu dlh\u0161ie, k\u00fdm v\u00e1m ho doru\u010d\u00edme. V\u00fdroba v\u00fdrobkov na objedn\u00e1vku namiesto hromadnej v\u00fdroby pom\u00e1ha zni\u017eova\u0165 nadprodukciu, preto v\u00e1m \u010fakujeme za premyslen\u00e9 n\u00e1kupn\u00e9 rozhodnutia!<\/p>","protected":false},"excerpt":{"rendered":"<p>Ka\u017ed\u00fd potrebuje \u00fatuln\u00fa mikinu s kapuc\u0148ou, do ktorej sa m\u00f4\u017ee sch\u00fali\u0165, preto si vyberte tak\u00fa, ktor\u00e1 je m\u00e4kk\u00e1, hladk\u00e1 a \u0161t\u00fdlov\u00e1. Je to ide\u00e1lna vo\u013eba na chladnej\u0161ie ve\u010dery! - Predsr\u00e1\u017ean\u00e1 bavlna 50%, polyester 50% - Hmotnos\u0165 tkaniny: 8,0 oz\/yd\u00b2 (271,25 g\/m\u00b2) - Vzduchom spriadan\u00e1 priadza s jemn\u00fdm pocitom a zn\u00ed\u017een\u00fdm \u017emolkovan\u00edm - Dvojito pod\u0161it\u00e1 kapuc\u0148a so zodpovedaj\u00facou","protected":false},"featured_media":8060,"comment_status":"open","ping_status":"closed","template":"","meta":{"_acf_changed":false,"content-type":"","_monsterinsights_skip_tracking":false,"_monsterinsights_sitenote_active":false,"_monsterinsights_sitenote_note":"","_monsterinsights_sitenote_category":0},"product_brand":[],"product_cat":[245],"product_tag":[],"class_list":{"0":"post-7997","1":"product","2":"type-product","3":"status-publish","4":"has-post-thumbnail","6":"product_cat-merchandise","8":"first","9":"instock","10":"taxable","11":"shipping-taxable","12":"purchasable","13":"product-type-variable"},"acf":[],"aioseo_notices":[],"jetpack_sharing_enabled":true,"_links":{"self":[{"href":"https:\/\/antcube.shop\/sk\/wp-json\/wp\/v2\/product\/7997","targetHints":{"allow":["GET"]}}],"collection":[{"href":"https:\/\/antcube.shop\/sk\/wp-json\/wp\/v2\/product"}],"about":[{"href":"https:\/\/antcube.shop\/sk\/wp-json\/wp\/v2\/types\/product"}],"replies":[{"embeddable":true,"href":"https:\/\/antcube.shop\/sk\/wp-json\/wp\/v2\/comments?post=7997"}],"wp:featuredmedia":[{"embeddable":true,"href":"https:\/\/antcube.shop\/sk\/wp-json\/wp\/v2\/media\/8060"}],"wp:attachment":[{"href":"https:\/\/antcube.shop\/sk\/wp-json\/wp\/v2\/media?parent=7997"}],"wp:term":[{"taxonomy":"product_brand","embeddable":true,"href":"https:\/\/antcube.shop\/sk\/wp-json\/wp\/v2\/product_brand?post=7997"},{"taxonomy":"product_cat","embeddable":true,"href":"https:\/\/antcube.shop\/sk\/wp-json\/wp\/v2\/product_cat?post=7997"},{"taxonomy":"product_tag","embeddable":true,"href":"https:\/\/antcube.shop\/sk\/wp-json\/wp\/v2\/product_tag?post=7997"}],"curies":[{"name":"wp","href":"https:\/\/api.w.org\/{rel}","templated":true}]}}