{"id":7942,"date":"2024-05-29T15:42:05","date_gmt":"2024-05-29T13:42:05","guid":{"rendered":"https:\/\/antcube.shop\/product\/rote-abdeckplatte-20x20-liegend\/"},"modified":"2026-04-14T09:35:07","modified_gmt":"2026-04-14T07:35:07","slug":"cervena-krycia-doska-20x20","status":"publish","type":"product","link":"https:\/\/antcube.shop\/sk\/produkt\/cervena-krycia-doska-20x20\/","title":{"rendered":"\u010cerven\u00e1 krycia doska 20 \u00d7 20 - horizont\u00e1lna"},"content":{"rendered":"<p><strong>Rozmery:<\/strong> 180 x 180 mm,<br \/>\n<strong>Hr\u00fabka:<\/strong> 3 mm<br \/>\nVonkaj\u0161\u00ed rozmer kr\u00fa\u017eku s otvorom 56 mm - vn\u00fatorn\u00fd rozmer otvoru 33 mm<\/p>\n<p><strong>Materi\u00e1l:<\/strong> PMMA<\/p>\n<p><strong>Farba:<\/strong> tmavo\u010derven\u00e1, prieh\u013eadn\u00e1<\/p>\n<p><strong>Obsah:<\/strong> 1 ks.<\/p>\n<p><strong>Popis: V s\u00fa\u010dasnosti je na trhu viac ako 10 000 zariaden\u00ed, ktor\u00e9 s\u00fa ur\u010den\u00e9 na predaj:<\/strong> \u010cerven\u00e1 prieh\u013eadn\u00e1 krycia doska - vodorovn\u00e1, sl\u00fa\u017ei na to, aby mravce z\u00edskali pocit podzemia. Preto odpor\u00fa\u010dame pou\u017e\u00edva\u0165 tento v\u00fdrobok aspo\u0148 \u010diasto\u010dne v oblasti hniezda. Mravce v hniezde m\u00f4\u017eete vidie\u0165 aj cez kryt.<\/p>","protected":false},"excerpt":{"rendered":"<p>Rozmery: 180 x 180 mm, hr\u00fabka: Vonkaj\u0161\u00ed rozmer kr\u00fa\u017eku s otvorom 56 mm - vn\u00fatorn\u00fd rozmer otvoru 33 mm Materi\u00e1l: Farba: tmavo\u010derven\u00e1, prieh\u013eadn\u00e1 Obsah: Obsah: 1 ks.  \u010cerven\u00e1 prieh\u013eadn\u00e1 krycia doska - horizont\u00e1lna, sl\u00fa\u017ei na navodenie pocitu mraveniska v podzem\u00ed. Preto odpor\u00fa\u010dame pou\u017e\u00edva\u0165 tento v\u00fdrobok aspo\u0148 \u010diasto\u010dne v","protected":false},"featured_media":7945,"comment_status":"open","ping_status":"closed","template":"","meta":{"_acf_changed":false,"content-type":"","_monsterinsights_skip_tracking":false,"_monsterinsights_sitenote_active":false,"_monsterinsights_sitenote_note":"","_monsterinsights_sitenote_category":0},"product_brand":[],"product_cat":[119,239],"product_tag":[],"class_list":{"0":"post-7942","1":"product","2":"type-product","3":"status-publish","4":"has-post-thumbnail","6":"product_cat-formicarium-components","7":"product_cat-useful-additions","9":"first","10":"instock","11":"taxable","12":"shipping-taxable","13":"purchasable","14":"product-type-simple"},"acf":[],"aioseo_notices":[],"jetpack_sharing_enabled":true,"_links":{"self":[{"href":"https:\/\/antcube.shop\/sk\/wp-json\/wp\/v2\/product\/7942","targetHints":{"allow":["GET"]}}],"collection":[{"href":"https:\/\/antcube.shop\/sk\/wp-json\/wp\/v2\/product"}],"about":[{"href":"https:\/\/antcube.shop\/sk\/wp-json\/wp\/v2\/types\/product"}],"replies":[{"embeddable":true,"href":"https:\/\/antcube.shop\/sk\/wp-json\/wp\/v2\/comments?post=7942"}],"wp:featuredmedia":[{"embeddable":true,"href":"https:\/\/antcube.shop\/sk\/wp-json\/wp\/v2\/media\/7945"}],"wp:attachment":[{"href":"https:\/\/antcube.shop\/sk\/wp-json\/wp\/v2\/media?parent=7942"}],"wp:term":[{"taxonomy":"product_brand","embeddable":true,"href":"https:\/\/antcube.shop\/sk\/wp-json\/wp\/v2\/product_brand?post=7942"},{"taxonomy":"product_cat","embeddable":true,"href":"https:\/\/antcube.shop\/sk\/wp-json\/wp\/v2\/product_cat?post=7942"},{"taxonomy":"product_tag","embeddable":true,"href":"https:\/\/antcube.shop\/sk\/wp-json\/wp\/v2\/product_tag?post=7942"}],"curies":[{"name":"wp","href":"https:\/\/api.w.org\/{rel}","templated":true}]}}