{"id":7881,"date":"2024-05-16T10:12:04","date_gmt":"2024-05-16T08:12:04","guid":{"rendered":"https:\/\/antcube.shop\/product\/bundle-offer-camponotus-singularis\/"},"modified":"2026-03-04T16:55:09","modified_gmt":"2026-03-04T15:55:09","slug":"ponuka-zvazku-camponotus-singularis","status":"publish","type":"product","link":"https:\/\/antcube.shop\/sk\/produkt\/ponuka-zvazku-camponotus-singularis\/","title":{"rendered":"Ponuka bal\u00edka - Camponotus singularis"},"content":{"rendered":"<p><span data-text-color=\"secondary\"><strong>Ponuka bal\u00edka vr\u00e1tane kol\u00f3nie mravcov Camponotus singularis (kr\u00e1\u013eovn\u00e1 s 11-25 robotnicami + ml\u00e1\u010fat\u00e1)<\/strong><\/span><\/p>\n<p><span data-text-color=\"alert\"><strong>Len do vypredania z\u00e1sob.<\/strong><\/span><\/p>\n<p><span data-text-color=\"alert\"><strong>Preprava je mo\u017en\u00e1 len cez GO! v r\u00e1mci Nemecka.<\/strong><\/span><\/p>\n<p>1x kr\u00e1\u013eovn\u00e1 Camponotus singularis + 11-25 robotn\u00edc + ml\u00e1\u010fat\u00e1<\/p>\n<p>1x hniezdo Ytong - 40\u00d720 s ar\u00e9nou<br \/>\n1x sklenen\u00e1 va\u0148a 40\u00d720<br \/>\n1x podlo\u017eka do formik\u00e1ria - 40x20cm<br \/>\n1x \u010derven\u00e1 krycia doska 20 \u00d7 20 - horizont\u00e1lna<\/p>\n<p>1x Hlinen\u00e1 farba - b\u00e9\u017eov\u00e1 - 100ml<br \/>\n1x substr\u00e1t - da\u017e\u010fov\u00fd prales - 1kg<br \/>\n1x granul\u00e1t Formicarium 200 ml - \u010dierny<br \/>\n1x zadn\u00fd panel na fotografie - da\u017e\u010fov\u00fd prales - 20\u00d710<\/p>\n<p>2x Grid insert acrylic &#8211; 50 mm with sealing ring<br \/>\n1x Grid insert acrylic &#8211; 27 mm with sealing ring<\/p>\n<p>1x Cvr\u010dekov\u00fd d\u017eem 25g<br \/>\n1x Honeydew Mix (HT) - n\u00e1pl\u0148 10ml<\/p>\n<p>1x drinking clear 5ml &#8211; sponge<br \/>\n1x Feeding dish white rectangle &#8211; 3 compartments<br \/>\n1x Drinking trough 2ml &#8211; 360 Degrees<\/p>\n<p>1x Foil thermometer Display<\/p>\n<p>1x Olej na ochranu proti mravcom 10ml<br \/>\n1x pinzeta z pru\u017einovej ocele - \u0161irok\u00e1 - m\u00e4kk\u00e1<br \/>\n1x pinzeta plastov\u00e1 prieh\u013eadn\u00e1<br \/>\n1x plastov\u00e1 pipeta 3 ml<br \/>\n1x ru\u010dn\u00e1 lupa - 2x - 30 mm<br \/>\n1x penov\u00fd stiera\u010d 150x18x2,5mm<\/p>\n<p><iframe loading=\"lazy\" title=\"#Camponotus #singularis + ponuka bal\u00edka \ud83d\udc1c\" src=\"https:\/\/www.youtube.com\/embed\/ld6DtoTWUWk\" width=\"449\" height=\"799\" frameborder=\"0\" allowfullscreen=\"allowfullscreen\"><\/iframe><br \/>\n<strong>Druh mravca Camponotus singularis:<\/strong><br \/>\nCamponotus singularis je ve\u013emi kr\u00e1sny a ve\u013emi ve\u013ek\u00fd druh mravca z juhov\u00fdchodnej \u00c1zie. S\u00fa preva\u017ene no\u010dn\u00e9, ale akt\u00edvne s\u00fa aj cez de\u0148 kv\u00f4li zvy\u010dajne ni\u017e\u0161ej intenzite svetla v dom\u00e1cnosti. Pomerne skoro tvoria aj mimoriadne ve\u013ek\u00e9 mory, ktor\u00e9 br\u00e1nia kol\u00f3niu. \u010casto ich mo\u017eno vidie\u0165 sedie\u0165 pri vchode do hniezda.<\/p>\n<p>Ich kol\u00f3nie m\u00f4\u017eu vo vo\u013enej pr\u00edrode nar\u00e1s\u0165 a\u017e na nieko\u013eko tis\u00edc jedincov. Ale nebojte sa, trv\u00e1 to nieko\u013eko rokov.<\/p>\n<p>M\u00f4\u017eete ich k\u0155mi\u0165 roztokom cukru a medu, medom a bielkovinov\u00fdm krmivom alebo dokonca mal\u00fdm \u017eiv\u00fdm hmyzom, ako s\u00fa cvr\u010dky a ovocn\u00e9 mu\u0161ky. Akt\u00edvne loveck\u00e9 spr\u00e1vanie je skuto\u010dne vyvinut\u00e9 len vo v\u00e4\u010d\u0161\u00edch kol\u00f3ni\u00e1ch. Ako je u druhov rodu Camponotus zvykom, v\u00fdvoj od vaj\u00ed\u010dka po robotnicu trv\u00e1 nieko\u013eko t\u00fd\u017ed\u0148ov.<\/p>\n<p>Vlhkos\u0165 a teplota v ar\u00e9ne sa musia maxim\u00e1lne mierne zv\u00fd\u0161i\u0165, ale hniezdo by malo by\u0165 v\u017edy vlhk\u00e9. Zvierat\u00e1 uprednost\u0148uj\u00fa r\u00f4zne vlhk\u00e9 miesta v hniezde.<\/p>\n<p>Camponotus singularis je pri hraban\u00ed hniezd pomerne leniv\u00fd. Preto sme sa rozhodli pou\u017ei\u0165 hniezdo Ytong. Prefabrikovan\u00e9 kom\u00f4rky a chodby m\u00f4\u017ee kol\u00f3nia vyu\u017e\u00edva\u0165 priamo. Hniezdo Ytong sa d\u00e1 \u013eahko zvlh\u010dova\u0165 pomocou sklenenej vani\u010dky, ktor\u00e1 je s\u00fa\u010das\u0165ou balenia. Sta\u010d\u00ed nalia\u0165 do vani\u010dky trochu vody a po\u010dka\u0165, k\u00fdm kame\u0148 Ytong s\u00e1m absorbuje vodu.<\/p>\n<p><strong>Inform\u00e1cie o hniezde Ytong s ar\u00e9nou:<\/strong><br \/>\n<strong>Obsahuje:<\/strong><br \/>\n<strong>Materi\u00e1l:<\/strong> p\u00f3robet\u00f3n, sklo, plast PMMA a PVC<\/p>\n<p><strong>Pripojenie:<\/strong> 1x 14 mm otvor; 1x 27 mm otvor<\/p>\n<p><strong>Obsah:<\/strong><br \/>\n1x p\u00f3robet\u00f3nov\u00fd blok 40x20x5 cm s 20 mm hlbok\u00fdmi komorami.<br \/>\n1x sklenen\u00e1 doska 40\u00d720 cm s otvorom 50 mm a ar\u00e9na 20\u00d720 cm<br \/>\n1x r\u00e1m mraveniska 20\u00d720<br \/>\n1x kryt mraveniska 20\u00d720<br \/>\n1x 50 mm kr\u00fa\u017eok s 27 mm otvorom<br \/>\n1x formik\u00e1rska z\u00e1tka 13 mm<br \/>\n2x formik\u00e1riov\u00e9 z\u00e1tky 27 mm<br \/>\n2x 50 mm formik\u00e1riov\u00e9 z\u00e1tky<\/p>\n<p>V\u010faka svojim vlastnostiam, ktor\u00e9 zadr\u017eiavaj\u00fa vodu, je tento materi\u00e1l vhodn\u00fd na chov mravcov. Mo\u017eno ho pou\u017ei\u0165 na chov ve\u013ek\u00e9ho po\u010dtu druhov hniezdiacich v zemi, a to tak na such\u00fdch, ako aj na vlhk\u00fdch stanovi\u0161tiach. V z\u00e1vislosti od druhu mravcov sa odpor\u00fa\u010da pokry\u0165 dno kom\u00f4r hlinenou farbou a zemn\u00fdm substr\u00e1tom. Niektor\u00e9 druhy sa takto c\u00edtia lep\u0161ie a napr\u00edklad druhy rodu Ponerinae potrebuj\u00fa p\u00f4du, aby sa ich larvy mohli spr\u00e1vne zakukli\u0165. Ke\u010f\u017ee toto hniezdo u\u017e obsahuje ar\u00e9nu, mo\u017eno ho pou\u017ei\u0165 ako kompletn\u00fd syst\u00e9m formik\u00e1ria.<\/p>\n<p><strong>Pozn\u00e1mka:<\/strong><br \/>\nAby voda po navlh\u010den\u00ed priestoru hniezda Ytong nevytekala von a nehromadila sa na povrchu n\u00e1bytku pod n\u00edm alebo aby drsn\u00fd materi\u00e1l nepo\u0161kriabal povrchy, odpor\u00fa\u010dame pre na\u0161e hniezda Ytong pou\u017ei\u0165 jednu z na\u0161ich vhodn\u00fdch sklenen\u00fdch vani\u010diek. Tie s\u00fa vodotesn\u00e9 a \u00fa\u010dinne chr\u00e1nia povrchy pod nimi pred vodou a po\u0161kriaban\u00edm.<\/p>\n<p><strong>Pou\u017eitie:<\/strong><br \/>\nPre druhy mravcov s ve\u013ekos\u0165ou <strong>M - L<\/strong><br \/>\nP\u00f3robet\u00f3n je ve\u013emi krehk\u00fd a krehk\u00fd materi\u00e1l. Preto nie je mo\u017en\u00e9 zabr\u00e1ni\u0165 tomu, aby sa rohy a hrany po\u010das v\u00fdroby odlomili a stali sa mierne nerovn\u00fdmi. Z tohto d\u00f4vodu nie s\u00fa hniezda Ytong vhodn\u00e9 pre ve\u013emi mal\u00e9 druhy mravcov ve\u013ekosti S, preto\u017ee tieto druhy by sa mohli \u013eahko vylomi\u0165.<\/p>\n<p><strong>D\u00f4le\u017eit\u00e9:<\/strong> Pred pou\u017eit\u00edm substr\u00e1t navlh\u010dite, aby sa zmes mohla spoji\u0165 a pevne dr\u017ea\u0165 v mravenisku. Ak je substr\u00e1t pr\u00edli\u0161 such\u00fd a pra\u0161n\u00fd, m\u00f4\u017ee mravcom zablokova\u0165 d\u00fdchacie cesty a v najhor\u0161om pr\u00edpade sp\u00f4sobi\u0165 ich udusenie.<\/p>\n<p><strong>Pozn\u00e1mky k v\u00fdrobe<\/strong><br \/>\nSklo sa re\u017ee na mieru pod\u013ea normy DIN 1249 s toleranciou +\/- 1 mm. Pri extr\u00e9mne mal\u00fdch druhoch mravcov je nevyhnutn\u00e1 dodato\u010dn\u00e1 ochrana proti vylomeniu.<\/p>\n<p><strong>Pozn\u00e1mka Hlinen\u00e1 farba:<\/strong><\/p>\n<p><strong>Popis: V s\u00fa\u010dasnosti je na trhu viac ako 10 000 zariaden\u00ed, ktor\u00e9 s\u00fa ur\u010den\u00e9 na predaj:<\/strong> T\u00e1to zmes je netoxick\u00e1 a relat\u00edvne odoln\u00e1 vo\u010di vode na omietke a bet\u00f3ne, ale inak je rozpustn\u00e1 vo vode.<\/p>\n<p><strong>N\u00e1vod na pou\u017eitie:<\/strong><br \/>\nT\u00e1to zmes je pripraven\u00e1 na pou\u017eitie a m\u00f4\u017ee sa ihne\u010f nan\u00e1\u0161a\u0165 \u0161tetcom na omietku alebo p\u00f3robet\u00f3n.<br \/>\n100 ml sta\u010d\u00ed na pribli\u017ene 1\/4 m\u00b2 p\u00f3robet\u00f3nu alebo 1\/2 m\u00b2 omietky.<br \/>\nZa mokra mo\u017eno povrch posypa\u0165 napr\u00edklad pieskom, aby sa dosiahol e\u0161te prirodzenej\u0161\u00ed vzh\u013ead.<\/p>","protected":false},"excerpt":{"rendered":"<p>Pripojenie: 1x14mm 1x27mm<br \/>\nVe\u013ekos\u0165: <strong>M - L<\/strong><\/p>","protected":false},"featured_media":7850,"comment_status":"open","ping_status":"closed","template":"","meta":{"_acf_changed":false,"content-type":"","_monsterinsights_skip_tracking":false,"_monsterinsights_sitenote_active":false,"_monsterinsights_sitenote_note":"","_monsterinsights_sitenote_category":0},"product_brand":[],"product_cat":[355,73],"product_tag":[],"class_list":{"0":"post-7881","1":"product","2":"type-product","3":"status-publish","4":"has-post-thumbnail","6":"product_cat-bundle-offers","7":"product_cat-starter-sets","8":"product_shipping_class-germany-only","10":"first","11":"outofstock","12":"taxable","13":"shipping-taxable","14":"purchasable","15":"product-type-simple"},"acf":[],"aioseo_notices":[],"jetpack_sharing_enabled":true,"_links":{"self":[{"href":"https:\/\/antcube.shop\/sk\/wp-json\/wp\/v2\/product\/7881","targetHints":{"allow":["GET"]}}],"collection":[{"href":"https:\/\/antcube.shop\/sk\/wp-json\/wp\/v2\/product"}],"about":[{"href":"https:\/\/antcube.shop\/sk\/wp-json\/wp\/v2\/types\/product"}],"replies":[{"embeddable":true,"href":"https:\/\/antcube.shop\/sk\/wp-json\/wp\/v2\/comments?post=7881"}],"wp:featuredmedia":[{"embeddable":true,"href":"https:\/\/antcube.shop\/sk\/wp-json\/wp\/v2\/media\/7850"}],"wp:attachment":[{"href":"https:\/\/antcube.shop\/sk\/wp-json\/wp\/v2\/media?parent=7881"}],"wp:term":[{"taxonomy":"product_brand","embeddable":true,"href":"https:\/\/antcube.shop\/sk\/wp-json\/wp\/v2\/product_brand?post=7881"},{"taxonomy":"product_cat","embeddable":true,"href":"https:\/\/antcube.shop\/sk\/wp-json\/wp\/v2\/product_cat?post=7881"},{"taxonomy":"product_tag","embeddable":true,"href":"https:\/\/antcube.shop\/sk\/wp-json\/wp\/v2\/product_tag?post=7881"}],"curies":[{"name":"wp","href":"https:\/\/api.w.org\/{rel}","templated":true}]}}