{"id":7590,"date":"2024-04-04T16:24:13","date_gmt":"2024-04-04T14:24:13","guid":{"rendered":"https:\/\/antcube.shop\/product\/thermo-hygrometer-analog-display-43mm-hangend\/"},"modified":"2026-04-13T10:49:00","modified_gmt":"2026-04-13T08:49:00","slug":"teplotny-vlhkomer-s-analogovym-displejom-43mm-zavesny","status":"publish","type":"product","link":"https:\/\/antcube.shop\/sk\/produkt\/teplotny-vlhkomer-s-analogovym-displejom-43mm-zavesny\/","title":{"rendered":"Termo- vlhkomer anal\u00f3gov\u00fd - displej - 43 mm - z\u00e1vesn\u00fd"},"content":{"rendered":"<p><strong>Rozmery:<\/strong> 73 mm x 63 mm, h\u013abka 20 mm<\/p>\n<p><strong>Materi\u00e1l:<\/strong> kov \/ akryl<\/p>\n<p><strong>Farba:<\/strong> kov, strieborn\u00e1 \/ transparentn\u00e1<\/p>\n<p><strong>Obsah:<\/strong> 1x termohygrometer anal\u00f3gov\u00fd kovov\u00fd - 43 mm, 1x dr\u017eiak z akrylov\u00e9ho skla s priehlbinou pre merac\u00ed pr\u00edstroj - 73x59 mm, 1x podstavec z akrylov\u00e9ho skla - 73x20 mm, 2x transparentn\u00e9 lepiace podlo\u017eky - 30x20 mm<\/p>\n<p><strong>Popis: V s\u00fa\u010dasnosti je na trhu viac ako 10 000 zariaden\u00ed, ktor\u00e9 s\u00fa ur\u010den\u00e9 na predaj:<\/strong><br \/>\nS\u00faprava sa sklad\u00e1 z anal\u00f3gov\u00e9ho teplomera a vlhkomera z kovu (43 mm), ktor\u00fd je vlo\u017een\u00fd do akrylovej sklenenej dosky (73x59 mm). Displej sa pripev\u0148uje pomocou dvoch prieh\u013eadn\u00fdch lepiacich podlo\u017eiek, ktor\u00e9 mo\u017eno pou\u017ei\u0165 na pripevnenie z\u00e1kladne (73x20 mm) nad hlavou na kryty ar\u00e9n alebo r\u00e1my.<\/p>\n<p><strong>D\u00f4le\u017eit\u00e9:<\/strong><br \/>\nZadn\u00e1 strana meradla mus\u00ed by\u0165 vo\u013en\u00e1, inak m\u00f4\u017ee d\u00f4js\u0165 k chyb\u00e1m merania.<\/p>\n<p><strong>Presnos\u0165 teplomera:<\/strong> +\/- 2\u00b0C , +\/- 4\u00b0F<br \/>\n<strong>Presn\u00fd vlhkomer:<\/strong> +\/- 5%<\/p>","protected":false},"excerpt":{"rendered":"<p>Sada teplomera a vlhkomera z kovu (43 mm) vlo\u017een\u00e9ho do akrylovej sklenenej dosky (73x63 mm)<\/p>","protected":false},"featured_media":7580,"comment_status":"open","ping_status":"closed","template":"","meta":{"_acf_changed":false,"content-type":"","_monsterinsights_skip_tracking":false,"_monsterinsights_sitenote_active":false,"_monsterinsights_sitenote_note":"","_monsterinsights_sitenote_category":0},"product_brand":[],"product_cat":[359,119],"product_tag":[],"class_list":{"0":"post-7590","1":"product","2":"type-product","3":"status-publish","4":"has-post-thumbnail","6":"product_cat-light-heat-humidity","7":"product_cat-formicarium-components","9":"first","10":"instock","11":"taxable","12":"shipping-taxable","13":"purchasable","14":"product-type-simple"},"acf":[],"aioseo_notices":[],"jetpack_sharing_enabled":true,"_links":{"self":[{"href":"https:\/\/antcube.shop\/sk\/wp-json\/wp\/v2\/product\/7590","targetHints":{"allow":["GET"]}}],"collection":[{"href":"https:\/\/antcube.shop\/sk\/wp-json\/wp\/v2\/product"}],"about":[{"href":"https:\/\/antcube.shop\/sk\/wp-json\/wp\/v2\/types\/product"}],"replies":[{"embeddable":true,"href":"https:\/\/antcube.shop\/sk\/wp-json\/wp\/v2\/comments?post=7590"}],"wp:featuredmedia":[{"embeddable":true,"href":"https:\/\/antcube.shop\/sk\/wp-json\/wp\/v2\/media\/7580"}],"wp:attachment":[{"href":"https:\/\/antcube.shop\/sk\/wp-json\/wp\/v2\/media?parent=7590"}],"wp:term":[{"taxonomy":"product_brand","embeddable":true,"href":"https:\/\/antcube.shop\/sk\/wp-json\/wp\/v2\/product_brand?post=7590"},{"taxonomy":"product_cat","embeddable":true,"href":"https:\/\/antcube.shop\/sk\/wp-json\/wp\/v2\/product_cat?post=7590"},{"taxonomy":"product_tag","embeddable":true,"href":"https:\/\/antcube.shop\/sk\/wp-json\/wp\/v2\/product_tag?post=7590"}],"curies":[{"name":"wp","href":"https:\/\/api.w.org\/{rel}","templated":true}]}}