{"id":7589,"date":"2024-04-04T16:24:06","date_gmt":"2024-04-04T14:24:06","guid":{"rendered":"https:\/\/antcube.shop\/product\/mini-thermo-hygrometer-analog-metall-43mm\/"},"modified":"2026-04-15T09:42:42","modified_gmt":"2026-04-15T07:42:42","slug":"mini-teplomer-analogovy-kovovy-43mm","status":"publish","type":"product","link":"https:\/\/antcube.shop\/sk\/produkt\/mini-teplomer-analogovy-kovovy-43mm\/","title":{"rendered":"Mini termo-hygrometer anal\u00f3gov\u00fd kovov\u00fd - 43 mm"},"content":{"rendered":"<p><strong>Ve\u013ekos\u0165:<\/strong> 43 mm (pre 40 mm otvor)<\/p>\n<p><strong>Materi\u00e1l \/ farba:<\/strong> kov, striebro<\/p>\n<p><strong>Meranie:<\/strong><\/p>\n<p><strong>Teplomer:<\/strong> -20 a\u017e +50\u00b0C \/ -10 a\u017e +130\u00b0F<br \/>\n<strong>Presnos\u0165:<\/strong> +\/- 2\u00b0C , +\/- 4\u00b0F<\/p>\n<p><strong>Vlhkomer:<\/strong> 0 a\u017e 100%<br \/>\n<strong>Presnos\u0165:<\/strong> +\/- 5%<\/p>\n<p><strong>Popis: V s\u00fa\u010dasnosti je na trhu viac ako 10 000 zariaden\u00ed, ktor\u00e9 s\u00fa ur\u010den\u00e9 na predaj:<\/strong><br \/>\nAnal\u00f3gov\u00fd termo\/hygrometer, ktor\u00fd je vhodn\u00fd najm\u00e4 pre ve\u013emi mal\u00e9 formik\u00e1rie.<\/p>\n<p><strong>Pozn\u00e1mka:<\/strong><br \/>\nMeracie pr\u00edstroje na zadnej strane musia zosta\u0165 vo\u013en\u00e9, inak m\u00f4\u017ee d\u00f4js\u0165 k chyb\u00e1m merania.<\/p>","protected":false},"excerpt":{"rendered":"<p>Ve\u013ekos\u0165: 43 mm (pre 40 mm otvor) Materi\u00e1l \/ farba: kov, strieborn\u00e1 Meranie: Teplomer: -20 a\u017e +50\u00b0C \/ -10 a\u017e +130\u00b0F Presnos\u0165: - 10 a\u017e +130\u00b0F Vlhkomer: 0 a\u017e 100% Presnos\u0165: +\/- 2\u00b0C , +\/- 4\u00b0F Vlhkomer: 0 a\u017e 100% Presnos\u0165: +\/- 2\u00b0C , +\/- 4\u00b0F +\/- 5% Popis: Teplomer: +\/- 5% Vlhkomer: anal\u00f3gov\u00fd teplomer\/vlhkomer, ktor\u00fd je vhodn\u00fd najm\u00e4 pre ve\u013emi mal\u00e9 formik\u00e1rie. Pozn\u00e1mka: Meracie pr\u00edstroje na zadnej strane musia zosta\u0165 vo\u013en\u00e9, inak meranie","protected":false},"featured_media":7581,"comment_status":"open","ping_status":"closed","template":"","meta":{"_acf_changed":false,"content-type":"","_monsterinsights_skip_tracking":false,"_monsterinsights_sitenote_active":false,"_monsterinsights_sitenote_note":"","_monsterinsights_sitenote_category":0},"product_brand":[],"product_cat":[359,119],"product_tag":[],"class_list":{"0":"post-7589","1":"product","2":"type-product","3":"status-publish","4":"has-post-thumbnail","6":"product_cat-light-heat-humidity","7":"product_cat-formicarium-components","9":"first","10":"instock","11":"taxable","12":"shipping-taxable","13":"purchasable","14":"product-type-simple"},"acf":[],"aioseo_notices":[],"jetpack_sharing_enabled":true,"_links":{"self":[{"href":"https:\/\/antcube.shop\/sk\/wp-json\/wp\/v2\/product\/7589","targetHints":{"allow":["GET"]}}],"collection":[{"href":"https:\/\/antcube.shop\/sk\/wp-json\/wp\/v2\/product"}],"about":[{"href":"https:\/\/antcube.shop\/sk\/wp-json\/wp\/v2\/types\/product"}],"replies":[{"embeddable":true,"href":"https:\/\/antcube.shop\/sk\/wp-json\/wp\/v2\/comments?post=7589"}],"wp:featuredmedia":[{"embeddable":true,"href":"https:\/\/antcube.shop\/sk\/wp-json\/wp\/v2\/media\/7581"}],"wp:attachment":[{"href":"https:\/\/antcube.shop\/sk\/wp-json\/wp\/v2\/media?parent=7589"}],"wp:term":[{"taxonomy":"product_brand","embeddable":true,"href":"https:\/\/antcube.shop\/sk\/wp-json\/wp\/v2\/product_brand?post=7589"},{"taxonomy":"product_cat","embeddable":true,"href":"https:\/\/antcube.shop\/sk\/wp-json\/wp\/v2\/product_cat?post=7589"},{"taxonomy":"product_tag","embeddable":true,"href":"https:\/\/antcube.shop\/sk\/wp-json\/wp\/v2\/product_tag?post=7589"}],"curies":[{"name":"wp","href":"https:\/\/api.w.org\/{rel}","templated":true}]}}