{"id":7588,"date":"2024-04-04T16:18:04","date_gmt":"2024-04-04T14:18:04","guid":{"rendered":"https:\/\/antcube.shop\/product\/saugnapfhalter-16mm-2-stk\/"},"modified":"2026-04-03T22:49:22","modified_gmt":"2026-04-03T20:49:22","slug":"drziak-s-prisavkou-16-mm","status":"publish","type":"product","link":"https:\/\/antcube.shop\/sk\/produkt\/drziak-s-prisavkou-16-mm\/","title":{"rendered":"Dr\u017eiak pr\u00edsavky 16 mm - 2 ks."},"content":{"rendered":"<p><strong>Obsah:<\/strong><br \/>\n2x mont\u00e1\u017ena pr\u00edsavka 16 mm<\/p>\n<p><strong>Popis: V s\u00fa\u010dasnosti je na trhu viac ako 10 000 zariaden\u00ed, ktor\u00e9 s\u00fa ur\u010den\u00e9 na predaj:<\/strong><br \/>\nDr\u017eiak svoriek na sk\u00famavky 16 mm a 18 mm.<br \/>\nM\u00f4\u017ee sa pou\u017ei\u0165 na pripevnenie hniezdnych sk\u00famaviek\/sk\u00famaviek na sklo formik\u00e1ria alebo na upevnenie had\u00edc pr\u00edslu\u0161nej ve\u013ekosti.<\/p>","protected":false},"excerpt":{"rendered":"<p>Obsah: Popis: 2x pr\u00edsavka 16 mm Popis: Svorka pre sk\u00famavky 16 mm a 18 mm. M\u00f4\u017ee sa pou\u017ei\u0165 na pripevnenie hniezdnych sk\u00famaviek \/ sk\u00famaviek na sklo formik\u00e1ria alebo na upevnenie hadi\u010diek pr\u00edslu\u0161nej ve\u013ekosti.<\/p>","protected":false},"featured_media":7585,"comment_status":"open","ping_status":"closed","template":"","meta":{"_acf_changed":false,"content-type":"","_monsterinsights_skip_tracking":false,"_monsterinsights_sitenote_active":false,"_monsterinsights_sitenote_note":"","_monsterinsights_sitenote_category":0},"product_brand":[],"product_cat":[119,239,237],"product_tag":[],"class_list":{"0":"post-7588","1":"product","2":"type-product","3":"status-publish","4":"has-post-thumbnail","6":"product_cat-formicarium-components","7":"product_cat-useful-additions","8":"product_cat-tools","10":"first","11":"instock","12":"taxable","13":"shipping-taxable","14":"purchasable","15":"product-type-simple"},"acf":[],"aioseo_notices":[],"jetpack_sharing_enabled":true,"_links":{"self":[{"href":"https:\/\/antcube.shop\/sk\/wp-json\/wp\/v2\/product\/7588","targetHints":{"allow":["GET"]}}],"collection":[{"href":"https:\/\/antcube.shop\/sk\/wp-json\/wp\/v2\/product"}],"about":[{"href":"https:\/\/antcube.shop\/sk\/wp-json\/wp\/v2\/types\/product"}],"replies":[{"embeddable":true,"href":"https:\/\/antcube.shop\/sk\/wp-json\/wp\/v2\/comments?post=7588"}],"wp:featuredmedia":[{"embeddable":true,"href":"https:\/\/antcube.shop\/sk\/wp-json\/wp\/v2\/media\/7585"}],"wp:attachment":[{"href":"https:\/\/antcube.shop\/sk\/wp-json\/wp\/v2\/media?parent=7588"}],"wp:term":[{"taxonomy":"product_brand","embeddable":true,"href":"https:\/\/antcube.shop\/sk\/wp-json\/wp\/v2\/product_brand?post=7588"},{"taxonomy":"product_cat","embeddable":true,"href":"https:\/\/antcube.shop\/sk\/wp-json\/wp\/v2\/product_cat?post=7588"},{"taxonomy":"product_tag","embeddable":true,"href":"https:\/\/antcube.shop\/sk\/wp-json\/wp\/v2\/product_tag?post=7588"}],"curies":[{"name":"wp","href":"https:\/\/api.w.org\/{rel}","templated":true}]}}