{"id":7502,"date":"2024-04-04T11:27:29","date_gmt":"2024-04-04T09:27:29","guid":{"rendered":"https:\/\/antcube.shop\/product\/folien-thermometer-arena\/"},"modified":"2026-04-02T09:54:51","modified_gmt":"2026-04-02T07:54:51","slug":"foliovy-teplomer-arena","status":"publish","type":"product","link":"https:\/\/antcube.shop\/sk\/produkt\/foliovy-teplomer-arena\/","title":{"rendered":"F\u00f3liov\u00fd teplomer - ar\u00e9na"},"content":{"rendered":"<p><strong>Ve\u013ekos\u0165:<\/strong> 30 mm x 36,5 mm<\/p>\n<p><strong>Rozsah merania:<\/strong> +12\u00b0C a\u017e +34\u00b0C<\/p>\n<p><strong>Presnos\u0165:<\/strong> +\/- 1\u00b0C<\/p>\n<p><strong>Popis: V s\u00fa\u010dasnosti je na trhu viac ako 10 000 zariaden\u00ed, ktor\u00e9 s\u00fa ur\u010den\u00e9 na predaj:<\/strong><br \/>\nF\u00f3liov\u00fd teplomer, ktor\u00fd mo\u017eno pripevni\u0165 na sklo mraveniska\/formik\u00e1ria zvn\u00fatra. Lepiaca plocha pod f\u00f3liou na zadnej strane.<\/p>\n<p><strong>Na meranie teploty:<\/strong><br \/>\nZelen\u00e1 oblas\u0165 zobrazuje aktu\u00e1lnu teplotu.<br \/>\nAk je \u010derven\u00e1 oblas\u0165 jasne vidite\u013en\u00e1, odpo\u010d\u00edtajte 0,5 \u00b0C<br \/>\nAk je modr\u00e1 oblas\u0165 jasne vidite\u013en\u00e1, pridajte 0,5 \u00b0C<\/p>","protected":false},"excerpt":{"rendered":"<p>Rozsah merania: +12\u00b0C a\u017e +34\u00b0C<\/p>","protected":false},"featured_media":7592,"comment_status":"open","ping_status":"closed","template":"","meta":{"_acf_changed":false,"content-type":"","_monsterinsights_skip_tracking":false,"_monsterinsights_sitenote_active":false,"_monsterinsights_sitenote_note":"","_monsterinsights_sitenote_category":0},"product_brand":[],"product_cat":[359,119,239],"product_tag":[],"class_list":{"0":"post-7502","1":"product","2":"type-product","3":"status-publish","4":"has-post-thumbnail","6":"product_cat-light-heat-humidity","7":"product_cat-formicarium-components","8":"product_cat-useful-additions","10":"first","11":"instock","12":"taxable","13":"shipping-taxable","14":"purchasable","15":"product-type-simple"},"acf":[],"aioseo_notices":[],"jetpack_sharing_enabled":true,"_links":{"self":[{"href":"https:\/\/antcube.shop\/sk\/wp-json\/wp\/v2\/product\/7502","targetHints":{"allow":["GET"]}}],"collection":[{"href":"https:\/\/antcube.shop\/sk\/wp-json\/wp\/v2\/product"}],"about":[{"href":"https:\/\/antcube.shop\/sk\/wp-json\/wp\/v2\/types\/product"}],"replies":[{"embeddable":true,"href":"https:\/\/antcube.shop\/sk\/wp-json\/wp\/v2\/comments?post=7502"}],"wp:featuredmedia":[{"embeddable":true,"href":"https:\/\/antcube.shop\/sk\/wp-json\/wp\/v2\/media\/7592"}],"wp:attachment":[{"href":"https:\/\/antcube.shop\/sk\/wp-json\/wp\/v2\/media?parent=7502"}],"wp:term":[{"taxonomy":"product_brand","embeddable":true,"href":"https:\/\/antcube.shop\/sk\/wp-json\/wp\/v2\/product_brand?post=7502"},{"taxonomy":"product_cat","embeddable":true,"href":"https:\/\/antcube.shop\/sk\/wp-json\/wp\/v2\/product_cat?post=7502"},{"taxonomy":"product_tag","embeddable":true,"href":"https:\/\/antcube.shop\/sk\/wp-json\/wp\/v2\/product_tag?post=7502"}],"curies":[{"name":"wp","href":"https:\/\/api.w.org\/{rel}","templated":true}]}}