{"id":7500,"date":"2024-04-04T11:27:17","date_gmt":"2024-04-04T09:27:17","guid":{"rendered":"https:\/\/antcube.shop\/product\/ant-maze-20x20-m\/"},"modified":"2026-01-12T12:39:35","modified_gmt":"2026-01-12T11:39:35","slug":"mravenisko-20x20-m","status":"publish","type":"product","link":"https:\/\/antcube.shop\/sk\/produkt\/mravenisko-20x20-m\/","title":{"rendered":"Mravenisko 20\u00d720 - M"},"content":{"rendered":"<p><strong>Rozmery:<\/strong><br \/>\n190x220x23mm; <strong>v\u00fd\u0161ka cesty<\/strong> 10 mm <strong>\u0161\u00edrka cesty<\/strong> 10-19 mm<br \/>\n5x ovl\u00e1da\u010d posuvn\u00e9ho priechodu<\/p>\n<p><strong>Materi\u00e1l:<\/strong> akrylov\u00e9 sklo<\/p>\n<p><strong>Farba:<\/strong> kri\u0161t\u00e1\u013eovo \u010dist\u00fd, prieh\u013eadn\u00fd<\/p>\n<p><strong>Obsah:<\/strong><br \/>\n1x Mravenisko M s 5x posuvn\u00fdm ovl\u00e1da\u010dom<\/p>\n<p><strong>Pripojenie:<\/strong> 2x pripojovacie n\u00e1trubky 10 mm pre r\u00farku 14\/10 mm<\/p>\n<p><strong>Popis: V s\u00fa\u010dasnosti je na trhu viac ako 10 000 zariaden\u00ed, ktor\u00e9 s\u00fa ur\u010den\u00e9 na predaj:<\/strong> Mravenisko Ploch\u00e9 formik\u00e1rium z nieko\u013ek\u00fdch vrstven\u00fdch panelov. Mravenisko sa d\u00e1 roz\u0161\u00edri\u0165 pomocou had\u00edc alebo pripoji\u0165 k mravenisku pomocou integrovan\u00fdch pripojovac\u00edch z\u00e1suviek. P\u00e4\u0165 zabudovan\u00fdch posuvn\u00edkov umo\u017e\u0148uje mravcom otv\u00e1ra\u0165 alebo zatv\u00e1ra\u0165 r\u00f4zne cesty v bludisku. Mo\u017eno ho pou\u017ei\u0165 napr\u00edklad na experimenty vo vzdel\u00e1vac\u00edch in\u0161tit\u00faci\u00e1ch alebo doma na pozorovanie toho, ako mravce nach\u00e1dzaj\u00fa cestu a prisp\u00f4sobuj\u00fa sa n\u00e1hlym zmen\u00e1m tr\u00e1s, napr\u00edklad k miestam k\u0155menia.<\/p>\n<p><strong>Pozn\u00e1mka:<\/strong> M\u00f4\u017eu sa vyskytn\u00fa\u0165 medzery 0,5 mm.<\/p>\n<p><strong>Pozn\u00e1mka k pripojovac\u00edm z\u00e1suvk\u00e1m<\/strong><br \/>\nPri prip\u00e1jan\u00ed alebo odoberan\u00ed had\u00edc dbajte na nasleduj\u00face pokyny:<br \/>\nAk sa r\u00farka ve\u013emi \u0165a\u017eko nasadzuje na pripojovaciu z\u00e1suvku, treba z\u00e1suvku z\u013eahka potrie\u0165 kvapkou n\u00e1\u0161ho oleja alebo pr\u00e1\u0161ku proti praskaniu. Hadica by sa potom mala nasun\u00fa\u0165 na obj\u00edmku kr\u00fatiacimi alebo skrutkovac\u00edmi pohybmi bez toho, aby sa obj\u00edmka nam\u00e1hala pohybmi nahor a nadol. To ist\u00e9 plat\u00ed aj pri odstra\u0148ovan\u00ed had\u00edc z pripojovacej z\u00e1suvky farmy. Neodstra\u0148ujte ju jednoducho!<\/p>","protected":false},"excerpt":{"rendered":"<p>Pripojenie: Z\u00e1suvka 2x 10 mm<\/p>","protected":false},"featured_media":7600,"comment_status":"open","ping_status":"closed","template":"","meta":{"_acf_changed":false,"content-type":"","_monsterinsights_skip_tracking":false,"_monsterinsights_sitenote_active":false,"_monsterinsights_sitenote_note":"","_monsterinsights_sitenote_category":0},"product_brand":[],"product_cat":[257,119,239,91],"product_tag":[],"class_list":{"0":"post-7500","1":"product","2":"type-product","3":"status-publish","4":"has-post-thumbnail","6":"product_cat-new-innovatve-products","7":"product_cat-formicarium-components","8":"product_cat-useful-additions","9":"product_cat-formicarium-modules","11":"first","12":"instock","13":"taxable","14":"shipping-taxable","15":"purchasable","16":"product-type-simple"},"acf":[],"aioseo_notices":[],"jetpack_sharing_enabled":true,"_links":{"self":[{"href":"https:\/\/antcube.shop\/sk\/wp-json\/wp\/v2\/product\/7500","targetHints":{"allow":["GET"]}}],"collection":[{"href":"https:\/\/antcube.shop\/sk\/wp-json\/wp\/v2\/product"}],"about":[{"href":"https:\/\/antcube.shop\/sk\/wp-json\/wp\/v2\/types\/product"}],"replies":[{"embeddable":true,"href":"https:\/\/antcube.shop\/sk\/wp-json\/wp\/v2\/comments?post=7500"}],"wp:featuredmedia":[{"embeddable":true,"href":"https:\/\/antcube.shop\/sk\/wp-json\/wp\/v2\/media\/7600"}],"wp:attachment":[{"href":"https:\/\/antcube.shop\/sk\/wp-json\/wp\/v2\/media?parent=7500"}],"wp:term":[{"taxonomy":"product_brand","embeddable":true,"href":"https:\/\/antcube.shop\/sk\/wp-json\/wp\/v2\/product_brand?post=7500"},{"taxonomy":"product_cat","embeddable":true,"href":"https:\/\/antcube.shop\/sk\/wp-json\/wp\/v2\/product_cat?post=7500"},{"taxonomy":"product_tag","embeddable":true,"href":"https:\/\/antcube.shop\/sk\/wp-json\/wp\/v2\/product_tag?post=7500"}],"curies":[{"name":"wp","href":"https:\/\/api.w.org\/{rel}","templated":true}]}}