{"id":7496,"date":"2024-04-04T11:21:13","date_gmt":"2024-04-04T09:21:13","guid":{"rendered":"https:\/\/antcube.shop\/product\/beckenverbinder-3-4-zu-32mm-glasklar\/"},"modified":"2026-04-06T21:05:26","modified_gmt":"2026-04-06T19:05:26","slug":"spojka-umyvadla-3-4-na-32-mm-sklo-cire","status":"publish","type":"product","link":"https:\/\/antcube.shop\/sk\/produkt\/spojka-umyvadla-3-4-na-32-mm-sklo-cire\/","title":{"rendered":"Spojka um\u00fdvadla 3\/4\u2033 na 32 mm - sklo \u010d\u00edre"},"content":{"rendered":"<p><span data-text-color=\"alert\"><strong>Pozor:<\/strong> <\/span>maticu potrebn\u00fa na upevnenie je potrebn\u00e9 objedna\u0165 samostatne<\/p>\n<p><strong>Mno\u017estvo:<\/strong> 1 ks<\/p>\n<p><strong>Farba:<\/strong> glassclear<\/p>\n<p><strong>Materi\u00e1l:<\/strong> Plastov\u00e9<\/p>\n<p><strong>Popis: V s\u00fa\u010dasnosti je na trhu viac ako 10 000 zariaden\u00ed, ktor\u00e9 s\u00fa ur\u010den\u00e9 na predaj:<\/strong> T\u00e1to 3\/4\" pr\u00edpojka na potrubie um\u00fdvadla sa hod\u00ed do 27 mm otvoru a na vonkaj\u0161\u00ed priemer potrubia 32 mm.<\/p>","protected":false},"excerpt":{"rendered":"<p>Pozor: maticu potrebn\u00fa na upevnenie je potrebn\u00e9 objedna\u0165 samostatne Mno\u017estvo: Farba: \u010d\u00edra Materi\u00e1l: 1 ks: Popis: plastov\u00fd materi\u00e1l: T\u00e1to 3\/4\" pr\u00edpojka na potrubie um\u00fdvadla sa hod\u00ed do otvoru s priemerom 27 mm a na vonkaj\u0161\u00ed priemer potrubia 20 mm.<\/p>","protected":false},"featured_media":7511,"comment_status":"open","ping_status":"closed","template":"","meta":{"_acf_changed":false,"content-type":"","_monsterinsights_skip_tracking":false,"_monsterinsights_sitenote_active":false,"_monsterinsights_sitenote_note":"","_monsterinsights_sitenote_category":0},"product_brand":[],"product_cat":[257,345,119,121],"product_tag":[],"class_list":{"0":"post-7496","1":"product","2":"type-product","3":"status-publish","4":"has-post-thumbnail","6":"product_cat-new-innovatve-products","7":"product_cat-pipe-connectors","8":"product_cat-formicarium-components","9":"product_cat-connectors","11":"first","12":"instock","13":"taxable","14":"shipping-taxable","15":"purchasable","16":"product-type-simple"},"acf":[],"aioseo_notices":[],"jetpack_sharing_enabled":true,"_links":{"self":[{"href":"https:\/\/antcube.shop\/sk\/wp-json\/wp\/v2\/product\/7496","targetHints":{"allow":["GET"]}}],"collection":[{"href":"https:\/\/antcube.shop\/sk\/wp-json\/wp\/v2\/product"}],"about":[{"href":"https:\/\/antcube.shop\/sk\/wp-json\/wp\/v2\/types\/product"}],"replies":[{"embeddable":true,"href":"https:\/\/antcube.shop\/sk\/wp-json\/wp\/v2\/comments?post=7496"}],"wp:featuredmedia":[{"embeddable":true,"href":"https:\/\/antcube.shop\/sk\/wp-json\/wp\/v2\/media\/7511"}],"wp:attachment":[{"href":"https:\/\/antcube.shop\/sk\/wp-json\/wp\/v2\/media?parent=7496"}],"wp:term":[{"taxonomy":"product_brand","embeddable":true,"href":"https:\/\/antcube.shop\/sk\/wp-json\/wp\/v2\/product_brand?post=7496"},{"taxonomy":"product_cat","embeddable":true,"href":"https:\/\/antcube.shop\/sk\/wp-json\/wp\/v2\/product_cat?post=7496"},{"taxonomy":"product_tag","embeddable":true,"href":"https:\/\/antcube.shop\/sk\/wp-json\/wp\/v2\/product_tag?post=7496"}],"curies":[{"name":"wp","href":"https:\/\/api.w.org\/{rel}","templated":true}]}}