{"id":6739,"date":"2023-12-12T15:09:04","date_gmt":"2023-12-12T14:09:04","guid":{"rendered":"https:\/\/antcube.shop\/product\/ameisenarena-abdeckung-60x30\/"},"modified":"2026-04-04T06:34:10","modified_gmt":"2026-04-04T04:34:10","slug":"mravenisko-s-rozmermi-60x30","status":"publish","type":"product","link":"https:\/\/antcube.shop\/sk\/produkt\/mravenisko-s-rozmermi-60x30\/","title":{"rendered":"Mravenisko s rozlohou 60 \u00d7 30"},"content":{"rendered":"<p><strong>Rozmery (Dx\u0160xV):<\/strong> 60x30x0,4 cm<\/p>\n<p><strong>Materi\u00e1l:<\/strong> Plav\u00e1kov\u00e9 sklo<\/p>\n<p><strong>Farba:<\/strong> \u010d\u00edre \/ transparentn\u00e9<\/p>\n<p><strong>Obsah:<\/strong><br \/>\n1x kryt mraveniska<br \/>\n1x fixa\u010dn\u00e9 body 4 ks.<\/p>\n<p><strong>Popis: V s\u00fa\u010dasnosti je na trhu viac ako 10 000 zariaden\u00ed, ktor\u00e9 s\u00fa ur\u010den\u00e9 na predaj:<\/strong><br \/>\nSklenen\u00fd kryt mraveniska ako ochrana pred \u00fanikom<\/p>\n<p><strong>Ako pou\u017e\u00edva\u0165:<\/strong><br \/>\nKryt mraveniska vyroben\u00fd zo skla mo\u017eno umiestni\u0165 na mravenisko ako ochranu pred \u00fanikom a na regul\u00e1ciu kl\u00edmy.<br \/>\nDo 50 mm otvorov mo\u017eno vlo\u017ei\u0165 r\u00f4zne moduly na regul\u00e1ciu kl\u00edmy, napr. vetracie mrie\u017eky, osvetlenie alebo zvlh\u010dovanie.<br \/>\nAby sa zabr\u00e1nilo \u00faniku mravcov cez otvory, mala by sa na spodn\u00fa stranu okolo otvorov nanies\u0165 ochrana proti \u00faniku (olej, pr\u00e1\u0161ok alebo lak).<\/p>\n<p><strong>Pozn\u00e1mka:<\/strong><br \/>\nKe\u010f\u017ee je v\u00fdrobok vyroben\u00fd zo skla, a preto je krehk\u00fd, treba s n\u00edm zaobch\u00e1dza\u0165 ve\u013emi opatrne.<\/p>","protected":false},"excerpt":{"rendered":"<p>Sklenen\u00fd kryt\/kryt mraveniska ako ochrana pred \u00fanikom<\/p>","protected":false},"featured_media":6730,"comment_status":"open","ping_status":"closed","template":"","meta":{"_acf_changed":false,"content-type":"","_monsterinsights_skip_tracking":false,"_monsterinsights_sitenote_active":false,"_monsterinsights_sitenote_note":"","_monsterinsights_sitenote_category":0},"product_brand":[],"product_cat":[91,92],"product_tag":[],"class_list":{"0":"post-6739","1":"product","2":"type-product","3":"status-publish","4":"has-post-thumbnail","6":"product_cat-formicarium-modules","7":"product_cat-arena-cover","9":"first","10":"instock","11":"taxable","12":"shipping-taxable","13":"purchasable","14":"product-type-simple"},"acf":[],"aioseo_notices":[],"jetpack_sharing_enabled":true,"_links":{"self":[{"href":"https:\/\/antcube.shop\/sk\/wp-json\/wp\/v2\/product\/6739","targetHints":{"allow":["GET"]}}],"collection":[{"href":"https:\/\/antcube.shop\/sk\/wp-json\/wp\/v2\/product"}],"about":[{"href":"https:\/\/antcube.shop\/sk\/wp-json\/wp\/v2\/types\/product"}],"replies":[{"embeddable":true,"href":"https:\/\/antcube.shop\/sk\/wp-json\/wp\/v2\/comments?post=6739"}],"wp:featuredmedia":[{"embeddable":true,"href":"https:\/\/antcube.shop\/sk\/wp-json\/wp\/v2\/media\/6730"}],"wp:attachment":[{"href":"https:\/\/antcube.shop\/sk\/wp-json\/wp\/v2\/media?parent=6739"}],"wp:term":[{"taxonomy":"product_brand","embeddable":true,"href":"https:\/\/antcube.shop\/sk\/wp-json\/wp\/v2\/product_brand?post=6739"},{"taxonomy":"product_cat","embeddable":true,"href":"https:\/\/antcube.shop\/sk\/wp-json\/wp\/v2\/product_cat?post=6739"},{"taxonomy":"product_tag","embeddable":true,"href":"https:\/\/antcube.shop\/sk\/wp-json\/wp\/v2\/product_tag?post=6739"}],"curies":[{"name":"wp","href":"https:\/\/api.w.org\/{rel}","templated":true}]}}