{"id":6738,"date":"2023-12-12T15:03:31","date_gmt":"2023-12-12T14:03:31","guid":{"rendered":"https:\/\/antcube.shop\/product\/rahmen-fur-schiebetur\/"},"modified":"2026-04-01T13:28:15","modified_gmt":"2026-04-01T11:28:15","slug":"ram-pre-posuvne-dvere","status":"publish","type":"product","link":"https:\/\/antcube.shop\/sk\/produkt\/ram-pre-posuvne-dvere\/","title":{"rendered":"R\u00e1m pre posuvn\u00e9 dvere"},"content":{"rendered":"<p><strong>Rozmery:<\/strong> 250x 270x 20 mm<\/p>\n<p><strong>Materi\u00e1l:<\/strong> PMMA<\/p>\n<p><strong>Obsah:<\/strong><br \/>\n1x r\u00e1m<br \/>\n4x bo\u010dn\u00e9 panely<br \/>\n4x zapusten\u00e9 skrutky M4 20mm<\/p>\n<p><strong>Farba:<\/strong> Kri\u0161t\u00e1\u013eovo \u010dist\u00fd<\/p>\n<p><strong>Popis: V s\u00fa\u010dasnosti je na trhu viac ako 10 000 zariaden\u00ed, ktor\u00e9 s\u00fa ur\u010den\u00e9 na predaj:<\/strong><br \/>\nPresne padn\u00faci ochrann\u00fd r\u00e1m pre na\u0161e formik\u00e1ri\u00e1 s posuvn\u00fdmi dverami 30x30x60.<\/p>\n<p><strong>Pr\u00edloha:<\/strong><br \/>\nD\u00e1 sa nasadi\u0165 priamo na skrutku, ktor\u00e1 je u\u017e v posuvn\u00fdch dver\u00e1ch formik\u00e1ria.<\/p>","protected":false},"excerpt":{"rendered":"<p>Akryl\u00e1tov\u00fd r\u00e1m ako ochrana proti prepuknutiu pre posuvn\u00e9 dvere ANTCUBE Formicarium<\/p>","protected":false},"featured_media":6716,"comment_status":"open","ping_status":"closed","template":"","meta":{"_acf_changed":false,"content-type":"","_monsterinsights_skip_tracking":false,"_monsterinsights_sitenote_active":false,"_monsterinsights_sitenote_note":"","_monsterinsights_sitenote_category":0},"product_brand":[],"product_cat":[91,93],"product_tag":[],"class_list":{"0":"post-6738","1":"product","2":"type-product","3":"status-publish","4":"has-post-thumbnail","6":"product_cat-formicarium-modules","7":"product_cat-arena-frame","9":"first","10":"outofstock","11":"taxable","12":"shipping-taxable","13":"purchasable","14":"product-type-simple"},"acf":[],"aioseo_notices":[],"jetpack_sharing_enabled":true,"_links":{"self":[{"href":"https:\/\/antcube.shop\/sk\/wp-json\/wp\/v2\/product\/6738","targetHints":{"allow":["GET"]}}],"collection":[{"href":"https:\/\/antcube.shop\/sk\/wp-json\/wp\/v2\/product"}],"about":[{"href":"https:\/\/antcube.shop\/sk\/wp-json\/wp\/v2\/types\/product"}],"replies":[{"embeddable":true,"href":"https:\/\/antcube.shop\/sk\/wp-json\/wp\/v2\/comments?post=6738"}],"wp:featuredmedia":[{"embeddable":true,"href":"https:\/\/antcube.shop\/sk\/wp-json\/wp\/v2\/media\/6716"}],"wp:attachment":[{"href":"https:\/\/antcube.shop\/sk\/wp-json\/wp\/v2\/media?parent=6738"}],"wp:term":[{"taxonomy":"product_brand","embeddable":true,"href":"https:\/\/antcube.shop\/sk\/wp-json\/wp\/v2\/product_brand?post=6738"},{"taxonomy":"product_cat","embeddable":true,"href":"https:\/\/antcube.shop\/sk\/wp-json\/wp\/v2\/product_cat?post=6738"},{"taxonomy":"product_tag","embeddable":true,"href":"https:\/\/antcube.shop\/sk\/wp-json\/wp\/v2\/product_tag?post=6738"}],"curies":[{"name":"wp","href":"https:\/\/api.w.org\/{rel}","templated":true}]}}