{"id":6736,"date":"2023-12-12T15:03:19","date_gmt":"2023-12-12T14:03:19","guid":{"rendered":"https:\/\/antcube.shop\/product\/antcube-arena-30x30x60-mit-schiebetur\/"},"modified":"2026-03-17T08:11:00","modified_gmt":"2026-03-17T07:11:00","slug":"antcube-arena-30x30x60-s-posuvnymi-dverami","status":"publish","type":"product","link":"https:\/\/antcube.shop\/sk\/produkt\/antcube-arena-30x30x60-s-posuvnymi-dverami\/","title":{"rendered":"ANTCUBE Arena 30x30x60 s posuvn\u00fdmi dverami"},"content":{"rendered":"<p><span data-text-color=\"alert\"><strong>Preprava je mo\u017en\u00e1 len prostredn\u00edctvom preposlania na palete.<\/strong><\/span><\/p>\n<p>ANTCUBE Arena 30x30x60 cm s posuvn\u00fdmi dverami a 2x 50 mm otvorom.<\/p>\n<p><strong>Rozmery:<\/strong> 300 x 300 x 600 mm; hr\u00fabka skla 4 mm.<br \/>\n<strong>Materi\u00e1l:<\/strong> plaven\u00e9 sklo<br \/>\n<strong>Pripojenie:<\/strong> 2x otvor 50 mm<\/p>\n<p><strong>Predn\u00e9 otv\u00e1ranie (posuvn\u00e9 dvere):<\/strong> 150 \u00d7 200 mm<\/p>\n<p><strong>Popis: V s\u00fa\u010dasnosti je na trhu viac ako 10 000 zariaden\u00ed, ktor\u00e9 s\u00fa ur\u010den\u00e9 na predaj:<\/strong> N\u00e1\u0161 ANTCUBE Arena 30x30x60 s posuvn\u00fdmi dverami je navrhnut\u00fd tak, aby sa s n\u00edm pohodlne pracovalo aj v pln\u00fdch formik\u00e1ri\u00e1ch. S\u00fa obzvl\u00e1\u0161\u0165 u\u017eito\u010dn\u00e9 ako formik\u00e1rium pre mravce tk\u00e1\u010dovit\u00e9 (Polyrhachis a Oeacophylla), preto\u017ee sa radi stavaj\u00fa vysoko alebo potrebuj\u00fa hostite\u013esk\u00fa rastlinu. V na\u0161ich be\u017en\u00fdch ar\u00e9nach s rozmermi 30x30x60 m\u00f4\u017ee by\u0165 \u0165a\u017ek\u00e9 odstr\u00e1ni\u0165 napr\u00edklad odpad zvierat na dne formik\u00e1ria. V tejto \u0161peci\u00e1lne upravenej miske to u\u017e nie je probl\u00e9m. Aj pre k\u0155mne misky mravcov listonohov Acromyrmex alebo Atta s\u00fa posuvn\u00e9 dvierka ve\u013emi praktick\u00e9, preto\u017ee rastlinn\u00e9 zvy\u0161ky a in\u00fd odpad sa daj\u00fa pohodlne odstr\u00e1ni\u0165. Okrem toho je mo\u017en\u00e9 pou\u017ei\u0165 samostatne dostupn\u00fd r\u00e1m posuvn\u00fdch dver\u00ed (obj. \u010d. 1005648), aby sa zabr\u00e1nilo \u00faniku zvierat po\u010das pr\u00e1ce. Pre be\u017en\u00e9 horn\u00e9 otv\u00e1ranie s\u00fa samostatne k dispoz\u00edcii aj ochrann\u00fd r\u00e1m proti vylomeniu 30 \u00d7 30 a kryt ar\u00e9ny 30 \u00d7 30.<\/p>\n<p><strong>Pozn\u00e1mka:<\/strong> Sklo sa br\u00fasi pod\u013ea normy DIN 1249 s toleranciou +\/- 1 mm. V pr\u00edpade extr\u00e9mne mal\u00fdch druhov mravcov je nevyhnutn\u00e1 dodato\u010dn\u00e1 ochrana proti vylomeniu.<\/p>","protected":false},"excerpt":{"rendered":"<p><strong>Pripojenie:<\/strong> 2x otvor 50 mm<\/p>","protected":false},"featured_media":6727,"comment_status":"open","ping_status":"closed","template":"","meta":{"_acf_changed":false,"content-type":"","_monsterinsights_skip_tracking":false,"_monsterinsights_sitenote_active":false,"_monsterinsights_sitenote_note":"","_monsterinsights_sitenote_category":0},"product_brand":[],"product_cat":[85,86],"product_tag":[],"class_list":{"0":"post-6736","1":"product","2":"type-product","3":"status-publish","4":"has-post-thumbnail","6":"product_cat-ant-arenas","7":"product_cat-formicariums","8":"product_shipping_class-forwarding-on-pallet","10":"first","11":"instock","12":"taxable","13":"shipping-taxable","14":"purchasable","15":"product-type-simple"},"acf":[],"aioseo_notices":[],"jetpack_sharing_enabled":true,"_links":{"self":[{"href":"https:\/\/antcube.shop\/sk\/wp-json\/wp\/v2\/product\/6736","targetHints":{"allow":["GET"]}}],"collection":[{"href":"https:\/\/antcube.shop\/sk\/wp-json\/wp\/v2\/product"}],"about":[{"href":"https:\/\/antcube.shop\/sk\/wp-json\/wp\/v2\/types\/product"}],"replies":[{"embeddable":true,"href":"https:\/\/antcube.shop\/sk\/wp-json\/wp\/v2\/comments?post=6736"}],"wp:featuredmedia":[{"embeddable":true,"href":"https:\/\/antcube.shop\/sk\/wp-json\/wp\/v2\/media\/6727"}],"wp:attachment":[{"href":"https:\/\/antcube.shop\/sk\/wp-json\/wp\/v2\/media?parent=6736"}],"wp:term":[{"taxonomy":"product_brand","embeddable":true,"href":"https:\/\/antcube.shop\/sk\/wp-json\/wp\/v2\/product_brand?post=6736"},{"taxonomy":"product_cat","embeddable":true,"href":"https:\/\/antcube.shop\/sk\/wp-json\/wp\/v2\/product_cat?post=6736"},{"taxonomy":"product_tag","embeddable":true,"href":"https:\/\/antcube.shop\/sk\/wp-json\/wp\/v2\/product_tag?post=6736"}],"curies":[{"name":"wp","href":"https:\/\/api.w.org\/{rel}","templated":true}]}}