{"id":6735,"date":"2023-12-12T15:03:13","date_gmt":"2023-12-12T14:03:13","guid":{"rendered":"https:\/\/antcube.shop\/product\/antcube-vivarium-30x30x60-tower\/"},"modified":"2026-03-31T12:05:11","modified_gmt":"2026-03-31T10:05:11","slug":"plantcube-vivarium-30x30x60-konzervatorium","status":"publish","type":"product","link":"https:\/\/antcube.shop\/sk\/produkt\/plantcube-vivarium-30x30x60-konzervatorium\/","title":{"rendered":"PLANTCUBE - Viv\u00e1rium 30x30x60"},"content":{"rendered":"<p><span data-text-color=\"alert\"><strong>Doprava mo\u017en\u00e1 len cez GO! v r\u00e1mci Nemecka alebo cez paletu v r\u00e1mci Eur\u00f3py (\u017eiadne ostrovy)<\/strong><\/span><\/p>\n<p><strong>Z\u00cdSKAJTE K\u00daSOK PR\u00cdRODY PRE SVOJ DOMOV<\/strong><\/p>\n<p><strong>Obsah:<\/strong><br \/>\n1x PLANTCUBE Viv\u00e1rium 30x30x60 Konzervat\u00f3rium<br \/>\n2x z\u00e1tka pre 10 mm otvor<\/p>\n<p>Sklenen\u00e1 kocka 30x30x60cm s 2x bo\u010dn\u00fdm 50mm otvorom a 2x bo\u010dn\u00fdm 10mm otvorom<br \/>\n50 mm otvor (stredov\u00fd bod) je vo v\u00fd\u0161ke 15 cm. Spodn\u00fd okraj otvoru je vo v\u00fd\u0161ke ~12,5 cm.<\/p>\n<p><strong>Rozmery:<\/strong> 300 x 300 x 600 mm; hr\u00fabka skla 4 mm<\/p>\n<p><strong>Materi\u00e1l:<\/strong> plaven\u00e9 sklo<\/p>\n<p><strong>Bo\u010dn\u00e9 otvory:<\/strong><br \/>\n2x otvor 50 mm<br \/>\n2x otvor 10 mm<\/p>\n<p>S na\u0161imi viv\u00e1riami PLANTCUBE si m\u00f4\u017eete navrhn\u00fa\u0165 vlastn\u00e9 \u017eiv\u00e9 umeleck\u00e9 dielo do svojej ob\u00fdva\u010dky. V PLANTCUBE m\u00f4\u017eete chova\u0165 aj mal\u00e9 zvierat\u00e1, tak\u017ee va\u0161ej kreativite sa medze neklad\u00fa.<\/p>\n<p><strong>Prisp\u00f4sobte si PLANTCUBE vlastn\u00fdm potreb\u00e1m alebo potreb\u00e1m va\u0161ich rastl\u00edn a zvierat:<\/strong><br \/>\nDva 10 mm otvory na boku, umiestnen\u00e9 vo v\u00fd\u0161ke 2 cm (v strede) od dna, sl\u00fa\u017eia na odv\u00e1dzanie prebyto\u010dnej vody. Na vyp\u00fa\u0161\u0165anie vody m\u00f4\u017eete pou\u017ei\u0165 napr\u00edklad na\u0161u prieh\u013eadn\u00fa hadicu 10\/06 mm. Dva otvory s priemerom 50 mm mo\u017eno bu\u010f uzavrie\u0165 pomocou prilo\u017een\u00fdch z\u00e1tok, alebo sl\u00fa\u017eia ako dodato\u010dn\u00e9 vetranie, ak s\u00fa vybaven\u00e9 mrie\u017ekov\u00fdmi vlo\u017ekami. Dokonca by ste tu mohli prepoji\u0165 dve zostavy prostredn\u00edctvom akryl\u00e1tovej trubice. Ak teda chov\u00e1te zvierat\u00e1 vo vn\u00fatri viv\u00e1ria, m\u00f4\u017eu sa vo\u013ene pohybova\u0165 z jednej zostavy do druhej.<\/p>\n<p><strong>Ako premeni\u0165 PLANTCUBE na bioakt\u00edvny ekosyst\u00e9m?:<\/strong><br \/>\n<strong>Vytvorte dren\u00e1\u017enu vrstvu:<\/strong><br \/>\nAby ste podporili svoje rastliny, mali by ste vo vn\u00fatri viv\u00e1ria najprv vytvori\u0165 dren\u00e1\u017enu vrstvu. Odpor\u00fa\u010dame v\u00e1m pou\u017ei\u0165 2-3 cm hlinen\u00fdch gran\u00fal (4-8 mm), preto\u017ee s\u00fa \u013eahk\u00e9. Pred vlo\u017een\u00edm ich nezabudnite umy\u0165 pod te\u010d\u00facou vodou, aby ste odstr\u00e1nili prach.<\/p>\n<p>Na hlinen\u00e9 granule m\u00f4\u017eete polo\u017ei\u0165 dren\u00e1\u017enu vlnu, aby ste oddelili dren\u00e1\u017e od substr\u00e1tu.<\/p>\n<p><strong>Ak\u00e9 rastliny a p\u00f4du pou\u017ei\u0165:<\/strong><br \/>\nTo v\u0161etko z\u00e1vis\u00ed od typu ekosyst\u00e9mu, ktor\u00fd chcete vytvori\u0165. Ak chcete vybudova\u0165 p\u00fa\u0161tne alebo sk\u00f4r such\u00e9 viv\u00e1rium, budete potrebova\u0165 rastliny, ktor\u00fdm sa v takomto podneb\u00ed dar\u00ed, a pou\u017eijete vhodn\u00fa p\u00f4du, v ktorej rady rast\u00fa. Pri tropick\u00fdch Viv\u00e1ri\u00e1ch je to samozrejme rovnak\u00e9. Sna\u017ete sa pou\u017ei\u0165 rastliny z podobn\u00fdch oblast\u00ed a\/alebo podnebia, aby sa im v\u0161etk\u00fdm darilo v rovnakom type p\u00f4dy a podnebia. Dobr\u00fd obchod s rastlinami by mal ma\u0165 v\u017edy inform\u00e1cie o zodpovedaj\u00facej kl\u00edme a p\u00f4de pre rastliny, ktor\u00e9 pred\u00e1va.<\/p>\n<p><strong>D\u00f4le\u017eit\u00e9:<\/strong> Ak chcete ma\u0165 rastliny a zvierat\u00e1 pohromade, nikdy by ste nemali pou\u017e\u00edva\u0165 rastliny, o ktor\u00fdch neviete, \u010di nepri\u0161li do kontaktu s hnojivami alebo pestic\u00eddmi. Pou\u017e\u00edvajte len rastliny z teraristick\u00fdch alebo podobn\u00fdch obchodov, ktor\u00e9 s\u00fa zaru\u010dene \u00faplne bez pestic\u00eddov a hnoj\u00edv. Tie inak m\u00f4\u017eu vies\u0165 k \u00fahynu va\u0161ich zvierat.<\/p>\n<p><strong>Zave\u010fte \"upratovaciu \u010datu\", aby bolo va\u0161e viv\u00e1rium bioakt\u00edvne<\/strong><br \/>\n<strong>\u010co je bioakt\u00edvne?<\/strong> \u010co je bioakt\u00edvne? Toto je najbli\u017e\u0161ie k samonosnej zostave. Ide o pridanie vhodnej zmesi p\u00f4dy a organick\u00e9ho materi\u00e1lu na vytvorenie mikrofl\u00f3ry a potrebnej mikrofauny na vytvorenie kolobehu \u017eiv\u00edn vo va\u0161om viv\u00e1riu.<\/p>\n<p>N\u00e1\u0161 tip: V\u017edy prid\u00e1vajte drobn\u00e9 \u017eivo\u010d\u00edchy, ako s\u00fa pru\u017einovky a izop\u00f3dy. Tie s\u00fa nielen dobr\u00fdm \"nekone\u010dn\u00fdm\" zdrojom potravy, ak chcete vo svojom viv\u00e1riu chova\u0165 \u010fal\u0161ie \u017eivo\u010d\u00edchy. \u017divia sa najm\u00e4 ples\u0148ami, ktor\u00e9 sa m\u00f4\u017eu tvori\u0165 v d\u00f4sledku vysokej vlhkosti, a obohacuj\u00fa p\u00f4du o \u017eiviny, ktor\u00e9 n\u00e1sledne umo\u017e\u0148uj\u00fa zdrav\u00fd rast rastl\u00edn.<\/p>\n<p>Pridajte do p\u00f4dy trochu dreven\u00e9ho uhlia, ktor\u00e9 pom\u00e1ha mikr\u00f3bom kolonizova\u0165 p\u00f4du. Mach a k\u00f4ra z korku alebo biele zhnit\u00e9 drevo okrem listovej podstielky nielen\u017ee vyzeraj\u00fa vo va\u0161ej zostave prirodzene, ale s\u00fa aj potravou pre va\u0161u \"upratovaciu \u010datu\", poskytuj\u00fa im \u00fakryty a miesta na rozmno\u017eovanie a \u013eahko sa rozkladaj\u00fa na \u017eiviny pre va\u0161e rastliny.<\/p>\n<p><strong>V pr\u00edrode je v\u0161etko o rovnov\u00e1he<\/strong><br \/>\nNeodpor\u00fa\u010da sa v\u0161ak pou\u017e\u00edva\u0165 niektor\u00e9 druhy izop\u00f3dov bez pridania nie\u010doho, \u010do ich lov\u00ed, preto\u017ee popul\u00e1cia izop\u00f3dov bez pred\u00e1torov, ako s\u00fa napr\u00edklad mravce, sa rada vymkne spod kontroly a rastliny vo va\u0161om viv\u00e1riu sa potom r\u00fdchlo stan\u00fa ne\u017eiaducim zdrojom potravy. V pr\u00edrode je v\u0161etko o rovnov\u00e1he.<\/p>\n<p><strong>\u010eal\u0161ie inform\u00e1cie:<\/strong><br \/>\nSklo sa br\u00fasi pod\u013ea normy DIN 1249 s toleranciou +\/- 1 mm. V pr\u00edpade extr\u00e9mne mal\u00fdch druhov mravcov je nevyhnutn\u00e1 dodato\u010dn\u00e1 ochrana proti vylomeniu.<\/p>\n<div class=\"row\"  id=\"row-1720689470\">\n\n\t<div id=\"col-1611257751\" class=\"col small-12 large-12\"  >\n\t\t\t\t<div class=\"col-inner\"  >\n\t\t\t\n\t\t\t\n\t<div id=\"text-2881205087\" class=\"text\">\n\t\t\n<h2>Ni\u017e\u0161ie n\u00e1jdete nieko\u013eko obchodov, ktor\u00e9 v\u00e1m m\u00f4\u017eeme odporu\u010di\u0165, a \u010fal\u0161ie inform\u00e1cie o tom, ako vytvori\u0165 jedine\u010dn\u00fa a bioakt\u00edvnu PLANTCUBE:<\/h2>\n\t\t\n<style>\n#text-2881205087 {\n  font-size: 1rem;\n  text-align: center;\n}\n<\/style>\n\t<\/div>\n\t\n\t<div id=\"gap-1655189630\" class=\"gap-element clearfix\" style=\"display:block; height:auto;\">\n\t\t\n<style>\n#gap-1655189630 {\n  padding-top: 40px;\n}\n<\/style>\n\t<\/div>\n\t\n\t\t<\/div>\n\t\t\t\t\n<style>\n#col-1611257751 > .col-inner {\n  padding: 30px 0px 0px 0px;\n}\n<\/style>\n\t<\/div>\n\n\t\n\n\t<div id=\"col-1225270642\" class=\"col medium-6 small-12 large-6\"  >\n\t\t\t\t<div class=\"col-inner\"  >\n\t\t\t\n\t\t\t\n\n\t<section class=\"section\" id=\"section_1992761850\">\n\t\t<div class=\"section-bg fill\" >\n\t\t\t<img data-recalc-dims=\"1\" loading=\"lazy\" decoding=\"async\" width=\"1020\" height=\"574\" src=\"https:\/\/i0.wp.com\/antcube.shop\/wp-content\/uploads\/2024\/10\/2560x1440_youtube-Banner-2.png?resize=1020%2C574&#038;ssl=1\" class=\"bg attachment- size-\" alt=\"\" \/>\t\t\t\t\t\t\n\t\t\t\n\n\t\t<\/div>\n\n\t\t\n\n\t\t<div class=\"section-content relative\">\n\t\t\t\n<div class=\"row align-center\"  id=\"row-498927586\">\n\n\t<div id=\"col-522372101\" class=\"col medium-10 small-12 large-10\"  >\n\t\t\t\t<div class=\"col-inner text-center\"  >\n\t\t\t\n\t\t\t\n<h2 class=\"uppercase\">Sprievodca krok za krokom na na\u0161om blogu<\/h2>\n<a href=\"https:\/\/antcube.shop\/en\/2024\/10\/22\/how-to-create-your-bioactive-vivarium\/\" class=\"button primary\" >\n\t\t<span>BLOG<\/span>\n\t<\/a>\n\n\t\t<\/div>\n\t\t\t\t\n<style>\n#col-522372101 > .col-inner {\n  margin: -150px 0px 0px 0px;\n}\n@media (min-width:550px) {\n  #col-522372101 > .col-inner {\n    margin: -200px 0px 0px 0px;\n  }\n}\n<\/style>\n\t<\/div>\n\n\t\n<\/div>\n\t\t<\/div>\n\n\t\t\n<style>\n#section_1992761850 {\n  padding-top: 60px;\n  padding-bottom: 60px;\n  min-height: 300px;\n  background-color: rgb(255,255,255);\n}\n#section_1992761850 .section-bg img {\n  object-position: 50% 0%;\n}\n<\/style>\n\t<\/section>\n\t\n\t\t<\/div>\n\t\t\t\t\t<\/div>\n\n\t\n\n\t<div id=\"col-1196485224\" class=\"col medium-6 small-12 large-6\"  >\n\t\t\t\t<div class=\"col-inner\"  >\n\t\t\t\n\t\t\t\n\n\t<section class=\"section\" id=\"section_153403083\">\n\t\t<div class=\"section-bg fill\" >\n\t\t\t<img data-recalc-dims=\"1\" loading=\"lazy\" decoding=\"async\" width=\"1020\" height=\"680\" src=\"https:\/\/i0.wp.com\/antcube.shop\/wp-content\/uploads\/2024\/10\/Collage_FULL-HD_-2-scaled.jpg?resize=1020%2C680&#038;ssl=1\" class=\"bg attachment-original size-original\" alt=\"\" \/>\t\t\t\t\t\t\n\t\t\t\n\n\t\t<\/div>\n\n\t\t\n\n\t\t<div class=\"section-content relative\">\n\t\t\t\n<div class=\"row align-center\"  id=\"row-513871592\">\n\n\t<div id=\"col-1722614657\" class=\"col medium-10 small-12 large-10\"  >\n\t\t\t\t<div class=\"col-inner text-center\"  >\n\t\t\t\n\t\t\t\n<h2 class=\"uppercase\">\u010eal\u0161ie inform\u00e1cie o plantcube<\/h2>\n<a href=\"https:\/\/antcube.shop\/en\/plantcube\/\" class=\"button primary\" >\n\t\t<span>plantcube<\/span>\n\t<\/a>\n\n\t\t<\/div>\n\t\t\t\t\n<style>\n#col-1722614657 > .col-inner {\n  margin: -150px 0px 0px 0px;\n}\n@media (min-width:550px) {\n  #col-1722614657 > .col-inner {\n    margin: -200px 0px 0px 0px;\n  }\n}\n<\/style>\n\t<\/div>\n\n\t\n<\/div>\n\t\t<\/div>\n\n\t\t\n<style>\n#section_153403083 {\n  padding-top: 60px;\n  padding-bottom: 60px;\n  min-height: 300px;\n}\n#section_153403083 .section-bg img {\n  object-position: 51% 0%;\n}\n<\/style>\n\t<\/section>\n\t\n\t\t<\/div>\n\t\t\t\t\t<\/div>\n\n\t\n<\/div>","protected":false},"excerpt":{"rendered":"<p><b>Len sklenen\u00e9 um\u00fdvadlo<\/b><\/p>","protected":false},"featured_media":9898,"comment_status":"open","ping_status":"closed","template":"","meta":{"_acf_changed":false,"content-type":"","_monsterinsights_skip_tracking":false,"_monsterinsights_sitenote_active":false,"_monsterinsights_sitenote_note":"","_monsterinsights_sitenote_category":0},"product_brand":[],"product_cat":[341],"product_tag":[],"class_list":{"0":"post-6735","1":"product","2":"type-product","3":"status-publish","4":"has-post-thumbnail","6":"product_cat-vivariums","8":"first","9":"instock","10":"taxable","11":"shipping-taxable","12":"purchasable","13":"product-type-simple"},"acf":[],"aioseo_notices":[],"jetpack_sharing_enabled":true,"_links":{"self":[{"href":"https:\/\/antcube.shop\/sk\/wp-json\/wp\/v2\/product\/6735","targetHints":{"allow":["GET"]}}],"collection":[{"href":"https:\/\/antcube.shop\/sk\/wp-json\/wp\/v2\/product"}],"about":[{"href":"https:\/\/antcube.shop\/sk\/wp-json\/wp\/v2\/types\/product"}],"replies":[{"embeddable":true,"href":"https:\/\/antcube.shop\/sk\/wp-json\/wp\/v2\/comments?post=6735"}],"wp:featuredmedia":[{"embeddable":true,"href":"https:\/\/antcube.shop\/sk\/wp-json\/wp\/v2\/media\/9898"}],"wp:attachment":[{"href":"https:\/\/antcube.shop\/sk\/wp-json\/wp\/v2\/media?parent=6735"}],"wp:term":[{"taxonomy":"product_brand","embeddable":true,"href":"https:\/\/antcube.shop\/sk\/wp-json\/wp\/v2\/product_brand?post=6735"},{"taxonomy":"product_cat","embeddable":true,"href":"https:\/\/antcube.shop\/sk\/wp-json\/wp\/v2\/product_cat?post=6735"},{"taxonomy":"product_tag","embeddable":true,"href":"https:\/\/antcube.shop\/sk\/wp-json\/wp\/v2\/product_tag?post=6735"}],"curies":[{"name":"wp","href":"https:\/\/api.w.org\/{rel}","templated":true}]}}