{"id":6668,"date":"2023-12-05T14:03:20","date_gmt":"2023-12-05T13:03:20","guid":{"rendered":"https:\/\/antcube.shop\/product\/arena-hochstand-20x20cm\/"},"modified":"2026-04-10T14:36:17","modified_gmt":"2026-04-10T12:36:17","slug":"arena-vysoky-stojan-20x20cm","status":"publish","type":"product","link":"https:\/\/antcube.shop\/sk\/produkt\/arena-vysoky-stojan-20x20cm\/","title":{"rendered":"Ar\u00e9na vysok\u00fd stojan 20x20cm"},"content":{"rendered":"<div class=\"tab-body active\">\n<p><strong>Rozmery:<\/strong> 20x20x10<\/p>\n<p><strong>Materi\u00e1l: <\/strong>PMMA<\/p>\n<p><strong>Farba: <\/strong>kri\u0161t\u00e1\u013eovo \u010dist\u00fd, priesvitn\u00fd, prieh\u013eadn\u00fd<\/p>\n<p><strong>Obsah:<\/strong><br \/>\n4x vysok\u00e1 z\u00e1klad\u0148a stojana<br \/>\n2x predn\u00e1 a zadn\u00e1 strana s logom<br \/>\n2x bo\u010dn\u00e1 \u010das\u0165 bez loga<\/p>\n<p><strong>Pozn\u00e1mka:<\/strong> Diely sa dod\u00e1vaj\u00fa ako s\u00faprava alebo z\u00e1suvn\u00fd syst\u00e9m. Nie je potrebn\u00e9 \u017eiadne lepenie.<\/p>\n<p><span data-text-color=\"alert\"><strong>POZOR:<\/strong><\/span> Diely zostavujte opatrne, preto\u017ee niektor\u00e9 spoje s\u00fa citliv\u00e9.<\/p>\n<p><strong>Popis: V s\u00fa\u010dasnosti je na trhu viac ako 10 000 zariaden\u00ed, ktor\u00e9 s\u00fa ur\u010den\u00e9 na predaj:<\/strong> Vysok\u00fd stojan na mravenisk\u00e1 bol vyvinut\u00fd tak, aby bolo mo\u017en\u00e9 umiestni\u0165 mravenisk\u00e1 ANTCUBE do v\u00fd\u0161ky, ktor\u00e1 zodpoved\u00e1 v\u00fd\u0161ke pripojenia mraven\u00edsk. V\u010faka tomu je mo\u017en\u00e9 pou\u017e\u00edva\u0165 formik\u00e1rium ove\u013ea priestorovo \u00faspornej\u0161\u00edm sp\u00f4sobom s krat\u0161\u00edm kusom r\u00farky ako spojkou medzi mraveniskom a mraveniskom. Umo\u017e\u0148uje to tie\u017e pou\u017ei\u0165 na\u0161e kri\u0161t\u00e1\u013eovo \u010dist\u00e9 akrylov\u00e9 mravenisk\u00e1 ako spojenie bez toho, aby ste museli pracova\u0165 s kolenami.<\/p>\n<p><strong>Pou\u017eitie:<\/strong> pre mravenisko s <strong>podlahov\u00e1 plocha 20x20cm<\/strong><\/p>\n<\/div>","protected":false},"excerpt":{"rendered":"<p>Pre mravenisko s podlahovou plochou 20x20cm<\/p>","protected":false},"featured_media":6586,"comment_status":"open","ping_status":"closed","template":"","meta":{"_acf_changed":false,"content-type":"","_monsterinsights_skip_tracking":false,"_monsterinsights_sitenote_active":false,"_monsterinsights_sitenote_note":"","_monsterinsights_sitenote_category":0},"product_brand":[],"product_cat":[119,239],"product_tag":[],"class_list":{"0":"post-6668","1":"product","2":"type-product","3":"status-publish","4":"has-post-thumbnail","6":"product_cat-formicarium-components","7":"product_cat-useful-additions","9":"first","10":"instock","11":"taxable","12":"shipping-taxable","13":"purchasable","14":"product-type-simple"},"acf":[],"aioseo_notices":[],"jetpack_sharing_enabled":true,"_links":{"self":[{"href":"https:\/\/antcube.shop\/sk\/wp-json\/wp\/v2\/product\/6668","targetHints":{"allow":["GET"]}}],"collection":[{"href":"https:\/\/antcube.shop\/sk\/wp-json\/wp\/v2\/product"}],"about":[{"href":"https:\/\/antcube.shop\/sk\/wp-json\/wp\/v2\/types\/product"}],"replies":[{"embeddable":true,"href":"https:\/\/antcube.shop\/sk\/wp-json\/wp\/v2\/comments?post=6668"}],"wp:featuredmedia":[{"embeddable":true,"href":"https:\/\/antcube.shop\/sk\/wp-json\/wp\/v2\/media\/6586"}],"wp:attachment":[{"href":"https:\/\/antcube.shop\/sk\/wp-json\/wp\/v2\/media?parent=6668"}],"wp:term":[{"taxonomy":"product_brand","embeddable":true,"href":"https:\/\/antcube.shop\/sk\/wp-json\/wp\/v2\/product_brand?post=6668"},{"taxonomy":"product_cat","embeddable":true,"href":"https:\/\/antcube.shop\/sk\/wp-json\/wp\/v2\/product_cat?post=6668"},{"taxonomy":"product_tag","embeddable":true,"href":"https:\/\/antcube.shop\/sk\/wp-json\/wp\/v2\/product_tag?post=6668"}],"curies":[{"name":"wp","href":"https:\/\/api.w.org\/{rel}","templated":true}]}}