{"id":6663,"date":"2023-12-05T13:39:04","date_gmt":"2023-12-05T12:39:04","guid":{"rendered":"https:\/\/antcube.shop\/product\/transparente-klebe-pads-3x2cm-8st\/"},"modified":"2026-03-20T13:42:48","modified_gmt":"2026-03-20T12:42:48","slug":"priehladne-samolepiace-podlozky-3x2cm","status":"publish","type":"product","link":"https:\/\/antcube.shop\/sk\/produkt\/priehladne-samolepiace-podlozky-3x2cm\/","title":{"rendered":"Prieh\u013eadn\u00e9 lepiace podlo\u017eky 4ks."},"content":{"rendered":"<p><strong>Rozmery:<\/strong> 5,2 x1,5 mm<\/p>\n<p><strong>Farba:<\/strong> prieh\u013eadn\u00fd \/ mlie\u010dny<\/p>\n<p><strong>Materi\u00e1l:<\/strong> PVC<\/p>\n<p><strong>Vlastnos\u0165:<\/strong> siln\u00e9 lepidlo na oboch stran\u00e1ch<\/p>\n<p><strong>Popis: V s\u00fa\u010dasnosti je na trhu viac ako 10 000 zariaden\u00ed, ktor\u00e9 s\u00fa ur\u010den\u00e9 na predaj:<\/strong> Ide\u00e1lne na upevnenie predmetov s hladk\u00fdm povrchom vo formik\u00e1riu. Ako napr. Termo vlhkomer, dekor\u00e1cie, plo\u0161iny at\u010f.<\/p>","protected":false},"excerpt":{"rendered":"<p>Rozmery: Farba: prieh\u013eadn\u00e1 \/ mlie\u010dna Materi\u00e1l: 5,2 x1,5 mm: Vlastnosti: obojstranne siln\u00e9 lepidlo Popis: PVC Ide\u00e1lne na upevnenie predmetov s hladk\u00fdm povrchom vo formik\u00e1riu. Ako napr. Termo vlhkomer, dekor\u00e1cie, plo\u0161iny at\u010f.<\/p>","protected":false},"featured_media":6667,"comment_status":"open","ping_status":"closed","template":"","meta":{"_acf_changed":false,"content-type":"","_monsterinsights_skip_tracking":false,"_monsterinsights_sitenote_active":false,"_monsterinsights_sitenote_note":"","_monsterinsights_sitenote_category":0},"product_brand":[],"product_cat":[359,119],"product_tag":[],"class_list":{"0":"post-6663","1":"product","2":"type-product","3":"status-publish","4":"has-post-thumbnail","6":"product_cat-light-heat-humidity","7":"product_cat-formicarium-components","9":"first","10":"instock","11":"taxable","12":"shipping-taxable","13":"purchasable","14":"product-type-simple"},"acf":[],"aioseo_notices":[],"jetpack_sharing_enabled":true,"_links":{"self":[{"href":"https:\/\/antcube.shop\/sk\/wp-json\/wp\/v2\/product\/6663","targetHints":{"allow":["GET"]}}],"collection":[{"href":"https:\/\/antcube.shop\/sk\/wp-json\/wp\/v2\/product"}],"about":[{"href":"https:\/\/antcube.shop\/sk\/wp-json\/wp\/v2\/types\/product"}],"replies":[{"embeddable":true,"href":"https:\/\/antcube.shop\/sk\/wp-json\/wp\/v2\/comments?post=6663"}],"wp:featuredmedia":[{"embeddable":true,"href":"https:\/\/antcube.shop\/sk\/wp-json\/wp\/v2\/media\/6667"}],"wp:attachment":[{"href":"https:\/\/antcube.shop\/sk\/wp-json\/wp\/v2\/media?parent=6663"}],"wp:term":[{"taxonomy":"product_brand","embeddable":true,"href":"https:\/\/antcube.shop\/sk\/wp-json\/wp\/v2\/product_brand?post=6663"},{"taxonomy":"product_cat","embeddable":true,"href":"https:\/\/antcube.shop\/sk\/wp-json\/wp\/v2\/product_cat?post=6663"},{"taxonomy":"product_tag","embeddable":true,"href":"https:\/\/antcube.shop\/sk\/wp-json\/wp\/v2\/product_tag?post=6663"}],"curies":[{"name":"wp","href":"https:\/\/api.w.org\/{rel}","templated":true}]}}