{"id":6631,"date":"2023-12-04T15:12:05","date_gmt":"2023-12-04T14:12:05","guid":{"rendered":"https:\/\/antcube.shop\/product\/klebeklammern-transparent-2-stk\/"},"modified":"2026-04-03T01:07:08","modified_gmt":"2026-04-02T23:07:08","slug":"samolepiace-klipy-transparentne-2-ks-2","status":"publish","type":"product","link":"https:\/\/antcube.shop\/sk\/produkt\/samolepiace-klipy-transparentne-2-ks-2\/","title":{"rendered":"Lepiace klipy - transparentn\u00e9 2 ks."},"content":{"rendered":"<p><strong>Rozmery:<\/strong> 24 x 13 mm<br \/>\n<strong>Materi\u00e1l:<\/strong> Akryl<br \/>\n<strong>Mno\u017estvo:<\/strong> 2 kusy<\/p>\n<p><strong>Popis: V s\u00fa\u010dasnosti je na trhu viac ako 10 000 zariaden\u00ed, ktor\u00e9 s\u00fa ur\u010den\u00e9 na predaj:<\/strong> Prieh\u013eadn\u00e9 plastov\u00e9 klipy s lepiacim povrchom. Ide\u00e1lne na pripevnenie na\u0161ich \u010derven\u00fdch f\u00f3li\u00ed a vykurovac\u00edch roho\u017e\u00ed na predn\u00fa alebo zadn\u00fa stranu na\u0161ich mraven\u00edsk. Vyhrievacie roho\u017ee tak nemusia by\u0165 pevne prilepen\u00e9 k zadnej \u010dasti mraveniska a m\u00f4\u017eu by\u0165 pripevnen\u00e9 pod\u013ea potreby. V\u010faka prieh\u013eadn\u00e9mu materi\u00e1lu sa optika nenaru\u0161uje.<\/p>\n<p><strong>Farba:<\/strong> transparentn\u00e9<\/p>","protected":false},"excerpt":{"rendered":"<p>Rozmery: Materi\u00e1l: 24 x 13 mm: Materi\u00e1l: akryl Mno\u017estvo: 2 kusy Popis: 24 x 24 mm, 24 x 24 mm, 24 x 24 mm, 24 x 24 mm: Prieh\u013eadn\u00e9 plastov\u00e9 klipy s lepiacim povrchom. Ide\u00e1lne na pripevnenie na\u0161ich \u010derven\u00fdch f\u00f3li\u00ed a vyhrievac\u00edch podlo\u017eiek na predn\u00fa alebo zadn\u00fa stranu na\u0161ich mraven\u00edsk. Vyhrievacie roho\u017ee tak nemusia by\u0165 pevne prilepen\u00e9 k zadnej \u010dasti mraveniska a m\u00f4\u017eu by\u0165","protected":false},"featured_media":6628,"comment_status":"open","ping_status":"closed","template":"","meta":{"_acf_changed":false,"content-type":"","_monsterinsights_skip_tracking":false,"_monsterinsights_sitenote_active":false,"_monsterinsights_sitenote_note":"","_monsterinsights_sitenote_category":0},"product_brand":[],"product_cat":[359,119,239],"product_tag":[],"class_list":{"0":"post-6631","1":"product","2":"type-product","3":"status-publish","4":"has-post-thumbnail","6":"product_cat-light-heat-humidity","7":"product_cat-formicarium-components","8":"product_cat-useful-additions","10":"first","11":"instock","12":"taxable","13":"shipping-taxable","14":"purchasable","15":"product-type-simple"},"acf":[],"aioseo_notices":[],"jetpack_sharing_enabled":true,"_links":{"self":[{"href":"https:\/\/antcube.shop\/sk\/wp-json\/wp\/v2\/product\/6631","targetHints":{"allow":["GET"]}}],"collection":[{"href":"https:\/\/antcube.shop\/sk\/wp-json\/wp\/v2\/product"}],"about":[{"href":"https:\/\/antcube.shop\/sk\/wp-json\/wp\/v2\/types\/product"}],"replies":[{"embeddable":true,"href":"https:\/\/antcube.shop\/sk\/wp-json\/wp\/v2\/comments?post=6631"}],"wp:featuredmedia":[{"embeddable":true,"href":"https:\/\/antcube.shop\/sk\/wp-json\/wp\/v2\/media\/6628"}],"wp:attachment":[{"href":"https:\/\/antcube.shop\/sk\/wp-json\/wp\/v2\/media?parent=6631"}],"wp:term":[{"taxonomy":"product_brand","embeddable":true,"href":"https:\/\/antcube.shop\/sk\/wp-json\/wp\/v2\/product_brand?post=6631"},{"taxonomy":"product_cat","embeddable":true,"href":"https:\/\/antcube.shop\/sk\/wp-json\/wp\/v2\/product_cat?post=6631"},{"taxonomy":"product_tag","embeddable":true,"href":"https:\/\/antcube.shop\/sk\/wp-json\/wp\/v2\/product_tag?post=6631"}],"curies":[{"name":"wp","href":"https:\/\/api.w.org\/{rel}","templated":true}]}}