{"id":6581,"date":"2023-12-04T13:54:37","date_gmt":"2023-12-04T12:54:37","guid":{"rendered":"https:\/\/antcube.shop\/product\/humidity-control-ii-timer\/"},"modified":"2026-04-02T12:12:11","modified_gmt":"2026-04-02T10:12:11","slug":"casovac-riadenia-vlhkosti-ii","status":"publish","type":"product","link":"https:\/\/antcube.shop\/sk\/produkt\/casovac-riadenia-vlhkosti-ii\/","title":{"rendered":"Regul\u00e1cia vlhkosti II + \u010dasova\u010d"},"content":{"rendered":"<p><strong>Popis: V s\u00fa\u010dasnosti je na trhu viac ako 10 000 zariaden\u00ed, ktor\u00e9 s\u00fa ur\u010den\u00e9 na predaj:<\/strong> Humidity Control 2 je digit\u00e1lny hygrostat, ktor\u00fd za bezprecedentn\u00fa cenu nenech\u00e1va ni\u010d na n\u00e1hodu.<br \/>\nM\u00e1 dva okruhy, ktor\u00e9 umo\u017e\u0148uj\u00fa r\u00f4zne nastavenia pre de\u0148 a noc. V zariaden\u00ed s\u00fa integrovan\u00e9 hodiny re\u00e1lneho \u010dasu, tak\u017ee prep\u00ednanie medzi d\u0148om a nocou sa vykon\u00e1va flexibilne prostredn\u00edctvom \u010dasu. Integrovan\u00fd je aj \u010dasova\u010d, ktor\u00fd umo\u017e\u0148uje nastavi\u0165 dva \u010dasy zapnutia a vypnutia prostredn\u00edctvom hod\u00edn. Najmen\u0161\u00ed \u010dasov\u00fd \u00fasek je jedna min\u00fata.<br \/>\nMedzi \u010fal\u0161ie funkcie patr\u00ed funkcia alarmu (vizu\u00e1lna a zvukov\u00e1), mo\u017enos\u0165 prepnutia z re\u017eimu zvlh\u010dova\u010da do re\u017eimu odvlh\u010dova\u010da, napr. pri pou\u017eit\u00ed s ventil\u00e1tormi, a mo\u017enos\u0165 ovplyvni\u0165 re\u017eim prep\u00ednania hygrostatu. M\u00f4\u017eete definova\u0165 odch\u00fdlku, pri ktorej sa hygrostat prep\u00edna. M\u00f4\u017eete tu napr\u00edklad zvoli\u0165 hodnotu 15, t. j. zvlh\u010dova\u010d sa zapne len vtedy, ke\u010f je nameran\u00e1 vlhkos\u0165 15% ni\u017e\u0161ia ako nastaven\u00e1 hodnota. To m\u00f4\u017ee by\u0165 u\u017eito\u010dn\u00e9, aby sa zabr\u00e1nilo neust\u00e1lemu zap\u00ednaniu a vyp\u00ednaniu zvlh\u010dova\u010da, ke\u010f\u017ee vlhkos\u0165 vzduchu kol\u00ed\u0161e aj v pr\u00edrode.<br \/>\nZariadenia sa prip\u00e1jaj\u00fa pomocou spojok Schuko. Maxim\u00e1lny sp\u00ednac\u00ed v\u00fdkon je 1000 W. Na displeji sa neust\u00e1le zobrazuje nameran\u00e1 vlhkos\u0165. Rozsah je 1 a\u017e 99%.<\/p>\n<p>- Dva okruhy pre r\u00f4zne nastavenia vlhkosti vo dne a v noci<br \/>\n- Hodiny re\u00e1lneho \u010dasu, denn\u00e9 \u010dasy s\u00fa definovan\u00e9 \u010dasom<br \/>\n- Integrovan\u00fd \u010dasova\u010d<br \/>\n- Trval\u00e9 zobrazenie vlhkosti<br \/>\n- Zariadenie mo\u017eno prep\u00edna\u0165 medzi zvlh\u010dovan\u00edm a odvlh\u010dovan\u00edm<br \/>\n- Funkcia alarmu v pr\u00edpade odch\u00fdlky (nastavite\u013en\u00e1 medzi 1% a 50% relat\u00edvnej vlhkosti)<br \/>\n- Presn\u00fd dia\u013ekov\u00fd sn\u00edma\u010d<br \/>\n- Uzemnen\u00e9 z\u00e1suvky<br \/>\n- Sp\u00ednacia kapacita max. 1000<\/p>","protected":false},"excerpt":{"rendered":"<p>Popis: V s\u00fa\u010dasnosti sa nach\u00e1dza na \u00fazem\u00ed Slovenskej republiky: Vlhkos\u0165 Control 2 je digit\u00e1lny hygrostat, ktor\u00fd za bezprecedentn\u00fa cenu nenech\u00e1va ni\u010d na n\u00e1hodu. M\u00e1 dva okruhy, ktor\u00e9 umo\u017e\u0148uj\u00fa r\u00f4zne nastavenia pre de\u0148 a noc. V zariaden\u00ed s\u00fa integrovan\u00e9 hodiny re\u00e1lneho \u010dasu, tak\u017ee prep\u00ednanie medzi d\u0148om a nocou sa vykon\u00e1va flexibilne prostredn\u00edctvom \u010dasu. \u010casova\u010d je","protected":false},"featured_media":6602,"comment_status":"open","ping_status":"closed","template":"","meta":{"_acf_changed":false,"content-type":"","_monsterinsights_skip_tracking":false,"_monsterinsights_sitenote_active":false,"_monsterinsights_sitenote_note":"","_monsterinsights_sitenote_category":0},"product_brand":[],"product_cat":[359,119],"product_tag":[],"class_list":{"0":"post-6581","1":"product","2":"type-product","3":"status-publish","4":"has-post-thumbnail","6":"product_cat-light-heat-humidity","7":"product_cat-formicarium-components","9":"first","10":"instock","11":"taxable","12":"shipping-taxable","13":"purchasable","14":"product-type-simple"},"acf":[],"aioseo_notices":[],"jetpack_sharing_enabled":true,"_links":{"self":[{"href":"https:\/\/antcube.shop\/sk\/wp-json\/wp\/v2\/product\/6581","targetHints":{"allow":["GET"]}}],"collection":[{"href":"https:\/\/antcube.shop\/sk\/wp-json\/wp\/v2\/product"}],"about":[{"href":"https:\/\/antcube.shop\/sk\/wp-json\/wp\/v2\/types\/product"}],"replies":[{"embeddable":true,"href":"https:\/\/antcube.shop\/sk\/wp-json\/wp\/v2\/comments?post=6581"}],"wp:featuredmedia":[{"embeddable":true,"href":"https:\/\/antcube.shop\/sk\/wp-json\/wp\/v2\/media\/6602"}],"wp:attachment":[{"href":"https:\/\/antcube.shop\/sk\/wp-json\/wp\/v2\/media?parent=6581"}],"wp:term":[{"taxonomy":"product_brand","embeddable":true,"href":"https:\/\/antcube.shop\/sk\/wp-json\/wp\/v2\/product_brand?post=6581"},{"taxonomy":"product_cat","embeddable":true,"href":"https:\/\/antcube.shop\/sk\/wp-json\/wp\/v2\/product_cat?post=6581"},{"taxonomy":"product_tag","embeddable":true,"href":"https:\/\/antcube.shop\/sk\/wp-json\/wp\/v2\/product_tag?post=6581"}],"curies":[{"name":"wp","href":"https:\/\/api.w.org\/{rel}","templated":true}]}}