{"id":6580,"date":"2023-12-04T13:54:31","date_gmt":"2023-12-04T12:54:31","guid":{"rendered":"https:\/\/antcube.shop\/product\/thermo-control-pro-ii\/"},"modified":"2026-02-14T18:04:10","modified_gmt":"2026-02-14T17:04:10","slug":"thermo-control-pro-ii","status":"publish","type":"product","link":"https:\/\/antcube.shop\/sk\/produkt\/thermo-control-pro-ii\/","title":{"rendered":"Thermo Control Pro II"},"content":{"rendered":"<p><strong>Popis: V s\u00fa\u010dasnosti je na trhu viac ako 10 000 zariaden\u00ed, ktor\u00e9 s\u00fa ur\u010den\u00e9 na predaj:<\/strong> Thermo Control PRO II je \u010fal\u0161\u00edm v\u00fdvojom Thermo Control II. Hlavn\u00fdmi rozdielmi s\u00fa hodiny re\u00e1lneho \u010dasu a dva teplotn\u00e9 okruhy, tak\u017ee je mo\u017en\u00e9 nastavi\u0165 r\u00f4zne teploty pre de\u0148 a noc. Prep\u00ednanie medzi dennou a no\u010dnou prev\u00e1dzkou je \u010dasovo riaden\u00e9.<br \/>\nNa rozdiel od modelu Thermo Control II je mo\u017en\u00e9 pri tomto modeli nastavi\u0165 \u010das v jednotk\u00e1ch min\u00fat. K dispoz\u00edcii s\u00fa dva mo\u017en\u00e9 \u010dasy zapnutia\/vypnutia.<br \/>\nOkrem toho je mo\u017en\u00e9 zariadenie prep\u00edna\u0165 medzi re\u017eimom vykurovania a chladenia, napr. na prev\u00e1dzku ventil\u00e1torov. Po dosiahnut\u00ed nastavenej teploty sa termostat namiesto vypnutia zapne.<br \/>\nMaxim\u00e1lny sp\u00ednac\u00ed v\u00fdkon je 1000 W. Teplotn\u00fd rozsah 0-50 \u00b0C.<\/p>\n<p>- Dva sp\u00ednacie okruhy pre r\u00f4zne denn\u00e9 a no\u010dn\u00e9 nastavenia<br \/>\n- Hodiny re\u00e1lneho \u010dasu, denn\u00e9 \u010dasy s\u00fa definovan\u00e9 \u010dasom<br \/>\n- Integrovan\u00fd \u010dasova\u010d<br \/>\n- Trval\u00e9 zobrazenie teploty<br \/>\n- Prep\u00ednanie medzi re\u017eimom vykurovania a chladenia<br \/>\n- Funkcia alarmu v pr\u00edpade odch\u00fdlky (nastavite\u013en\u00e1 v rozmedz\u00ed od 1 \u00b0C do 15 \u00b0C)<br \/>\n- 2 m dlh\u00fd dia\u013ekov\u00fd senzor, vhodn\u00fd aj pre akv\u00e1ri\u00e1<br \/>\n- Uzemnen\u00e9 z\u00e1suvky<br \/>\n- Sp\u00ednacia kapacita max. 1000 wattov<\/p>\n<p>- Odpor\u00fa\u010da sa pou\u017e\u00edva\u0165 s vykurovac\u00edmi roho\u017eami, vykurovac\u00edmi k\u00e1blami, vykurovac\u00edmi kame\u0148mi a keramick\u00fdmi s\u00e1lav\u00fdmi ohrieva\u010dmi, aby sa zabr\u00e1nilo prehriatiu ter\u00e1ria.<\/p>\n<p><strong>Webov\u00fd odkaz:<\/strong> http:\/\/www.antstore.net\/viewtopic.php?f=18&amp;p=108893<\/p>","protected":false},"excerpt":{"rendered":"<p>Popis: V s\u00fa\u010dasnosti sa nach\u00e1dza na \u00fazem\u00ed Slovenskej republiky: Thermo Control PRO II je \u010fal\u0161\u00edm v\u00fdvojom Thermo Control II. Hlavn\u00fdmi rozdielmi s\u00fa hodiny re\u00e1lneho \u010dasu a dva teplotn\u00e9 okruhy, tak\u017ee je mo\u017en\u00e9 nastavi\u0165 r\u00f4zne teploty pre de\u0148 a noc. Prep\u00ednanie medzi dennou a no\u010dnou prev\u00e1dzkou je riaden\u00e9 \u010dasom. Na rozdiel od Thermo Control II je mo\u017en\u00e9 nastavi\u0165 \u010das","protected":false},"featured_media":6600,"comment_status":"open","ping_status":"closed","template":"","meta":{"_acf_changed":false,"content-type":"","_monsterinsights_skip_tracking":false,"_monsterinsights_sitenote_active":false,"_monsterinsights_sitenote_note":"","_monsterinsights_sitenote_category":0},"product_brand":[],"product_cat":[359,119],"product_tag":[],"class_list":{"0":"post-6580","1":"product","2":"type-product","3":"status-publish","4":"has-post-thumbnail","6":"product_cat-light-heat-humidity","7":"product_cat-formicarium-components","9":"first","10":"outofstock","11":"taxable","12":"shipping-taxable","13":"purchasable","14":"product-type-simple"},"acf":[],"aioseo_notices":[],"jetpack_sharing_enabled":true,"_links":{"self":[{"href":"https:\/\/antcube.shop\/sk\/wp-json\/wp\/v2\/product\/6580","targetHints":{"allow":["GET"]}}],"collection":[{"href":"https:\/\/antcube.shop\/sk\/wp-json\/wp\/v2\/product"}],"about":[{"href":"https:\/\/antcube.shop\/sk\/wp-json\/wp\/v2\/types\/product"}],"replies":[{"embeddable":true,"href":"https:\/\/antcube.shop\/sk\/wp-json\/wp\/v2\/comments?post=6580"}],"wp:featuredmedia":[{"embeddable":true,"href":"https:\/\/antcube.shop\/sk\/wp-json\/wp\/v2\/media\/6600"}],"wp:attachment":[{"href":"https:\/\/antcube.shop\/sk\/wp-json\/wp\/v2\/media?parent=6580"}],"wp:term":[{"taxonomy":"product_brand","embeddable":true,"href":"https:\/\/antcube.shop\/sk\/wp-json\/wp\/v2\/product_brand?post=6580"},{"taxonomy":"product_cat","embeddable":true,"href":"https:\/\/antcube.shop\/sk\/wp-json\/wp\/v2\/product_cat?post=6580"},{"taxonomy":"product_tag","embeddable":true,"href":"https:\/\/antcube.shop\/sk\/wp-json\/wp\/v2\/product_tag?post=6580"}],"curies":[{"name":"wp","href":"https:\/\/api.w.org\/{rel}","templated":true}]}}