{"id":6579,"date":"2023-12-04T13:54:25","date_gmt":"2023-12-04T12:54:25","guid":{"rendered":"https:\/\/antcube.shop\/product\/thermo-control-ii-timer\/"},"modified":"2026-04-09T15:04:50","modified_gmt":"2026-04-09T13:04:50","slug":"casovac-thermo-control-ii","status":"publish","type":"product","link":"https:\/\/antcube.shop\/sk\/produkt\/casovac-thermo-control-ii\/","title":{"rendered":"Thermo Control II + \u010dasova\u010d"},"content":{"rendered":"<p><strong>Popis: V s\u00fa\u010dasnosti je na trhu viac ako 10 000 zariaden\u00ed, ktor\u00e9 s\u00fa ur\u010den\u00e9 na predaj:<\/strong> N\u00e1stupca ob\u013e\u00faben\u00fdch termostatov Thermo Control pripom\u00edna z\u00e1kladn\u00fd model len cenou.<br \/>\nThermo Control 2 je digit\u00e1lny termostat s teplotn\u00fdm rozsahom 0-50 \u00b0C. V\u010faka zobrazeniu kon\u0161tantnej teploty funguje aj ako teplomer.<br \/>\nOhrieva\u010de s maxim\u00e1lnym celkov\u00fdm v\u00fdkonom 1200 W je mo\u017en\u00e9 pripoji\u0165 pomocou spojky Schuko. \u010eal\u0161ia spojka Schuko sa ovl\u00e1da prostredn\u00edctvom integrovanej funkcie \u010dasova\u010da, ktor\u00fa mo\u017eno pou\u017ei\u0165 napr\u00edklad na nastavenie prev\u00e1dzkov\u00e9ho \u010dasu osvetlenia alebo ventil\u00e1torov. Sn\u00edma\u010d je vhodn\u00fd na meranie vo vzduchu a vo vode a k termostatu sa prip\u00e1ja k\u00e1blom, rovnako ako spojka a nap\u00e1jacia jednotka.<br \/>\nOkrem toho m\u00e1 Thermo Control 2 funkciu alarmu, ktor\u00e1 vizu\u00e1lne a akusticky upozorn\u00ed na prekro\u010denie alebo pokles teploty pod po\u017eadovan\u00fa hodnotu (hodnoty mo\u017eno nastavi\u0165 v rozmedz\u00ed od 1 \u00b0C do 5 \u00b0C).<br \/>\nZariadenie, ktor\u00e9 by nemalo ch\u00fdba\u0165 v \u017eiadnom ter\u00e1riu!<\/p>\n<p>- so samostatne pou\u017eite\u013en\u00fdm \u010dasova\u010dom, napr. pre osvetlenie alebo vetranie<br \/>\n- Funkcia alarmu v pr\u00edpade odch\u00fdlky teploty (nastavite\u013en\u00e1 v rozmedz\u00ed 1\u00b0C a\u017e 5\u00b0C)<br \/>\n- Zobrazenie nameranej teploty<br \/>\n- 2 m dlh\u00fd dia\u013ekov\u00fd senzor, vhodn\u00fd aj pre akv\u00e1ri\u00e1<br \/>\n- Uzemnen\u00e9 z\u00e1suvky<br \/>\n- Sp\u00ednac\u00ed v\u00fdkon 1200 W<\/p>\n<p>- Odpor\u00fa\u010da sa pou\u017e\u00edva\u0165 s vykurovac\u00edmi roho\u017eami, vykurovac\u00edmi k\u00e1blami, vykurovac\u00edmi kame\u0148mi a keramick\u00fdmi s\u00e1lav\u00fdmi ohrieva\u010dmi, aby sa zabr\u00e1nilo prehriatiu ter\u00e1ria.<\/p>\n<p><strong>Webov\u00fd odkaz:<\/strong> http:\/\/www.antstore.net\/viewtopic.php?f=18&amp;p=108893<\/p>","protected":false},"excerpt":{"rendered":"<p>Popis: V s\u00fa\u010dasnosti sa nach\u00e1dza na \u00fazem\u00ed Slovenskej republiky: Pri n\u00e1stupcovi ob\u013e\u00faben\u00fdch termostatov Thermo Control pripom\u00edna z\u00e1kladn\u00fd model len cena. Thermo Control 2 je digit\u00e1lny termostat s teplotn\u00fdm rozsahom 0-50 \u00b0C. V\u010faka zobrazeniu kon\u0161tantnej teploty funguje aj ako teplomer. Ohrieva\u010de s maxim\u00e1lnym celkov\u00fdm v\u00fdkonom 1200 W m\u00f4\u017eu","protected":false},"featured_media":6598,"comment_status":"open","ping_status":"closed","template":"","meta":{"_acf_changed":false,"content-type":"","_monsterinsights_skip_tracking":false,"_monsterinsights_sitenote_active":false,"_monsterinsights_sitenote_note":"","_monsterinsights_sitenote_category":0},"product_brand":[],"product_cat":[359,119],"product_tag":[],"class_list":{"0":"post-6579","1":"product","2":"type-product","3":"status-publish","4":"has-post-thumbnail","6":"product_cat-light-heat-humidity","7":"product_cat-formicarium-components","9":"first","10":"instock","11":"taxable","12":"shipping-taxable","13":"purchasable","14":"product-type-simple"},"acf":[],"aioseo_notices":[],"jetpack_sharing_enabled":true,"_links":{"self":[{"href":"https:\/\/antcube.shop\/sk\/wp-json\/wp\/v2\/product\/6579","targetHints":{"allow":["GET"]}}],"collection":[{"href":"https:\/\/antcube.shop\/sk\/wp-json\/wp\/v2\/product"}],"about":[{"href":"https:\/\/antcube.shop\/sk\/wp-json\/wp\/v2\/types\/product"}],"replies":[{"embeddable":true,"href":"https:\/\/antcube.shop\/sk\/wp-json\/wp\/v2\/comments?post=6579"}],"wp:featuredmedia":[{"embeddable":true,"href":"https:\/\/antcube.shop\/sk\/wp-json\/wp\/v2\/media\/6598"}],"wp:attachment":[{"href":"https:\/\/antcube.shop\/sk\/wp-json\/wp\/v2\/media?parent=6579"}],"wp:term":[{"taxonomy":"product_brand","embeddable":true,"href":"https:\/\/antcube.shop\/sk\/wp-json\/wp\/v2\/product_brand?post=6579"},{"taxonomy":"product_cat","embeddable":true,"href":"https:\/\/antcube.shop\/sk\/wp-json\/wp\/v2\/product_cat?post=6579"},{"taxonomy":"product_tag","embeddable":true,"href":"https:\/\/antcube.shop\/sk\/wp-json\/wp\/v2\/product_tag?post=6579"}],"curies":[{"name":"wp","href":"https:\/\/api.w.org\/{rel}","templated":true}]}}