{"id":6578,"date":"2023-12-04T13:54:19","date_gmt":"2023-12-04T12:54:19","guid":{"rendered":"https:\/\/antcube.shop\/product\/mini-thermo-hygrometer-digital-weis-selbstklebend\/"},"modified":"2026-04-04T11:44:15","modified_gmt":"2026-04-04T09:44:15","slug":"mini-teplomer-digitalny-biely-samolepiaci","status":"publish","type":"product","link":"https:\/\/antcube.shop\/sk\/produkt\/mini-teplomer-digitalny-biely-samolepiaci\/","title":{"rendered":"Mini termohygrometer digit\u00e1lny - biely - samolepiaci"},"content":{"rendered":"<p><strong>Rozsah merania:<\/strong> -10 a\u017e +60 \u00b0C \/ 10% a\u017e 99%<\/p>\n<p><strong>Rozmery:<\/strong> 52 x39x15 mm<\/p>\n<p><strong>Popis: V s\u00fa\u010dasnosti je na trhu viac ako 10 000 zariaden\u00ed, ktor\u00e9 s\u00fa ur\u010den\u00e9 na predaj:<\/strong><br \/>\nS funkciou max\/mini, so stojanom, vr\u00e1tane gomb\u00edkovej bat\u00e9rie LR 44.<\/p>\n<p><strong>Pozn\u00e1mka:<\/strong><br \/>\nNa dosiahnutie \u010do najpresnej\u0161ieho v\u00fdsledku merania je d\u00f4le\u017eit\u00e9, aby zadn\u00e9 vetracie otvory neboli blokovan\u00e9 mont\u00e1\u017eou!<br \/>\nPri upev\u0148ovan\u00ed zariadenia sa uistite, \u017ee sa zvierat\u00e1 nem\u00f4\u017eu dosta\u0165 k zariadeniu alebo k lepiacemu upevneniu pomocou vhodnej ochrany proti \u00faniku.<br \/>\nAk v\u0161ak existuje riziko, \u017ee sa tak stane, na upevnenie by sa mali pou\u017ei\u0165 na\u0161e prieh\u013eadn\u00e9 lepiace podlo\u017eky (\u010d. tovaru 1002314).<\/p>\n<p><strong>Nariadenie WEEE:<\/strong> DE 78184127<\/p>\n<p><strong>Inform\u00e1cie o likvid\u00e1cii n\u00e1jdete v predpisoch o bat\u00e9ri\u00e1ch:<\/strong><\/p>\n<p><a href=\"https:\/\/www.antstore.net\/shop\/de\/info\/Batterieverordnung.html\" target=\"_blank\" rel=\"noopener\">https:\/\/www.antstore.net\/shop\/de\/info\/Batterieverordnung.html<\/a><\/p>","protected":false},"excerpt":{"rendered":"<p>Rozsah merania: -10 a\u017e +60 \u00b0C \/ 10 a\u017e 99% , Rozmery: 52 x 39 x 15 mm<\/p>","protected":false},"featured_media":6620,"comment_status":"open","ping_status":"closed","template":"","meta":{"_acf_changed":false,"content-type":"","_monsterinsights_skip_tracking":false,"_monsterinsights_sitenote_active":false,"_monsterinsights_sitenote_note":"","_monsterinsights_sitenote_category":0},"product_brand":[],"product_cat":[359,119,239],"product_tag":[],"class_list":{"0":"post-6578","1":"product","2":"type-product","3":"status-publish","4":"has-post-thumbnail","6":"product_cat-light-heat-humidity","7":"product_cat-formicarium-components","8":"product_cat-useful-additions","10":"first","11":"instock","12":"taxable","13":"shipping-taxable","14":"purchasable","15":"product-type-simple"},"acf":[],"aioseo_notices":[],"jetpack_sharing_enabled":true,"_links":{"self":[{"href":"https:\/\/antcube.shop\/sk\/wp-json\/wp\/v2\/product\/6578","targetHints":{"allow":["GET"]}}],"collection":[{"href":"https:\/\/antcube.shop\/sk\/wp-json\/wp\/v2\/product"}],"about":[{"href":"https:\/\/antcube.shop\/sk\/wp-json\/wp\/v2\/types\/product"}],"replies":[{"embeddable":true,"href":"https:\/\/antcube.shop\/sk\/wp-json\/wp\/v2\/comments?post=6578"}],"wp:featuredmedia":[{"embeddable":true,"href":"https:\/\/antcube.shop\/sk\/wp-json\/wp\/v2\/media\/6620"}],"wp:attachment":[{"href":"https:\/\/antcube.shop\/sk\/wp-json\/wp\/v2\/media?parent=6578"}],"wp:term":[{"taxonomy":"product_brand","embeddable":true,"href":"https:\/\/antcube.shop\/sk\/wp-json\/wp\/v2\/product_brand?post=6578"},{"taxonomy":"product_cat","embeddable":true,"href":"https:\/\/antcube.shop\/sk\/wp-json\/wp\/v2\/product_cat?post=6578"},{"taxonomy":"product_tag","embeddable":true,"href":"https:\/\/antcube.shop\/sk\/wp-json\/wp\/v2\/product_tag?post=6578"}],"curies":[{"name":"wp","href":"https:\/\/api.w.org\/{rel}","templated":true}]}}