{"id":6577,"date":"2023-12-04T13:54:13","date_gmt":"2023-12-04T12:54:13","guid":{"rendered":"https:\/\/antcube.shop\/product\/ameisenarena-nebler-gros\/"},"modified":"2026-04-24T14:25:11","modified_gmt":"2026-04-24T12:25:11","slug":"mravenisko-arena-fogger-velke","status":"publish","type":"product","link":"https:\/\/antcube.shop\/sk\/produkt\/mravenisko-arena-fogger-velke\/","title":{"rendered":"Mravenisko - hmlovka - ve\u013ek\u00e1"},"content":{"rendered":"<p><strong>Obsah:<\/strong><br \/>\n- Fogger<br \/>\n- Zodpovedaj\u00faca z\u00e1tka s 22 mm otvorom na pripojenie hadice ku krytu mraveniska<br \/>\n- Roz\u0161\u00edrite\u013en\u00e1 hadica<\/p>\n<p><strong>Materi\u00e1l:<\/strong> plast<\/p>\n<p><strong>Farba:<\/strong> \u010dierna<\/p>\n<p>Technick\u00e9 \u00fadaje:<br \/>\nNap\u00e4tie: AC 120-240 V - 50\/60 Hz<br \/>\nD\u013a\u017eka k\u00e1bla: 1,20 m<br \/>\nKapacita n\u00e1dr\u017ee na vodu: 4 l<br \/>\nD\u013a\u017eka hadice: individu\u00e1lne pred\u013a\u017eite\u013en\u00e1 v rozsahu 40 a\u017e 160 cm<br \/>\nGenerovanie hmly: 150-300 ml\/h<br \/>\nMaxim\u00e1lna v\u00fd\u0161ka zahmlievania: 2 m s hadicou<br \/>\nbezhlu\u010dn\u00e9<\/p>\n<p>Popis: V s\u00fa\u010dasnosti je na trhu viac ako 10 000 zariaden\u00ed, ktor\u00e9 s\u00fa ur\u010den\u00e9 na predaj:<br \/>\nNa zvlh\u010denie mraveniska mo\u017eno tento rozpra\u0161ova\u010d zapoji\u0165 priamo do krytu mraveniska Arena.<\/p>\n<p>&nbsp;<\/p>\n<p>&nbsp;<\/p>\n<p>Pozn\u00e1mka: 20.01.2025 Aktualiz\u00e1cia produktu - nov\u00fd model<\/p>","protected":false},"excerpt":{"rendered":"<p>Obsah: - Materi\u00e1l: plast Farba: \u010dierna Technick\u00e9 \u00fadaje: - Mlhova\u010d - Zodpovedaj\u00faca z\u00e1tka s 22 mm otvorom na pripevnenie hadice ku krytu mraveniska - Predl\u017eovacia hadica Nap\u00e4tie: AC 120-240 V - 50\/60 Hz D\u013a\u017eka k\u00e1bla: 1,20 m Objem n\u00e1dr\u017eky na vodu: 4 l D\u013a\u017eka hadice: individu\u00e1lne pred\u013a\u017eite\u013en\u00e1 v rozmedz\u00ed 40 a\u017e 160 cm Tvorba hmly: Maxim\u00e1lne [...]","protected":false},"featured_media":10944,"comment_status":"open","ping_status":"closed","template":"","meta":{"_acf_changed":false,"content-type":"","_monsterinsights_skip_tracking":false,"_monsterinsights_sitenote_active":false,"_monsterinsights_sitenote_note":"","_monsterinsights_sitenote_category":0},"product_brand":[],"product_cat":[359,119,239],"product_tag":[],"class_list":{"0":"post-6577","1":"product","2":"type-product","3":"status-publish","4":"has-post-thumbnail","6":"product_cat-light-heat-humidity","7":"product_cat-formicarium-components","8":"product_cat-useful-additions","10":"first","11":"instock","12":"taxable","13":"shipping-taxable","14":"purchasable","15":"product-type-simple"},"acf":[],"aioseo_notices":[],"jetpack_sharing_enabled":true,"_links":{"self":[{"href":"https:\/\/antcube.shop\/sk\/wp-json\/wp\/v2\/product\/6577","targetHints":{"allow":["GET"]}}],"collection":[{"href":"https:\/\/antcube.shop\/sk\/wp-json\/wp\/v2\/product"}],"about":[{"href":"https:\/\/antcube.shop\/sk\/wp-json\/wp\/v2\/types\/product"}],"replies":[{"embeddable":true,"href":"https:\/\/antcube.shop\/sk\/wp-json\/wp\/v2\/comments?post=6577"}],"wp:featuredmedia":[{"embeddable":true,"href":"https:\/\/antcube.shop\/sk\/wp-json\/wp\/v2\/media\/10944"}],"wp:attachment":[{"href":"https:\/\/antcube.shop\/sk\/wp-json\/wp\/v2\/media?parent=6577"}],"wp:term":[{"taxonomy":"product_brand","embeddable":true,"href":"https:\/\/antcube.shop\/sk\/wp-json\/wp\/v2\/product_brand?post=6577"},{"taxonomy":"product_cat","embeddable":true,"href":"https:\/\/antcube.shop\/sk\/wp-json\/wp\/v2\/product_cat?post=6577"},{"taxonomy":"product_tag","embeddable":true,"href":"https:\/\/antcube.shop\/sk\/wp-json\/wp\/v2\/product_tag?post=6577"}],"curies":[{"name":"wp","href":"https:\/\/api.w.org\/{rel}","templated":true}]}}