{"id":6576,"date":"2023-12-04T13:54:06","date_gmt":"2023-12-04T12:54:06","guid":{"rendered":"https:\/\/antcube.shop\/product\/ameisenarena-nebler-klein\/"},"modified":"2026-04-26T21:16:30","modified_gmt":"2026-04-26T19:16:30","slug":"mravenisko-arena-fogger-male","status":"publish","type":"product","link":"https:\/\/antcube.shop\/sk\/produkt\/mravenisko-arena-fogger-male\/","title":{"rendered":"Mravenisko - hmlovka - mal\u00e1"},"content":{"rendered":"<p><strong>Obsah:<\/strong><br \/>\n- Fogger<br \/>\n- Zodpovedaj\u00faca z\u00e1tka s 22 mm otvorom na pripojenie hadice ku krytu mraveniska<br \/>\n- Roz\u0161\u00edrite\u013en\u00e1 hadica<\/p>\n<p><strong>Materi\u00e1l:<\/strong> plast<\/p>\n<p><strong>Farba:<\/strong> \u010dierna\/biela<\/p>\n<p><strong>Technick\u00e9 \u0161pecifik\u00e1cie:<\/strong><br \/>\nNap\u00e4tie: 230V<br \/>\nV\u00fdkon: 15 W (30 ml\/h)<br \/>\nD\u013a\u017eka k\u00e1bla: 1,40 m<br \/>\nKapacita n\u00e1dr\u017eky na vodu: 360 ml<br \/>\nPripojenie: Euro z\u00e1str\u010dka<br \/>\nD\u013a\u017eka hadice: 60 cm -&gt; mo\u017eno pred\u013a\u017ei\u0165<\/p>\n<p><strong>Popis: V s\u00fa\u010dasnosti je na trhu viac ako 10 000 zariaden\u00ed, ktor\u00e9 s\u00fa ur\u010den\u00e9 na predaj:<\/strong><br \/>\nNa zvlh\u010dovanie mraveniska mo\u017eno tento rozpra\u0161ova\u010d vlo\u017ei\u0165 priamo do krytu mraveniska.<br \/>\nMal\u00e1 hmlovka Ameisenarena je ur\u010den\u00e1 na zvlh\u010dovanie mal\u00fdch ter\u00e1ri\u00ed. V tomto modeli bola technol\u00f3gia ove\u013ea jednoduch\u0161ia, \u010do umo\u017e\u0148uje ove\u013ea bezprobl\u00e9movej\u0161iu prev\u00e1dzku. Voda sa z\u00edskava kapil\u00e1rnym p\u00f4soben\u00edm plstenej kazety. T\u00fa mo\u017eno vymeni\u0165 v nieko\u013ek\u00fdch jednoduch\u00fdch krokoch, \u010do by sa malo z hygienick\u00fdch d\u00f4vodov robi\u0165 pravidelne. Vzniknut\u00e1 hmla sa automaticky usmer\u0148uje cez hadicu pomocou d\u00f4myselnej kon\u0161trukcie d\u00fdzy bez potreby \u010fal\u0161ieho ventil\u00e1tora. To op\u00e4\u0165 v\u00fdrazne zni\u017euje n\u00e1chylnos\u0165 na chyby. V\u00fdkon hmly je pribli\u017ene 30 ml\/h. N\u00e1dr\u017eka pojme maxim\u00e1lne 360 ml. Super Fog Nano II mo\u017eno ovl\u00e1da\u0165 pomocou \u010dasova\u010da alebo hygrostatu. V\u010faka pohyblivej a predl\u017eovacej hadici mo\u017eno Super Fog Nano II prisp\u00f4sobi\u0165 ak\u00e9muko\u013evek ter\u00e1riu. Novinkou je, \u017ee membr\u00e1nu teraz m\u00f4\u017ee koncov\u00fd pou\u017e\u00edvate\u013e vymeni\u0165 v nieko\u013ek\u00fdch jednoduch\u00fdch krokoch. V\u0161etky ostatn\u00e9 s\u00fa\u010dasti s\u00fa k dispoz\u00edcii aj ako n\u00e1hradn\u00e9 diely, v\u010faka \u010domu je Super Fog Nano II udr\u017eate\u013en\u00fdm zariaden\u00edm.<\/p>\n<p><strong>Hack:<\/strong><br \/>\nAk je potrebn\u00e1 dlh\u0161ia hadica, k hmlovaciemu zariadeniu je mo\u017en\u00e9 pripoji\u0165 na\u0161u 20\/16 mm hadicu (art. 1000107). Budete potrebova\u0165 aj formik\u00e1rov\u00e9 z\u00e1tky pre 50 mm s 20 mm otvorom (Art. 1005033 + 20 mm). Upozor\u0148ujeme v\u0161ak, \u017ee \u010d\u00edm dlh\u0161ia je hadica, t\u00fdm menej hmly sa dostane do formik\u00e1ria.<\/p>\n<p>&nbsp;<\/p>","protected":false},"excerpt":{"rendered":"<p>Obsah: - Materi\u00e1l: plast Farba: \u010dierna\/biela Technick\u00e9 \u0161pecifik\u00e1cie: - Rozpra\u0161ova\u010d - Zodpovedaj\u00faca z\u00e1tka s otvorom na pripevnenie hadice ku krytu mraveniska - Predl\u017eovacia hadica Nap\u00e4tie: 230 V V\u00fdkon: 15 W (30 ml\/h) D\u013a\u017eka k\u00e1bla: 1,40 m Objem n\u00e1dr\u017eky na vodu: 360 ml Pripojenie: 1: D\u013a\u017eka hadice: 60 cm -&gt; mo\u017enos\u0165 pred\u013a\u017eenia Popis: Z\u00e1str\u010dka: 60 cm: Na zvlh\u010dovanie vzduchu v mravenisku [...]","protected":false},"featured_media":6603,"comment_status":"open","ping_status":"closed","template":"","meta":{"_acf_changed":false,"content-type":"","_monsterinsights_skip_tracking":false,"_monsterinsights_sitenote_active":false,"_monsterinsights_sitenote_note":"","_monsterinsights_sitenote_category":0},"product_brand":[],"product_cat":[359,119],"product_tag":[],"class_list":{"0":"post-6576","1":"product","2":"type-product","3":"status-publish","4":"has-post-thumbnail","6":"product_cat-light-heat-humidity","7":"product_cat-formicarium-components","9":"first","10":"instock","11":"taxable","12":"shipping-taxable","13":"purchasable","14":"product-type-simple"},"acf":[],"aioseo_notices":[],"jetpack_sharing_enabled":true,"_links":{"self":[{"href":"https:\/\/antcube.shop\/sk\/wp-json\/wp\/v2\/product\/6576","targetHints":{"allow":["GET"]}}],"collection":[{"href":"https:\/\/antcube.shop\/sk\/wp-json\/wp\/v2\/product"}],"about":[{"href":"https:\/\/antcube.shop\/sk\/wp-json\/wp\/v2\/types\/product"}],"replies":[{"embeddable":true,"href":"https:\/\/antcube.shop\/sk\/wp-json\/wp\/v2\/comments?post=6576"}],"wp:featuredmedia":[{"embeddable":true,"href":"https:\/\/antcube.shop\/sk\/wp-json\/wp\/v2\/media\/6603"}],"wp:attachment":[{"href":"https:\/\/antcube.shop\/sk\/wp-json\/wp\/v2\/media?parent=6576"}],"wp:term":[{"taxonomy":"product_brand","embeddable":true,"href":"https:\/\/antcube.shop\/sk\/wp-json\/wp\/v2\/product_brand?post=6576"},{"taxonomy":"product_cat","embeddable":true,"href":"https:\/\/antcube.shop\/sk\/wp-json\/wp\/v2\/product_cat?post=6576"},{"taxonomy":"product_tag","embeddable":true,"href":"https:\/\/antcube.shop\/sk\/wp-json\/wp\/v2\/product_tag?post=6576"}],"curies":[{"name":"wp","href":"https:\/\/api.w.org\/{rel}","templated":true}]}}