{"id":6572,"date":"2023-12-04T11:34:48","date_gmt":"2023-12-04T10:34:48","guid":{"rendered":"https:\/\/antcube.shop\/product\/arena-vase-10x10cm-aus-glas\/"},"modified":"2026-03-30T10:30:50","modified_gmt":"2026-03-30T08:30:50","slug":"arena-vaza-10x10cm-zo-skla","status":"publish","type":"product","link":"https:\/\/antcube.shop\/sk\/produkt\/arena-vaza-10x10cm-zo-skla\/","title":{"rendered":"V\u00e1za Arena 10x10cm zo skla"},"content":{"rendered":"<p><strong>Rozmery:<\/strong> 10 \u00d7 10,4 cm<\/p>\n<p><strong>Materi\u00e1l:<\/strong> sklo, PMMA<\/p>\n<p><strong>Farba:<\/strong> kri\u0161t\u00e1\u013eovo \u010dist\u00fd, priesvitn\u00fd, prieh\u013eadn\u00fd<\/p>\n<p><strong>Obsah:<\/strong><br \/>\n1x sklenen\u00e1 v\u00e1za 10x10cm<br \/>\n1x veko 10 \u00d7 0,4 cm<\/p>\n<p><strong>Popis: V s\u00fa\u010dasnosti je na trhu viac ako 10 000 zariaden\u00ed, ktor\u00e9 s\u00fa ur\u010den\u00e9 na predaj:<\/strong> V\u00e1za Arena bola vyvinut\u00e1 na k\u0155menie kol\u00f3ni\u00ed mravcov rodu Atta alebo Acromyrmex. Odn\u00edmate\u013en\u00e9 akryl\u00e1tov\u00e9 veko s otvormi a \u0161trbinami na usporiadanie a uchytenie vetvi\u010diek k\u0155mnych rastl\u00edn sa jednoducho nasad\u00ed na v\u00e1zu. V\u00e1za pom\u00e1ha udr\u017ea\u0165 k\u0155mne rastliny dlh\u0161ie \u010derstv\u00e9 a z\u00e1rove\u0148 zvy\u0161uje vlhkos\u0165 vo formik\u00e1riu v\u010faka neust\u00e1lemu odparovaniu vody v z\u00e1sobn\u00edku.<\/p>","protected":false},"excerpt":{"rendered":"<p>Rozmery: Materi\u00e1l: sklo, PMMA Farba: kri\u0161t\u00e1\u013eovo \u010d\u00edra, priesvitn\u00e1, prieh\u013eadn\u00e1 Obsah: Sada obsahuje: 1x sklenen\u00e1 v\u00e1za 10x10cm 1x veko 10x0,4cm V\u00e1za Arena bola vyvinut\u00e1 na k\u0155menie kol\u00f3ni\u00ed mravcov listonoha rodu Atta alebo Acromyrmex. Odn\u00edmate\u013en\u00e9 akrylov\u00e9 veko s otvormi a \u0161trbinami na usporiadanie a uchytenie vetvi\u010diek k\u0155mnych rastl\u00edn sa jednoducho umiestni na","protected":false},"featured_media":6587,"comment_status":"open","ping_status":"closed","template":"","meta":{"_acf_changed":false,"content-type":"","_monsterinsights_skip_tracking":false,"_monsterinsights_sitenote_active":false,"_monsterinsights_sitenote_note":"","_monsterinsights_sitenote_category":0},"product_brand":[],"product_cat":[115,118],"product_tag":[],"class_list":{"0":"post-6572","1":"product","2":"type-product","3":"status-publish","4":"has-post-thumbnail","6":"product_cat-food-and-feeding","7":"product_cat-feeding-bowls","9":"first","10":"instock","11":"taxable","12":"shipping-taxable","13":"purchasable","14":"product-type-simple"},"acf":[],"aioseo_notices":[],"jetpack_sharing_enabled":true,"_links":{"self":[{"href":"https:\/\/antcube.shop\/sk\/wp-json\/wp\/v2\/product\/6572","targetHints":{"allow":["GET"]}}],"collection":[{"href":"https:\/\/antcube.shop\/sk\/wp-json\/wp\/v2\/product"}],"about":[{"href":"https:\/\/antcube.shop\/sk\/wp-json\/wp\/v2\/types\/product"}],"replies":[{"embeddable":true,"href":"https:\/\/antcube.shop\/sk\/wp-json\/wp\/v2\/comments?post=6572"}],"wp:featuredmedia":[{"embeddable":true,"href":"https:\/\/antcube.shop\/sk\/wp-json\/wp\/v2\/media\/6587"}],"wp:attachment":[{"href":"https:\/\/antcube.shop\/sk\/wp-json\/wp\/v2\/media?parent=6572"}],"wp:term":[{"taxonomy":"product_brand","embeddable":true,"href":"https:\/\/antcube.shop\/sk\/wp-json\/wp\/v2\/product_brand?post=6572"},{"taxonomy":"product_cat","embeddable":true,"href":"https:\/\/antcube.shop\/sk\/wp-json\/wp\/v2\/product_cat?post=6572"},{"taxonomy":"product_tag","embeddable":true,"href":"https:\/\/antcube.shop\/sk\/wp-json\/wp\/v2\/product_tag?post=6572"}],"curies":[{"name":"wp","href":"https:\/\/api.w.org\/{rel}","templated":true}]}}