{"id":6570,"date":"2023-12-04T11:34:35","date_gmt":"2023-12-04T10:34:35","guid":{"rendered":"https:\/\/antcube.shop\/product\/ameisen-treppenhaus-30cm\/"},"modified":"2026-03-16T11:29:00","modified_gmt":"2026-03-16T10:29:00","slug":"mravencie-schodisko-30-cm","status":"publish","type":"product","link":"https:\/\/antcube.shop\/sk\/produkt\/mravencie-schodisko-30-cm\/","title":{"rendered":"Mrav\u010die schodisko 30 cm"},"content":{"rendered":"<p><strong>Rozmery:<\/strong> 5x5x30cm<\/p>\n<p><strong>Materi\u00e1l:<\/strong> PMMA<\/p>\n<p><strong>Farba:<\/strong> kri\u0161t\u00e1\u013eovo \u010dist\u00fd, priesvitn\u00fd, prieh\u013eadn\u00fd<\/p>\n<p><strong>Obsah:<\/strong><br \/>\n1x mraven\u010die schodisko 30 cm<br \/>\n2x akrylov\u00e1 doska na volite\u013en\u00fa mont\u00e1\u017e na stenu<\/p>\n<p>1x podlo\u017eka pre mraven\u010die schodisko<\/p>\n<p><strong>Pozn\u00e1mka: <\/strong>Diely sa dod\u00e1vaj\u00fa ako kompletne zmontovan\u00fd v\u00fdrobok. Ak chcete upevni\u0165 na stenu, jednoducho uvo\u013enite akrylov\u00e9 skrutky v hornej a dolnej \u010dasti a odstr\u00e1\u0148te z\u00e1klad\u0148u. Op\u00e4\u0165 pripevnite dve akrylov\u00e9 dosky pomocou skrutiek 1x v hornej \u010dasti a 1x v dolnej \u010dasti.<\/p>\n<p><strong>Pripojenie:<\/strong> 2x hadica 20\/16 mm (vonkaj\u0161ia) alebo hadica 14\/10 mm (vn\u00fatorn\u00e1) alebo 24\/20 (vonkaj\u0161ia 2. stupe\u0148 pripojenia)<\/p>\n<p><strong>Popis: V s\u00fa\u010dasnosti je na trhu viac ako 10 000 zariaden\u00ed, ktor\u00e9 s\u00fa ur\u010den\u00e9 na predaj:<\/strong> Mraven\u010die schody sl\u00fa\u017eia na prekonanie v\u00fd\u0161ky z ar\u00e9ny na mravenisko.<\/p>\n<p><strong>Pou\u017eitie:<\/strong> pre mravenisk\u00e1 <strong>rozmery 30x30cm alebo 60x30cm<\/strong><\/p>\n<p><span data-text-color=\"alert\"><strong>D\u00f4le\u017eit\u00e9 pre pou\u017eitie s akrylov\u00fdmi r\u00farkami:<\/strong><\/span><br \/>\nV\u00fd\u0161ka nie je vhodn\u00e1 pre na\u0161e <strong>mravenisk\u00e1 ve\u013ekosti XL.<\/strong><br \/>\nPre<strong> pou\u017eitie s akrylov\u00fdmi r\u00farkami<\/strong> (napr. mraven\u010dia hadica - kri\u0161t\u00e1\u013eovo \u010d\u00edra 20 mm - 1 m, \u010d. tovaru 1000320) namiesto had\u00edc, potrebujete spolu<strong> 3x \"Konektor na r\u00farku kri\u0161t\u00e1\u013eovo \u010d\u00edry pre 20 mm - I\"<\/strong> (art. \u010d. 1005624). 1x pre z\u00e1suvku mraveniska a 2x pre dve z\u00e1suvky na schodisku. Pri star\u00fdch mravenisk\u00e1ch (v\u0161etky zak\u00fapen\u00e9 pred 12\/2023) je navy\u0161e potrebn\u00e9 na z\u00e1suvku mraveniska nasun\u00fa\u0165 \"prieh\u013eadn\u00fd pru\u017en\u00fd tesniaci kr\u00fa\u017eok\" (\u010d. v\u00fdr. 1001437). V opa\u010dnom pr\u00edpade \"r\u00farkov\u00e1 spojka kri\u0161t\u00e1\u013eovo \u010d\u00edra pre 20 mm - I\" (v\u00fdr. \u010d. 1005624) sed\u00ed na mravenisku pr\u00edli\u0161 vo\u013ene. Okrem toho, ak sa <strong>podlo\u017eka pod formik\u00e1rium <\/strong>sa pou\u017e\u00edva pre mravenisko alebo ar\u00e9nu, mala by sa pou\u017ei\u0165 aj pre schodisko, preto\u017ee inak by bol mierny v\u00fd\u0161kov\u00fd rozdiel medzi z\u00e1suvkou schodiska a pr\u00edpojkami na mravenisku a ar\u00e9ne.<\/p>","protected":false},"excerpt":{"rendered":"<p>Pre mravenisk\u00e1 s rozmermi 30x30cm alebo 60x30cm<\/p>","protected":false},"featured_media":6585,"comment_status":"open","ping_status":"closed","template":"","meta":{"_acf_changed":false,"content-type":"","_monsterinsights_skip_tracking":false,"_monsterinsights_sitenote_active":false,"_monsterinsights_sitenote_note":"","_monsterinsights_sitenote_category":0},"product_brand":[],"product_cat":[345,119,121,120,239],"product_tag":[],"class_list":{"0":"post-6570","1":"product","2":"type-product","3":"status-publish","4":"has-post-thumbnail","6":"product_cat-pipe-connectors","7":"product_cat-formicarium-components","8":"product_cat-connectors","9":"product_cat-hoses","10":"product_cat-useful-additions","12":"first","13":"instock","14":"taxable","15":"shipping-taxable","16":"purchasable","17":"product-type-simple"},"acf":[],"aioseo_notices":[],"jetpack_sharing_enabled":true,"_links":{"self":[{"href":"https:\/\/antcube.shop\/sk\/wp-json\/wp\/v2\/product\/6570","targetHints":{"allow":["GET"]}}],"collection":[{"href":"https:\/\/antcube.shop\/sk\/wp-json\/wp\/v2\/product"}],"about":[{"href":"https:\/\/antcube.shop\/sk\/wp-json\/wp\/v2\/types\/product"}],"replies":[{"embeddable":true,"href":"https:\/\/antcube.shop\/sk\/wp-json\/wp\/v2\/comments?post=6570"}],"wp:featuredmedia":[{"embeddable":true,"href":"https:\/\/antcube.shop\/sk\/wp-json\/wp\/v2\/media\/6585"}],"wp:attachment":[{"href":"https:\/\/antcube.shop\/sk\/wp-json\/wp\/v2\/media?parent=6570"}],"wp:term":[{"taxonomy":"product_brand","embeddable":true,"href":"https:\/\/antcube.shop\/sk\/wp-json\/wp\/v2\/product_brand?post=6570"},{"taxonomy":"product_cat","embeddable":true,"href":"https:\/\/antcube.shop\/sk\/wp-json\/wp\/v2\/product_cat?post=6570"},{"taxonomy":"product_tag","embeddable":true,"href":"https:\/\/antcube.shop\/sk\/wp-json\/wp\/v2\/product_tag?post=6570"}],"curies":[{"name":"wp","href":"https:\/\/api.w.org\/{rel}","templated":true}]}}