{"id":6566,"date":"2023-12-04T11:34:09","date_gmt":"2023-12-04T10:34:09","guid":{"rendered":"https:\/\/antcube.shop\/product\/kornerfutter-major-100g\/"},"modified":"2025-05-06T21:46:55","modified_gmt":"2025-05-06T19:46:55","slug":"obilne-krmivo-major-100g","status":"publish","type":"product","link":"https:\/\/antcube.shop\/sk\/produkt\/obilne-krmivo-major-100g\/","title":{"rendered":"Obiln\u00e9 krmivo major 100g"},"content":{"rendered":"<div class=\"tab-body active\">\n<p><strong>Obsah:<\/strong> 100g<\/p>\n<p><span id=\"result_box\" class=\"long_text\" lang=\"en\"><strong>Popis: V s\u00fa\u010dasnosti je na trhu viac ako 10 000 zariaden\u00ed, ktor\u00e9 s\u00fa ur\u010den\u00e9 na predaj:<\/strong> <\/span>Zmes ve\u013ek\u00fdch z\u0155n a semien pre dospel\u00e9 kol\u00f3nie granivorn\u00fdch druhov mravcov, ako s\u00fa Messor, Pogonomyrmex a Pheidole.<br \/>\nIde\u00e1lne pre v\u010delstv\u00e1 s v\u00e4\u010d\u0161\u00edm po\u010dtom robotn\u00edkov.<br \/>\n\u010cist\u00fd pr\u00edrodn\u00fd produkt bez umel\u00fdch pr\u00edsad. Bez pestic\u00eddov.<\/p>\n<p><strong>Pozn\u00e1mka:<\/strong><br \/>\nInform\u00e1cie o pou\u017eit\u00ed pr\u00edvodnej trubice n\u00e1jdete tu: <a href=\"https:\/\/www.antstore.net\/shop\/images\/documents\/Anleitung-Ameisenfutterroehrchen.pdf\">Odkaz<\/a><br \/>\ndoplnok krmiva pre mravce \u017eiviace sa zrnom.<br \/>\nZlo\u017eenie, analytick\u00e9 zlo\u017eky, d\u00e1tum exspir\u00e1cie a \u010d\u00edslo \u0161ar\u017ee n\u00e1jdete v pr\u00edbalovom let\u00e1ku.<\/p>\n<p>Informa\u010dn\u00e1 linka +49 30 439703870<\/p>\n<p>Kompetentn\u00e1 veterin\u00e1rna a potravinov\u00e1 kontrola:<br \/>\nVeterin\u00e4ramt Steglitz<br \/>\nK\u00f6nigin-Luise-Str. 92<br \/>\n14195 Berl\u00edn<\/p>\n<\/div>","protected":false},"excerpt":{"rendered":"<p>Doplnkov\u00e9 krmivo<\/p>","protected":false},"featured_media":6626,"comment_status":"open","ping_status":"closed","template":"","meta":{"_acf_changed":false,"content-type":"","_monsterinsights_skip_tracking":false,"_monsterinsights_sitenote_active":false,"_monsterinsights_sitenote_note":"","_monsterinsights_sitenote_category":0},"product_brand":[],"product_cat":[115,116],"product_tag":[],"class_list":{"0":"post-6566","1":"product","2":"type-product","3":"status-publish","4":"has-post-thumbnail","6":"product_cat-food-and-feeding","7":"product_cat-food","9":"first","10":"outofstock","11":"taxable","12":"shipping-taxable","13":"purchasable","14":"product-type-simple"},"acf":[],"aioseo_notices":[],"jetpack_sharing_enabled":true,"_links":{"self":[{"href":"https:\/\/antcube.shop\/sk\/wp-json\/wp\/v2\/product\/6566","targetHints":{"allow":["GET"]}}],"collection":[{"href":"https:\/\/antcube.shop\/sk\/wp-json\/wp\/v2\/product"}],"about":[{"href":"https:\/\/antcube.shop\/sk\/wp-json\/wp\/v2\/types\/product"}],"replies":[{"embeddable":true,"href":"https:\/\/antcube.shop\/sk\/wp-json\/wp\/v2\/comments?post=6566"}],"wp:featuredmedia":[{"embeddable":true,"href":"https:\/\/antcube.shop\/sk\/wp-json\/wp\/v2\/media\/6626"}],"wp:attachment":[{"href":"https:\/\/antcube.shop\/sk\/wp-json\/wp\/v2\/media?parent=6566"}],"wp:term":[{"taxonomy":"product_brand","embeddable":true,"href":"https:\/\/antcube.shop\/sk\/wp-json\/wp\/v2\/product_brand?post=6566"},{"taxonomy":"product_cat","embeddable":true,"href":"https:\/\/antcube.shop\/sk\/wp-json\/wp\/v2\/product_cat?post=6566"},{"taxonomy":"product_tag","embeddable":true,"href":"https:\/\/antcube.shop\/sk\/wp-json\/wp\/v2\/product_tag?post=6566"}],"curies":[{"name":"wp","href":"https:\/\/api.w.org\/{rel}","templated":true}]}}