{"id":6565,"date":"2023-12-04T11:34:02","date_gmt":"2023-12-04T10:34:02","guid":{"rendered":"https:\/\/antcube.shop\/product\/schraub-adapter-50-auf-32-mm-bohrung\/"},"modified":"2026-03-18T18:07:00","modified_gmt":"2026-03-18T17:07:00","slug":"skrutkovy-adapter-s-otvorom-50-az-32-mm","status":"publish","type":"product","link":"https:\/\/antcube.shop\/sk\/produkt\/skrutkovy-adapter-s-otvorom-50-az-32-mm\/","title":{"rendered":"Skrutkovac\u00ed adapt\u00e9r s otvorom 50 a\u017e 32 mm"},"content":{"rendered":"<p><strong>Obsah:<\/strong><br \/>\n2x akrylov\u00fd disk 59 x 2 mm s otvorom 32 mm<br \/>\n1x akrylov\u00fd disk 49 x 4 mm s otvorom 32 mm<br \/>\n2x prieh\u013eadn\u00e1 plastov\u00e1 skrutka s maticou<\/p>\n<p><strong>Rozmery v\u00fdrobku:<\/strong> 59 x 8 mm<\/p>\n<p><strong>Materi\u00e1l:<\/strong> PMMA, PP<\/p>\n<p><strong>Farba:<\/strong> prieh\u013eadn\u00e9 \/ kri\u0161t\u00e1\u013eovo \u010dist\u00e9<\/p>\n<p><strong>Popis: V s\u00fa\u010dasnosti je na trhu viac ako 10 000 zariaden\u00ed, ktor\u00e9 s\u00fa ur\u010den\u00e9 na predaj:<\/strong> Adapt\u00e9r na upevnenie prvkov s priemerom 32 mm do otvorov s priemerom 50 mm.<\/p>\n<p>Umo\u017e\u0148uje tak bezpe\u010dn\u00e9, pevn\u00e9 a vizu\u00e1lne atrakt\u00edvne upevnenie potrub\u00ed, had\u00edc alebo in\u00fdch spojovac\u00edch prvkov.<\/p>\n<p><strong>Pozn\u00e1mka:<\/strong> Dod\u00e1va sa v jednotliv\u00fdch \u010dastiach a mus\u00ed sa upevni\u0165 kr\u00ed\u017eov\u00fdm skrutkova\u010dom.<\/p>","protected":false},"excerpt":{"rendered":"<p>Obsah: 2x akrylov\u00fd disk 59 x 2 mm s otvorom 32 mm 1x akrylov\u00fd disk 49 x 4 mm s otvorom 20 mm 2x prieh\u013eadn\u00e1 plastov\u00e1 skrutka s maticou Rozmery v\u00fdrobku: 59 x 8 mm Materi\u00e1l: PMMA, PP Farba: prieh\u013eadn\u00e1 \/ kri\u0161t\u00e1\u013eovo \u010dist\u00e1 Popis: Adapt\u00e9r na upevnenie prvkov s priemerom 20 mm do otvorov s priemerom 50 mm. Umo\u017e\u0148uje","protected":false},"featured_media":6609,"comment_status":"open","ping_status":"closed","template":"","meta":{"_acf_changed":false,"content-type":"","_monsterinsights_skip_tracking":false,"_monsterinsights_sitenote_active":false,"_monsterinsights_sitenote_note":"","_monsterinsights_sitenote_category":0},"product_brand":[],"product_cat":[345,119,121,120],"product_tag":[],"class_list":{"0":"post-6565","1":"product","2":"type-product","3":"status-publish","4":"has-post-thumbnail","6":"product_cat-pipe-connectors","7":"product_cat-formicarium-components","8":"product_cat-connectors","9":"product_cat-hoses","11":"first","12":"instock","13":"taxable","14":"shipping-taxable","15":"purchasable","16":"product-type-simple"},"acf":[],"aioseo_notices":[],"jetpack_sharing_enabled":true,"_links":{"self":[{"href":"https:\/\/antcube.shop\/sk\/wp-json\/wp\/v2\/product\/6565","targetHints":{"allow":["GET"]}}],"collection":[{"href":"https:\/\/antcube.shop\/sk\/wp-json\/wp\/v2\/product"}],"about":[{"href":"https:\/\/antcube.shop\/sk\/wp-json\/wp\/v2\/types\/product"}],"replies":[{"embeddable":true,"href":"https:\/\/antcube.shop\/sk\/wp-json\/wp\/v2\/comments?post=6565"}],"wp:featuredmedia":[{"embeddable":true,"href":"https:\/\/antcube.shop\/sk\/wp-json\/wp\/v2\/media\/6609"}],"wp:attachment":[{"href":"https:\/\/antcube.shop\/sk\/wp-json\/wp\/v2\/media?parent=6565"}],"wp:term":[{"taxonomy":"product_brand","embeddable":true,"href":"https:\/\/antcube.shop\/sk\/wp-json\/wp\/v2\/product_brand?post=6565"},{"taxonomy":"product_cat","embeddable":true,"href":"https:\/\/antcube.shop\/sk\/wp-json\/wp\/v2\/product_cat?post=6565"},{"taxonomy":"product_tag","embeddable":true,"href":"https:\/\/antcube.shop\/sk\/wp-json\/wp\/v2\/product_tag?post=6565"}],"curies":[{"name":"wp","href":"https:\/\/api.w.org\/{rel}","templated":true}]}}