{"id":6564,"date":"2023-12-04T11:33:56","date_gmt":"2023-12-04T10:33:56","guid":{"rendered":"https:\/\/antcube.shop\/product\/schraub-adapter-50-auf-27-mm-bohrung\/"},"modified":"2026-04-05T20:47:15","modified_gmt":"2026-04-05T18:47:15","slug":"skrutkovy-adapter-s-otvorom-50-az-27-mm","status":"publish","type":"product","link":"https:\/\/antcube.shop\/sk\/produkt\/skrutkovy-adapter-s-otvorom-50-az-27-mm\/","title":{"rendered":"Skrutkovac\u00ed adapt\u00e9r s otvorom 50 a\u017e 27 mm"},"content":{"rendered":"<p><strong>Obsah:<\/strong><br \/>\n2x akrylov\u00fd disk 59 x 2 mm s otvorom 32 mm<br \/>\n1x akrylov\u00fd disk 49 x 4 mm s otvorom 27 mm<br \/>\n2x prieh\u013eadn\u00e1 plastov\u00e1 skrutka M4<br \/>\n2x prieh\u013eadn\u00e1 matica M4<\/p>\n<p><strong>Rozmery v\u00fdrobku:<\/strong> 59 x 8 mm<\/p>\n<p><strong>Materi\u00e1l:<\/strong> PMMA<\/p>\n<p><strong>Farba:<\/strong> prieh\u013eadn\u00e9 \/ kri\u0161t\u00e1\u013eovo \u010dist\u00e9<\/p>\n<p><span data-text-color=\"alert\"><strong>POZOR:<\/strong><\/span> len pre na\u0161e hadicov\u00e9 spojky 27 mm - 14, 20, 24 mm - transparentn\u00e9<\/p>\n<p><strong>Popis: V s\u00fa\u010dasnosti je na trhu viac ako 10 000 zariaden\u00ed, ktor\u00e9 s\u00fa ur\u010den\u00e9 na predaj:<\/strong> Adapt\u00e9r na upevnenie prvkov s priemerom 27 mm do otvorov s priemerom 50 mm. Do adapt\u00e9ra sa zmestia aj na\u0161e 27 mm z\u00e1tky.<\/p>\n<p>Umo\u017e\u0148uje tak bezpe\u010dn\u00e9, pevn\u00e9 a vizu\u00e1lne atrakt\u00edvne upevnenie potrub\u00ed, had\u00edc alebo in\u00fdch spojovac\u00edch prvkov.<\/p>\n<p><strong>Pozn\u00e1mka:<\/strong> Dod\u00e1va sa v jednotliv\u00fdch \u010dastiach a mus\u00ed sa upevni\u0165 kr\u00ed\u017eov\u00fdm skrutkova\u010dom.<\/p>","protected":false},"excerpt":{"rendered":"<p>Obsah: 2x akrylov\u00fd kot\u00fa\u010d 59 x 2 mm s otvorom 32 mm 1x akrylov\u00fd kot\u00fa\u010d 49 x 4 mm s otvorom 27 mm 2x prieh\u013eadn\u00e1 plastov\u00e1 skrutka M4 2x prieh\u013eadn\u00e1 matica M4 Rozmery produktu: 1x akrylov\u00fd kot\u00fa\u010d 49 x 4 mm s otvorom 27 mm 2x prieh\u013eadn\u00e1 plastov\u00e1 skrutka M4 2x prieh\u013eadn\u00e1 matica M4 59 x 8 mm Materi\u00e1l: PMMA Farba: prieh\u013eadn\u00e1 \/ kri\u0161t\u00e1\u013eovo \u010dist\u00e1 UPOZORNENIE: len pre na\u0161e hadicov\u00e9 spojky pre um\u00fdvadl\u00e1 27 mm - 14, 20, 24 mm","protected":false},"featured_media":6593,"comment_status":"open","ping_status":"closed","template":"","meta":{"_acf_changed":false,"content-type":"","_monsterinsights_skip_tracking":false,"_monsterinsights_sitenote_active":false,"_monsterinsights_sitenote_note":"","_monsterinsights_sitenote_category":0},"product_brand":[],"product_cat":[345,119,121,120],"product_tag":[],"class_list":{"0":"post-6564","1":"product","2":"type-product","3":"status-publish","4":"has-post-thumbnail","6":"product_cat-pipe-connectors","7":"product_cat-formicarium-components","8":"product_cat-connectors","9":"product_cat-hoses","11":"first","12":"instock","13":"taxable","14":"shipping-taxable","15":"purchasable","16":"product-type-simple"},"acf":[],"aioseo_notices":[],"jetpack_sharing_enabled":true,"_links":{"self":[{"href":"https:\/\/antcube.shop\/sk\/wp-json\/wp\/v2\/product\/6564","targetHints":{"allow":["GET"]}}],"collection":[{"href":"https:\/\/antcube.shop\/sk\/wp-json\/wp\/v2\/product"}],"about":[{"href":"https:\/\/antcube.shop\/sk\/wp-json\/wp\/v2\/types\/product"}],"replies":[{"embeddable":true,"href":"https:\/\/antcube.shop\/sk\/wp-json\/wp\/v2\/comments?post=6564"}],"wp:featuredmedia":[{"embeddable":true,"href":"https:\/\/antcube.shop\/sk\/wp-json\/wp\/v2\/media\/6593"}],"wp:attachment":[{"href":"https:\/\/antcube.shop\/sk\/wp-json\/wp\/v2\/media?parent=6564"}],"wp:term":[{"taxonomy":"product_brand","embeddable":true,"href":"https:\/\/antcube.shop\/sk\/wp-json\/wp\/v2\/product_brand?post=6564"},{"taxonomy":"product_cat","embeddable":true,"href":"https:\/\/antcube.shop\/sk\/wp-json\/wp\/v2\/product_cat?post=6564"},{"taxonomy":"product_tag","embeddable":true,"href":"https:\/\/antcube.shop\/sk\/wp-json\/wp\/v2\/product_tag?post=6564"}],"curies":[{"name":"wp","href":"https:\/\/api.w.org\/{rel}","templated":true}]}}