{"id":6562,"date":"2023-12-04T11:33:43","date_gmt":"2023-12-04T10:33:43","guid":{"rendered":"https:\/\/antcube.shop\/product\/bundle-offer-messor-structor\/"},"modified":"2026-03-04T17:11:29","modified_gmt":"2026-03-04T16:11:29","slug":"balicek-ponuky-messor-structor","status":"publish","type":"product","link":"https:\/\/antcube.shop\/sk\/produkt\/balicek-ponuky-messor-structor\/","title":{"rendered":"Ponuka bal\u00edka - Messor structor"},"content":{"rendered":"<p><span data-text-color=\"secondary\"><strong>Ponuka bal\u00edka obsahuje kol\u00f3niu mravcov Messor structor (kr\u00e1\u013eovn\u00e1 s 11-25 robotnicami + ml\u00e1\u010fat\u00e1), \u0161tartovaciu sadu Habitat Desert M s druhou mraveniskom 20\u00d720 M, 3x podlo\u017eky do formik\u00e1ria a n\u00e1dobu s na\u0161imi \u0161peci\u00e1lnymi cel\u00fdmi blan\u0161\u00edrovan\u00fdmi cvr\u010dkami 10 g (vlhk\u00e9 bielkoviny).<\/strong><\/span><\/p>\n<p><span data-text-color=\"alert\"><strong>Len do vypredania z\u00e1sob.<\/strong><\/span><\/p>\n<p><strong>V\u0161etko, \u010do potrebujete pre kol\u00f3niu mravcov Messor structor<\/strong><br \/>\nTento bal\u00edk obsahuje v\u0161etko, \u010do potrebujete na \u00faspe\u0161n\u00e9 zalo\u017eenie kol\u00f3nie Messor barbarus po\u010das prv\u00fdch mesiacov. Je flexibilne roz\u0161\u00edrite\u013en\u00fd a vyslovene vhodn\u00fd pre za\u010diato\u010dn\u00edkov v chove mravcov.<\/p>\n<p><strong>Messor structor druh mravca<\/strong><br \/>\nMessor structor je granivorn\u00fd (zrno\u017erav\u00fd) druh mravca. Vyskytuje sa najm\u00e4 v ju\u017enej Eur\u00f3pe a v oblasti Stredozemn\u00e9ho mora, ale aj v strednej Eur\u00f3pe a jeho are\u00e1l roz\u0161\u00edrenia siaha a\u017e po Ir\u00e1n a ju\u017en\u00e9 Rusko. Je to tie\u017e jedin\u00fd druh Messor, ktor\u00fd sa vyskytuje v Nemecku. Robotnice s\u00fa o nie\u010do men\u0161ie ako robotnice Messor barbarus, ale Messor structor produkuje tzv. hlavn\u00e9 robotnice (najv\u00e4\u010d\u0161ia kasta robotn\u00edc) sk\u00f4r.<\/p>\n<p>Aj ke\u010f sa Messor structor vyskytuje najm\u00e4 v stepiach, v niektor\u00fdch krajin\u00e1ch existuj\u00fa popul\u00e1cie, ktor\u00e9 s\u00fa viac doma v horsk\u00fdch oblastiach alebo dokonca v zmie\u0161an\u00fdch lesoch. To sved\u010d\u00ed o ve\u013ekej prisp\u00f4sobivosti tohto druhu. Messor structor zvy\u010dajne vytv\u00e1ra polygynn\u00e9 kol\u00f3nie (nieko\u013eko kr\u00e1\u013eovien v jednej kol\u00f3nii), ale vyskytuje sa aj monogynne (len jedna kr\u00e1\u013eovn\u00e1 v kol\u00f3nii).<\/p>\n<p>Vedci sa u\u017e nejak\u00fd \u010das pok\u00fa\u0161aj\u00fa anal\u00fdzou genetick\u00e9ho materi\u00e1lu r\u00f4znych kol\u00f3ni\u00ed zisti\u0165, \u010di sa u Messor structor mohlo vyvin\u00fa\u0165 nieko\u013eko poddruhov, ktor\u00e9 sa vyskytuj\u00fa v r\u00f4znych regi\u00f3noch. Zatia\u013e sa to v\u0161ak nepodarilo definit\u00edvne objasni\u0165.<\/p>\n<p><strong>Hniezdo pre Messor structor<\/strong><br \/>\nMessor structor uprednost\u0148uje hniezdenie v pieso\u010dnat\u00fdch p\u00f4dach. Na rozdiel od v\u00e4\u010d\u0161iny ostatn\u00fdch druhov Messor je v\u0161ak pomerne prisp\u00f4sobiv\u00fd a niekedy ho mo\u017eno n\u00e1js\u0165 hniezdi\u0165 pod kame\u0148mi alebo na tienist\u00fdch miestach v zemitej\u0161\u00edch p\u00f4dach.<\/p>\n<p><strong>Potraviny pre Messor structor<\/strong><br \/>\nAko v\u0161etky druhy Messor, aj Messor structor sa \u017eiv\u00ed najm\u00e4 semenami, ktor\u00e9 sa zbieraj\u00fa, skladuj\u00fa a sprac\u00favaj\u00fa na tzv. mraven\u010d\u00ed chlieb, ktor\u00fd m\u00e1 potom dlh\u0161iu trvanlivos\u0165 a pom\u00e1ha kol\u00f3ni\u00e1m pre\u017ei\u0165 obdobia, ke\u010f je v pr\u00edrode menej semien. Bielkoviny s\u00fa prij\u00edman\u00e9 \u017eiv\u00e9 aj m\u0155tve. Vo vo\u013enej pr\u00edrode zab\u00edjaj\u00fa drobn\u00fd hmyz a pou\u017e\u00edvaj\u00fa ho na k\u0155menie svojich ml\u00e1\u010fat. Cukrov\u00fd roztok alebo med prij\u00edmaj\u00fa len vtedy, ak v\u010delstvo nem\u00e1 k dispoz\u00edcii dostatok \u010derstvej vody na pokrytie svojich potrieb vlhkosti.<\/p>\n<p><strong>Optim\u00e1lne klimatick\u00e9 podmienky pre Messor structor s\u00fa tieto:<\/strong><br \/>\n<strong>Vlhkos\u0165:<\/strong><br \/>\nAr\u00e9na: Hniezdo: 30 - 50% plocha hniezda: 50 - 70%<br \/>\n<strong>Teplota:<\/strong><br \/>\nAr\u00e9na: 22 - 30 \u00b0C Hniezdna oblas\u0165: 21- 27\u00b0C<\/p>\n<p><strong>Obsah:<\/strong><\/p>\n<p>1x kol\u00f3nia mravcov Messor structor (kr\u00e1\u013eovn\u00e1 + 11-25 robotn\u00edc + ml\u00e1\u010fat\u00e1)<br \/>\n1x Cvr\u010dekov\u00fd d\u017eem 25g<br \/>\n1x obiln\u00e9 krmivo minor 100g<br \/>\n1x podlo\u017eka pod formik\u00e1rium - 20x20cm<br \/>\n2x podlo\u017eka pod formik\u00e1rium - 20x6cm<\/p>\n<p>1x ANTCUBE - ar\u00e9na 20x20x10 - ploch\u00e1<br \/>\n1x r\u00e1m mraveniska 20\u00d720<br \/>\n1x kryt mraveniska 20\u00d720<br \/>\n4x upev\u0148ovac\u00ed bod pre kryt ar\u00e9ny<br \/>\n2x ANTCUBE - mravenisko - M - 20\u00d720 - stojaci<\/p>\n<p>1x 1m prieh\u013eadn\u00e1 r\u00farka 14\/10 mm<br \/>\n2x ANTCUBE - \u010derven\u00e1 f\u00f3lia 20\u00d720 - filter<br \/>\n2x samolepiace klipy - prieh\u013eadn\u00e9 2 ks.<br \/>\n1x substr\u00e1t - p\u00fa\u0161\u0165 - 1kg<br \/>\n1x granul\u00e1t Formicarium 200ml - b\u00e9\u017eov\u00fd<\/p>\n<p>1x Grid cap &#8211; 10mm &#8211; stainless steel<br \/>\n2x Grid insert acrylic &#8211; 50 mm with sealing ring<br \/>\n1x Grid insert acrylic &#8211; 27 mm with sealing ring<\/p>\n<p>1x hadicov\u00e1 spojka n\u00e1dr\u017ee 27-14,16,20 mm - transparentn\u00e1<br \/>\n2x Foil thermometer &#8211; farm<br \/>\n1x Foil thermometer Display<br \/>\n1x drinking clear 5ml &#8211; sponge<br \/>\n1x Feeding dish white rectangle &#8211; 3 compartments<br \/>\n1x Ochrann\u00fd olej proti \u00faniku mravcov 10ml<br \/>\n1x pinzeta z pru\u017einovej ocele - \u0161irok\u00e1 - m\u00e4kk\u00e1<br \/>\n1x pinzeta plastov\u00e1 prieh\u013eadn\u00e1<br \/>\n1x plastov\u00e1 pipeta 3 ml<br \/>\n1x ru\u010dn\u00e1 lupa - 2x - 30 mm<br \/>\n1x penov\u00fd stiera\u010d 150x18x2,5mm<br \/>\n1x fotografick\u00fd chrb\u00e1t - p\u00fa\u0161\u0165 - 20\u00d710<\/p>\n<p>&nbsp;<\/p>\n<p><strong>Popis: V s\u00fa\u010dasnosti je na trhu viac ako 10 000 zariaden\u00ed, ktor\u00e9 s\u00fa ur\u010den\u00e9 na predaj:<\/strong><br \/>\nT\u00e1to \u0161tartovacia sada Desert je vhodn\u00e1 pre v\u0161etky druhy rodu Messor \u017eij\u00face v p\u00fa\u0161tnych oblastiach, stepiach alebo v stredomorskom podneb\u00ed. Jedna z dvoch fariem je ur\u010den\u00e1 na uskladnenie semien a mrav\u010dieho chleba, a preto by mala by\u0165 udr\u017eiavan\u00e1 v \u00faplnom suchu, aby semen\u00e1\/zrn\u00e1, ktor\u00e9 tam mravce uskladnia, nevykl\u00ed\u010dili alebo nesplesniveli.<\/p>\n<p>V \u00faplne transparentnej farme (hniezde) sa na vyplnenie farmy pou\u017e\u00edva \"substr\u00e1t - p\u00fa\u0161\u0165\". V pr\u00edpade potreby mo\u017eno cez 50 mm otvory v kryte pripoji\u0165 \u010fal\u0161ie moduly, napr. samostatne dostupn\u00e9 hmlovacie zariadenia, ventil\u00e1tory alebo svetl\u00e1. Pr\u00edpadne s\u00fa s\u00fa\u010das\u0165ou dod\u00e1vky vhodn\u00e9 formik\u00e1riov\u00e9 z\u00e1tky na uzavretie otvorov. V pr\u00edpade potreby mo\u017eno formik\u00e1rium prev\u00e1dzkova\u0165 aj v otvorenom stave jednoduch\u00fdm umiestnen\u00edm odn\u00edmate\u013en\u00e9ho r\u00e1mu na vrch a nanesen\u00edm oleja na ochranu proti \u00faniku mravcov na okraj. \"Prieh\u013eadn\u00e1 20 ml nap\u00e1ja\u010dka - hubka\" je ur\u010den\u00e1 na vodu, \"2 ml d\u00e1vkova\u010d krmiva - d\u00e1vkovate\u013en\u00fd\" na zrnit\u00e9 krmivo.<\/p>\n<p><strong>D\u00f4le\u017eit\u00e9:<\/strong> Pred pou\u017eit\u00edm substr\u00e1t navlh\u010dite, aby sa zmes mohla spoji\u0165 a pevne dr\u017ea\u0165 v mravenisku. Okrem toho, ak je substr\u00e1t pr\u00edli\u0161 such\u00fd a pra\u0161n\u00fd, m\u00f4\u017ee d\u00f4js\u0165 k zablokovaniu d\u00fdchac\u00edch ciest mravcov a v najhor\u0161om pr\u00edpade sa zvierat\u00e1 m\u00f4\u017eu udusi\u0165.<\/p>\n<p><strong>Odpor\u00fa\u010danie:<\/strong> Odpor\u00fa\u010dame vrstvu substr\u00e1tu s v\u00fd\u0161kou 2 mm, aby sa zvierat\u00e1 nemohli zahraba\u0165 do ar\u00e9ny a namiesto toho pou\u017e\u00edvali na tento \u00fa\u010del poskytnut\u00fd statok. Odpor\u00fa\u010dame tie\u017e, aby bol hniezdny materi\u00e1l vo farme (piesok\/hlina, Digfix at\u010f.) na jednom mieste \u013eahko napichan\u00fd, aby sa zvierat\u00e1m u\u013eah\u010dilo hrabanie.<\/p>\n<p><strong>Pozn\u00e1mky k v\u00fdrobe<\/strong><br \/>\nSklo sa re\u017ee na mieru pod\u013ea DIN 1249 s toleranciou +\/- 1 mm. Pri extr\u00e9mne mal\u00fdch druhoch mravcov je nevyhnutn\u00e1 dodato\u010dn\u00e1 ochrana proti vylomeniu.<\/p>\n<p><strong>Pozn\u00e1mky k farme<\/strong><br \/>\nPri prip\u00e1jan\u00ed alebo odoberan\u00ed had\u00edc dbajte na nasleduj\u00face pokyny:<br \/>\nAk sa r\u00farka ve\u013emi \u0165a\u017eko nasadzuje na pripojovaciu z\u00e1suvku, treba z\u00e1suvku z\u013eahka potrie\u0165 kvapkou n\u00e1\u0161ho oleja alebo pr\u00e1\u0161ku proti praskaniu. Hadica by sa potom mala nasun\u00fa\u0165 na obj\u00edmku kr\u00fatiacimi alebo skrutkovac\u00edmi pohybmi bez toho, aby sa obj\u00edmka nam\u00e1hala pohybmi nahor a nadol. To ist\u00e9 plat\u00ed aj pri odstra\u0148ovan\u00ed had\u00edc z pripojovacej z\u00e1suvky farmy. Neodstra\u0148ujte ju jednoducho!<\/p>\n<p><strong>Pozn\u00e1mky k z\u00e1pasu Cricket Jam:<\/strong><br \/>\nNa\u0161e blan\u0161\u00edrovan\u00e9 cvr\u010dky predstavuj\u00fa jednoduch\u00fd sp\u00f4sob, ako mravcom poskytn\u00fa\u0165 \u010derstvo konzervovan\u00fa bielkovinov\u00fa potravu bez toho, aby ste museli k\u0155mi\u0165 \u017eiv\u00fdm hmyzom. Obsiahnut\u00e9 cvr\u010dky (Acheta domesticus) boli jemne blan\u0161\u00edrovan\u00e9, aby sa zabezpe\u010dilo zachovanie nutri\u010dn\u00fdch hodn\u00f4t, chuti a v\u00f4ne. Okrem toho sa t\u00fdmto sp\u00f4sobom zm\u00e4k\u010duje chit\u00ednov\u00e1 schr\u00e1nka hmyzu, aby sa \u013eah\u0161ie tr\u00e1vila. V\u00e4zby kolag\u00e9nov\u00fdch bielkov\u00edn sa rozbij\u00fa, aby ich mravce mohli lep\u0161ie vyu\u017ei\u0165. Konzervy Acheta domesticus maj\u00fa rovnak\u00fa v\u00fd\u017eivov\u00fa hodnotu ako \u017eiv\u00e9 cvr\u010dky, ale s\u00fa \u013eah\u0161ie str\u00e1vite\u013en\u00e9.<\/p>\n<p>Cricket Jam nie je vhodn\u00fd na lov druhov mravcov, ktor\u00e9 vy\u017eaduj\u00fa \u017eiv\u00fa potravu (napr. poniklecov (ve\u013ek\u00fdch mravcov), ako s\u00fa Harpegnathos alebo Odontomachus).<\/p>\n<p><strong>\u010eal\u0161ie v\u00fdhody:<\/strong><br \/>\nZaru\u010dene bez rozto\u010dov<br \/>\nM\u00f4\u017ee sa porciova\u0165 a riedi\u0165 vodou<br \/>\nSterilizovan\u00e9 a v\u00e1kuovo balen\u00e9<br \/>\nBez pr\u00eddavn\u00fdch l\u00e1tok<br \/>\nCvr\u010dky z udr\u017eate\u013en\u00e9ho \u010disto ekologick\u00e9ho chovu, k\u0155men\u00e9 organick\u00fdm odpadom<\/p>\n<p><strong>Pozn\u00e1mka:<\/strong><br \/>\nPo otvoren\u00ed sa m\u00f4\u017ee uchov\u00e1va\u0165 v chladni\u010dke pribli\u017ene \u0161tyri dni. Pri zmrazen\u00ed je trvanlivos\u0165 dlh\u0161ia.<br \/>\nPozor: Najprv porciu, potom zmrazte.<\/p>","protected":false},"excerpt":{"rendered":"<p>S\u00faprava pozost\u00e1va z 38 kusov<\/p>\n<p>Ve\u013ekos\u0165: <strong>M<\/strong><\/p>","protected":false},"featured_media":7134,"comment_status":"open","ping_status":"closed","template":"","meta":{"_acf_changed":false,"content-type":"","_monsterinsights_skip_tracking":false,"_monsterinsights_sitenote_active":false,"_monsterinsights_sitenote_note":"","_monsterinsights_sitenote_category":0},"product_brand":[],"product_cat":[355,353,73],"product_tag":[],"class_list":{"0":"post-6562","1":"product","2":"type-product","3":"status-publish","4":"has-post-thumbnail","6":"product_cat-bundle-offers","7":"product_cat-starter-sets-for-harvester-ants","8":"product_cat-starter-sets","10":"first","11":"instock","12":"taxable","13":"shipping-taxable","14":"purchasable","15":"product-type-simple"},"acf":[],"aioseo_notices":[],"jetpack_sharing_enabled":true,"_links":{"self":[{"href":"https:\/\/antcube.shop\/sk\/wp-json\/wp\/v2\/product\/6562","targetHints":{"allow":["GET"]}}],"collection":[{"href":"https:\/\/antcube.shop\/sk\/wp-json\/wp\/v2\/product"}],"about":[{"href":"https:\/\/antcube.shop\/sk\/wp-json\/wp\/v2\/types\/product"}],"replies":[{"embeddable":true,"href":"https:\/\/antcube.shop\/sk\/wp-json\/wp\/v2\/comments?post=6562"}],"wp:featuredmedia":[{"embeddable":true,"href":"https:\/\/antcube.shop\/sk\/wp-json\/wp\/v2\/media\/7134"}],"wp:attachment":[{"href":"https:\/\/antcube.shop\/sk\/wp-json\/wp\/v2\/media?parent=6562"}],"wp:term":[{"taxonomy":"product_brand","embeddable":true,"href":"https:\/\/antcube.shop\/sk\/wp-json\/wp\/v2\/product_brand?post=6562"},{"taxonomy":"product_cat","embeddable":true,"href":"https:\/\/antcube.shop\/sk\/wp-json\/wp\/v2\/product_cat?post=6562"},{"taxonomy":"product_tag","embeddable":true,"href":"https:\/\/antcube.shop\/sk\/wp-json\/wp\/v2\/product_tag?post=6562"}],"curies":[{"name":"wp","href":"https:\/\/api.w.org\/{rel}","templated":true}]}}