{"id":6561,"date":"2023-12-04T11:33:36","date_gmt":"2023-12-04T10:33:36","guid":{"rendered":"https:\/\/antcube.shop\/product\/bundle-offer-camponotus-barbaricus\/"},"modified":"2026-03-30T10:28:01","modified_gmt":"2026-03-30T08:28:01","slug":"ponuka-zvazku-camponotus-barbaricus","status":"publish","type":"product","link":"https:\/\/antcube.shop\/sk\/produkt\/ponuka-zvazku-camponotus-barbaricus\/","title":{"rendered":"Ponuka bal\u00edka - Camponotus barbaricus"},"content":{"rendered":"<p><span data-text-color=\"secondary\"><strong>Ponuka bal\u00edka obsahuje kol\u00f3niu mravcov Camponotus barbaricus (kr\u00e1\u013eovn\u00e1 s 5-10 robotnicami + ml\u00e1\u010fat\u00e1), \u0161tartovaciu sadu Habitat Desert L s 2x podlo\u017ekami do formik\u00e1ria, n\u00e1dobu s na\u0161imi \u0161peci\u00e1lnymi cel\u00fdmi blan\u0161\u00edrovan\u00fdmi cvr\u010dkami (vlhk\u00e9 bielkoviny) a balenie medovicovej zmesi 10 ml<\/strong><\/span><\/p>\n<p><span data-text-color=\"alert\"><strong>Len do vypredania z\u00e1sob.<\/strong><\/span><\/p>\n<p><strong>V\u0161etko, \u010do potrebujete pre kol\u00f3niu mravcov Camponotus barbaricus<\/strong><br \/>\nTento bal\u00edk obsahuje v\u0161etko, \u010do potrebujete na \u00faspe\u0161n\u00e9 zalo\u017eenie kol\u00f3nie Camponotus barbaricus po\u010das prv\u00fdch mesiacov. Je flexibilne roz\u0161\u00edrite\u013en\u00fd a vyslovene vhodn\u00fd pre za\u010diato\u010dn\u00edkov v chove mravcov.<\/p>\n<p><strong>Druh mravca Camponotus barbaricus<\/strong><br \/>\nCamponotus barbaricus je jedn\u00fdm z najv\u00e4\u010d\u0161\u00edch druhov mravcov v Eur\u00f3pe. Vyskytuje sa v Portugalsku, \u0160panielsku, na Sic\u00edlii a mimo Eur\u00f3py v Maroku, Al\u017e\u00edrsku, Tunisku a L\u00edbyi. Jeho kol\u00f3nie s\u00fa monog\u00fdnne (len jedna kr\u00e1\u013eovn\u00e1 v kol\u00f3nii) a podobne ako v\u00e4\u010d\u0161ina druhov Camponotus je to vysoko polymorfn\u00fd druh mravca (vytv\u00e1ra tzv. kasty, t. j. men\u0161ie a v\u00e4\u010d\u0161ie robotnice).<\/p>\n<p>Vo vo\u013enej pr\u00edrode m\u00f4\u017eu tvori\u0165 kol\u00f3nie s po\u010dtom 10 000 jedincov. Camponotus barbaricus agres\u00edvne br\u00e1ni svoje hniezdo a lovisko a v\u010faka svojej ve\u013ekosti je v tom ve\u013emi \u00faspe\u0161n\u00fd. Majorky (najv\u00e4\u010d\u0161ia kasta robotn\u00edc) dosahuj\u00fa ve\u013ekos\u0165 pribli\u017ene 17 mm.<\/p>\n<p><strong>Hniezdo pre Camponotus barbaricus<\/strong><br \/>\nCamponotus barbaricus uprednost\u0148uje hniezdenie v pieso\u010dnat\u00fdch p\u00f4dach. Na rozdiel od v\u00e4\u010d\u0161iny druhov rodu Camponotus sa zriedkavo vyskytuje v zhnitom dreve. P\u00fa\u0161tna \u0161tartovacia s\u00faprava, ktor\u00e1 je s\u00fa\u010das\u0165ou bal\u00edka, je preto dokonale prisp\u00f4soben\u00e1 potreb\u00e1m tohto druhu.<\/p>\n<p><strong>Potrava pre Camponotus barbaricus<\/strong><br \/>\nV pr\u00edrode sa Camponotus barbaricus \u017eiv\u00ed najm\u00e4 hmyzom a medovicou. Z tohto d\u00f4vodu sme do tohto bal\u00edka zahrnuli na\u0161e blan\u0161\u00edrovan\u00e9 cvr\u010dky ako bielkovinov\u00fa potravu aj na\u0161u zmes medovice, aby ste mohli svojim mravcom pon\u00faknu\u0165 stravu, ktor\u00e1 je \u010do najviac prisp\u00f4soben\u00e1 druhu.<\/p>\n<p><strong>Optim\u00e1lne klimatick\u00e9 podmienky pre Camponotus barbaricus s\u00fa tieto:<\/strong><br \/>\n<strong>Vlhkos\u0165:<\/strong><br \/>\nAr\u00e9na: Hniezdo: 30 - 50% plocha hniezda: 50 - 60%<br \/>\n<strong>Teplota:<\/strong><br \/>\nAr\u00e9na: 18 - 28 \u00b0C Hniezdna oblas\u0165: 21 - 26\u00b0C<\/p>\n<p><strong>Obsah:<\/strong><\/p>\n<p>1x Camponotus barbaricus (kr\u00e1\u013eovn\u00e1 s 1-4 robotnicami + ml\u00e1\u010fat\u00e1)<br \/>\n1x Cvr\u010dekov\u00fd d\u017eem 25g<br \/>\n1x Medovkov\u00e1 zmes (HT) - n\u00e1pl\u0148 10ml<br \/>\n1x z\u00e1klad\u0148a pre formik\u00e1rium - 20x20cm<br \/>\n1x z\u00e1klad\u0148a pre formik\u00e1rium - 20x6cm<\/p>\n<p>1x ANTCUBE - ar\u00e9na 20x20x10 - ploch\u00e1<br \/>\n1x r\u00e1m mraveniska 20\u00d720<br \/>\n1x kryt mraveniska 20\u00d720<br \/>\n4x upev\u0148ovac\u00ed bod pre kryt ar\u00e9ny<br \/>\n1x ANTCUBE - mravenisko - L - 20\u00d720 - vertik\u00e1lne<\/p>\n<p>1x 0,5 m prieh\u013eadn\u00e1 r\u00farka 20\/16 mm<br \/>\n1x ANTCUBE - \u010derven\u00e1 f\u00f3lia 20\u00d720 - filter<br \/>\n1x samolepiace klipy - prieh\u013eadn\u00e9 2 ks.<br \/>\n1x substr\u00e1t - p\u00fa\u0161\u0165 - 1kg<br \/>\n1x granul\u00e1t Formicarium 200ml - b\u00e9\u017eov\u00fd<\/p>\n<p>2x Grid insert acrylic &#8211; 50 mm with sealing ring<br \/>\n1x Grid insert acrylic &#8211; 27 mm with sealing ring<br \/>\n1x krytka mrie\u017eky - 16 mm - nerezov\u00e1 oce\u013e<\/p>\n<p>1x hadicov\u00e1 spojka n\u00e1dr\u017ee 27-14,16,20 mm - transparentn\u00e1<br \/>\n1x Foil thermometer &#8211; farm<br \/>\n1x Foil thermometer Display<br \/>\n1x drinking clear 5ml &#8211; sponge<br \/>\n1x Feeding dish white rectangle &#8211; 3 compartments<br \/>\n1x Drinking trough 2ml &#8211; 360 Degrees<br \/>\n1x Ochrann\u00fd olej proti \u00faniku mravcov 10ml<br \/>\n1x pinzeta z pru\u017einovej ocele - \u0161irok\u00e1 - m\u00e4kk\u00e1<br \/>\n1x pinzeta plastov\u00e1 prieh\u013eadn\u00e1<br \/>\n1x plastov\u00e1 pipeta 3 ml<br \/>\n1x ru\u010dn\u00e1 lupa - 2x - 30 mm<br \/>\n1x penov\u00fd stiera\u010d 150x18x2,5mm<br \/>\n1x fotografick\u00fd chrb\u00e1t - p\u00fa\u0161\u0165 - 20\u00d710<\/p>\n<p><strong>Popis: V s\u00fa\u010dasnosti je na trhu viac ako 10 000 zariaden\u00ed, ktor\u00e9 s\u00fa ur\u010den\u00e9 na predaj:<\/strong><br \/>\nT\u00e1to \u0161tartovacia sada je vhodn\u00e1 pre v\u0161etky druhy mravcov \u017eij\u00facich v p\u00fa\u0161tiach, stepiach alebo v stredomorskom podneb\u00ed.<\/p>\n<p>V \u00faplne transparentnej farme (hniezdo) sa na vyplnenie farmy pou\u017e\u00edva \"P\u00f4da - p\u00fa\u0161\u0165\". V pr\u00edpade potreby mo\u017eno cez 50 mm otvory v kryte pripoji\u0165 \u010fal\u0161ie moduly, napr. samostatne dostupn\u00e9 hmlovacie zariadenia, ventil\u00e1tory alebo svetl\u00e1. Pr\u00edpadne s\u00fa s\u00fa\u010das\u0165ou dod\u00e1vky vhodn\u00e9 formik\u00e1riov\u00e9 z\u00e1tky na uzavretie otvorov. V pr\u00edpade potreby mo\u017eno formik\u00e1rium prev\u00e1dzkova\u0165 aj v otvorenom stave jednoduch\u00fdm nasaden\u00edm odn\u00edmate\u013en\u00e9ho r\u00e1mu a nanesen\u00edm oleja na ochranu proti \u00faniku mravcov na okraj. \"Nap\u00e1ja\u010dka 2 ml - 360 stup\u0148ov\" je ur\u010den\u00e1 na medovicov\u00fa zmes, \"Nap\u00e1ja\u010dka \u010d\u00edra 20 ml - hubka\" na vodu a \"Miska \u010d\u00edra 1\u00d720 - hubka\" na bielkovinov\u00fa potravu. \"Mini termohygrometer anal\u00f3gov\u00fd - displej - z\u00e1vesn\u00fd\" sa d\u00e1 pripevni\u0165 na r\u00e1m alebo kryt a zobrazuje klimatick\u00e9 hodnoty.<\/p>\n<p><strong>D\u00f4le\u017eit\u00e9:<\/strong> Pred pou\u017eit\u00edm substr\u00e1t navlh\u010dite, aby sa zmes mohla spoji\u0165 a pevne sa uchyti\u0165 v mravenisku. Okrem toho, ak je substr\u00e1t pr\u00edli\u0161 such\u00fd a pra\u0161n\u00fd, m\u00f4\u017ee d\u00f4js\u0165 k zablokovaniu d\u00fdchac\u00edch ciest mravcov a v najhor\u0161om pr\u00edpade sa m\u00f4\u017eu zvierat\u00e1 udusi\u0165.<\/p>\n<p><strong>Odpor\u00fa\u010danie:<\/strong> Odpor\u00fa\u010dame vrstvu substr\u00e1tu s v\u00fd\u0161kou 2 mm, aby sa zvierat\u00e1 nemohli zahraba\u0165 do ar\u00e9ny a namiesto toho pou\u017e\u00edvali na tento \u00fa\u010del poskytnut\u00fd statok. Odpor\u00fa\u010dame tie\u017e, aby bol hniezdny materi\u00e1l vo farme (piesok\/hlina, Digfix at\u010f.) na jednom mieste \u013eahko napichan\u00fd, aby sa zvierat\u00e1m u\u013eah\u010dilo hrabanie.<\/p>\n<p><strong>Pozn\u00e1mky k v\u00fdrobe<\/strong><br \/>\nSklo sa re\u017ee na mieru pod\u013ea DIN 1249 s toleranciou +\/- 1 mm. Pri extr\u00e9mne mal\u00fdch druhoch mravcov je nevyhnutn\u00e1 dodato\u010dn\u00e1 ochrana proti vylomeniu.<\/p>\n<p><strong>Pozn\u00e1mky k farme<\/strong><br \/>\nPri prip\u00e1jan\u00ed alebo odoberan\u00ed had\u00edc dbajte na nasleduj\u00face pokyny:<br \/>\nAk sa r\u00farka ve\u013emi \u0165a\u017eko nasadzuje na pripojovaciu z\u00e1suvku, treba z\u00e1suvku z\u013eahka potrie\u0165 kvapkou n\u00e1\u0161ho oleja alebo pr\u00e1\u0161ku proti praskaniu. Hadica by sa potom mala nasun\u00fa\u0165 na obj\u00edmku kr\u00fatiacimi alebo skrutkovac\u00edmi pohybmi bez toho, aby sa obj\u00edmka nam\u00e1hala pohybmi nahor a nadol. To ist\u00e9 plat\u00ed aj pri odstra\u0148ovan\u00ed had\u00edc z pripojovacej z\u00e1suvky farmy. Neodstra\u0148ujte ju jednoducho!<\/p>\n<p><strong>Pokyny:<\/strong> (Verzia 2023, aktualizovan\u00e1 verzia pre rok 2024 bude k dispoz\u00edcii najnesk\u00f4r do 04\/2024)<\/p>\n<p>- DE <a href=\"https:\/\/www.antstore.net\/shop\/images\/info\/de\/Gebrauchsanweisung%20Starter%20Set%20Habitat.pdf\">Gebrauchsanweisung \u0160tartovacia sada Habitat<\/a> (PDF 3,21 MB)<\/p>\n<p>- SK <a href=\"https:\/\/www.antstore.net\/shop\/images\/info\/en\/Instructions%20for%20use%20-%20Starter%20Set%20Habitat.pdf\">N\u00e1vod na pou\u017eitie - \u0161tartovacia sada Habitat<\/a> (PDF 3,21 MB)<\/p>\n<p>- ES <a href=\"https:\/\/www.antstore.net\/shop\/images\/info\/es\/Manual%20de%20instrucciones%20-%20Set%20de%20inicio%20H%C3%A1bitat.pdf\">Manu\u00e1l s in\u0161trukciami - Set de inicio H\u00e1bitat<\/a> (PDF 3,21 MB)<\/p>\n<p>- FR <a href=\"https:\/\/www.antstore.net\/shop\/images\/info\/fr\/Manuel%20d'instruction%20-%20Kit%20de%20d%C3%A9marrage%20Habitat.pdf\">Manuel d'instruction - Kit de d\u00e9marrage Habitat<\/a> (PDF 3,21 MB)<\/p>\n<p><strong>Pozn\u00e1mka k medovici:<\/strong><br \/>\nObsah: 10 ml<br \/>\nIde o pr\u00edrodn\u00fd produkt, ktor\u00fd sme po rozsiahlom testovan\u00ed v na\u0161om laborat\u00f3riu zdokonalili a vyvinuli z neho potravu, ktor\u00fa mravce ve\u013emi dobre prij\u00edmaj\u00fa. D\u00f4vodom je, \u017ee nespracovan\u00fd medovicov\u00fd med v jeho koncentrovanej p\u00f4vodnej forme nie je dobre prij\u00edman\u00fd mravcami a ich metabolizmom.<br \/>\nNa\u0161a medovina bola zozbieran\u00e1 v nezne\u010disten\u00fdch divok\u00fdch horsk\u00fdch lesoch Bulharska. Medovica sa rod\u00ed len ve\u013emi obmedzen\u00fd \u010das, pribli\u017ene dva mesiace v lete. Preto je ve\u013emi vz\u00e1cny. Vzh\u013eadom na \u0161pecifick\u00e9 vlastnosti p\u00f4dy v lesoch a podnebie sa v listoch stromov ukladaj\u00fa z\u00e1kladn\u00e9 \u017eiviny, ktor\u00e9 m\u0161ice absorbuj\u00fa. Pr\u00e1ve preto je t\u00e1to medonosn\u00e1 zmes pre mravce tak\u00e1 \u017eiad\u00faca.<\/p>\n<p><strong>Pou\u017eitie:<\/strong><br \/>\nMno\u017estvo potrav\u00edn by sa malo spotrebova\u0165 pribli\u017ene do 3 dn\u00ed.<\/p>\n<p><strong>Popis: V s\u00fa\u010dasnosti je na trhu viac ako 10 000 zariaden\u00ed, ktor\u00e9 s\u00fa ur\u010den\u00e9 na predaj:<\/strong><br \/>\nMedovica sa na rozdiel od kvetov\u00e9ho medu z\u00edskava zo sekr\u00e9tov hmyzu, ktor\u00fd saje na rastlin\u00e1ch, ako s\u00fa napr\u00edklad m\u0161ice. Medovica je ob\u013e\u00faben\u00fdm zdrojom potravy pre mnoh\u00e9 druhy hmyzu, ako s\u00fa mravce, v\u010dely a \u010dmeliaky. V\u010dely a \u010dmeliaky ju olizuj\u00fa z listov alebo ihli\u010dia r\u00f4znych stromov. Mravce, ako napr\u00edklad Lasius niger, doslova chovaj\u00fa m\u0161ice. Dokonca ich br\u00e1nia pred pred\u00e1tormi a pren\u00e1\u0161aj\u00fa ich na \u010derstv\u00e9 v\u00fdhonky.<\/p>\n<p>Medovica je u mravcov obzvl\u00e1\u0161\u0165 ob\u013e\u00faben\u00e1 v\u010faka svojim trochu odli\u0161n\u00fdm zlo\u017ek\u00e1m. Hlavn\u00fdmi cukrami v medovici s\u00fa sachar\u00f3za a frukt\u00f3za, ale v men\u0161om mno\u017estve sa vyskytuj\u00fa aj malt\u00f3za, trehal\u00f3za, melezit\u00f3za, rafin\u00f3za a in\u00e9 oligosacharidy. Okrem cukru a vody obsahuje medovica aj esenci\u00e1lne aminokyseliny, miner\u00e1lne l\u00e1tky, stopov\u00e9 prvky, adenoz\u00edny, fosf\u00e1ty a \u010fal\u0161ie zlo\u017eky, ako s\u00fa vitam\u00edny.<\/p>\n<p><strong>Pou\u017eitie:<\/strong><br \/>\nPre druhy mravcov medo\u017erav\u00fdch (Meliphagidae)<br \/>\nIde o doplnkov\u00e9 krmivo<br \/>\nM\u00f4\u017ee sa pon\u00faka\u0165 zvierat\u00e1m ako dod\u00e1vka. Ke\u010f\u017ee koncentr\u00e1cia cukru sa vplyvom vlhkosti zni\u017euje a za\u010d\u00edna sa proces ferment\u00e1cie, krmivo by sa malo ka\u017ed\u00e9 tri dni vymie\u0148a\u0165. Pred op\u00e4tovn\u00fdm pou\u017eit\u00edm d\u00f4kladne vy\u010distite misku na k\u0155menie.<br \/>\nPo otvoren\u00ed by sa malo balenie uchov\u00e1va\u0165 pevne uzavret\u00e9 a\u017e do d\u00e1tumu exspir\u00e1cie.<\/p>\n<p><strong>V\u00fd\u017eivov\u00e9 \u00fadaje na 100 g:<\/strong><br \/>\npribli\u017ene 2,7 % tukov<br \/>\nz toho nas\u00fdten\u00fdch pribli\u017ene 0,45 %<br \/>\npribli\u017ene 95 % sacharidov<br \/>\nz toho cukor pribli\u017ene 71<br \/>\npribli\u017ene 2,85% prote\u00ednu<br \/>\nMiner\u00e1lne l\u00e1tky (drasl\u00edk, v\u00e1pnik, me\u010f, \u017eelezo, sod\u00edk, hor\u010d\u00edk, fosfor, zinok a in\u00e9 stopov\u00e9 prvky) Aminokyseliny (prol\u00edn, leuc\u00edn, fenylalan\u00edn, alan\u00edn, histid\u00edn, izoleuc\u00edn, kyselina glut\u00e1mov\u00e1, argin\u00edn, kyselina aspar\u00e1gov\u00e1 at\u010f.) Organick\u00e9 kyseliny Enz\u00fdmy (fermenty) Chu\u0165ov\u00e9 l\u00e1tky Inhib\u00edtory (antibakteri\u00e1lne l\u00e1tky) Kvety Pe\u013e<\/p>\n<p><strong>Skladovanie:<\/strong><br \/>\nAby sa zabezpe\u010dila kvalita krmiva, malo by sa skladova\u0165 na tmavom a suchom mieste.<\/p>\n<p><strong>Pozn\u00e1mka:<\/strong><br \/>\nInform\u00e1cie o pou\u017e\u00edvan\u00ed k\u0155mnych r\u00farok n\u00e1jdete tu: Odkaz<br \/>\nDoplnkov\u00e9 krmivo pre mravce \u017eiviace sa medom.<br \/>\nZlo\u017eenie, analytick\u00e9 zlo\u017eky, d\u00e1tum minim\u00e1lnej trvanlivosti a \u010d\u00edslo \u0161ar\u017ee n\u00e1jdete v pr\u00edbalovom let\u00e1ku.<\/p>\n<p>Informa\u010dn\u00e1 linka +49 30 439703870<\/p>\n<p>Zodpovedn\u00fd veterin\u00e1rny a potravinov\u00fd in\u0161pektor\u00e1t:<br \/>\nVeterin\u00e1rna kancel\u00e1ria Steglitz<br \/>\nK\u00f6nigin-Luise-Str. 92<br \/>\n14195 Berl\u00edn<\/p>\n<p><strong>Pozn\u00e1mka k blan\u0161\u00edrovan\u00fdm cvr\u010dkom:<\/strong><br \/>\nNa\u0161e blan\u0161\u00edrovan\u00e9 cvr\u010dky predstavuj\u00fa jednoduch\u00fd sp\u00f4sob, ako mravcom poskytn\u00fa\u0165 \u010derstvo konzervovan\u00fa bielkovinov\u00fa potravu bez toho, aby ste museli k\u0155mi\u0165 \u017eiv\u00fdm hmyzom. Obsiahnut\u00e9 cvr\u010dky (Acheta domesticus) boli jemne blan\u0161\u00edrovan\u00e9, aby sa zabezpe\u010dilo zachovanie nutri\u010dn\u00fdch hodn\u00f4t, chuti a v\u00f4ne. Okrem toho sa t\u00fdmto sp\u00f4sobom zm\u00e4k\u010duje chit\u00ednov\u00e1 schr\u00e1nka hmyzu, aby sa \u013eah\u0161ie tr\u00e1vila. V\u00e4zby kolag\u00e9nov\u00fdch bielkov\u00edn sa rozbij\u00fa, aby ich mravce mohli lep\u0161ie vyu\u017ei\u0165. Konzervy Acheta domesticus maj\u00fa rovnak\u00fa v\u00fd\u017eivov\u00fa hodnotu ako \u017eiv\u00e9 cvr\u010dky, ale s\u00fa \u013eah\u0161ie str\u00e1vite\u013en\u00e9.<\/p>\n<p>Blan\u0161\u00edrovan\u00e9 cvr\u010dky nie s\u00fa vhodn\u00e9 na lov druhov mravcov, ktor\u00e9 vy\u017eaduj\u00fa \u017eiv\u00fa potravu (napr. poniklecov (ve\u013ek\u00fdch mravcov), ako s\u00fa Harpegnathos alebo Odontomachus).<\/p>\n<p><strong>\u010eal\u0161ie v\u00fdhody:<\/strong><br \/>\nZaru\u010dene bez rozto\u010dov<br \/>\nMo\u017eno porciova\u0165<br \/>\nSterilizovan\u00e9 a vysat\u00e9<br \/>\nBez pr\u00eddavn\u00fdch l\u00e1tok<br \/>\nCvr\u010dky z udr\u017eate\u013en\u00e9ho \u010disto ekologick\u00e9ho chovu, k\u0155men\u00e9 organick\u00fdm odpadom<\/p>\n<p><strong>Upozornenie:<\/strong><br \/>\nPo otvoren\u00ed sa m\u00f4\u017ee uchov\u00e1va\u0165 v chladni\u010dke pribli\u017ene \u0161tyri dni. Pri zmrazen\u00ed je trvanlivos\u0165 dlh\u0161ia.<\/p>","protected":false},"excerpt":{"rendered":"<p>S\u00faprava pozost\u00e1va z 34 dielov<\/p>\n<p>Ve\u013ekos\u0165: <span style=\"color: #0000ff;\"><strong>L<\/strong><\/span><\/p>","protected":false},"featured_media":7132,"comment_status":"open","ping_status":"closed","template":"","meta":{"_acf_changed":false,"content-type":"","_monsterinsights_skip_tracking":false,"_monsterinsights_sitenote_active":false,"_monsterinsights_sitenote_note":"","_monsterinsights_sitenote_category":0},"product_brand":[],"product_cat":[355,73,74],"product_tag":[],"class_list":{"0":"post-6561","1":"product","2":"type-product","3":"status-publish","4":"has-post-thumbnail","6":"product_cat-bundle-offers","7":"product_cat-starter-sets","8":"product_cat-starter-sets-habitat","10":"first","11":"instock","12":"taxable","13":"shipping-taxable","14":"purchasable","15":"product-type-simple"},"acf":[],"aioseo_notices":[],"jetpack_sharing_enabled":true,"_links":{"self":[{"href":"https:\/\/antcube.shop\/sk\/wp-json\/wp\/v2\/product\/6561","targetHints":{"allow":["GET"]}}],"collection":[{"href":"https:\/\/antcube.shop\/sk\/wp-json\/wp\/v2\/product"}],"about":[{"href":"https:\/\/antcube.shop\/sk\/wp-json\/wp\/v2\/types\/product"}],"replies":[{"embeddable":true,"href":"https:\/\/antcube.shop\/sk\/wp-json\/wp\/v2\/comments?post=6561"}],"wp:featuredmedia":[{"embeddable":true,"href":"https:\/\/antcube.shop\/sk\/wp-json\/wp\/v2\/media\/7132"}],"wp:attachment":[{"href":"https:\/\/antcube.shop\/sk\/wp-json\/wp\/v2\/media?parent=6561"}],"wp:term":[{"taxonomy":"product_brand","embeddable":true,"href":"https:\/\/antcube.shop\/sk\/wp-json\/wp\/v2\/product_brand?post=6561"},{"taxonomy":"product_cat","embeddable":true,"href":"https:\/\/antcube.shop\/sk\/wp-json\/wp\/v2\/product_cat?post=6561"},{"taxonomy":"product_tag","embeddable":true,"href":"https:\/\/antcube.shop\/sk\/wp-json\/wp\/v2\/product_tag?post=6561"}],"curies":[{"name":"wp","href":"https:\/\/api.w.org\/{rel}","templated":true}]}}