{"id":6558,"date":"2023-12-04T11:33:16","date_gmt":"2023-12-04T10:33:16","guid":{"rendered":"https:\/\/antcube.shop\/product\/heizmatte-13x28cm-7w\/"},"modified":"2026-04-05T17:10:11","modified_gmt":"2026-04-05T15:10:11","slug":"vyhrievacia-rohoz-13x28cm-7w","status":"publish","type":"product","link":"https:\/\/antcube.shop\/sk\/produkt\/vyhrievacia-rohoz-13x28cm-7w\/","title":{"rendered":"Vyhrievacia podlo\u017eka 13x28cm - 7W"},"content":{"rendered":"<p><strong>Rozmery:<\/strong> 13 x 28 cm<\/p>\n<p><strong>V\u00fdkon:<\/strong> 7 wattov<\/p>\n<p><strong>Povrchov\u00e1 teplota:<\/strong> 28-32 \u00b0C<\/p>\n<p><strong>Popis: V s\u00fa\u010dasnosti je na trhu viac ako 10 000 zariaden\u00ed, ktor\u00e9 s\u00fa ur\u010den\u00e9 na predaj:<\/strong> Vyhrievacia podlo\u017eka do formik\u00e1ria - vhodn\u00e1 najm\u00e4 pre druhy z teplej\u0161\u00edch kraj\u00edn. Vyhrievacie roho\u017ee vy\u017earuj\u00fa infra\u010derven\u00e9 s\u00e1lav\u00e9 teplo, podobne ako keramick\u00e9 s\u00e1lav\u00e9 ohrieva\u010de. L\u00fa\u010de ohrievaj\u00fa predmety a zvierat\u00e1 bez v\u00fdrazn\u00e9ho zv\u00fd\u0161enia teploty vzduchu. S\u00fa preto ide\u00e1lne na zabezpe\u010denie miest na \"opa\u013eovanie\". Takto mo\u017eno lep\u0161ie dosiahnu\u0165 a kontrolova\u0165 ak\u00fdko\u013evek potrebn\u00fd teplotn\u00fd gradient vo formik\u00e1riu. Tieto vyhrievacie roho\u017ee s\u00fa samolepiace, a preto sa daj\u00fa jednoducho pripevni\u0165 na formik\u00e1rium.<\/p>\n<p><strong>Pozn\u00e1mka:<\/strong> Nikdy neumiest\u0148ujte vykurovacie teles\u00e1 priamo pod formik\u00e1rium, v\u017edy je potrebn\u00e9 zabezpe\u010di\u0165, aby sa teplo mohlo odv\u00e1dza\u0165, aby sa zabr\u00e1nilo nahromadeniu tepla alebo po\u0161kodeniu formik\u00e1ria.<\/p>","protected":false},"excerpt":{"rendered":"<p><strong>Rozmery:<\/strong> 13 x 28 cm \/ Euro z\u00e1str\u010dka pre 230 V<\/p>","protected":false},"featured_media":6619,"comment_status":"open","ping_status":"closed","template":"","meta":{"_acf_changed":false,"content-type":"","_monsterinsights_skip_tracking":false,"_monsterinsights_sitenote_active":false,"_monsterinsights_sitenote_note":"","_monsterinsights_sitenote_category":0},"product_brand":[],"product_cat":[359,119],"product_tag":[],"class_list":{"0":"post-6558","1":"product","2":"type-product","3":"status-publish","4":"has-post-thumbnail","6":"product_cat-light-heat-humidity","7":"product_cat-formicarium-components","9":"first","10":"instock","11":"taxable","12":"shipping-taxable","13":"purchasable","14":"product-type-simple"},"acf":[],"aioseo_notices":[],"jetpack_sharing_enabled":true,"_links":{"self":[{"href":"https:\/\/antcube.shop\/sk\/wp-json\/wp\/v2\/product\/6558","targetHints":{"allow":["GET"]}}],"collection":[{"href":"https:\/\/antcube.shop\/sk\/wp-json\/wp\/v2\/product"}],"about":[{"href":"https:\/\/antcube.shop\/sk\/wp-json\/wp\/v2\/types\/product"}],"replies":[{"embeddable":true,"href":"https:\/\/antcube.shop\/sk\/wp-json\/wp\/v2\/comments?post=6558"}],"wp:featuredmedia":[{"embeddable":true,"href":"https:\/\/antcube.shop\/sk\/wp-json\/wp\/v2\/media\/6619"}],"wp:attachment":[{"href":"https:\/\/antcube.shop\/sk\/wp-json\/wp\/v2\/media?parent=6558"}],"wp:term":[{"taxonomy":"product_brand","embeddable":true,"href":"https:\/\/antcube.shop\/sk\/wp-json\/wp\/v2\/product_brand?post=6558"},{"taxonomy":"product_cat","embeddable":true,"href":"https:\/\/antcube.shop\/sk\/wp-json\/wp\/v2\/product_cat?post=6558"},{"taxonomy":"product_tag","embeddable":true,"href":"https:\/\/antcube.shop\/sk\/wp-json\/wp\/v2\/product_tag?post=6558"}],"curies":[{"name":"wp","href":"https:\/\/api.w.org\/{rel}","templated":true}]}}