{"id":6556,"date":"2023-12-04T11:33:04","date_gmt":"2023-12-04T10:33:04","guid":{"rendered":"https:\/\/antcube.shop\/product\/led-sun-klein-5w-63940\/"},"modified":"2026-03-10T10:32:09","modified_gmt":"2026-03-10T09:32:09","slug":"viedol-slnko-male-5w-63940","status":"publish","type":"product","link":"https:\/\/antcube.shop\/sk\/produkt\/viedol-slnko-male-5w-63940\/","title":{"rendered":"LED slnko mal\u00e9 5W - 63940"},"content":{"rendered":"<p><strong>Technick\u00e9 \u0161pecifik\u00e1cie: <\/strong><\/p>\n<p>V\u00fdkon: 5 W<\/p>\n<p>Nap\u00e4tie: 230V<\/p>\n<p>Z\u00e1suvka: E27<\/p>\n<p>Farba svetla: biela<\/p>\n<p>LED di\u00f3dy: 20<\/p>\n<p><strong>Popis: V s\u00fa\u010dasnosti je na trhu viac ako 10 000 zariaden\u00ed, ktor\u00e9 s\u00fa ur\u010den\u00e9 na predaj:<\/strong> Ide\u00e1lne pre v\u0161etky druhy mravcov. Spektrum podobn\u00e9 denn\u00e9mu svetlu s dobr\u00fdm osvetlen\u00edm formik\u00e1ria. \u017diadne ne\u017eiaduce vy\u017earovanie tepla, mimoriadne \u00fasporn\u00e9.<\/p>","protected":false},"excerpt":{"rendered":"<p>Pr\u00edkon: 2 W Nap\u00e4tie: 230 V pre z\u00e1suvku E27<\/p>","protected":false},"featured_media":6617,"comment_status":"open","ping_status":"closed","template":"","meta":{"_acf_changed":false,"content-type":"","_monsterinsights_skip_tracking":false,"_monsterinsights_sitenote_active":false,"_monsterinsights_sitenote_note":"","_monsterinsights_sitenote_category":0},"product_brand":[],"product_cat":[359,119],"product_tag":[],"class_list":{"0":"post-6556","1":"product","2":"type-product","3":"status-publish","4":"has-post-thumbnail","6":"product_cat-light-heat-humidity","7":"product_cat-formicarium-components","9":"first","10":"outofstock","11":"taxable","12":"shipping-taxable","13":"purchasable","14":"product-type-simple"},"acf":[],"aioseo_notices":[],"jetpack_sharing_enabled":true,"_links":{"self":[{"href":"https:\/\/antcube.shop\/sk\/wp-json\/wp\/v2\/product\/6556","targetHints":{"allow":["GET"]}}],"collection":[{"href":"https:\/\/antcube.shop\/sk\/wp-json\/wp\/v2\/product"}],"about":[{"href":"https:\/\/antcube.shop\/sk\/wp-json\/wp\/v2\/types\/product"}],"replies":[{"embeddable":true,"href":"https:\/\/antcube.shop\/sk\/wp-json\/wp\/v2\/comments?post=6556"}],"wp:featuredmedia":[{"embeddable":true,"href":"https:\/\/antcube.shop\/sk\/wp-json\/wp\/v2\/media\/6617"}],"wp:attachment":[{"href":"https:\/\/antcube.shop\/sk\/wp-json\/wp\/v2\/media?parent=6556"}],"wp:term":[{"taxonomy":"product_brand","embeddable":true,"href":"https:\/\/antcube.shop\/sk\/wp-json\/wp\/v2\/product_brand?post=6556"},{"taxonomy":"product_cat","embeddable":true,"href":"https:\/\/antcube.shop\/sk\/wp-json\/wp\/v2\/product_cat?post=6556"},{"taxonomy":"product_tag","embeddable":true,"href":"https:\/\/antcube.shop\/sk\/wp-json\/wp\/v2\/product_tag?post=6556"}],"curies":[{"name":"wp","href":"https:\/\/api.w.org\/{rel}","templated":true}]}}