{"id":6555,"date":"2023-12-04T11:27:26","date_gmt":"2023-12-04T10:27:26","guid":{"rendered":"https:\/\/antcube.shop\/product\/ameisenarena-lampenfassung-e27\/"},"modified":"2026-04-10T14:08:36","modified_gmt":"2026-04-10T12:08:36","slug":"objimka-na-ziarovku-ant-arena-e27","status":"publish","type":"product","link":"https:\/\/antcube.shop\/sk\/produkt\/objimka-na-ziarovku-ant-arena-e27\/","title":{"rendered":"Ant Arena - Obj\u00edmka - E27"},"content":{"rendered":"<p><strong>Obsah:<\/strong><br \/>\n- Plastov\u00e1 obj\u00edmka E27 so sie\u0165ov\u00fdm k\u00e1blom a vyp\u00edna\u010dom<br \/>\n- prieh\u013eadn\u00fd akrylov\u00fd kr\u00fa\u017eok na upevnenie do 50 mm otvorov<\/p>\n<p><strong>Materi\u00e1l:<\/strong> z\u00e1suvka (plastov\u00e1); dr\u017eiak (plastov\u00fd); k\u00e1bel (meden\u00fd s plastov\u00fdm pl\u00e1\u0161\u0165om); kr\u00fa\u017eok PMMA (na upevnenie do 50 mm otvorov)<\/p>\n<p><strong>Farba:<\/strong> svetlosiv\u00e1<\/p>\n<p><strong>Technick\u00e9 \u0161pecifik\u00e1cie:<\/strong><br \/>\nRozmery z\u00e1suvky: 4,5 \u00d7 4,5 \u00d7 6 cm<br \/>\nD\u013a\u017eka k\u00e1bla: 3,5 m<br \/>\nV\u00fdkon: max. 60 W<br \/>\nZ\u00e1suvka: E27<\/p>\n<p><strong>POZOR: <\/strong>pri pou\u017eit\u00ed s na\u0161imi hybridn\u00fdmi krytmi a 5 cm \u0161irok\u00fdmi r\u00e1mami Arena sa tento dr\u017eiak lampy nezmest\u00ed. Pre hybridn\u00fd kryt budete potrebova\u0165 r\u00e1m \u0161irok\u00fd 3 cm.<\/p>\n<p><strong>Popis: V s\u00fa\u010dasnosti je na trhu viac ako 10 000 zariaden\u00ed, ktor\u00e9 s\u00fa ur\u010den\u00e9 na predaj:<\/strong><br \/>\nNa osvetlenie mraveniska mo\u017eno t\u00fato z\u00e1suvku zapoji\u0165 priamo do krytu mraveniska.<\/p>\n<p>&nbsp;<\/p>","protected":false},"excerpt":{"rendered":"<p>Obsah: - Materi\u00e1l: obj\u00edmka (plast); obj\u00edmka (plast); k\u00e1bel (me\u010f s plastov\u00fdm pl\u00e1\u0161\u0165om); PMMA kr\u00fa\u017eok (na upevnenie do 50 mm otvorov) Farba: svetlosiv\u00e1 Technick\u00e9 \u0161pecifik\u00e1cie: E27 plastov\u00e1 obj\u00edmka so sie\u0165ov\u00fdm k\u00e1blom a vyp\u00edna\u010dom Rozmery z\u00e1suvky: 50 mm: D\u013a\u017eka k\u00e1bla: 3,5 m Pr\u00edkon: max. 60 W [...]","protected":false},"featured_media":7574,"comment_status":"open","ping_status":"closed","template":"","meta":{"_acf_changed":false,"content-type":"","_monsterinsights_skip_tracking":false,"_monsterinsights_sitenote_active":false,"_monsterinsights_sitenote_note":"","_monsterinsights_sitenote_category":0},"product_brand":[],"product_cat":[359,119],"product_tag":[],"class_list":{"0":"post-6555","1":"product","2":"type-product","3":"status-publish","4":"has-post-thumbnail","6":"product_cat-light-heat-humidity","7":"product_cat-formicarium-components","9":"first","10":"instock","11":"taxable","12":"shipping-taxable","13":"purchasable","14":"product-type-simple"},"acf":[],"aioseo_notices":[],"jetpack_sharing_enabled":true,"_links":{"self":[{"href":"https:\/\/antcube.shop\/sk\/wp-json\/wp\/v2\/product\/6555","targetHints":{"allow":["GET"]}}],"collection":[{"href":"https:\/\/antcube.shop\/sk\/wp-json\/wp\/v2\/product"}],"about":[{"href":"https:\/\/antcube.shop\/sk\/wp-json\/wp\/v2\/types\/product"}],"replies":[{"embeddable":true,"href":"https:\/\/antcube.shop\/sk\/wp-json\/wp\/v2\/comments?post=6555"}],"wp:featuredmedia":[{"embeddable":true,"href":"https:\/\/antcube.shop\/sk\/wp-json\/wp\/v2\/media\/7574"}],"wp:attachment":[{"href":"https:\/\/antcube.shop\/sk\/wp-json\/wp\/v2\/media?parent=6555"}],"wp:term":[{"taxonomy":"product_brand","embeddable":true,"href":"https:\/\/antcube.shop\/sk\/wp-json\/wp\/v2\/product_brand?post=6555"},{"taxonomy":"product_cat","embeddable":true,"href":"https:\/\/antcube.shop\/sk\/wp-json\/wp\/v2\/product_cat?post=6555"},{"taxonomy":"product_tag","embeddable":true,"href":"https:\/\/antcube.shop\/sk\/wp-json\/wp\/v2\/product_tag?post=6555"}],"curies":[{"name":"wp","href":"https:\/\/api.w.org\/{rel}","templated":true}]}}