{"id":6388,"date":"2023-10-13T17:39:36","date_gmt":"2023-10-13T15:39:36","guid":{"rendered":"https:\/\/antcube.shop\/product\/kaktus-vuka-holz-klein-15cm\/"},"modified":"2026-01-14T23:42:10","modified_gmt":"2026-01-14T22:42:10","slug":"kaktus-vuka-holz-klein-15cm","status":"publish","type":"product","link":"https:\/\/antcube.shop\/sk\/produkt\/kaktus-vuka-holz-klein-15cm\/","title":{"rendered":"Kaktus Vuka Wood mal\u00fd 15cm"},"content":{"rendered":"<p><strong>Ve\u013ekos\u0165:<\/strong> 15 cm dlh\u00fd - \u00d8 cca 30 - 70 mm<\/p>\n<p><strong>Popis: V s\u00fa\u010dasnosti je na trhu viac ako 10 000 zariaden\u00ed, ktor\u00e9 s\u00fa ur\u010den\u00e9 na predaj:<\/strong><br \/>\nToto pr\u00edrodn\u00e9 drevo kaktusu Vuka je pieskovan\u00e9 a sl\u00fa\u017ei ako estetick\u00e1 dekor\u00e1cia vo formik\u00e1riu.<br \/>\nV\u010faka mnoh\u00fdm mal\u00fdm otvorom pon\u00faka toto drevo zvierat\u00e1m miesto na lezenie a \u00fakryt.<\/p>\n<p>Ke\u010f\u017ee ide o pr\u00edrodn\u00fd produkt, jeho ve\u013ekos\u0165, farba a tvar sa m\u00f4\u017eu l\u00ed\u0161i\u0165.<\/p>","protected":false},"excerpt":{"rendered":"<p><strong>Ve\u013ekos\u0165:<\/strong> 15 cm dlh\u00fd - \u00d8 cca 30 - 70 mm<\/p>","protected":false},"featured_media":6390,"comment_status":"open","ping_status":"closed","template":"","meta":{"_acf_changed":false,"content-type":"","_monsterinsights_skip_tracking":false,"_monsterinsights_sitenote_active":false,"_monsterinsights_sitenote_note":"","_monsterinsights_sitenote_category":0},"product_brand":[],"product_cat":[95,98,99],"product_tag":[],"class_list":{"0":"post-6388","1":"product","2":"type-product","3":"status-publish","4":"has-post-thumbnail","6":"product_cat-accessories-for-ants","7":"product_cat-decoration","8":"product_cat-desert","10":"first","11":"outofstock","12":"taxable","13":"shipping-taxable","14":"purchasable","15":"product-type-simple"},"acf":[],"aioseo_notices":[],"jetpack_sharing_enabled":true,"_links":{"self":[{"href":"https:\/\/antcube.shop\/sk\/wp-json\/wp\/v2\/product\/6388","targetHints":{"allow":["GET"]}}],"collection":[{"href":"https:\/\/antcube.shop\/sk\/wp-json\/wp\/v2\/product"}],"about":[{"href":"https:\/\/antcube.shop\/sk\/wp-json\/wp\/v2\/types\/product"}],"replies":[{"embeddable":true,"href":"https:\/\/antcube.shop\/sk\/wp-json\/wp\/v2\/comments?post=6388"}],"wp:featuredmedia":[{"embeddable":true,"href":"https:\/\/antcube.shop\/sk\/wp-json\/wp\/v2\/media\/6390"}],"wp:attachment":[{"href":"https:\/\/antcube.shop\/sk\/wp-json\/wp\/v2\/media?parent=6388"}],"wp:term":[{"taxonomy":"product_brand","embeddable":true,"href":"https:\/\/antcube.shop\/sk\/wp-json\/wp\/v2\/product_brand?post=6388"},{"taxonomy":"product_cat","embeddable":true,"href":"https:\/\/antcube.shop\/sk\/wp-json\/wp\/v2\/product_cat?post=6388"},{"taxonomy":"product_tag","embeddable":true,"href":"https:\/\/antcube.shop\/sk\/wp-json\/wp\/v2\/product_tag?post=6388"}],"curies":[{"name":"wp","href":"https:\/\/api.w.org\/{rel}","templated":true}]}}