{"id":6377,"date":"2023-10-06T18:09:26","date_gmt":"2023-10-06T16:09:26","guid":{"rendered":"https:\/\/antcube.shop\/product\/bundle-offer-polyrhachis-dives\/"},"modified":"2026-03-27T18:08:09","modified_gmt":"2026-03-27T17:08:09","slug":"bundle-offer-polyrhachis-dives","status":"publish","type":"product","link":"https:\/\/antcube.shop\/sk\/produkt\/bundle-offer-polyrhachis-dives\/","title":{"rendered":"Ponuka bal\u00edka - Polyrhachis dives"},"content":{"rendered":"<p dir=\"ltr\"><span data-text-color=\"alert\"><strong><span data-text-color=\"secondary\">Ponuka bal\u00edka obsahuje kol\u00f3niu mravcov Polyrhachis dives (kr\u00e1\u013eovn\u00e1 s 26-50 robotn\u00edkmi + ml\u00e1\u010fat\u00e1), \u0161tartovaciu sadu pre mravce tk\u00e1\u010dov s 1x z\u00e1klad\u0148ou formik\u00e1ria, 1x okrasn\u00fdm kr\u00edkom a 1x gu\u013eou ako hniezdiskom a 1x magnetickou plo\u0161inou na \u013eah\u0161ie k\u0155menie.<\/span><br \/>\n<\/strong><\/span><\/p>\n<p><span data-text-color=\"alert\"><strong>Len do vypredania z\u00e1sob.<\/strong><\/span><\/p>\n<p><strong>V\u0161etko, \u010do potrebujete pre kol\u00f3niu mravcov Polyrhachis dives<\/strong><br \/>\nTento bal\u00edk obsahuje v\u0161etko, \u010do potrebujete na \u00faspe\u0161n\u00e9 zalo\u017eenie kol\u00f3nie Polyrhachis dives po\u010das prv\u00fdch mesiacov. Je flexibilne roz\u0161\u00edrite\u013en\u00fd a vyslovene vhodn\u00fd pre za\u010diato\u010dn\u00edkov v chove mravcov.<\/p>\n<p><strong>Druh mravca Polyrhachis dives:<\/strong><br \/>\nPolyrhachis dives poch\u00e1dza z \u00c1zie a Austr\u00e1lie a m\u00e1 o nie\u010do v\u00e4\u010d\u0161\u00ed are\u00e1l roz\u0161\u00edrenia. Pre tento druh je charakteristick\u00e9 strieborn\u00e9 a\u017e zlatist\u00e9 sfarbenie na inak \u010diernohnedom tele \u017eivo\u010d\u00edchov. S\u00fa o nie\u010do men\u0161ie ako Oecophylla, \u010dasto \u017eij\u00fa bl\u00edzko zeme a svoje hniezda si radi stavaj\u00fa na kame\u0148och alebo k\u00f4re stromov. Na spriadanie hniezda pou\u017e\u00edvaj\u00fa svoje larvy, ale z vedeck\u00e9ho h\u013eadiska nepatria medzi \"prav\u00e9 tk\u00e1\u010dske mravce\" ako Oecophylla, hoci v podstate pou\u017e\u00edvaj\u00fa takmer rovnak\u00fa techniku tkania. Druhy rodu Polyrhachis maj\u00fa niekedy pomerne mal\u00e9 kol\u00f3nie, ktor\u00e9 maj\u00fa najviac nieko\u013eko tis\u00edc jedincov. Pod\u013ea spr\u00e1v m\u00f4\u017eu Polyrhachis dives za ide\u00e1lnych podmienok vytv\u00e1ra\u0165 kol\u00f3nie aj s nieko\u013ek\u00fdmi stovkami kr\u00e1\u013eovien a a\u017e s nieko\u013ek\u00fdmi stovkami tis\u00edcok robotn\u00edc. Pri dom\u00e1com chove to v\u0161ak nebude mo\u017en\u00e9.<\/p>\n<p>Polyrhachis dives je polygynn\u00fd, \u010do znamen\u00e1, \u017ee m\u00f4\u017ee ma\u0165 nieko\u013eko kr\u00e1\u013eovien s\u00fa\u010dasne. To znamen\u00e1, \u017ee ve\u013ekos\u0165 kol\u00f3nie m\u00f4\u017ee ve\u013emi r\u00fdchlo r\u00e1s\u0165 a potrebuje ve\u013ea potravy a priestoru. Formik\u00e1rium by sa preto malo da\u0165 aj roz\u0161\u00edri\u0165. Vzh\u013eadom na ve\u013ekos\u0165 kol\u00f3nie s\u00fa pomerne pohybliv\u00e9 a s\u00fa to skuto\u010dn\u00ed \u0161pecialisti na \u00fanik. Preto treba dba\u0165 na dobr\u00fa ochranu pred \u00fanikom.<\/p>\n<p><strong>Hniezdo pre Polyrhachis dives<\/strong><br \/>\nVo formik\u00e1riu Polyrhachis dives prijme takmer ak\u00fdko\u013evek stavebn\u00fd materi\u00e1l, ktor\u00fd mu pon\u00faknete. Do svojich hniezd vplet\u00fa v\u0161etko, \u010do im poskytne pr\u00edroda v okol\u00ed ich domova, od piesku, drobn\u00fdch zvierac\u00edch v\u00fdkalov alebo listov cez korok a k\u00fasky dreva a\u017e po drobn\u00e9 kamene. Na\u0161e kol\u00f3nie Polyrhachis u\u017e dlh\u00e9 roky chov\u00e1me pomocou tzv. hniezdnych gul\u00ed. Do tejto sady sme zahrnuli aj okrasn\u00fd kr\u00edk, aby sa hniezdna gu\u013ea mohla umiestni\u0165 trochu nad zemou, ako je to v pr\u00edrode obvykl\u00e9.<\/p>\n<p><strong>Potraviny pre Polyrhachis dives<\/strong><br \/>\nDo tejto sady sme ako potravinu zaradili cel\u00e9 blan\u0161\u00edrovan\u00e9 cvr\u010dky a medovicu. Oboje pot\u00e1pky Polyrhachis ve\u013emi dobre prij\u00edmaj\u00fa a v\u010faka obsiahnut\u00fdm \u017eivin\u00e1m podporuj\u00fa prirodzen\u00fd a pozit\u00edvny v\u00fdvoj kol\u00f3nie.<\/p>\n<p><strong>Optim\u00e1lne klimatick\u00e9 podmienky pre pot\u00e1panie Polyrhachis s\u00fa nasledovn\u00e9:<\/strong><br \/>\nVlhkos\u0165:<br \/>\nAr\u00e9na: 50 - 70% Plocha hniezda: 60 - 80%<br \/>\nTeplota:<br \/>\nAr\u00e9na: Cez de\u0148: 28 - 30\u00b0C V noci: 24 - 28\u00b0C Hniezdna oblas\u0165: 28- 30\u00b0C<\/p>\n<p><strong>Obsah:<\/strong><\/p>\n<p>1x Polyrhachis dives (2 queens + 26-50 workers + brood)<br \/>\n1x gu\u013e\u00f4\u010dka do hniezda pr\u00edrodn\u00e1 10 cm - hrub\u00e1<br \/>\n1x rohov\u00e1 plo\u0161ina ANTCUBE 8\u00d78 - magnet<br \/>\n1x Dekorat\u00edvny p\u00fa\u0161tny kr\u00edk 30x15cm - tmavohned\u00fd<br \/>\n1x medovkov\u00fd mix 10ml<br \/>\n1x Cvr\u010dekov\u00fd d\u017eem 25g<br \/>\n1x z\u00e1klad\u0148a formik\u00e1ria 20\u00d720<\/p>\n<p>1x ANTCUBE - Ar\u00e9na 20x20x40 - vysok\u00e1<br \/>\n1x r\u00e1m mraveniska 20\u00d720<br \/>\n1x kryt mraveniska 20\u00d720<br \/>\n4x upev\u0148ovac\u00ed bod pre kryt ar\u00e9ny<\/p>\n<p>1x substr\u00e1t - da\u017e\u010fov\u00fd prales - 1 kg<br \/>\n1x fotostena - da\u017e\u010fov\u00fd prales - 20\u00d740 - vysok\u00e1<br \/>\n1x f\u013ea\u0161a s rozpra\u0161ova\u010dom Rozpra\u0161ova\u010d 0,5 l - mosadzn\u00e1 tryska<\/p>\n<p>2x Grid insert acrylic &#8211; 50 mm with sealing ring<br \/>\n2x Grid insert acrylic &#8211; 27 mm with sealing ring<\/p>\n<p>1x pinzeta z pru\u017einovej ocele \u0161irok\u00e1 - m\u00e4kk\u00e1<br \/>\n1x plastov\u00e1 pinzeta \u0161tandard<br \/>\n1x plastov\u00e1 pipeta 3 ml<br \/>\n1x Olej na ochranu proti mravcom 10ml<br \/>\n1x drinking clear 5ml &#8211; sponge<br \/>\n1x Feeding dish white rectangle &#8211; 3 compartments<br \/>\n1x Drinking trough 2ml &#8211; 360 Degrees<br \/>\n1x Ru\u010dn\u00e1 lupa - 2x - 30 mm<br \/>\n1x penov\u00fd stiera\u010d 150x18x2,5mm<\/p>\n<p>&nbsp;<\/p>\n<p><strong>Popis \u0160tartovacia sada tk\u00e1\u010dskych mravcov:<\/strong><br \/>\nT\u00e1to roz\u0161\u00edrite\u013en\u00e1 \u0161tartovacia sada pre r\u00f4zne druhy tk\u00e1\u010dov, ako s\u00fa Polyrhachis spec. alebo Oecophylla spec., obsahuje nielen optim\u00e1lne prisp\u00f4soben\u00e9 formik\u00e1rium, ale aj vhodn\u00e9 pr\u00edslu\u0161enstvo na chov t\u00fdchto druhov mravcov. Vhodn\u00e1 pre kol\u00f3nie s po\u010dtom pribli\u017ene 500-1000 jedincov. Pre v\u00e4\u010d\u0161ie kol\u00f3nie odpor\u00fa\u010dame formik\u00e1rium s rozmermi 30x30x60 cm. Nap\u00e1ja\u010dka \"\u010d\u00edra 20 ml - \u0161pongia\" je ur\u010den\u00e1 na vodu, nap\u00e1ja\u010dka \"2 ml - 360 stup\u0148ov\" na medovicov\u00fa zmes.<\/p>\n<p><strong>D\u00f4le\u017eit\u00e9:<\/strong> Pred pou\u017eit\u00edm substr\u00e1t navlh\u010dite, aby sa zmes mohla spoji\u0165 a pevne sa uchyti\u0165 v mravenisku. Okrem toho such\u00fd a pra\u0161n\u00fd substr\u00e1t m\u00f4\u017ee vies\u0165 k zablokovaniu d\u00fdchac\u00edch ciest mravcov a v najhor\u0161om pr\u00edpade k uduseniu zvierat.<\/p>\n<p><strong>Pozn\u00e1mky k v\u00fdrobe<\/strong><br \/>\nSklo sa re\u017ee na mieru pod\u013ea normy DIN 1249 s toleranciou +\/- 1 mm. Pri extr\u00e9mne mal\u00fdch druhoch mravcov je nevyhnutn\u00e1 dodato\u010dn\u00e1 ochrana proti vylomeniu.<\/p>\n<p><strong>Pozn\u00e1mka k blan\u0161\u00edrovan\u00fdm cvr\u010dkom:<\/strong><br \/>\nNa\u0161e blan\u0161\u00edrovan\u00e9 cvr\u010dky predstavuj\u00fa jednoduch\u00fd sp\u00f4sob, ako mravcom poskytn\u00fa\u0165 \u010derstvo konzervovan\u00fa bielkovinov\u00fa potravu bez toho, aby ste museli k\u0155mi\u0165 \u017eiv\u00fdm hmyzom. Obsiahnut\u00e9 cvr\u010dky (Acheta domesticus) boli jemne blan\u0161\u00edrovan\u00e9, aby sa zabezpe\u010dilo zachovanie nutri\u010dn\u00fdch hodn\u00f4t, chuti a v\u00f4ne. Okrem toho sa t\u00fdmto sp\u00f4sobom zm\u00e4k\u010duje chit\u00ednov\u00e1 schr\u00e1nka hmyzu, aby sa \u013eah\u0161ie tr\u00e1vila. V\u00e4zby kolag\u00e9nov\u00fdch bielkov\u00edn sa rozbij\u00fa, aby ich mravce mohli lep\u0161ie vyu\u017ei\u0165. Konzervy Acheta domesticus maj\u00fa rovnak\u00fa v\u00fd\u017eivov\u00fa hodnotu ako \u017eiv\u00e9 cvr\u010dky, ale s\u00fa \u013eah\u0161ie str\u00e1vite\u013en\u00e9.<\/p>\n<p>Blan\u0161\u00edrovan\u00e9 cvr\u010dky nie s\u00fa vhodn\u00e9 na lov druhov mravcov, ktor\u00e9 vy\u017eaduj\u00fa \u017eiv\u00fa potravu (napr. poniklecov (ve\u013ek\u00fdch mravcov), ako s\u00fa Harpegnathos alebo Odontomachus).<\/p>\n<p>\u010eal\u0161ie v\u00fdhody:<br \/>\nZaru\u010dene bez rozto\u010dov<br \/>\nMo\u017eno porciova\u0165<br \/>\nSterilizovan\u00e9 a vysat\u00e9<br \/>\nBez pr\u00eddavn\u00fdch l\u00e1tok<br \/>\nCvr\u010dky z udr\u017eate\u013en\u00e9ho \u010disto ekologick\u00e9ho chovu, k\u0155men\u00e9 organick\u00fdm odpadom<\/p>\n<p><strong>Upozornenie:<\/strong><br \/>\nPo otvoren\u00ed sa m\u00f4\u017ee uchov\u00e1va\u0165 v chladni\u010dke pribli\u017ene \u0161tyri dni. Pri zmrazen\u00ed je trvanlivos\u0165 dlh\u0161ia.<\/p>\n<p><strong>Pozn\u00e1mka k medovici:<\/strong><br \/>\nObsah: 10 ml<br \/>\nIde o pr\u00edrodn\u00fd produkt, ktor\u00fd sme po rozsiahlom testovan\u00ed v na\u0161om laborat\u00f3riu zdokonalili a vyvinuli z neho potravu, ktor\u00fa mravce ve\u013emi dobre prij\u00edmaj\u00fa. D\u00f4vodom je, \u017ee nespracovan\u00fd medovicov\u00fd med v jeho koncentrovanej p\u00f4vodnej forme nie je dobre prij\u00edman\u00fd mravcami a ich metabolizmom.<br \/>\nNa\u0161a medovina bola zozbieran\u00e1 v nezne\u010disten\u00fdch divok\u00fdch horsk\u00fdch lesoch Bulharska. Medovica sa rod\u00ed len ve\u013emi obmedzen\u00fd \u010das, pribli\u017ene dva mesiace v lete. Preto je ve\u013emi vz\u00e1cny. Vzh\u013eadom na \u0161pecifick\u00e9 vlastnosti p\u00f4dy v lesoch a podnebie sa v listoch stromov ukladaj\u00fa z\u00e1kladn\u00e9 \u017eiviny, ktor\u00e9 m\u0161ice absorbuj\u00fa. Pr\u00e1ve preto je t\u00e1to medonosn\u00e1 zmes pre mravce tak\u00e1 \u017eiad\u00faca.<\/p>\n<p><strong>Pou\u017eitie:<\/strong><br \/>\nMno\u017estvo potrav\u00edn by sa malo spotrebova\u0165 pribli\u017ene do 3 dn\u00ed.<\/p>\n<p><strong>Popis: V s\u00fa\u010dasnosti je na trhu viac ako 10 000 zariaden\u00ed, ktor\u00e9 s\u00fa ur\u010den\u00e9 na predaj:<\/strong><br \/>\nMedovica sa na rozdiel od kvetov\u00e9ho medu z\u00edskava zo sekr\u00e9tov hmyzu, ktor\u00fd saje na rastlin\u00e1ch, ako s\u00fa napr\u00edklad m\u0161ice. Medovica je ob\u013e\u00faben\u00fdm zdrojom potravy pre mnoh\u00e9 druhy hmyzu, ako s\u00fa mravce, v\u010dely a \u010dmeliaky. V\u010dely a \u010dmeliaky ju olizuj\u00fa z listov alebo ihli\u010dia r\u00f4znych stromov. Mravce, ako napr\u00edklad Lasius niger, doslova chovaj\u00fa m\u0161ice. Dokonca ich br\u00e1nia pred pred\u00e1tormi a pren\u00e1\u0161aj\u00fa ich na \u010derstv\u00e9 v\u00fdhonky.<\/p>\n<p>Medovica je u mravcov obzvl\u00e1\u0161\u0165 ob\u013e\u00faben\u00e1 v\u010faka svojim trochu odli\u0161n\u00fdm zlo\u017ek\u00e1m. Hlavn\u00fdmi cukrami v medovici s\u00fa sachar\u00f3za a frukt\u00f3za, ale v men\u0161om mno\u017estve sa vyskytuj\u00fa aj malt\u00f3za, trehal\u00f3za, melezit\u00f3za, rafin\u00f3za a in\u00e9 oligosacharidy. Okrem cukru a vody obsahuje medovica aj esenci\u00e1lne aminokyseliny, miner\u00e1lne l\u00e1tky, stopov\u00e9 prvky, adenoz\u00edny, fosf\u00e1ty a \u010fal\u0161ie zlo\u017eky, ako s\u00fa vitam\u00edny.<\/p>\n<p><strong>Pou\u017eitie:<\/strong><br \/>\nPre druhy mravcov medo\u017erav\u00fdch (Meliphagidae)<br \/>\nIde o doplnkov\u00e9 krmivo<br \/>\nM\u00f4\u017ee sa pon\u00faka\u0165 zvierat\u00e1m ako dod\u00e1vka. Ke\u010f\u017ee koncentr\u00e1cia cukru sa vplyvom vlhkosti zni\u017euje a za\u010d\u00edna sa proces ferment\u00e1cie, krmivo by sa malo ka\u017ed\u00e9 tri dni vymie\u0148a\u0165. Pred op\u00e4tovn\u00fdm pou\u017eit\u00edm d\u00f4kladne vy\u010distite misku na k\u0155menie.<br \/>\nPo otvoren\u00ed balenia by sa malo uchov\u00e1va\u0165 pevne uzavret\u00e9 a\u017e do d\u00e1tumu exspir\u00e1cie.<br \/>\nV\u00fd\u017eivov\u00e9 \u00fadaje na 100 g:<br \/>\npribli\u017ene 2,7 % tukov<br \/>\nz toho nas\u00fdten\u00fdch pribli\u017ene 0,45 %<br \/>\npribli\u017ene 95 % sacharidov<br \/>\nz toho cukor pribli\u017ene 71<br \/>\npribli\u017ene 2,85% prote\u00ednu<\/p>\n<p>Miner\u00e1lne l\u00e1tky (drasl\u00edk, v\u00e1pnik, me\u010f, \u017eelezo, sod\u00edk, hor\u010d\u00edk, fosfor, zinok a in\u00e9 stopov\u00e9 prvky) Aminokyseliny (prol\u00edn, leuc\u00edn, fenylalan\u00edn, alan\u00edn, histid\u00edn, izoleuc\u00edn, kyselina glut\u00e1mov\u00e1, argin\u00edn, kyselina aspar\u00e1gov\u00e1 at\u010f.) Organick\u00e9 kyseliny Enz\u00fdmy (fermenty) Chu\u0165ov\u00e9 l\u00e1tky Inhib\u00edtory (antibakteri\u00e1lne l\u00e1tky) Kvety Pe\u013e<\/p>\n<p><strong>Skladovanie:<\/strong><br \/>\nAby sa zabezpe\u010dila kvalita krmiva, malo by sa skladova\u0165 na tmavom a suchom mieste.<\/p>\n<p><strong>Pozn\u00e1mka:<\/strong><br \/>\nInform\u00e1cie o pou\u017e\u00edvan\u00ed k\u0155mnych r\u00farok n\u00e1jdete tu: Odkaz<br \/>\nDoplnkov\u00e9 krmivo pre mravce \u017eiviace sa medom.<br \/>\nZlo\u017eenie, analytick\u00e9 zlo\u017eky, d\u00e1tum minim\u00e1lnej trvanlivosti a \u010d\u00edslo \u0161ar\u017ee n\u00e1jdete v pr\u00edbalovom let\u00e1ku.<\/p>\n<p>Informa\u010dn\u00e1 linka +49 30 439703870<\/p>\n<p>Zodpovedn\u00fd veterin\u00e1rny a potravinov\u00fd in\u0161pektor\u00e1t:<br \/>\nVeterin\u00e1rna kancel\u00e1ria Steglitz<br \/>\nK\u00f6nigin-Luise-Str. 92<br \/>\n14195 Berl\u00edn<\/p>\n<p><strong>Popis Ornamental shrub<\/strong><\/p>\n<p>Ve\u013ekos\u0165 \/ v\u00fd\u0161ka 17 cm a\u017e 19 cm, priemer ~ 10 cm -12 cm, ide\u00e1lne pre ar\u00e9ny 30x30x30 cm a vy\u0161\u0161ie.<br \/>\nHmotnos\u0165 sa pohybuje od 50 do 80 gramov<\/p>\n<p>Dekorat\u00edvny predmet, ktor\u00fd sa sklad\u00e1 z prirodzene vysu\u0161en\u00e9ho dreven\u00e9ho kr\u00edka a podstavca zo syntetickej \u017eivice (z\u00e1kladn\u00e1 doska).<br \/>\nTento okrasn\u00fd ker bol ru\u010dne vyroben\u00fd v Nemecku, a preto sa vyzna\u010duje udr\u017eate\u013enos\u0165ou.<\/p>\n<p><strong>POZOR:<\/strong> Neumiest\u0148ujte ho do ve\u013emi vlhk\u00e9ho prostredia (vlhkos\u0165 nad 60%). Kr\u00edk by mohol za\u010da\u0165 plesnivie\u0165. Pri ve\u013emi dobrom vetran\u00ed mo\u017eno ker umiestni\u0165 aj do vlhkej\u0161ieho formik\u00e1ria.<\/p>\n<p>Niektor\u00e9 okrasn\u00e9 kr\u00edky sa vo formik\u00e1riu kv\u00f4li svojej v\u00fd\u0161ke neudr\u017eia. V takomto pr\u00edpade pom\u00e1ha trochu zakry\u0165 z\u00e1klad\u0148u substr\u00e1tom alebo umiestni\u0165 v\u00fdrobok v bl\u00edzkosti vonkaj\u0161\u00edch skiel.<\/p>\n<p><span data-text-color=\"alert\"><strong>D\u00d4LE\u017dIT\u00c1 POZN\u00c1MKA K \u010cL\u00c1NKU:<\/strong><\/span><br \/>\nKe\u010f\u017ee ide o pr\u00edrodn\u00fd produkt\/jedine\u010dn\u00fa polo\u017eku, tu uveden\u00e9 ilustr\u00e1cie nie s\u00fa \u00faplne toto\u017en\u00e9 s polo\u017ekou, ktor\u00fa dostanete. M\u00f4\u017eu sa vyskytn\u00fa\u0165 odch\u00fdlky vo ve\u013ekosti, tvare a farbe mini strom\u010deka a z\u00e1kladnej dosky z lomovej bridlice. Garantujeme len maxim\u00e1lnu v\u00fd\u0161ku predmetu.<\/p>\n<p>Objednan\u00edm tohto tovaru s\u00fahlas\u00edte s vy\u0161\u0161ie uveden\u00fdmi mo\u017en\u00fdmi odch\u00fdlkami v\u00fdrobku vo ve\u013ekosti, tvare a farbe v \u010dase n\u00e1kupu.<\/p>","protected":false},"excerpt":{"rendered":"<p>S\u00faprava pozost\u00e1va z 31 dielov.<br \/>\nVe\u013ekos\u0165: <strong>XL<\/strong><\/p>","protected":false},"featured_media":7116,"comment_status":"open","ping_status":"closed","template":"","meta":{"_acf_changed":false,"content-type":"","_monsterinsights_skip_tracking":false,"_monsterinsights_sitenote_active":false,"_monsterinsights_sitenote_note":"","_monsterinsights_sitenote_category":0},"product_brand":[],"product_cat":[355,354,73],"product_tag":[],"class_list":{"0":"post-6377","1":"product","2":"type-product","3":"status-publish","4":"has-post-thumbnail","6":"product_cat-bundle-offers","7":"product_cat-starter-sets-for-weaver-ants","8":"product_cat-starter-sets","10":"first","11":"instock","12":"taxable","13":"shipping-taxable","14":"purchasable","15":"product-type-simple"},"acf":[],"aioseo_notices":[],"jetpack_sharing_enabled":true,"_links":{"self":[{"href":"https:\/\/antcube.shop\/sk\/wp-json\/wp\/v2\/product\/6377","targetHints":{"allow":["GET"]}}],"collection":[{"href":"https:\/\/antcube.shop\/sk\/wp-json\/wp\/v2\/product"}],"about":[{"href":"https:\/\/antcube.shop\/sk\/wp-json\/wp\/v2\/types\/product"}],"replies":[{"embeddable":true,"href":"https:\/\/antcube.shop\/sk\/wp-json\/wp\/v2\/comments?post=6377"}],"wp:featuredmedia":[{"embeddable":true,"href":"https:\/\/antcube.shop\/sk\/wp-json\/wp\/v2\/media\/7116"}],"wp:attachment":[{"href":"https:\/\/antcube.shop\/sk\/wp-json\/wp\/v2\/media?parent=6377"}],"wp:term":[{"taxonomy":"product_brand","embeddable":true,"href":"https:\/\/antcube.shop\/sk\/wp-json\/wp\/v2\/product_brand?post=6377"},{"taxonomy":"product_cat","embeddable":true,"href":"https:\/\/antcube.shop\/sk\/wp-json\/wp\/v2\/product_cat?post=6377"},{"taxonomy":"product_tag","embeddable":true,"href":"https:\/\/antcube.shop\/sk\/wp-json\/wp\/v2\/product_tag?post=6377"}],"curies":[{"name":"wp","href":"https:\/\/api.w.org\/{rel}","templated":true}]}}