{"id":5935,"date":"2023-06-24T12:30:33","date_gmt":"2023-06-24T10:30:33","guid":{"rendered":"https:\/\/antcube.shop\/product\/bundle-offer-messor-angularis\/"},"modified":"2025-10-19T06:01:04","modified_gmt":"2025-10-19T04:01:04","slug":"zvazok-ponuka-messor-angularis","status":"publish","type":"product","link":"https:\/\/antcube.shop\/sk\/produkt\/zvazok-ponuka-messor-angularis\/","title":{"rendered":"Ponuka bal\u00edka - Messor arenarius"},"content":{"rendered":"<div class=\"tab-body active\">\n<p><span data-text-color=\"secondary\"><strong>Ponuka bal\u00edka obsahuje kol\u00f3niu mravcov Messor arenarius (kr\u00e1\u013eovn\u00e1 + 5-10 robotn\u00edc + ml\u00e1\u010fat\u00e1), \u0161tartovaciu sadu pre mravce zbera\u010de L Popcorn s 3x mraveniskami a n\u00e1dobu na\u0161ich \u0161peci\u00e1lnych blan\u0161\u00edrovan\u00fdch cvr\u010dkov (vlhk\u00e9 bielkoviny).<\/strong><\/span><\/p>\n<p><span data-text-color=\"alert\"><strong>Len do vypredania z\u00e1sob.<\/strong><\/span><\/p>\n<p><strong>V\u0161etko, \u010do potrebujete na \u00faspe\u0161n\u00fd chov Messor arenarius<\/strong><br \/>\nTento bal\u00edk obsahuje v\u0161etko, \u010do potrebujete na \u00faspe\u0161n\u00fd chov kol\u00f3nie Messor arenarius po\u010das prv\u00fdch mesiacov. Mo\u017eno ho flexibilne roz\u0161irova\u0165 a je ide\u00e1lny na za\u010diatky chovu mravcov.<\/p>\n<p><strong>Druh mravca: Messor arenarius<\/strong><br \/>\nMessor arenarius, zn\u00e1my aj ako \"mravec zbera\u010d d\u00fan\", je v porovnan\u00ed s ostatn\u00fdmi druhmi Messor ve\u013emi ve\u013ek\u00fd granivoorn\u00fd druh mravca a vyskytuje sa najm\u00e4 v such\u00fdch a tepl\u00fdch oblastiach severnej Afriky. Ich hlavn\u00e9 robotnice m\u00f4\u017eu dosiahnu\u0165 ohromuj\u00facu ve\u013ekos\u0165 18 mm. Je zn\u00e1my svojou prisp\u00f4sobivos\u0165ou na such\u00e9 biotopy a patr\u00ed medzi tzv. mravce kombajn\u00e9rov, ktor\u00e9 s\u00fa zn\u00e1me svoj\u00edm zauj\u00edmav\u00fdm sp\u00f4sobom \u017eivota a p\u00f4sobiv\u00fdmi stavbami hniezd.<\/p>\n<p>Vizu\u00e1lne Messor arenarius vynik\u00e1 leskl\u00fdm \u010diernym telom a mohutne stavan\u00fdmi ve\u013ek\u00fdmi mravcami, ktor\u00e9 s\u00fa mimoriadne p\u00f4sobiv\u00e9. V\u010faka svojej robustnej povahe a jednoduch\u00fdm po\u017eiadavk\u00e1m na chov je ide\u00e1lnym druhom pre za\u010diato\u010dn\u00edkov, ale v\u010faka svojej impozantnej ve\u013ekosti je zauj\u00edmav\u00fd aj pre pokro\u010dil\u00fdch mraven\u010diarov.<\/p>\n<p><strong>Potraviny pre Messor arenarius<\/strong><br \/>\nMessor arenarius sa \u017eiv\u00ed najm\u00e4 zrnami, ktor\u00e9 pou\u017e\u00edva na v\u00fdrobu tzv. mrav\u010dieho chleba. Okrem toho prij\u00edma aj sladk\u00e9 ovocie, drobn\u00fd hmyz a bielkovinov\u00fa potravu. V\u00e4\u010d\u0161inu ich potreby vlhkosti pokr\u00fdvaj\u00fa zrn\u00e1, zvy\u0161ok pokr\u00fdva hmyz a v\u0161etky pon\u00fakan\u00e9 tekutiny, napr\u00edklad medov\u00e1 voda.<\/p>\n<p><strong>Vo formik\u00e1riu by sa malo pod\u00e1va\u0165 nasleduj\u00face krmivo:<\/strong><br \/>\nZmesi obilia<br \/>\nDrobn\u00fd hmyz (napr. ovocn\u00e9 mu\u0161ky)<br \/>\nV\u017edy zabezpe\u010dte \u010derstv\u00fa vodu<br \/>\nV pr\u00edpade potreby medov\u00fa vodu (pozn\u00e1mka: v\u017edy zakryte otvoren\u00e9 tekutiny, aby sa zabr\u00e1nilo p\u00e1du mravcov).<\/p>\n<p><strong>Spr\u00e1vne formik\u00e1rium pre Messor arenarius<\/strong><br \/>\nTak ako v\u0161etky mravce, aj Messor arenarius potrebuje hniezdo, ktor\u00e9 pon\u00faka such\u00e9 aj mierne vlhk\u00e9 miesta. Vlhk\u00e1 \u010das\u0165 sl\u00fa\u017ei na starostlivos\u0165 o ml\u00e1\u010fat\u00e1, zatia\u013e \u010do such\u00e1 \u010das\u0165 je ide\u00e1lna na uskladnenie z\u0155n, aby sa zabr\u00e1nilo vzniku plesn\u00ed. Na\u0161a \u0161tartovacia s\u00faprava preto obsahuje dve mravenisk\u00e1 (hniezda), ktor\u00e9 posta\u010duj\u00fa na prv\u00e9 1 - 2 roky. Potom by sa malo formik\u00e1rium roz\u0161\u00edri\u0165, aby sa vytvoril priestor na rast kol\u00f3nie.<\/p>\n<p><strong>Optim\u00e1lne klimatick\u00e9 podmienky pre Messor arenarius:<\/strong><br \/>\n<strong>Vlhkos\u0165:<\/strong><br \/>\nAr\u00e9na: 30-50 %<br \/>\nOblas\u0165 hniezda: 50-70 %<\/p>\n<p><strong>Teplota:<\/strong><br \/>\nAr\u00e9na: 25-30 \u00b0C<br \/>\nOblas\u0165 hniezda: 22-28 \u00b0C<\/p>\n<p><strong>Hniezdny materi\u00e1l pre Messor arenarius<\/strong><br \/>\nDigfix je obzvl\u00e1\u0161\u0165 vhodn\u00fd na chov Messor arenarius. Je odoln\u00fd vo\u010di vlhkosti a umo\u017e\u0148uje jasn\u00fd poh\u013ead na hniezdne \u0161trukt\u00fary bez toho, aby zvy\u0161ky substr\u00e1tu zhor\u0161ovali v\u00fdh\u013ead, ako je to v pr\u00edpade zmes\u00ed piesku a hliny.<\/p>\n<p>Ke\u010f\u017ee majoritky m\u00f4\u017eu \u010dasom okusova\u0165 aj tvrd\u0161ie materi\u00e1ly, ako je Ytong, odpor\u00fa\u010dame sklenen\u00e9 hniezda s vlo\u017ekou Digfix. T\u00e1to kombin\u00e1cia pon\u00faka nielen dlh\u00fa \u017eivotnos\u0165, ale aj optim\u00e1lne podmienky na pozorovanie a starostlivos\u0165 o kol\u00f3niu.<\/p>\n<p>T\u00fdmto zariaden\u00edm vytvor\u00edte ide\u00e1lny z\u00e1klad pre chov Messor arenarius a m\u00f4\u017eete tieto fascinuj\u00face mravce pozorova\u0165 a stara\u0165 sa o ne dlh\u00e9 roky.<\/p>\n<p><strong>Obsah:<\/strong><br \/>\n1x Messor arenarius (kr\u00e1\u013eovn\u00e1 + 1-4 robotnice + ml\u00e1\u010fat\u00e1)<br \/>\n1x blan\u0161\u00edrovan\u00fd cvr\u010dek 10g<br \/>\n1x obiln\u00e9 krmivo minor 100g<br \/>\n1x podlo\u017eka do formik\u00e1ria - 20x20cm<br \/>\n2x podlo\u017eka do formik\u00e1ria - 20x6cm<\/p>\n<p>1x ANTCUBE - ar\u00e9na 20x20x10 - ploch\u00e1<br \/>\n1x r\u00e1m mraveniska 20\u00d720<br \/>\n1x kryt mraveniska 20\u00d720<br \/>\n1x upev\u0148ovacie body pre kryt ar\u00e9ny 4ks.<br \/>\n1x ANTCUBE - mravenisko - L - 20\u00d720 - vertik\u00e1lne<\/p>\n<p>2x ANTCUBE - Digfix Terra nidum 20\u00d720 - L - b\u00e9\u017eov\u00e1<br \/>\n1x Popcornov\u00e9 hniezdo 20\u00d720 - L<br \/>\n1x 1m prieh\u013eadn\u00e1 r\u00farka 20\/16 mm<br \/>\n2x ANTCUBE - \u010derven\u00e1 f\u00f3lia 20\u00d720 - filter<br \/>\n2x samolepiace klipy - prieh\u013eadn\u00e9 2 ks.<br \/>\n1x substr\u00e1t - p\u00fa\u0161\u0165 - 1 kg<\/p>\n<p>2x mrie\u017ekov\u00e1 vlo\u017eka - 50 mm - nerezov\u00e1 oce\u013e<br \/>\n1x mrie\u017ekov\u00e1 vlo\u017eka - 27 mm - nerezov\u00e1 oce\u013e<br \/>\n1x krytka mrie\u017eky - 16 mm - nerezov\u00e1 oce\u013e<\/p>\n<p>1x hadicov\u00e1 spojka n\u00e1dr\u017ee 27-14,16,20 mm - transparentn\u00e1<br \/>\n1x d\u00e1vkova\u010d krmiva 2ml - d\u00e1vkovate\u013en\u00fd<br \/>\n1x pitn\u00fd \u017e\u013eab \u010d\u00edry 20ml - \u0161pongia<br \/>\n1x miska \u010d\u00edra 1\u00d720 - huba<br \/>\n1x Mini teplomer anal\u00f3gov\u00fd - displej - z\u00e1vesn\u00fd<br \/>\n1x Ochrann\u00fd olej proti \u00faniku mravcov 10ml<br \/>\n1x pinzeta z pru\u017einovej ocele - \u0161irok\u00e1 - m\u00e4kk\u00e1<br \/>\n1x pinzeta plastov\u00e1 prieh\u013eadn\u00e1<br \/>\n1x plastov\u00e1 pipeta 3 ml<br \/>\n1x ru\u010dn\u00e1 lupa - 2x - 30 mm<br \/>\n1x penov\u00fd stiera\u010d 150x18x2,5mm<br \/>\n1x fotografick\u00fd chrb\u00e1t - p\u00fa\u0161\u0165 - 20\u00d710<\/p>\n<p><strong>Popis \u0160tartovacia sada:<\/strong><br \/>\nT\u00e1to \u0161tartovacia s\u00faprava je vhodn\u00e1 najm\u00e4 pre druhy mravcov rodu Messor alebo Pogonomyrmex, ktor\u00e9 zbieraj\u00fa zrn\u00e1. Farma s popcornovou doskou je ur\u010den\u00e1 na uskladnenie semien a mrav\u010dieho chleba, a preto by mala zosta\u0165 \u00faplne such\u00e1, aby semen\u00e1\/zrn\u00e1, ktor\u00e9 tam mravce uskladnia, nevykl\u00ed\u010dili alebo nesplesniveli.<br \/>\nDruh\u00e1 farma s tabu\u013ekou \"Terra nidum\" je ur\u010den\u00e1 na hniezdenie a rozmno\u017eovanie mravcov. T\u00e1 by mala by\u0165 v\u017edy mierne vlhk\u00e1.<br \/>\nAby sme v\u00e1m poskytli v\u00e4\u010d\u0161iu flexibilitu pri zakladan\u00ed formik\u00e1ria, pribalili sme druh\u00fa dosku \"Terra nidum\", ktor\u00fa m\u00f4\u017eete pou\u017ei\u0165 namiesto popcornov\u00e9ho hniezda.<\/p>\n<p><strong>Opis dosky Terra nidum:<\/strong> Doska Terra nidum (latinsky zemn\u00e9 hniezdo) z materi\u00e1lu, do ktor\u00e9ho sa d\u00e1 kopa\u0165, sa dokonale hod\u00ed pre na\u0161e mravenisk\u00e1 ANTCUBE. M\u00f4\u017ee sa pou\u017e\u00edva\u0165 za sucha aj za mokra. Je vhodn\u00e1 aj pre mnoh\u00e9 druhy mravcov, najm\u00e4 pre druhy, ktor\u00e9 hniezdia v piesku a (m\u0155tvom) dreve. M\u00f4\u017ee sa pou\u017e\u00edva\u0165 namiesto zmes\u00ed piesku a hliny alebo korkov\u00fdch vlo\u017eiek do hniezd. V\u00fdhodou tohto hniezda je, \u017ee navlh\u010denie dosky sa \u013eah\u0161ie kontroluje v\u010faka jasne vidite\u013en\u00e9mu zafarbeniu a sfarbenie dosky pon\u00faka super kontrast k zvy\u010dajne tmav\u0161\u00edm druhom mravcov. Okrem toho vn\u00fatorn\u00e9 skl\u00e1 mraveniska nem\u00f4\u017eu by\u0165 zne\u010disten\u00e9 substr\u00e1tom, ako je to napr\u00edklad v pr\u00edpade zmes\u00ed piesku a hliny, \u010do umo\u017e\u0148uje dokonal\u00fd preh\u013ead o hniezde. N\u00e1\u0161 hniezdny materi\u00e1l m\u00e1 tie\u017e ove\u013ea pevnej\u0161iu \u0161trukt\u00faru, tak\u017ee tunely a kom\u00f4rky vyh\u013aben\u00e9 mravcami sa nezr\u00fatia.<\/p>\n<p><strong>Popis popcornov\u00e9ho hniezda:<\/strong> Toto popcornov\u00e9 hniezdo s prefabrikovan\u00fdmi chodbami a kom\u00f4rkami sa dokonale hod\u00ed ako s\u00fdpka napr\u00edklad pre mravce Messor, ale aj pre in\u00e9 druhy mravcov, ktor\u00e9 zbieraj\u00fa zrno. M\u00e1 otvor na pr\u00edstup do hniezda. Popcornov\u00e9 hniezdo absorbuje vlhkos\u0165 a m\u00f4\u017ee sa v d\u00f4sledku toho roz\u0161\u00edri\u0165, preto by sa malo v\u017edy udr\u017eiava\u0165 v suchu. Messor barbarus ve\u013emi dobre prij\u00edma na\u0161e popcornov\u00e9 hniezdo ANTCUBE ako s\u00fdpku. Mravce \u010dasom za\u010dn\u00fa popcornov\u00e9 hniezdo roz\u0161irova\u0165 a pre\u017eieraj\u00fa si hniezdny materi\u00e1l. Ten vonia po karamelizovanom mede, a preto je ve\u013emi atrakt\u00edvny.<\/p>\n<p>Popcornov\u00e9 hniezdo by sa malo pou\u017e\u00edva\u0165 len pre druhy mravcov, ktor\u00e9 vy\u017eaduj\u00fa ve\u013emi mal\u00fa alebo \u017eiadnu vlhkos\u0165 v oblasti hniezda.<\/p>\n<p><strong>D\u00f4le\u017eit\u00e9:<\/strong> Pred pou\u017eit\u00edm substr\u00e1t navlh\u010dite, aby sa zmes mohla spoji\u0165 a pevne sa uchyti\u0165 v mravenisku. Okrem toho such\u00fd a pra\u0161n\u00fd substr\u00e1t m\u00f4\u017ee vies\u0165 k zablokovaniu d\u00fdchac\u00edch ciest mravcov a v najhor\u0161om pr\u00edpade k uduseniu zvierat.<\/p>\n<p><strong>Odpor\u00fa\u010danie:<\/strong> Odpor\u00fa\u010dame vrstvu substr\u00e1tu s v\u00fd\u0161kou 2 mm, aby sa zvierat\u00e1 nemohli zahraba\u0165 do ar\u00e9ny a namiesto toho pou\u017e\u00edvali na tento \u00fa\u010del poskytnut\u00fd statok. Odpor\u00fa\u010dame tie\u017e, aby bol hniezdny materi\u00e1l vo farme (piesok\/hlina, Digfix at\u010f.) na jednom mieste \u013eahko napichan\u00fd, aby sa zvierat\u00e1m u\u013eah\u010dilo hrabanie.<\/p>\n<p><strong>Pozn\u00e1mky k v\u00fdrobe<\/strong><br \/>\nSklo sa br\u00fasi pod\u013ea normy DIN 1249 s toleranciou +\/- 1 mm. V pr\u00edpade extr\u00e9mne mal\u00fdch druhov mravcov je nevyhnutn\u00e1 dodato\u010dn\u00e1 ochrana proti \u00faniku.<\/p>\n<p><strong>Pozn\u00e1mky k farme<\/strong><br \/>\nPri prip\u00e1jan\u00ed alebo odoberan\u00ed had\u00edc dbajte na nasleduj\u00face pokyny:<br \/>\nAk sa r\u00farka ve\u013emi \u0165a\u017eko nasadzuje na pripojovaciu z\u00e1suvku, treba z\u00e1suvku z\u013eahka potrie\u0165 kvapkou n\u00e1\u0161ho oleja alebo pr\u00e1\u0161ku proti praskaniu. Hadica by sa potom mala nasun\u00fa\u0165 na obj\u00edmku kr\u00fatiacimi alebo skrutkovac\u00edmi pohybmi bez toho, aby sa obj\u00edmka nam\u00e1hala pohybmi nahor a nadol. To ist\u00e9 plat\u00ed aj pri odstra\u0148ovan\u00ed had\u00edc z pripojovacej z\u00e1suvky farmy. Neodstra\u0148ujte ju jednoducho!<\/p>\n<p><strong>Pozn\u00e1mka k Terra nidum:<\/strong> Prirodzen\u00e1 farba sa m\u00f4\u017ee pohybova\u0165 od b\u00e9\u017eovej\/pieso\u010dnatej po svetlohned\u00fa. Farba nem\u00e1 vplyv na kvalitu.<br \/>\nVzh\u013eadom na v\u00fdrobn\u00fd proces sa rozmery m\u00f4\u017eu l\u00ed\u0161i\u0165 o +\/- 1 mm<\/p>\n<p><strong>Pozn\u00e1mka k blan\u0161\u00edrovan\u00fdm cvr\u010dkom:<\/strong><br \/>\nNa\u0161e blan\u0161\u00edrovan\u00e9 cvr\u010dky predstavuj\u00fa jednoduch\u00fd sp\u00f4sob, ako mravcom poskytn\u00fa\u0165 \u010derstvo konzervovan\u00fa bielkovinov\u00fa potravu bez toho, aby ste museli k\u0155mi\u0165 \u017eiv\u00fdm hmyzom. Obsiahnut\u00e9 cvr\u010dky (Acheta domesticus) boli jemne blan\u0161\u00edrovan\u00e9, aby sa zabezpe\u010dilo zachovanie nutri\u010dn\u00fdch hodn\u00f4t, chuti a v\u00f4ne. Okrem toho sa t\u00fdmto sp\u00f4sobom zm\u00e4k\u010duje chit\u00ednov\u00e1 schr\u00e1nka hmyzu, aby sa \u013eah\u0161ie tr\u00e1vila. V\u00e4zby kolag\u00e9nov\u00fdch bielkov\u00edn sa rozbij\u00fa, aby ich mravce mohli lep\u0161ie vyu\u017ei\u0165. Konzervy Acheta domesticus maj\u00fa rovnak\u00fa v\u00fd\u017eivov\u00fa hodnotu ako \u017eiv\u00e9 cvr\u010dky, ale s\u00fa \u013eah\u0161ie str\u00e1vite\u013en\u00e9.<\/p>\n<p>Blan\u0161\u00edrovan\u00e9 cvr\u010dky nie s\u00fa vhodn\u00e9 na lov druhov mravcov, ktor\u00e9 vy\u017eaduj\u00fa \u017eiv\u00fa potravu (napr. poniklecov (ve\u013ek\u00fdch mravcov), ako s\u00fa Harpegnathos alebo Odontomachus).<\/p>\n<p><strong>\u010eal\u0161ie v\u00fdhody:<\/strong><br \/>\nZaru\u010dene bez rozto\u010dov<br \/>\nMo\u017eno porciova\u0165<br \/>\nSterilizovan\u00e9 a vysat\u00e9<br \/>\nBez pr\u00eddavn\u00fdch l\u00e1tok<br \/>\nCvr\u010dky z udr\u017eate\u013en\u00e9ho \u010disto ekologick\u00e9ho chovu, k\u0155men\u00e9 organick\u00fdm odpadom<\/p>\n<p><strong>Upozornenie:<\/strong><br \/>\nPo otvoren\u00ed sa m\u00f4\u017ee uchov\u00e1va\u0165 v chladni\u010dke pribli\u017ene \u0161tyri dni. Pri zmrazen\u00ed je trvanlivos\u0165 dlh\u0161ia.<\/p>\n<\/div>","protected":false},"excerpt":{"rendered":"<p>Ponuka bal\u00edka obsahuje kol\u00f3niu mravcov Messor arenarius (kr\u00e1\u013eovn\u00e1 + 5-10 robotn\u00edc + ml\u00e1\u010fat\u00e1), \u0161tartovaciu sadu pre mravce zbera\u010de L Popcorn s 3x mraveniskami a n\u00e1dobu na\u0161ich \u0161peci\u00e1lnych blan\u0161\u00edrovan\u00fdch cvr\u010dkov (vlhk\u00e9 bielkoviny). Len do vypredania z\u00e1sob. V\u0161etko, \u010do potrebujete na \u00faspe\u0161n\u00fd chov Messor arenarius Tento bal\u00edk obsahuje v\u0161etko, \u010do potrebujete na","protected":false},"featured_media":10873,"comment_status":"open","ping_status":"closed","template":"","meta":{"_acf_changed":false,"content-type":"","_monsterinsights_skip_tracking":false,"_monsterinsights_sitenote_active":false,"_monsterinsights_sitenote_note":"","_monsterinsights_sitenote_category":0},"product_brand":[],"product_cat":[355,344,353,73],"product_tag":[],"class_list":{"0":"post-5935","1":"product","2":"type-product","3":"status-publish","4":"has-post-thumbnail","6":"product_cat-bundle-offers","7":"product_cat-popcorn","8":"product_cat-starter-sets-for-harvester-ants","9":"product_cat-starter-sets","11":"first","12":"outofstock","13":"taxable","14":"shipping-taxable","15":"purchasable","16":"product-type-simple"},"acf":[],"aioseo_notices":[],"jetpack_sharing_enabled":true,"_links":{"self":[{"href":"https:\/\/antcube.shop\/sk\/wp-json\/wp\/v2\/product\/5935","targetHints":{"allow":["GET"]}}],"collection":[{"href":"https:\/\/antcube.shop\/sk\/wp-json\/wp\/v2\/product"}],"about":[{"href":"https:\/\/antcube.shop\/sk\/wp-json\/wp\/v2\/types\/product"}],"replies":[{"embeddable":true,"href":"https:\/\/antcube.shop\/sk\/wp-json\/wp\/v2\/comments?post=5935"}],"wp:featuredmedia":[{"embeddable":true,"href":"https:\/\/antcube.shop\/sk\/wp-json\/wp\/v2\/media\/10873"}],"wp:attachment":[{"href":"https:\/\/antcube.shop\/sk\/wp-json\/wp\/v2\/media?parent=5935"}],"wp:term":[{"taxonomy":"product_brand","embeddable":true,"href":"https:\/\/antcube.shop\/sk\/wp-json\/wp\/v2\/product_brand?post=5935"},{"taxonomy":"product_cat","embeddable":true,"href":"https:\/\/antcube.shop\/sk\/wp-json\/wp\/v2\/product_cat?post=5935"},{"taxonomy":"product_tag","embeddable":true,"href":"https:\/\/antcube.shop\/sk\/wp-json\/wp\/v2\/product_tag?post=5935"}],"curies":[{"name":"wp","href":"https:\/\/api.w.org\/{rel}","templated":true}]}}