{"id":5475,"date":"2023-02-10T13:18:16","date_gmt":"2023-02-10T12:18:16","guid":{"rendered":"https:\/\/antcube.shop\/produkt\/popcorn-nest-20x20-l\/"},"modified":"2026-03-09T17:50:04","modified_gmt":"2026-03-09T16:50:04","slug":"popcorn-nest-20x20-l","status":"publish","type":"product","link":"https:\/\/antcube.shop\/sk\/produkt\/popcorn-nest-20x20-l\/","title":{"rendered":"Popcornov\u00e9 hniezdo 20\u00d720 - L"},"content":{"rendered":"<p><strong>Rozmery:<\/strong> 184 x 160 x 18 mm<\/p>\n<p><strong>Materi\u00e1l:<\/strong> popcorn lisovan\u00fd so sachar\u00f3zou a bielkovinami<\/p>\n<p><strong>Hod\u00ed sa len<\/strong> v na\u0161ich mravenisk\u00e1ch ve\u013ekos\u0165 <strong>L<\/strong><\/p>\n<p><strong>Popis: V s\u00fa\u010dasnosti je na trhu viac ako 10 000 zariaden\u00ed, ktor\u00e9 s\u00fa ur\u010den\u00e9 na predaj:<\/strong> Toto popcornov\u00e9 hniezdo s prefabrikovan\u00fdmi chodbami a kom\u00f4rkami je ide\u00e1lne ako kom\u00f4rka na zrno napr\u00edklad pre mravce Messor, ale aj in\u00e9 druhy mravcov zbieraj\u00facich zrno. M\u00e1 otvor ako pr\u00edstup do hniezda. Popcornov\u00e9 hniezdo absorbuje vlhkos\u0165 a v d\u00f4sledku toho sa m\u00f4\u017ee roz\u0161\u00edri\u0165, tak\u017ee<strong> ur\u010dite by sa mal uchov\u00e1va\u0165 v suchu<\/strong>. Messor barbarus ve\u013emi dobre prij\u00edma na\u0161e popcornov\u00e9 hniezdo ANTCUBE ako komoru na zrno. Mravce \u010dasom za\u010dn\u00fa popcornov\u00e9 hniezdo roz\u0161irova\u0165 a pre\u017eieraj\u00fa si hniezdny materi\u00e1l.<\/p>\n<p>Popcorn Nest by sa mal pou\u017e\u00edva\u0165 len pre druhy mravcov, ktor\u00e9 vy\u017eaduj\u00fa ve\u013emi mal\u00fa alebo \u017eiadnu vlhkos\u0165 v oblasti hniezda.<\/p>","protected":false},"excerpt":{"rendered":"<p>Rozmery: Materi\u00e1l: popcorn lisovan\u00fd so sachar\u00f3zou a prote\u00ednom Vhodn\u00fd len do na\u0161ich mraven\u00edsk ve\u013ekos\u0165 L Popis: Vhodn\u00e9 pre mravenisk\u00e1: Toto popcornov\u00e9 hniezdo s prefabrikovan\u00fdmi chodbami a kom\u00f4rkami je ide\u00e1lne ako kom\u00f4rka na zrno napr\u00edklad pre mravce Messor, ale aj in\u00e9 druhy mravcov zbieraj\u00facich zrno. M\u00e1 otvor ako hniezdo","protected":false},"featured_media":5459,"comment_status":"open","ping_status":"closed","template":"","meta":{"_acf_changed":false,"content-type":"","_monsterinsights_skip_tracking":false,"_monsterinsights_sitenote_active":false,"_monsterinsights_sitenote_note":"","_monsterinsights_sitenote_category":0},"product_brand":[],"product_cat":[257,344,87],"product_tag":[],"class_list":{"0":"post-5475","1":"product","2":"type-product","3":"status-publish","4":"has-post-thumbnail","6":"product_cat-new-innovatve-products","7":"product_cat-popcorn","8":"product_cat-nest-insets","10":"first","11":"instock","12":"taxable","13":"shipping-taxable","14":"purchasable","15":"product-type-simple"},"acf":[],"aioseo_notices":[],"jetpack_sharing_enabled":true,"_links":{"self":[{"href":"https:\/\/antcube.shop\/sk\/wp-json\/wp\/v2\/product\/5475","targetHints":{"allow":["GET"]}}],"collection":[{"href":"https:\/\/antcube.shop\/sk\/wp-json\/wp\/v2\/product"}],"about":[{"href":"https:\/\/antcube.shop\/sk\/wp-json\/wp\/v2\/types\/product"}],"replies":[{"embeddable":true,"href":"https:\/\/antcube.shop\/sk\/wp-json\/wp\/v2\/comments?post=5475"}],"wp:featuredmedia":[{"embeddable":true,"href":"https:\/\/antcube.shop\/sk\/wp-json\/wp\/v2\/media\/5459"}],"wp:attachment":[{"href":"https:\/\/antcube.shop\/sk\/wp-json\/wp\/v2\/media?parent=5475"}],"wp:term":[{"taxonomy":"product_brand","embeddable":true,"href":"https:\/\/antcube.shop\/sk\/wp-json\/wp\/v2\/product_brand?post=5475"},{"taxonomy":"product_cat","embeddable":true,"href":"https:\/\/antcube.shop\/sk\/wp-json\/wp\/v2\/product_cat?post=5475"},{"taxonomy":"product_tag","embeddable":true,"href":"https:\/\/antcube.shop\/sk\/wp-json\/wp\/v2\/product_tag?post=5475"}],"curies":[{"name":"wp","href":"https:\/\/api.w.org\/{rel}","templated":true}]}}