{"id":5380,"date":"2023-02-01T17:57:19","date_gmt":"2023-02-01T16:57:19","guid":{"rendered":"https:\/\/antcube.shop\/produkt\/bundle-offer-lasius-niger\/"},"modified":"2026-04-08T21:14:16","modified_gmt":"2026-04-08T19:14:16","slug":"zvazok-ponuka-lasius-niger","status":"publish","type":"product","link":"https:\/\/antcube.shop\/sk\/produkt\/zvazok-ponuka-lasius-niger\/","title":{"rendered":"Ponuka bal\u00edka - Lasius niger"},"content":{"rendered":"<p><span data-text-color=\"secondary\"><strong>Ponuka bal\u00edka obsahuje kol\u00f3niu mravcov Lasius niger (kr\u00e1\u013eovn\u00e1 + 26-50 robotn\u00edc + ml\u00e1\u010fat\u00e1), \u0161tartovaciu s\u00fapravu Combi M s ochrann\u00fdm r\u00e1mom proti \u00faniku, mrie\u017ekov\u00fa vlo\u017eku 50 mm, podstavec pod formik\u00e1rium - 20x20 cm, prieh\u013eadn\u00fa nap\u00e1ja\u010dku 20 ml - \u0161pongia, n\u00e1dobu na\u0161ich \u0161peci\u00e1lnych cel\u00fdch blan\u0161\u00edrovan\u00fdch cvr\u010dkov 10 g (vlhk\u00e9 bielkoviny) a n\u00e1pl\u0148 medovicovej zmesi 10 ml.<\/strong><\/span><\/p>\n<p><span data-text-color=\"alert\"><strong>Len do vypredania z\u00e1sob.<\/strong><\/span><\/p>\n<p><strong>V\u0161etko, \u010do potrebujete pre kol\u00f3niu mravcov Lasius niger<\/strong><br \/>\nTento bal\u00edk obsahuje v\u0161etko, \u010do potrebujete na \u00faspe\u0161n\u00e9 zalo\u017eenie kol\u00f3nie Lasius niger po\u010das prv\u00fdch mesiacov. Je flexibilne roz\u0161\u00edrite\u013en\u00fd a vyslovene vhodn\u00fd pre za\u010diato\u010dn\u00edkov v chove mravcov.<\/p>\n<p>Druh mravca Lasius niger Lasius niger, zn\u00e1my aj ako \"mravec s \u010diernou stopou\", je jedn\u00fdm z najob\u013e\u00fabenej\u0161\u00edch druhov pre za\u010diato\u010dn\u00edkov v chove mravcov. Patr\u00ed medzi mal\u00e9 a\u017e stredne ve\u013ek\u00e9 mravce a je ve\u013emi skromn\u00fd. Je roz\u0161\u00edren\u00fd v celej Eur\u00f3pe, ale mo\u017eno ho n\u00e1js\u0165 aj v \u00c1zii, Afrike a Severnej Amerike.<\/p>\n<p><strong>Potraviny pre Lasius niger<\/strong><br \/>\nVo vo\u013enej pr\u00edrode Lasius niger \u010dasto chov\u00e1 m\u0161ice, aby zbieral ich medovicu, ktor\u00e1 sa tvor\u00ed z rastlinnej \u0161\u0165avy. Pritom ich chr\u00e1ni a dokonca ich pren\u00e1\u0161a na mlad\u00e9 v\u00fdhonky.<br \/>\nDo formik\u00e1ria m\u00f4\u017eete jednoducho umiestni\u0165 nieko\u013eko napadnut\u00fdch vetvi\u010diek (napr. ru\u017e\u00ed, bazov\u00fdch plodov, r\u00edbezl\u00ed) do v\u00e1zy a sledova\u0165, ako ich zvierat\u00e1 doja. Vo formik\u00e1riu je najlep\u0161ie pod\u00e1va\u0165 medov\u00fd roztok a bielkovinov\u00fa potravu (bu\u010f \u017eiv\u00fd drobn\u00fd hmyz, alebo su\u0161en\u00fa bielkovinov\u00fa potravu).<\/p>\n<p><strong>Hibern\u00e1cia u Lasius niger<\/strong><br \/>\nLasius niger hibernuje pribli\u017ene od konca okt\u00f3bra do konca marca pri teplote 5-8 stup\u0148ov. Vo formik\u00e1riu m\u00f4\u017eete jednoducho umiestni\u0165 cel\u00e9 formik\u00e1rium do chladnej miestnosti alebo (ak m\u00e1 formik\u00e1rium vyberate\u013en\u00fa hniezdnu vlo\u017eku) umiestni\u0165 hniezdnu vlo\u017eku napr\u00edklad do chladni\u010dky. Treba v\u0161ak dba\u0165 na to, aby mravce neboli vystaven\u00e9 teplot\u00e1m pod 0 stup\u0148ov, preto\u017ee vo formik\u00e1riu nie s\u00fa nikdy tak dobre chr\u00e1nen\u00e9 pred chladom ako vo vo\u013enej pr\u00edrode. Existuj\u00fa aj spr\u00e1vy od chovate\u013eov, ktor\u00ed chovaj\u00fa Lasius niger bez hibern\u00e1cie. To v\u0161ak m\u00f4\u017ee vies\u0165 ku skr\u00e1teniu \u017eivota kol\u00f3nie alebo spomaleniu v\u00fdvoja ml\u00e1\u010fat. Po\u010das hibern\u00e1cie sa zvierat\u00e1 nemusia k\u0155mi\u0165 alebo sa k\u0155mia ve\u013emi m\u00e1lo, ak je to potrebn\u00e9. Mali by ste v\u0161ak pravidelne kontrolova\u0165 vlhkos\u0165 a d\u00e1va\u0165 pozor na plesne!<\/p>\n<p><strong>Obsah:<\/strong><\/p>\n<p>1x Lasius niger (kr\u00e1\u013eovn\u00e1 + 26-50 robotn\u00edc + ml\u00e1\u010fat\u00e1)<br \/>\n1x Cvr\u010dekov\u00fd d\u017eem 25g<br \/>\n1x Honeydew honey 10ml refill pack<\/p>\n<p>1x ANTCUBE - Arena 20x20x20 - Combi M<br \/>\n1x kryt na mravenisko 20\u00d720<br \/>\n4x Upev\u0148ovac\u00ed bod pre kryt ar\u00e9ny<br \/>\n1x r\u00e1m mraveniska 20\u00d720<br \/>\n1x pad for formicariums &#8211; 20x20cm<\/p>\n<p>2x grid insert &#8211; 50mm<br \/>\n2x grid insert &#8211; 27mm<br \/>\n1x ANTCUBE - Digfixov\u00e1 doska 20\u00d720 - M<br \/>\n1x soil &#8211; Sand-loam red &#8211; 200g<\/p>\n<p>1x Foil thermometer display<br \/>\n1x drinking clear 5ml &#8211; sponge<br \/>\n1x pitn\u00fd \u017e\u013eab 2ml - 360 stup\u0148ov<br \/>\n1x Feeding dish white rectangle &#8211; 3 compartments<br \/>\n1x Ru\u010dn\u00e1 lupa - 2x - 30 mm<br \/>\n1x Transparent plastic tweezers<br \/>\n1x pinzeta z pru\u017einovej ocele - \u0161irok\u00e1 - m\u00e4kk\u00e1<br \/>\n1x plastov\u00e1 pipeta 3 ml<br \/>\n1x ochrann\u00fd olej proti \u00faniku mravcov 10ml<br \/>\n1x Foam wiper 150x18x2.5mm<\/p>\n<p><strong>Popis: V s\u00fa\u010dasnosti je na trhu viac ako 10 000 zariaden\u00ed, ktor\u00e9 s\u00fa ur\u010den\u00e9 na predaj:<\/strong><br \/>\nT\u00e1to \u0161tartovacia sada - Combi je vhodn\u00e1 pre v\u00e4\u010d\u0161inu druhov mravcov, ktor\u00ed hniezdia v zemi.<br \/>\nS\u00faprava je ve\u013emi kompaktn\u00e1 a jej pr\u00edslu\u0161enstvo bolo zredukovan\u00e9 na to najnutnej\u0161ie.<br \/>\nIde teda o lacn\u00fa s\u00fapravu z vysokokvalitn\u00fdch materi\u00e1lov, ktor\u00e1 je ide\u00e1lna na za\u010diatky chovu mravcov.<br \/>\nPrilo\u017een\u00fd pieso\u010dnato-hlinit\u00fd b\u00e9\u017eov\u00fd substr\u00e1t je dobre prij\u00edman\u00fd v\u00e4\u010d\u0161inou druhov mravcov, ktor\u00ed hrab\u00fa v zemn\u00fdch hniezdach.<\/p>\n<p>Do hniezdnej oblasti ar\u00e9ny v\u0161ak mo\u017eno umiestni\u0165 aj in\u00e9 p\u00f4dne substr\u00e1ty alebo hniezdne vlo\u017eky.<br \/>\n\u010eal\u0161ie u\u017eito\u010dn\u00e9 pr\u00edslu\u0161enstvo n\u00e1jdete v r\u00e1mci n\u00e1vrhov (pozri ni\u017e\u0161ie).<\/p>\n<p><strong>Odpor\u00fa\u010danie:<\/strong> Odpor\u00fa\u010dame vrstvu substr\u00e1tu s v\u00fd\u0161kou 2 mm, aby sa zvierat\u00e1 nemohli zahraba\u0165 do ar\u00e9ny a namiesto toho pou\u017e\u00edvali na tento \u00fa\u010del poskytnut\u00fd statok. Odpor\u00fa\u010dame tie\u017e, aby bol hniezdny materi\u00e1l vo farme (piesok\/hlina, Digfix at\u010f.) na jednom mieste \u013eahko napichan\u00fd, aby sa zvierat\u00e1m u\u013eah\u010dilo hrabanie.<\/p>\n<p><strong>D\u00f4le\u017eit\u00e9:<\/strong> Pred pou\u017eit\u00edm substr\u00e1t navlh\u010dite, aby sa zmes mohla spoji\u0165 a pevne sa uchyti\u0165 v mravenisku. Okrem toho such\u00fd a pra\u0161n\u00fd substr\u00e1t m\u00f4\u017ee vies\u0165 k zablokovaniu d\u00fdchac\u00edch ciest mravcov a v najhor\u0161om pr\u00edpade k uduseniu zvierat.<\/p>\n<p><strong>Pozn\u00e1mka:<\/strong><br \/>\nPri pou\u017e\u00edvan\u00ed na\u0161ich vlo\u017eiek do hniezd si pros\u00edm uvedomte, \u017ee s\u00fa o 8 mm u\u017e\u0161ie, preto\u017ee boli p\u00f4vodne navrhnut\u00e9 tak, aby sa hodili do na\u0161ich u\u017e\u0161\u00edch mraven\u00edsk a vlo\u017eiek do ar\u00e9n! V takom pr\u00edpade by sa priestor medzi nimi musel vyplni\u0165 v\u00fdpl\u0148ov\u00fdm materi\u00e1lom, napr\u00edklad omietkou alebo hlinou.<\/p>\n<p><strong>Pozn\u00e1mky k v\u00fdrobe<\/strong><br \/>\nSklo sa br\u00fasi pod\u013ea normy DIN 1249 s toleranciou +\/- 1 mm. V pr\u00edpade extr\u00e9mne mal\u00fdch druhov mravcov je nevyhnutn\u00e1 dodato\u010dn\u00e1 ochrana proti \u00faniku.<\/p>\n<p><strong>Pokyny: <\/strong>(Verzia 2023, aktualizovan\u00e1 verzia pre rok 2024 bude k dispoz\u00edcii najnesk\u00f4r do 04\/2024)<strong><br \/>\n<\/strong><\/p>\n<p>- DE<a href=\"https:\/\/www.antstore.net\/shop\/images\/info\/de\/Gebrauchsanweisung%20Starter%20Set%20Combi.pdf\"> Gebrauchsanweisung \u0160tartovacia sada Combi<\/a> (PDF 7,98 MB)<\/p>\n<p>- SK<a href=\"https:\/\/www.antstore.net\/shop\/images\/info\/en\/Instructions%20for%20use%20-%20Starter%20Set%20Combi.pdf\"> N\u00e1vod na pou\u017eitie - \u0161tartovacia sada Combi<\/a> (PDF 7,94 MB)<\/p>\n<p>- ES<a href=\"https:\/\/www.antstore.net\/shop\/images\/info\/es\/Manual%20de%20instrucciones%20-%20Set%20de%20inicio%20Combi.pdf\"> Manu\u00e1l s in\u0161trukciami - Set de inicio Combi<\/a> (PDF 7,94 MB)<\/p>\n<p>- FR<a href=\"https:\/\/www.antstore.net\/shop\/images\/info\/fr\/Manuel%20d'instruction%20-%20Kit%20de%20d%C3%A9marrage%20Combi.pdf\"> N\u00e1vod na obsluhu - S\u00faprava na demont\u00e1\u017e Combi<\/a> (PDF 7,95 MB)<\/p>\n<p><strong>Pozn\u00e1mky k z\u00e1pasu Cricket Jam:<\/strong><br \/>\nNa\u0161e blan\u0161\u00edrovan\u00e9 cvr\u010dky predstavuj\u00fa jednoduch\u00fd sp\u00f4sob, ako mravcom poskytn\u00fa\u0165 \u010derstvo konzervovan\u00fa bielkovinov\u00fa potravu bez toho, aby ste museli k\u0155mi\u0165 \u017eiv\u00fdm hmyzom. Obsiahnut\u00e9 cvr\u010dky (Acheta domesticus) boli jemne blan\u0161\u00edrovan\u00e9, aby sa zabezpe\u010dilo zachovanie nutri\u010dn\u00fdch hodn\u00f4t, chuti a v\u00f4ne. Okrem toho sa t\u00fdmto sp\u00f4sobom zm\u00e4k\u010duje chit\u00ednov\u00e1 schr\u00e1nka hmyzu, aby sa \u013eah\u0161ie tr\u00e1vila. V\u00e4zby kolag\u00e9nov\u00fdch bielkov\u00edn sa rozbij\u00fa, aby ich mravce mohli lep\u0161ie vyu\u017ei\u0165. Konzervy Acheta domesticus maj\u00fa rovnak\u00fa v\u00fd\u017eivov\u00fa hodnotu ako \u017eiv\u00e9 cvr\u010dky, ale s\u00fa \u013eah\u0161ie str\u00e1vite\u013en\u00e9.<\/p>\n<p>Cricket Jam nie je vhodn\u00fd na lov druhov mravcov, ktor\u00e9 vy\u017eaduj\u00fa \u017eiv\u00fa potravu (napr. poniklecov (ve\u013ek\u00fdch mravcov), ako s\u00fa Harpegnathos alebo Odontomachus).<\/p>\n<p><strong>\u010eal\u0161ie v\u00fdhody:<\/strong><br \/>\nZaru\u010dene bez rozto\u010dov<br \/>\nM\u00f4\u017ee sa porciova\u0165 a riedi\u0165 vodou<br \/>\nSterilizovan\u00e9 a v\u00e1kuovo balen\u00e9<br \/>\nBez pr\u00eddavn\u00fdch l\u00e1tok<br \/>\nCvr\u010dky z udr\u017eate\u013en\u00e9ho \u010disto ekologick\u00e9ho chovu, k\u0155men\u00e9 organick\u00fdm odpadom<\/p>\n<p><strong>Pozn\u00e1mka:<\/strong><br \/>\nPo otvoren\u00ed sa m\u00f4\u017ee uchov\u00e1va\u0165 v chladni\u010dke pribli\u017ene \u0161tyri dni. Pri zmrazen\u00ed je trvanlivos\u0165 dlh\u0161ia.<br \/>\nPozor: Najprv porciu, potom zmrazte.<\/p>\n<p><strong>Pozn\u00e1mka k medovici:<\/strong><br \/>\nObsah: 10 ml<br \/>\nIde o pr\u00edrodn\u00fd produkt, ktor\u00fd sme po rozsiahlom testovan\u00ed v na\u0161om laborat\u00f3riu zdokonalili a vyvinuli z neho potravu, ktor\u00fa mravce ve\u013emi dobre prij\u00edmaj\u00fa. D\u00f4vodom je, \u017ee nespracovan\u00fd medovicov\u00fd med v jeho koncentrovanej p\u00f4vodnej forme nie je dobre prij\u00edman\u00fd mravcami a ich metabolizmom.<br \/>\nNa\u0161a medovina bola zozbieran\u00e1 v nezne\u010disten\u00fdch divok\u00fdch horsk\u00fdch lesoch Bulharska. Medovica sa rod\u00ed len ve\u013emi obmedzen\u00fd \u010das, pribli\u017ene dva mesiace v lete. Preto je ve\u013emi vz\u00e1cny. Vzh\u013eadom na \u0161pecifick\u00e9 vlastnosti p\u00f4dy v lesoch a podnebie sa v listoch stromov ukladaj\u00fa z\u00e1kladn\u00e9 \u017eiviny, ktor\u00e9 m\u0161ice absorbuj\u00fa. Pr\u00e1ve preto je t\u00e1to medonosn\u00e1 zmes pre mravce tak\u00e1 \u017eiad\u00faca.<\/p>\n<p><strong>Pou\u017eitie:<\/strong><br \/>\nMno\u017estvo potrav\u00edn by sa malo spotrebova\u0165 pribli\u017ene do 3 dn\u00ed.<\/p>\n<p><strong>Popis: V s\u00fa\u010dasnosti je na trhu viac ako 10 000 zariaden\u00ed, ktor\u00e9 s\u00fa ur\u010den\u00e9 na predaj:<\/strong><br \/>\nMedovica sa na rozdiel od kvetov\u00e9ho medu z\u00edskava zo sekr\u00e9tov hmyzu, ktor\u00fd saje na rastlin\u00e1ch, ako s\u00fa napr\u00edklad m\u0161ice. Medovica je ob\u013e\u00faben\u00fdm zdrojom potravy pre mnoh\u00e9 druhy hmyzu, ako s\u00fa mravce, v\u010dely a \u010dmeliaky. V\u010dely a \u010dmeliaky ju olizuj\u00fa z listov alebo ihli\u010dia r\u00f4znych stromov. Mravce, ako napr\u00edklad Lasius niger, doslova chovaj\u00fa m\u0161ice. Dokonca ich br\u00e1nia pred pred\u00e1tormi a pren\u00e1\u0161aj\u00fa ich na \u010derstv\u00e9 v\u00fdhonky.<\/p>\n<p>Medovica je u mravcov obzvl\u00e1\u0161\u0165 ob\u013e\u00faben\u00e1 v\u010faka svojim trochu odli\u0161n\u00fdm zlo\u017ek\u00e1m. Hlavn\u00fdmi cukrami v medovici s\u00fa sachar\u00f3za a frukt\u00f3za, ale v men\u0161om mno\u017estve sa vyskytuj\u00fa aj malt\u00f3za, trehal\u00f3za, melezit\u00f3za, rafin\u00f3za a in\u00e9 oligosacharidy. Okrem cukru a vody obsahuje medovica aj esenci\u00e1lne aminokyseliny, miner\u00e1lne l\u00e1tky, stopov\u00e9 prvky, adenoz\u00edny, fosf\u00e1ty a \u010fal\u0161ie zlo\u017eky, ako s\u00fa vitam\u00edny.<\/p>\n<p><strong>Pou\u017eitie:<\/strong><br \/>\nPre druhy mravcov medo\u017erav\u00fdch (Meliphagidae)<br \/>\nIde o doplnkov\u00e9 krmivo<br \/>\nM\u00f4\u017ee sa pon\u00faka\u0165 zvierat\u00e1m ako dod\u00e1vka. Ke\u010f\u017ee koncentr\u00e1cia cukru sa vplyvom vlhkosti zni\u017euje a za\u010d\u00edna sa proces ferment\u00e1cie, krmivo by sa malo ka\u017ed\u00e9 tri dni vymie\u0148a\u0165. Pred op\u00e4tovn\u00fdm pou\u017eit\u00edm d\u00f4kladne vy\u010distite misku na k\u0155menie.<br \/>\nPo otvoren\u00ed by sa malo balenie uchov\u00e1va\u0165 pevne uzavret\u00e9 a\u017e do d\u00e1tumu exspir\u00e1cie.<\/p>\n<p><strong>V\u00fd\u017eivov\u00e9 \u00fadaje na 100 g:<\/strong><br \/>\npribli\u017ene 2,7 % tukov<br \/>\nz toho nas\u00fdten\u00fdch pribli\u017ene 0,45 %<br \/>\npribli\u017ene 95 % sacharidov<br \/>\nz toho cukor pribli\u017ene 71<br \/>\npribli\u017ene 2,85% prote\u00ednu<br \/>\nMiner\u00e1lne l\u00e1tky (drasl\u00edk, v\u00e1pnik, me\u010f, \u017eelezo, sod\u00edk, hor\u010d\u00edk, fosfor, zinok a in\u00e9 stopov\u00e9 prvky) Aminokyseliny (prol\u00edn, leuc\u00edn, fenylalan\u00edn, alan\u00edn, histid\u00edn, izoleuc\u00edn, kyselina glut\u00e1mov\u00e1, argin\u00edn, kyselina aspar\u00e1gov\u00e1 at\u010f.) Organick\u00e9 kyseliny Enz\u00fdmy (fermenty) Chu\u0165ov\u00e9 l\u00e1tky Inhib\u00edtory (antibakteri\u00e1lne l\u00e1tky) Kvety Pe\u013e<\/p>\n<p><strong>Skladovanie:<\/strong><br \/>\nAby sa zabezpe\u010dila kvalita krmiva, malo by sa skladova\u0165 na tmavom a suchom mieste.<\/p>\n<p><strong>Pozn\u00e1mka:<\/strong><br \/>\nDoplnkov\u00e9 krmivo pre mravce \u017eiviace sa medom.<br \/>\nZlo\u017eenie, analytick\u00e9 zlo\u017eky, d\u00e1tum minim\u00e1lnej trvanlivosti a \u010d\u00edslo \u0161ar\u017ee n\u00e1jdete v pr\u00edbalovom let\u00e1ku.<\/p>\n<p>Informa\u010dn\u00e1 linka +49 30 439703870<\/p>\n<p>Zodpovedn\u00fd veterin\u00e1rny a potravinov\u00fd in\u0161pektor\u00e1t:<br \/>\nVeterin\u00e1rna kancel\u00e1ria Steglitz<br \/>\nK\u00f6nigin-Luise-Str. 92<br \/>\n14195 Berl\u00edn<\/p>","protected":false},"excerpt":{"rendered":"<p>Ve\u013ekos\u0165: M<\/p>","protected":false},"featured_media":7115,"comment_status":"open","ping_status":"closed","template":"","meta":{"_acf_changed":false,"content-type":"","_monsterinsights_skip_tracking":false,"_monsterinsights_sitenote_active":false,"_monsterinsights_sitenote_note":"","_monsterinsights_sitenote_category":0},"product_brand":[],"product_cat":[355,73,78],"product_tag":[],"class_list":{"0":"post-5380","1":"product","2":"type-product","3":"status-publish","4":"has-post-thumbnail","6":"product_cat-bundle-offers","7":"product_cat-starter-sets","8":"product_cat-starter-sets-combi","10":"first","11":"instock","12":"taxable","13":"shipping-taxable","14":"purchasable","15":"product-type-simple"},"acf":[],"aioseo_notices":[],"jetpack_sharing_enabled":true,"_links":{"self":[{"href":"https:\/\/antcube.shop\/sk\/wp-json\/wp\/v2\/product\/5380","targetHints":{"allow":["GET"]}}],"collection":[{"href":"https:\/\/antcube.shop\/sk\/wp-json\/wp\/v2\/product"}],"about":[{"href":"https:\/\/antcube.shop\/sk\/wp-json\/wp\/v2\/types\/product"}],"replies":[{"embeddable":true,"href":"https:\/\/antcube.shop\/sk\/wp-json\/wp\/v2\/comments?post=5380"}],"wp:featuredmedia":[{"embeddable":true,"href":"https:\/\/antcube.shop\/sk\/wp-json\/wp\/v2\/media\/7115"}],"wp:attachment":[{"href":"https:\/\/antcube.shop\/sk\/wp-json\/wp\/v2\/media?parent=5380"}],"wp:term":[{"taxonomy":"product_brand","embeddable":true,"href":"https:\/\/antcube.shop\/sk\/wp-json\/wp\/v2\/product_brand?post=5380"},{"taxonomy":"product_cat","embeddable":true,"href":"https:\/\/antcube.shop\/sk\/wp-json\/wp\/v2\/product_cat?post=5380"},{"taxonomy":"product_tag","embeddable":true,"href":"https:\/\/antcube.shop\/sk\/wp-json\/wp\/v2\/product_tag?post=5380"}],"curies":[{"name":"wp","href":"https:\/\/api.w.org\/{rel}","templated":true}]}}