{"id":5379,"date":"2023-02-01T17:48:39","date_gmt":"2023-02-01T16:48:39","guid":{"rendered":"https:\/\/antcube.shop\/produkt\/honigtau-mix-ht-nachfullpack-10ml\/"},"modified":"2026-04-14T12:07:10","modified_gmt":"2026-04-14T10:07:10","slug":"honigtau-mix-ht-nachfullpack-10ml","status":"publish","type":"product","link":"https:\/\/antcube.shop\/sk\/produkt\/honigtau-mix-ht-nachfullpack-10ml\/","title":{"rendered":"Medovka - mix (HT) - n\u00e1pl\u0148ov\u00e9 balenie 10ml"},"content":{"rendered":"<p><strong>Obsah:<\/strong> 10 ml<\/p>\n<p>Ide o pr\u00edrodn\u00fd produkt, ktor\u00fd sme po rozsiahlom testovan\u00ed v na\u0161om laborat\u00f3riu zdokonalili a vyvinuli z neho potravu, ktor\u00fa mravce ve\u013emi dobre prij\u00edmaj\u00fa. D\u00f4vodom je, \u017ee nespracovan\u00fd medovicov\u00fd med v jeho koncentrovanej p\u00f4vodnej forme nie je dobre prij\u00edman\u00fd mravcami a ich metabolizmom.<\/p>\n<p>Na\u0161a medovina bola zozbieran\u00e1 v nezne\u010disten\u00fdch divok\u00fdch horsk\u00fdch lesoch Bulharska. Medovica sa tvor\u00ed len ve\u013emi obmedzen\u00e9 obdobie, pribli\u017ene dva mesiace v lete. Preto je ve\u013emi vz\u00e1cny. Vzh\u013eadom na \u0161pecifick\u00e9 vlastnosti p\u00f4dy v lesoch a podnebie sa v listoch stromov ulo\u017eili existen\u010dne d\u00f4le\u017eit\u00e9 \u017eiviny, ktor\u00e9 m\u0161ice absorbuj\u00fa. Pr\u00e1ve v\u010faka tomu je t\u00e1to medonosn\u00e1 zmes pre mravce tak\u00e1 \u017eiad\u00faca.<\/p>\n<p><strong>Pou\u017eitie:<\/strong><br \/>\nMno\u017estvo potrav\u00edn by sa malo spotrebova\u0165 pribli\u017ene do 3 dn\u00ed.<\/p>\n<p><strong>Popis: V s\u00fa\u010dasnosti je na trhu viac ako 10 000 zariaden\u00ed, ktor\u00e9 s\u00fa ur\u010den\u00e9 na predaj:<\/strong><br \/>\nMedovica na rozdiel od kvetov\u00e9ho medu poch\u00e1dza z v\u00fdlu\u010dkov hmyzu, ktor\u00fd sa pris\u00e1va na rastliny, ako s\u00fa napr\u00edklad m\u0161ice. Medovica je ob\u013e\u00faben\u00fdm zdrojom potravy mnoh\u00fdch druhov hmyzu, ako s\u00fa mravce, v\u010dely a dokonca aj \u010dmeliaky. V\u010dely a \u010dmeliaky ju olizuj\u00fa z listov alebo ihli\u010dia r\u00f4znych stromov. Mravce, ako napr\u00edklad Lasius niger, si pravidelne udr\u017eiavaj\u00fa m\u0161ice. Dokonca ich br\u00e1nia pred pred\u00e1tormi a pren\u00e1\u0161aj\u00fa ich na \u010derstv\u00e9 v\u00fdhonky.<\/p>\n<p>Medovica je u mravcov ob\u013e\u00faben\u00e1 najm\u00e4 v\u010faka svojim trochu odli\u0161n\u00fdm zlo\u017ek\u00e1m. Hlavn\u00fdmi cukrami v medovici s\u00fa sachar\u00f3za a frukt\u00f3za, ale v men\u0161om mno\u017estve s\u00fa pr\u00edtomn\u00e9 aj malt\u00f3za, trehal\u00f3za, melezit\u00f3za, rafin\u00f3za a in\u00e9 oligosacharidy. Okrem cukrov a vody obsahuje medovica aj existen\u010dne d\u00f4le\u017eit\u00e9 aminokyseliny, miner\u00e1lne l\u00e1tky, stopov\u00e9 prvky, adenoz\u00ednfosf\u00e1ty a \u010fal\u0161ie zlo\u017eky, ako s\u00fa vitam\u00edny.<\/p>\n<p><strong>Pou\u017eitie:<\/strong><br \/>\nPre druhy mravcov medo\u017erav\u00fdch (Meliphagidae).<br \/>\nIde o doplnkov\u00e9 krmivo (jednorazov\u00e9 krmivo)<br \/>\nM\u00f4\u017ee sa pon\u00faka\u0165 zvierat\u00e1m v dodanom stave. Ke\u010f\u017ee vlhkos\u0165 zni\u017euje koncentr\u00e1ciu cukru a za\u010d\u00edna sa proces kvasenia, krmivo by sa malo vymie\u0148a\u0165 ka\u017ed\u00e9 3 dni. Pred op\u00e4tovn\u00fdm pou\u017eit\u00edm d\u00f4kladne vy\u010distite misku s krmivom\/tubu.<br \/>\nOtvoren\u00e9 balenie by sa malo pou\u017e\u00edva\u0165 pevne uzavret\u00e9 a\u017e do uveden\u00e9ho d\u00e1tumu spotreby.<\/p>\n<p><strong>V\u00fd\u017eivov\u00e9 hodnoty na 100 g:<\/strong><br \/>\npribli\u017ene 2,7 % tukov<br \/>\nz toho nas\u00fdten\u00e9 cca 0,45 %<br \/>\ncca 95 % sacharidov<br \/>\nz toho cukor cca. 71%<br \/>\npribli\u017ene 2,85% prote\u00ednu<\/p>\n<p>Miner\u00e1lne l\u00e1tky (drasl\u00edk, v\u00e1pnik, me\u010f, \u017eelezo, sod\u00edk, hor\u010d\u00edk, fosfor, zinok a in\u00e9 stopov\u00e9 prvky) Aminokyseliny (prol\u00edn, leuc\u00edn, fenylalan\u00edn, alan\u00edn, histid\u00edn, izoleuc\u00edn, kyselina glut\u00e1mov\u00e1, argin\u00edn, kyselina aspar\u00e1gov\u00e1 at\u010f.) Organick\u00e9 kyseliny Enz\u00fdmy (fermenty) Chu\u0165ov\u00e9 l\u00e1tky Inhib\u00edtory (antibakteri\u00e1lne l\u00e1tky) Kvety Pe\u013e<\/p>\n<p><strong>Skladovanie:<\/strong> aby sa zabezpe\u010dila kvalita krmiva, malo by sa skladova\u0165 na tmavom a suchom mieste.<\/p>\n<p><strong>Upozornenie:<\/strong><br \/>\nInform\u00e1cie o pou\u017e\u00edvan\u00ed pr\u00edvodn\u00fdch r\u00farok n\u00e1jdete tu: Odkaz<br \/>\nDoplnkov\u00e9 krmivo pre mravce \u017eiviace sa medom.<br \/>\nZlo\u017eenie, analytick\u00e9 zlo\u017eky, d\u00e1tum minim\u00e1lnej trvanlivosti a \u010d\u00edslo \u0161ar\u017ee n\u00e1jdete v pr\u00edbalovom let\u00e1ku.<\/p>\n<p>Informa\u010dn\u00e1 linka +49 30 439703870<\/p>\n<p>Zodpovedn\u00fd org\u00e1n veterin\u00e1rneho a potravinov\u00e9ho dozoru:<\/p>\n<p>Veterin\u00e1rna kancel\u00e1ria Steglitz<br \/>\nK\u00f6nigin-Luise-Str. 92<br \/>\n14195 Berl\u00edn<\/p>\n<p>&nbsp;<\/p>\n<div style=\"width: 1020px;\" class=\"wp-video\"><video class=\"wp-video-shortcode\" id=\"video-5379-1\" width=\"1020\" height=\"1813\" preload=\"metadata\" controls=\"controls\"><source type=\"video\/mp4\" src=\"https:\/\/antcube.shop\/wp-content\/uploads\/2024\/04\/black-ant_ein-shot_aphids-.mp4?_=1\" \/><a href=\"https:\/\/antcube.shop\/wp-content\/uploads\/2024\/04\/black-ant_ein-shot_aphids-.mp4\">https:\/\/antcube.shop\/wp-content\/uploads\/2024\/04\/black-ant_ein-shot_aphids-.mp4<\/a><\/video><\/div>","protected":false},"excerpt":{"rendered":"<p>doplnkov\u00e9 potraviny<\/p>","protected":false},"featured_media":5382,"comment_status":"open","ping_status":"closed","template":"","meta":{"_acf_changed":false,"content-type":"","_monsterinsights_skip_tracking":false,"_monsterinsights_sitenote_active":false,"_monsterinsights_sitenote_note":"","_monsterinsights_sitenote_category":0},"product_brand":[],"product_cat":[257,115,116],"product_tag":[],"class_list":{"0":"post-5379","1":"product","2":"type-product","3":"status-publish","4":"has-post-thumbnail","6":"product_cat-new-innovatve-products","7":"product_cat-food-and-feeding","8":"product_cat-food","10":"first","11":"instock","12":"taxable","13":"shipping-taxable","14":"purchasable","15":"product-type-simple"},"acf":[],"aioseo_notices":[],"jetpack_sharing_enabled":true,"_links":{"self":[{"href":"https:\/\/antcube.shop\/sk\/wp-json\/wp\/v2\/product\/5379","targetHints":{"allow":["GET"]}}],"collection":[{"href":"https:\/\/antcube.shop\/sk\/wp-json\/wp\/v2\/product"}],"about":[{"href":"https:\/\/antcube.shop\/sk\/wp-json\/wp\/v2\/types\/product"}],"replies":[{"embeddable":true,"href":"https:\/\/antcube.shop\/sk\/wp-json\/wp\/v2\/comments?post=5379"}],"wp:featuredmedia":[{"embeddable":true,"href":"https:\/\/antcube.shop\/sk\/wp-json\/wp\/v2\/media\/5382"}],"wp:attachment":[{"href":"https:\/\/antcube.shop\/sk\/wp-json\/wp\/v2\/media?parent=5379"}],"wp:term":[{"taxonomy":"product_brand","embeddable":true,"href":"https:\/\/antcube.shop\/sk\/wp-json\/wp\/v2\/product_brand?post=5379"},{"taxonomy":"product_cat","embeddable":true,"href":"https:\/\/antcube.shop\/sk\/wp-json\/wp\/v2\/product_cat?post=5379"},{"taxonomy":"product_tag","embeddable":true,"href":"https:\/\/antcube.shop\/sk\/wp-json\/wp\/v2\/product_tag?post=5379"}],"curies":[{"name":"wp","href":"https:\/\/api.w.org\/{rel}","templated":true}]}}